{"id":62060,"date":"2023-10-18T01:14:45","date_gmt":"2023-10-18T00:14:45","guid":{"rendered":"http:\/\/revmatch.eu\/?post_type=product&#038;p=62060"},"modified":"2025-11-05T11:05:35","modified_gmt":"2025-11-05T10:05:35","slug":"hpt-tf035hl-bmw-m2c-m3-m4-s55-stage-3-turbos","status":"publish","type":"product","link":"https:\/\/revmatch.eu\/es\/producto\/hpt-tf035hl-bmw-m2c-m3-m4-s55-stage-3-turbos\/","title":{"rendered":"HPT TF035HL BMW M2C M3 M4 S55 Etapa 3 Turbos"},"content":{"rendered":"<p>Con esta conversi\u00f3n, llevar\u00e1s tu experiencia de conducci\u00f3n BMW a nuevas alturas.<\/p>\n<p><strong>Aumento de potencia hasta 701cv.*<\/strong><\/p>\n<p>El turbo TF035HL Stage 3 es compatible con varios modelos BMW con motor S55, incluidos:<\/p>\n<ul>\n<li>BMW M3 (F80)<\/li>\n<li>BMW M4 (F82\/F83)<\/li>\n<li>BMW M2 Competici\u00f3n (F87)<\/li>\n<\/ul>\n<p>*Requiere enviar tu turbo por adelantado<br \/>\n* <strong>ADVERTENCIA<\/strong>: Los turbos h\u00edbridos y grandes no pueden funcionar en autos stock. Los valores etiquetados como ganancias \u201chasta hp\u201d son referencias a la presi\u00f3n y la capacidad de flujo de la configuraci\u00f3n turbo. Para que el autom\u00f3vil alcance estos niveles de potencia, tambi\u00e9n puede ser necesario actualizar la inyecci\u00f3n, el intercooler, el sistema de escape y la inyecci\u00f3n de metanol. Cualquier modificaci\u00f3n requiere un ajuste electr\u00f3nico, cons\u00faltenos si necesita valoraci\u00f3n con una sinton\u00eda.<\/p>\n<p><strong>Organizaremos la recogida de su turbo y HPT ensamblar\u00e1 su nuevo turbo y lo devolver\u00e1 en 7 a 10 d\u00edas.<\/strong><\/p>","protected":false},"excerpt":{"rendered":"<p>Con esta conversi\u00f3n, llevar\u00e1s tu experiencia de conducci\u00f3n BMW a nuevas alturas.<\/p>\n<p><strong>Aumento de potencia hasta 701cv.*<\/strong><\/p>\n<p>*Requiere enviar tu turbo por adelantado<br \/>\n* <strong>ADVERTENCIA<\/strong>: Los turbos h\u00edbridos y grandes no pueden funcionar en autos stock. Los valores etiquetados como ganancias \u201chasta hp\u201d son referencias a la presi\u00f3n y la capacidad de flujo de la configuraci\u00f3n turbo. Para que el autom\u00f3vil alcance estos niveles de potencia, tambi\u00e9n puede ser necesario actualizar la inyecci\u00f3n, el intercooler, el sistema de escape y la inyecci\u00f3n de metanol. Cualquier modificaci\u00f3n requiere un ajuste electr\u00f3nico, cons\u00faltenos si necesita valoraci\u00f3n con una sinton\u00eda.<\/p>\n<p><strong>Organizaremos la recogida de su turbo y HPT ensamblar\u00e1 su nuevo turbo y lo devolver\u00e1 en 7 a 10 d\u00edas.<\/strong><\/p>\n<p><strong>Las im\u00e1genes pueden diferir de las im\u00e1genes turbo reales.<\/strong><\/p>","protected":false},"featured_media":62044,"template":"","meta":{"_crdt_document":"","inline_featured_image":false},"product_brand":[470],"product_cat":[456,387],"product_tag":[],"class_list":{"0":"post-62060","1":"product","2":"type-product","3":"status-publish","4":"has-post-thumbnail","6":"product_brand-hpturbo","7":"product_cat-s55","8":"product_cat-turbos","9":"product_shipping_class-hpturbo","11":"first","12":"instock","13":"taxable","14":"shipping-taxable","15":"purchasable","16":"product-type-simple"},"supplier_id":null,"supplier_sku":"","barcode":null,"atum_controlled":true,"out_stock_date":null,"out_stock_threshold":null,"inheritable":false,"inbound_stock":null,"stock_on_hold":null,"sold_today":null,"sales_last_days":null,"reserved_stock":null,"customer_returns":null,"warehouse_damage":null,"lost_in_post":null,"other_logs":null,"out_stock_days":null,"lost_sales":null,"has_location":false,"update_date":"2025-11-05T10:05:47","atum_locations":[],"atum_stock_status":"instock","restock_status":false,"low_stock_amount":"","sales_update_date":null,"calc_backorders":null,"_links":{"self":[{"href":"https:\/\/revmatch.eu\/es\/wp-json\/wp\/v2\/product\/62060","targetHints":{"allow":["GET"]}}],"collection":[{"href":"https:\/\/revmatch.eu\/es\/wp-json\/wp\/v2\/product"}],"about":[{"href":"https:\/\/revmatch.eu\/es\/wp-json\/wp\/v2\/types\/product"}],"version-history":[{"count":1,"href":"https:\/\/revmatch.eu\/es\/wp-json\/wp\/v2\/product\/62060\/revisions"}],"predecessor-version":[{"id":82062,"href":"https:\/\/revmatch.eu\/es\/wp-json\/wp\/v2\/product\/62060\/revisions\/82062"}],"wp:featuredmedia":[{"embeddable":true,"href":"https:\/\/revmatch.eu\/es\/wp-json\/wp\/v2\/media\/62044"}],"wp:attachment":[{"href":"https:\/\/revmatch.eu\/es\/wp-json\/wp\/v2\/media?parent=62060"}],"wp:term":[{"taxonomy":"product_brand","embeddable":true,"href":"https:\/\/revmatch.eu\/es\/wp-json\/wp\/v2\/product_brand?post=62060"},{"taxonomy":"product_cat","embeddable":true,"href":"https:\/\/revmatch.eu\/es\/wp-json\/wp\/v2\/product_cat?post=62060"},{"taxonomy":"product_tag","embeddable":true,"href":"https:\/\/revmatch.eu\/es\/wp-json\/wp\/v2\/product_tag?post=62060"}],"curies":[{"name":"wp","href":"https:\/\/api.w.org\/{rel}","templated":true}]}}