{"id":62085,"date":"2023-10-18T01:42:37","date_gmt":"2023-10-18T00:42:37","guid":{"rendered":"http:\/\/revmatch.eu\/?post_type=product&#038;p=62085"},"modified":"2025-11-05T11:05:30","modified_gmt":"2025-11-05T10:05:30","slug":"hpt-td03l-bmw-n54-stage-3-turbos","status":"publish","type":"product","link":"https:\/\/revmatch.eu\/es\/producto\/hpt-td03l-bmw-n54-stage-3-turbos\/","title":{"rendered":"HPT TD03L BMW N54 Etapa 3 Turbos"},"content":{"rendered":"<p>Con esta conversi\u00f3n, llevar\u00e1s tu experiencia de conducci\u00f3n BMW a nuevas alturas.<\/p>\n<p><strong>Aumento de potencia hasta 551cv.*<\/strong><\/p>\n<p>El turbo TD03L Stage 3 es compatible con varios modelos de BMW con motor N54, incluidos:<\/p>\n<ul>\n<li>BMW 135i (E82\/E88)<\/li>\n<li>BMW 335i (E90\/E91\/E92\/E93)<\/li>\n<li>BMW Z4 35i<\/li>\n<\/ul>\n<p>*Requiere enviar tu turbo por adelantado<br \/>\n* Si la v\u00e1lvula de descarga est\u00e1 en mal estado, se podr\u00e1 incurrir en un recargo de +250\u20ac (IVA excluido) para repararla durante la conversi\u00f3n turbo.<br \/>\n* <strong>ADVERTENCIA<\/strong>: Los turbos h\u00edbridos y grandes no pueden funcionar en autos stock. Los valores etiquetados como ganancias \u201chasta hp\u201d son referencias a la presi\u00f3n y la capacidad de flujo de la configuraci\u00f3n turbo. Para que el autom\u00f3vil alcance estos niveles de potencia, tambi\u00e9n puede ser necesario actualizar la inyecci\u00f3n, el intercooler, el sistema de escape y la inyecci\u00f3n de metanol. Cualquier modificaci\u00f3n requiere un ajuste electr\u00f3nico, cons\u00faltenos si necesita valoraci\u00f3n con una sinton\u00eda.<\/p>\n<p><strong>Organizaremos la recogida de su turbo y HPT ensamblar\u00e1 su nuevo turbo y lo devolver\u00e1 en 7 a 10 d\u00edas.<\/strong><\/p>","protected":false},"excerpt":{"rendered":"<p>Con esta conversi\u00f3n, llevar\u00e1s tu experiencia de conducci\u00f3n BMW a nuevas alturas.<\/p>\n<p><strong>Aumento de potencia hasta 551cv.*<\/strong><\/p>\n<p>*Requiere enviar tu turbo por adelantado<br \/>\n* Si la v\u00e1lvula de descarga est\u00e1 en mal estado, se podr\u00e1 incurrir en un recargo de +250\u20ac (IVA excluido) para repararla durante la conversi\u00f3n turbo.<br \/>\n* <strong>ADVERTENCIA<\/strong>: Los turbos h\u00edbridos y grandes no pueden funcionar en autos stock. Los valores etiquetados como ganancias \u201chasta hp\u201d son referencias a la presi\u00f3n y la capacidad de flujo de la configuraci\u00f3n turbo. Para que el autom\u00f3vil alcance estos niveles de potencia, tambi\u00e9n puede ser necesario actualizar la inyecci\u00f3n, el intercooler, el sistema de escape y la inyecci\u00f3n de metanol. Cualquier modificaci\u00f3n requiere un ajuste electr\u00f3nico, cons\u00faltenos si necesita valoraci\u00f3n con una sinton\u00eda.<\/p>\n<p><strong>Organizaremos la recogida de su turbo y HPT ensamblar\u00e1 su nuevo turbo y lo devolver\u00e1 en 7 a 10 d\u00edas.<\/strong><\/p>\n<p><strong>Las im\u00e1genes pueden diferir de las im\u00e1genes turbo reales.<\/strong><\/p>","protected":false},"featured_media":62116,"template":"","meta":{"_crdt_document":"","inline_featured_image":false},"product_brand":[470],"product_cat":[387],"product_tag":[],"class_list":{"0":"post-62085","1":"product","2":"type-product","3":"status-publish","4":"has-post-thumbnail","6":"product_brand-hpturbo","7":"product_cat-turbos","8":"product_shipping_class-hpturbo","10":"first","11":"instock","12":"taxable","13":"shipping-taxable","14":"purchasable","15":"product-type-simple"},"supplier_id":null,"supplier_sku":"","barcode":null,"atum_controlled":true,"out_stock_date":null,"out_stock_threshold":null,"inheritable":false,"inbound_stock":0,"stock_on_hold":0,"sold_today":0,"sales_last_days":0,"reserved_stock":0,"customer_returns":0,"warehouse_damage":0,"lost_in_post":0,"other_logs":0,"out_stock_days":0,"lost_sales":0,"has_location":false,"update_date":"2025-12-09T12:37:50","atum_locations":[],"atum_stock_status":"instock","restock_status":false,"low_stock_amount":"","sales_update_date":"2025-12-09T12:37:50","calc_backorders":null,"_links":{"self":[{"href":"https:\/\/revmatch.eu\/es\/wp-json\/wp\/v2\/product\/62085","targetHints":{"allow":["GET"]}}],"collection":[{"href":"https:\/\/revmatch.eu\/es\/wp-json\/wp\/v2\/product"}],"about":[{"href":"https:\/\/revmatch.eu\/es\/wp-json\/wp\/v2\/types\/product"}],"version-history":[{"count":1,"href":"https:\/\/revmatch.eu\/es\/wp-json\/wp\/v2\/product\/62085\/revisions"}],"predecessor-version":[{"id":82058,"href":"https:\/\/revmatch.eu\/es\/wp-json\/wp\/v2\/product\/62085\/revisions\/82058"}],"wp:featuredmedia":[{"embeddable":true,"href":"https:\/\/revmatch.eu\/es\/wp-json\/wp\/v2\/media\/62116"}],"wp:attachment":[{"href":"https:\/\/revmatch.eu\/es\/wp-json\/wp\/v2\/media?parent=62085"}],"wp:term":[{"taxonomy":"product_brand","embeddable":true,"href":"https:\/\/revmatch.eu\/es\/wp-json\/wp\/v2\/product_brand?post=62085"},{"taxonomy":"product_cat","embeddable":true,"href":"https:\/\/revmatch.eu\/es\/wp-json\/wp\/v2\/product_cat?post=62085"},{"taxonomy":"product_tag","embeddable":true,"href":"https:\/\/revmatch.eu\/es\/wp-json\/wp\/v2\/product_tag?post=62085"}],"curies":[{"name":"wp","href":"https:\/\/api.w.org\/{rel}","templated":true}]}}