{"id":62172,"date":"2023-10-22T12:32:29","date_gmt":"2023-10-22T11:32:29","guid":{"rendered":"http:\/\/revmatch.eu\/?post_type=product&#038;p=62172"},"modified":"2023-10-22T12:32:31","modified_gmt":"2023-10-22T11:32:31","slug":"dragy-gps-performance-meter-drg70","status":"publish","type":"product","link":"https:\/\/revmatch.eu\/es\/product\/dragy-gps-performance-meter-drg70\/","title":{"rendered":"Medidor de rendimiento GPS Dragy \u2013 DRG70"},"content":{"rendered":"<p>Dragy utiliza sat\u00e9lites GPS de alta velocidad para medir con precisi\u00f3n el rendimiento de su veh\u00edculo en una cent\u00e9sima de segundo, lo que produce resultados id\u00e9nticos al sistema VBOX, mucho m\u00e1s caro y complicado, en un paquete m\u00e1s econ\u00f3mico y f\u00e1cil de usar. El software Dragy traza autom\u00e1ticamente la pendiente en todos los registros de tiempos que luego puede publicar en foros o redes sociales, compartir con amigos o incluso cargar en la tabla de clasificaci\u00f3n de Dragy. La caja Dragy es extremadamente compacta, de 1\u2033 x 3\u2033 (25,4 mm x 76,2 mm) y se puede colocar en el tablero durante la prueba y guardar en la guantera o la consola central cuando no se usa.<\/p>\n<p>Adem\u00e1s, hay muchas funciones avanzadas en desarrollo, como la superposici\u00f3n de datos de rendimiento en la c\u00e1mara del m\u00f3vil, carreras virtuales con amigos, un canal interno para fotos y debates sobre el rendimiento, y mucho m\u00e1s. Las carreras se guardan en formato m\u00e9trico y SAE, lo que permite realizar comparaciones de 100-200 km\/h y todos los equivalentes m\u00e9tricos. Tambi\u00e9n puedes definir tus propias ventanas de rendimiento para medir las velocidades de los frenos y\/o los tiempos transcurridos, el tiempo hasta el rendimiento de frenado, como 100-0, y mucho m\u00e1s.<\/p>\n<p>El sistema puede funcionar simult\u00e1neamente con JB4 Mobile y otras aplicaciones Bluetooth. Requiere la aplicaci\u00f3n Dragy, que est\u00e1 disponible de forma gratuita para iOS y Android.<\/p>\n<p><strong>Contenido de la caja:<\/strong><\/p>\n<ul>\n<li>Caja de vueltas y aceler\u00f3metro de rendimiento Dragy<\/li>\n<li>Cable de carga USB<\/li>\n<li>2 placas de metal y tira adhesiva 3M<\/li>\n<li>Manual<\/li>\n<\/ul>\n<p><strong>Datos t\u00e9cnicos:<\/strong><\/p>\n<ul>\n<li>Se requiere dispositivo iOS (8.0) o Android (4.4)<\/li>\n<li>Sistema de unidades m\u00e9tricas (km\/h) admitido<\/li>\n<li>Tipo de conexi\u00f3n: Bluetooth 4.0<\/li>\n<li>Compatible con GPS y GLONASS<\/li>\n<li>Duraci\u00f3n de la bater\u00eda: hasta 10 horas<\/li>\n<li>Dimensiones: 30 x 80 x 15 mm<\/li>\n<\/ul>","protected":false},"excerpt":{"rendered":"<p><strong>\u00a1MONITOREA TU RENDIMIENTO DE 0 A 60 MPH, 60 A 130 MPH, 100 A 200 KMH, 1\/8 DE MILLA, 1\/4 DE MILLA, 1\/2 MILLA Y M\u00c1S!<\/strong><\/p>\n<p><strong>Caracter\u00edsticas:<\/strong><\/p>\n<ul>\n<li>Mide la aceleraci\u00f3n (0-100 kmh, 100-200 kmh, 1\/8 de milla, 1\/4 de milla y m\u00e1s)<\/li>\n<li>Medici\u00f3n del tiempo de frenado (100-0 kmh, 200-0 kmh y mucho m\u00e1s)<\/li>\n<li>La aplicaci\u00f3n Dragy Lap Timer tambi\u00e9n est\u00e1 disponible<\/li>\n<li>Medici\u00f3n de la fuerza G<\/li>\n<li>Lista de puntuaciones m\u00e1s altas ordenadas por fabricante<\/li>\n<li>Arrastrarse<\/li>\n<li>Arrastrar y soltar videos<\/li>\n<li>Perfil (garaje, foto de perfil y mucho m\u00e1s)<\/li>\n<\/ul>\n<div id=\"gtx-trans\" style=\"position: absolute; left: 692px; top: -7.7309px;\">\n<div class=\"gtx-trans-icon\"><\/div>\n<\/div>","protected":false},"featured_media":62174,"template":"","meta":{"_crdt_document":"","inline_featured_image":false},"product_brand":[],"product_cat":[372],"product_tag":[],"class_list":{"0":"post-62172","1":"product","2":"type-product","3":"status-publish","4":"has-post-thumbnail","6":"product_cat-electronics","8":"first","9":"instock","10":"sale","11":"taxable","12":"shipping-taxable","13":"purchasable","14":"product-type-simple"},"supplier_id":null,"supplier_sku":"","barcode":null,"atum_controlled":true,"out_stock_date":null,"out_stock_threshold":null,"inheritable":false,"inbound_stock":null,"stock_on_hold":0,"sold_today":0,"sales_last_days":0,"reserved_stock":null,"customer_returns":null,"warehouse_damage":null,"lost_in_post":null,"other_logs":null,"out_stock_days":0,"lost_sales":0,"has_location":null,"update_date":"2025-03-04T16:44:12","atum_locations":[],"atum_stock_status":"instock","restock_status":false,"low_stock_amount":"","sales_update_date":"2025-03-04T16:44:12","calc_backorders":null,"_links":{"self":[{"href":"https:\/\/revmatch.eu\/es\/wp-json\/wp\/v2\/product\/62172","targetHints":{"allow":["GET"]}}],"collection":[{"href":"https:\/\/revmatch.eu\/es\/wp-json\/wp\/v2\/product"}],"about":[{"href":"https:\/\/revmatch.eu\/es\/wp-json\/wp\/v2\/types\/product"}],"version-history":[{"count":0,"href":"https:\/\/revmatch.eu\/es\/wp-json\/wp\/v2\/product\/62172\/revisions"}],"wp:featuredmedia":[{"embeddable":true,"href":"https:\/\/revmatch.eu\/es\/wp-json\/wp\/v2\/media\/62174"}],"wp:attachment":[{"href":"https:\/\/revmatch.eu\/es\/wp-json\/wp\/v2\/media?parent=62172"}],"wp:term":[{"taxonomy":"product_brand","embeddable":true,"href":"https:\/\/revmatch.eu\/es\/wp-json\/wp\/v2\/product_brand?post=62172"},{"taxonomy":"product_cat","embeddable":true,"href":"https:\/\/revmatch.eu\/es\/wp-json\/wp\/v2\/product_cat?post=62172"},{"taxonomy":"product_tag","embeddable":true,"href":"https:\/\/revmatch.eu\/es\/wp-json\/wp\/v2\/product_tag?post=62172"}],"curies":[{"name":"wp","href":"https:\/\/api.w.org\/{rel}","templated":true}]}}