{"id":62177,"date":"2023-10-22T12:44:32","date_gmt":"2023-10-22T11:44:32","guid":{"rendered":"http:\/\/revmatch.eu\/?post_type=product&#038;p=62177"},"modified":"2026-01-20T19:43:44","modified_gmt":"2026-01-20T18:43:44","slug":"extintor-de-incendios-element-e50","status":"publish","type":"product","link":"https:\/\/revmatch.eu\/es\/product\/element-e50-fire-extinguisher\/","title":{"rendered":"Extintor Element E50"},"content":{"rendered":"<p>Con una protecci\u00f3n contra incendios de 50 segundos, el E50 est\u00e1 recomendado para uso profesional (autom\u00f3vil, deportes de motor, garaje, n\u00e1utica, etc.). Los extintores Element son adecuados para su uso en incendios peque\u00f1os y para proteger riesgos complementarios. Probados y certificados a nivel internacional.<\/p>\n<p><strong>Caracter\u00edsticas:<\/strong><\/p>\n<ul>\n<li><strong>Descarga de 50 segundos<\/strong>\n<ul>\n<li>M\u00e1s de 5 veces m\u00e1s largo que una botella de extintor de incendios de 5 libras<\/li>\n<\/ul>\n<\/li>\n<li><strong>Compacto y f\u00e1cil de usar<\/strong>\n<ul>\n<li>30 cm (10,75\u2033) de alto, 3,2 cm (1,2\u2033) de di\u00e1metro, 230 gramos (0,5 libras) de peso<\/li>\n<li>Port\u00e1til y cabe pr\u00e1cticamente en cualquier lugar.<\/li>\n<\/ul>\n<\/li>\n<li><strong>No deja residuos y es ecol\u00f3gico<\/strong>\n<ul>\n<li>Sin suciedad, no t\u00f3xico, no corrosivo y respetuoso con el medio ambiente.<\/li>\n<\/ul>\n<\/li>\n<li><strong>Descarga de presi\u00f3n cero<\/strong>\n<ul>\n<li>No propaga incendios de aceite ni l\u00edquidos.<\/li>\n<\/ul>\n<\/li>\n<li><strong>Seguro y sin necesidad de mantenimiento<\/strong>\n<ul>\n<li>Sin partes m\u00f3viles ni gas comprimido que requiera mantenimiento<\/li>\n<\/ul>\n<\/li>\n<li><strong>Resistente a la intemperie y a las temperaturas extremas, la humedad o las vibraciones. Se puede almacenar de forma segura en entornos h\u00famedos.<\/strong>\n<ul>\n<li>El elemento se puede almacenar de forma segura en veh\u00edculos que se encuentran en climas c\u00e1lidos.<\/li>\n<\/ul>\n<\/li>\n<li><strong>Combate todos los casos de incendios importantes<\/strong>\n<ul>\n<li><em>INCLUYENDO INCENDIOS DE ACEITE DE COCINA Y GRASA<br \/>\n*No recomendado para fuegos de carb\u00f3n al aire libre (es decir, fogatas de le\u00f1a o troncos)<\/em><\/li>\n<\/ul>\n<\/li>\n<\/ul>\n<p>Hecho en Italia<\/p>","protected":false},"excerpt":{"rendered":"<p>Con una protecci\u00f3n contra incendios de 50 segundos, el E50 est\u00e1 recomendado para uso profesional (autom\u00f3vil, deportes de motor, garaje, n\u00e1utica, etc.). Los extintores Element son adecuados para su uso en incendios peque\u00f1os y para proteger riesgos complementarios. Probados y certificados a nivel internacional.<\/p>\n<p><strong>Caracter\u00edsticas:<\/strong><\/p>\n<ul>\n<li><strong>Descarga de 50 segundos<\/strong>\n<ul>\n<li>M\u00e1s de 5 veces m\u00e1s largo que una botella de extintor de incendios de 5 libras<\/li>\n<\/ul>\n<\/li>\n<li><strong>Compacto y f\u00e1cil de usar<\/strong>\n<ul>\n<li>30 cm (10,75\u2033) de alto, 3,2 cm (1,2\u2033) de di\u00e1metro, 230 gramos (0,5 libras) de peso<\/li>\n<li>Port\u00e1til y cabe pr\u00e1cticamente en cualquier lugar.<\/li>\n<li>Im\u00e1genes grandes en la unidad gu\u00edan el sencillo proceso de activaci\u00f3n en 4 pasos:<\/li>\n<\/ul>\n<\/li>\n<\/ul>\n<p><img fetchpriority=\"high\" decoding=\"async\" class=\"\" style=\"font-size: 1rem; letter-spacing: 0px;\" src=\"https:\/\/cdn.shopify.com\/s\/files\/1\/3001\/3080\/files\/Addaheading_23.png?v=1696348604\" width=\"607\" height=\"191\" \/><\/p>\n<ul>\n<li><strong>No deja residuos y es ecol\u00f3gico<\/strong>\n<ul>\n<li>Sin suciedad, no t\u00f3xico, no corrosivo y respetuoso con el medio ambiente.<\/li>\n<\/ul>\n<\/li>\n<li><strong>Descarga de presi\u00f3n cero<\/strong>\n<ul>\n<li>No propaga incendios de aceite ni l\u00edquidos.<\/li>\n<\/ul>\n<\/li>\n<li><strong>Seguro y sin necesidad de mantenimiento<\/strong>\n<ul>\n<li>Sin partes m\u00f3viles ni gas comprimido que requiera mantenimiento<\/li>\n<\/ul>\n<\/li>\n<li><strong>Resistente a la intemperie y a las temperaturas extremas, la humedad o las vibraciones. Se puede almacenar de forma segura en entornos h\u00famedos.<\/strong>\n<ul>\n<li>El elemento se puede almacenar de forma segura en veh\u00edculos que se encuentran en climas c\u00e1lidos.<\/li>\n<\/ul>\n<\/li>\n<\/ul>","protected":false},"featured_media":62182,"template":"","meta":{"_crdt_document":"","inline_featured_image":false},"product_brand":[],"product_cat":[370],"product_tag":[],"class_list":{"0":"post-62177","1":"product","2":"type-product","3":"status-publish","4":"has-post-thumbnail","6":"product_cat-engine","8":"first","9":"instock","10":"taxable","11":"shipping-taxable","12":"purchasable","13":"product-type-simple"},"supplier_id":null,"supplier_sku":"","barcode":null,"atum_controlled":true,"out_stock_date":null,"out_stock_threshold":null,"inheritable":false,"inbound_stock":0,"stock_on_hold":0,"sold_today":0,"sales_last_days":2,"reserved_stock":null,"customer_returns":null,"warehouse_damage":null,"lost_in_post":null,"other_logs":null,"out_stock_days":0,"lost_sales":0,"has_location":false,"update_date":"2026-01-20T18:43:50","atum_locations":[],"atum_stock_status":"instock","restock_status":false,"low_stock_amount":"","sales_update_date":"2026-01-20T18:43:50","calc_backorders":0,"_links":{"self":[{"href":"https:\/\/revmatch.eu\/es\/wp-json\/wp\/v2\/product\/62177","targetHints":{"allow":["GET"]}}],"collection":[{"href":"https:\/\/revmatch.eu\/es\/wp-json\/wp\/v2\/product"}],"about":[{"href":"https:\/\/revmatch.eu\/es\/wp-json\/wp\/v2\/types\/product"}],"version-history":[{"count":0,"href":"https:\/\/revmatch.eu\/es\/wp-json\/wp\/v2\/product\/62177\/revisions"}],"wp:featuredmedia":[{"embeddable":true,"href":"https:\/\/revmatch.eu\/es\/wp-json\/wp\/v2\/media\/62182"}],"wp:attachment":[{"href":"https:\/\/revmatch.eu\/es\/wp-json\/wp\/v2\/media?parent=62177"}],"wp:term":[{"taxonomy":"product_brand","embeddable":true,"href":"https:\/\/revmatch.eu\/es\/wp-json\/wp\/v2\/product_brand?post=62177"},{"taxonomy":"product_cat","embeddable":true,"href":"https:\/\/revmatch.eu\/es\/wp-json\/wp\/v2\/product_cat?post=62177"},{"taxonomy":"product_tag","embeddable":true,"href":"https:\/\/revmatch.eu\/es\/wp-json\/wp\/v2\/product_tag?post=62177"}],"curies":[{"name":"wp","href":"https:\/\/api.w.org\/{rel}","templated":true}]}}