{"id":62237,"date":"2023-10-22T15:50:44","date_gmt":"2023-10-22T14:50:44","guid":{"rendered":"http:\/\/revmatch.eu\/product\/n55-s55-high-flow-injectors-s63-eu5\/"},"modified":"2026-02-09T10:09:56","modified_gmt":"2026-02-09T09:09:56","slug":"n55-s55-high-flow-injectors-s63-eu5","status":"publish","type":"product","link":"https:\/\/revmatch.eu\/es\/producto\/n55-s55-high-flow-injectors-s63-eu5\/","title":{"rendered":"Inyectores de alto flujo N55\/S55 \u2013 S63 EU5"},"content":{"rendered":"<div class=\"value\">\n<div data-appearance=\"contained\" data-content-type=\"row\" data-element=\"main\">\n<div data-background-images=\"{}\" data-background-type=\"image\" data-element=\"inner\" data-enable-parallax=\"0\" data-parallax-speed=\"0.5\" data-pb-style=\"YGXH34U\" data-video-fallback-src=\"\" data-video-lazy-load=\"true\" data-video-loop=\"true\" data-video-play-only-visible=\"true\">\n<div data-appearance=\"default\" data-content-type=\"text\" data-element=\"main\">\n<p>Estos son los inyectores originales OEM para el BMW M5 (motor S63) y los inyectores de mayor caudal de esta familia de Bosch. En t\u00e9rminos de equipamiento mec\u00e1nico, se adaptar\u00e1n a cualquier motor S55 y N55.<\/p>\n<table style=\"border-collapse: collapse; width: 100%;\" border=\"1\">\n<tbody>\n<tr>\n<td style=\"width: 33.3062%;\"><strong>Tipo de combustible<\/strong><\/td>\n<td style=\"width: 33.3062%;\"><strong>E0 gasolina<\/strong><\/td>\n<td style=\"width: 33.3075%;\"><strong>E85<\/strong><\/td>\n<\/tr>\n<tr>\n<td style=\"width: 33.3062%;\">Clasificaci\u00f3n WHP<\/td>\n<td style=\"width: 33.3062%;\">1000 CV<\/td>\n<td style=\"width: 33.3075%;\">800 CV<\/td>\n<\/tr>\n<\/tbody>\n<\/table>\n<p>NOTA: Tenga en cuenta que estos inyectores requieren codificaci\u00f3n a trav\u00e9s de ISTA, junto con un ajuste adecuado antes de ejecutarlos. La mayor\u00eda de los sintonizadores est\u00e1n bastante familiarizados con estos inyectores, ya que se han utilizado con \u00e9xito en versiones S55 de alta potencia durante muchos a\u00f1os.<\/p>\n<\/div>\n<div class=\"pagebuilder-column-group\" data-appearance=\"default\" data-background-images=\"{}\" data-content-type=\"column-group\" data-element=\"main\" data-grid-size=\"12\" data-pb-style=\"V5IONFN\">\n<div class=\"pagebuilder-column-line\" data-content-type=\"column-line\" data-element=\"main\" data-pb-style=\"HTK7Y9E\">\n<div class=\"pagebuilder-column\" data-appearance=\"full-height\" data-background-images=\"{}\" data-content-type=\"column\" data-element=\"main\" data-pb-style=\"JEFWWWL\">\n<h5 data-appearance=\"default\" data-content-type=\"heading\" data-element=\"main\">Contenido<\/h5>\n<div data-appearance=\"default\" data-content-type=\"text\" data-element=\"main\">\n<ul>\n<li>6x Inyector de combustible Bosch BM- 13647599876 \/ BOS-0261500136<\/li>\n<li>6 elementos de desacoplamiento originales BMW BM-13537577649<\/li>\n<li>6 anillos de junta originales BMW BM-13537591006.<\/li>\n<\/ul>\n<h5>Especificaciones<\/h5>\n<ul>\n<li>1200cc<\/li>\n<li>14,45 g\/s<\/li>\n<li>Aumento del 33% respecto a los inyectores originales<\/li>\n<li>Totalmente compatible con etanol<\/li>\n<li>Presi\u00f3n de funcionamiento de 20mpa<\/li>\n<li>Montaje directo, no se necesitan modificaciones<\/li>\n<\/ul>\n<\/div>\n<\/div>\n<div class=\"pagebuilder-column\" data-appearance=\"full-height\" data-background-images=\"{}\" data-content-type=\"column\" data-element=\"main\" data-pb-style=\"VFWH9Q8\">\n<h5 data-appearance=\"default\" data-content-type=\"heading\" data-element=\"main\">Modelos compatibles<\/h5>\n<div data-appearance=\"default\" data-content-type=\"text\" data-element=\"main\">\n<ul>\n<li>F80 M3 \u2013 Todas las variantes<\/li>\n<li>F82 M4 \u2013 Todas las variantes<\/li>\n<li>F87-M2<\/li>\n<li>F20\/21-135i, 135xi<\/li>\n<li>F22\/23-235i, 235xi<\/li>\n<li>F30\/31\/34 - 335i, 335xi<\/li>\n<li>F32\/33\/36-435i, 435xi<\/li>\n<li>F10\/11 - 535i, 535xi *<\/li>\n<li>F25\/26-X3\/X4 35i *<\/li>\n<li>F15\/16-X5\/X6 35i<\/li>\n<li>E8X - 135i *<\/li>\n<li>E9X - 335i *<\/li>\n<li>E84 - X1 35i *<\/li>\n<li>E70\/71-X5\/X6 35i *<\/li>\n<\/ul>\n<p><strong>*SOLO modelos 2013+ con OE Bosch HPFP<\/strong><br \/>\n<strong>NO COMPATIBLE con veh\u00edculos N55 2011-2012<\/strong><\/p>\n<\/div>\n<\/div>\n<\/div>\n<\/div>\n<\/div>\n<\/div>\n<\/div>","protected":false},"excerpt":{"rendered":"<div class=\"value\">\n<div data-appearance=\"contained\" data-content-type=\"row\" data-element=\"main\">\n<div data-background-images=\"{}\" data-background-type=\"image\" data-element=\"inner\" data-enable-parallax=\"0\" data-parallax-speed=\"0.5\" data-pb-style=\"YGXH34U\" data-video-fallback-src=\"\" data-video-lazy-load=\"true\" data-video-loop=\"true\" data-video-play-only-visible=\"true\">\n<div data-appearance=\"default\" data-content-type=\"text\" data-element=\"main\">\n<div class=\"value\">\n<div data-appearance=\"contained\" data-content-type=\"row\" data-element=\"main\">\n<div data-background-images=\"{}\" data-background-type=\"image\" data-element=\"inner\" data-enable-parallax=\"0\" data-parallax-speed=\"0.5\" data-pb-style=\"YGXH34U\" data-video-fallback-src=\"\" data-video-lazy-load=\"true\" data-video-loop=\"true\" data-video-play-only-visible=\"true\">\n<div data-appearance=\"default\" data-content-type=\"text\" data-element=\"main\">\n<p>Estos son los inyectores originales OEM para el BMW M5 (motor S63) y los inyectores de mayor caudal de esta familia de Bosch. En t\u00e9rminos de equipamiento mec\u00e1nico, se adaptar\u00e1n a cualquier motor S55 y N55.<\/p>\n<table style=\"border-collapse: collapse; width: 100%;\" border=\"1\">\n<tbody>\n<tr>\n<td style=\"width: 33.3062%;\"><strong>Tipo de combustible<\/strong><\/td>\n<td style=\"width: 33.3062%;\"><strong>E0 gasolina<\/strong><\/td>\n<td style=\"width: 33.3075%;\"><strong>E85<\/strong><\/td>\n<\/tr>\n<tr>\n<td style=\"width: 33.3062%;\">Clasificaci\u00f3n WHP<\/td>\n<td style=\"width: 33.3062%;\">1000 CV<\/td>\n<td style=\"width: 33.3075%;\">800 CV<\/td>\n<\/tr>\n<\/tbody>\n<\/table>\n<p>NOTA: Tenga en cuenta que <strong>Estos inyectores requieren codificaci\u00f3n.<\/strong> a trav\u00e9s de ISTA (o plataforma de ajuste), junto con el ajuste adecuado antes de ejecutarlos. La mayor\u00eda de los sintonizadores est\u00e1n bastante familiarizados con estos inyectores, ya que se han utilizado con \u00e9xito en versiones S55 de alta potencia durante muchos a\u00f1os.<\/p>\n<\/div>\n<div class=\"pagebuilder-column-group\" data-appearance=\"default\" data-background-images=\"{}\" data-content-type=\"column-group\" data-element=\"main\" data-grid-size=\"12\" data-pb-style=\"V5IONFN\">\n<div class=\"pagebuilder-column-line\" data-content-type=\"column-line\" data-element=\"main\" data-pb-style=\"HTK7Y9E\">\n<div class=\"pagebuilder-column\" data-appearance=\"full-height\" data-background-images=\"{}\" data-content-type=\"column\" data-element=\"main\" data-pb-style=\"JEFWWWL\">\n<h6 data-appearance=\"default\" data-content-type=\"heading\" data-element=\"main\">Contenido<\/h6>\n<div data-appearance=\"default\" data-content-type=\"text\" data-element=\"main\">\n<ul>\n<li>6x Inyector de combustible Bosch BM- 13647599876 \/ BOS-0261500136<\/li>\n<li>6 elementos de desacoplamiento originales BMW BM-13537577649<\/li>\n<li>6 anillos de junta originales BMW BM-13537591006.<\/li>\n<\/ul>\n<h6>Especificaciones<\/h6>\n<ul>\n<li>1200cc<\/li>\n<li>14,45 g\/s<\/li>\n<li>Aumento del 33% respecto a los inyectores originales<\/li>\n<li>Totalmente compatible con etanol<\/li>\n<li>Presi\u00f3n de funcionamiento de 20mpa<\/li>\n<li>Montaje directo, no se necesitan modificaciones<\/li>\n<\/ul>\n<\/div>\n<\/div>\n<div class=\"pagebuilder-column\" data-appearance=\"full-height\" data-background-images=\"{}\" data-content-type=\"column\" data-element=\"main\" data-pb-style=\"VFWH9Q8\">\n<div data-appearance=\"default\" data-content-type=\"text\" data-element=\"main\">\n<p><strong>*SOLO modelos 2013+ con OE Bosch HPFP<\/strong><br \/>\n<strong>NO COMPATIBLE con veh\u00edculos N55 2011-2012<\/strong><\/p>\n<\/div>\n<\/div>\n<\/div>\n<\/div>\n<\/div>\n<\/div>\n<\/div>\n<\/div>\n<\/div>\n<\/div>\n<\/div>\n<div id=\"gtx-trans\" style=\"position: absolute; left: 628px; top: 199.786px;\">\n<div class=\"gtx-trans-icon\"><\/div>\n<\/div>","protected":false},"featured_media":62300,"template":"","meta":{"_crdt_document":"","inline_featured_image":false},"product_brand":[],"product_cat":[370,395,454,184,456],"product_tag":[],"class_list":{"0":"post-62237","1":"product","2":"type-product","3":"status-publish","4":"has-post-thumbnail","6":"product_cat-engine","7":"product_cat-fueling","8":"product_cat-n55","9":"product_cat-revmatch","10":"product_cat-s55","11":"product_shipping_class-pureturbos-eu","13":"first","14":"instock","15":"sale","16":"taxable","17":"shipping-taxable","18":"purchasable","19":"product-type-simple"},"supplier_id":null,"supplier_sku":"","barcode":null,"atum_controlled":true,"out_stock_date":null,"out_stock_threshold":null,"inheritable":false,"inbound_stock":0,"stock_on_hold":1,"sold_today":0,"sales_last_days":1,"reserved_stock":0,"customer_returns":0,"warehouse_damage":0,"lost_in_post":0,"other_logs":0,"out_stock_days":0,"lost_sales":0,"has_location":false,"update_date":"2026-02-09T09:10:00","atum_locations":[],"atum_stock_status":"instock","restock_status":false,"low_stock_amount":"","sales_update_date":"2026-02-09T09:10:00","calc_backorders":0,"_links":{"self":[{"href":"https:\/\/revmatch.eu\/es\/wp-json\/wp\/v2\/product\/62237","targetHints":{"allow":["GET"]}}],"collection":[{"href":"https:\/\/revmatch.eu\/es\/wp-json\/wp\/v2\/product"}],"about":[{"href":"https:\/\/revmatch.eu\/es\/wp-json\/wp\/v2\/types\/product"}],"version-history":[{"count":1,"href":"https:\/\/revmatch.eu\/es\/wp-json\/wp\/v2\/product\/62237\/revisions"}],"predecessor-version":[{"id":83381,"href":"https:\/\/revmatch.eu\/es\/wp-json\/wp\/v2\/product\/62237\/revisions\/83381"}],"wp:featuredmedia":[{"embeddable":true,"href":"https:\/\/revmatch.eu\/es\/wp-json\/wp\/v2\/media\/62300"}],"wp:attachment":[{"href":"https:\/\/revmatch.eu\/es\/wp-json\/wp\/v2\/media?parent=62237"}],"wp:term":[{"taxonomy":"product_brand","embeddable":true,"href":"https:\/\/revmatch.eu\/es\/wp-json\/wp\/v2\/product_brand?post=62237"},{"taxonomy":"product_cat","embeddable":true,"href":"https:\/\/revmatch.eu\/es\/wp-json\/wp\/v2\/product_cat?post=62237"},{"taxonomy":"product_tag","embeddable":true,"href":"https:\/\/revmatch.eu\/es\/wp-json\/wp\/v2\/product_tag?post=62237"}],"curies":[{"name":"wp","href":"https:\/\/api.w.org\/{rel}","templated":true}]}}