{"id":62240,"date":"2023-10-22T15:50:45","date_gmt":"2023-10-22T14:50:45","guid":{"rendered":"http:\/\/revmatch.eu\/product\/kelford-camshafts-bmw-b58-gen-1\/"},"modified":"2025-11-05T10:37:58","modified_gmt":"2025-11-05T09:37:58","slug":"arboles-de-levas-kelford-bmw-b58-gen-1","status":"publish","type":"product","link":"https:\/\/revmatch.eu\/es\/product\/kelford-camshafts-bmw-b58-gen-1\/","title":{"rendered":"\u00c1rboles de Levas Kelford \u2013 BMW B58 Gen 1"},"content":{"rendered":"<div class=\"value\">\n<div data-appearance=\"contained\" data-content-type=\"row\" data-element=\"main\">\n<div data-background-images=\"{}\" data-background-type=\"image\" data-element=\"inner\" data-enable-parallax=\"0\" data-parallax-speed=\"0.5\" data-pb-style=\"TE11BNP\" data-video-fallback-src=\"\" data-video-lazy-load=\"true\" data-video-loop=\"true\" data-video-play-only-visible=\"true\">\n<div data-appearance=\"default\" data-content-type=\"text\" data-element=\"main\">\n<p><span style=\"color: #e03e2d;\">NOTA: Estos \u00e1rboles de levas requieren resortes de v\u00e1lvula mejorados. Kelford Cams recomienda el resorte de v\u00e1lvula: KVS57-BT<\/span><\/p>\n<p>Dorch Engineering es un orgulloso socio de Kelford Cams. Nos hemos asociado con \u00e1rboles de levas B58 para poder ofrecer perfiles de levas r\u00e9cord de Kelford con nuestro l\u00f3bulo de combustible HPFP mejorado. Lo que esto significa es que obtienes los perfiles de \u00e1rbol de levas Kelford probados y verdaderos junto con una capacidad adicional de combustible DI adicional de +40%.<\/p>\n<p><a href=\"https:\/\/kelfordcams.com\/wp-content\/uploads\/2023\/05\/BMW-B58-Camshaft-Picker.pdf\" target=\"_blank\" rel=\"noopener\">Consulte el PDF de compatibilidad del motor B58<\/a><\/p>\n<p>\u00c1rbol de levas de rendimiento BMW Gen1 B58 Stage 1: levas de 270\u00b0\/268\u00b0 para adaptarse al motor Gen 1 B58 de BMW con actualizaciones atornilladas de admisi\u00f3n, escape y turbo. Para un motor con turbo de 58-68 mm. A\u00fan mantiene el uso completo de Valvetronic y Dual VANOS para una buena respuesta del acelerador y una amplia banda de potencia.<\/p>\n<ul>\n<li>BMW ha lanzado estos motores en varias revisiones. Para simplificar las cosas, el equipo de Kelford ha denominado estas revisiones Gen 1 y \u201cGen 1.5\u201d.<\/li>\n<li>Si no est\u00e1 seguro de la generaci\u00f3n de su motor, comun\u00edquese con nuestro equipo de soporte y ellos se asegurar\u00e1n de que obtenga los \u00e1rboles de levas correctos.<\/li>\n<\/ul>\n<\/div>\n<\/div>\n<\/div>\n<\/div>","protected":false},"excerpt":{"rendered":"<div class=\"value\">\n<div data-appearance=\"contained\" data-content-type=\"row\" data-element=\"main\">\n<div data-background-images=\"{}\" data-background-type=\"image\" data-element=\"inner\" data-enable-parallax=\"0\" data-parallax-speed=\"0.5\" data-pb-style=\"TE11BNP\" data-video-fallback-src=\"\" data-video-lazy-load=\"true\" data-video-loop=\"true\" data-video-play-only-visible=\"true\">\n<div data-appearance=\"default\" data-content-type=\"text\" data-element=\"main\">\n<p><span style=\"color: #e03e2d;\">NOTA: Estos \u00e1rboles de levas requieren resortes de v\u00e1lvula mejorados. Kelford Cams recomienda el resorte de v\u00e1lvula: KVS57-BT<\/span><\/p>\n<p>Dorch Engineering es un orgulloso socio de Kelford Cams. Nos hemos asociado con \u00e1rboles de levas B58 para poder ofrecer perfiles de levas r\u00e9cord de Kelford con nuestro l\u00f3bulo de combustible HPFP mejorado. Lo que esto significa es que obtienes los perfiles de \u00e1rbol de levas Kelford probados y verdaderos junto con una capacidad adicional de combustible DI adicional de +40%.<\/p>\n<p><a href=\"https:\/\/kelfordcams.com\/wp-content\/uploads\/2023\/05\/BMW-B58-Camshaft-Picker.pdf\" target=\"_blank\" rel=\"noopener\">Consulte el PDF de compatibilidad del motor B58<\/a><\/p>\n<p>\u00c1rbol de levas de rendimiento BMW Gen1 B58 Stage 1: levas de 270\u00b0\/268\u00b0 para adaptarse al motor Gen 1 B58 de BMW con actualizaciones atornilladas de admisi\u00f3n, escape y turbo. Para un motor con turbo de 58-68 mm. A\u00fan mantiene el uso completo de Valvetronic y Dual VANOS para una buena respuesta del acelerador y una amplia banda de potencia.<\/p>\n<ul>\n<li>BMW ha lanzado estos motores en varias revisiones. Para simplificar las cosas, el equipo de Kelford ha denominado estas revisiones Gen 1 y \u201cGen 1.5\u201d.<\/li>\n<li>Si no est\u00e1 seguro de la generaci\u00f3n de su motor, comun\u00edquese con nuestro equipo de soporte y ellos se asegurar\u00e1n de que obtenga los \u00e1rboles de levas correctos.<\/li>\n<\/ul>\n<\/div>\n<\/div>\n<\/div>\n<\/div>","protected":false},"featured_media":62239,"template":"","meta":{"_crdt_document":"","inline_featured_image":false},"product_brand":[460],"product_cat":[455,447,370],"product_tag":[],"class_list":{"0":"post-62240","1":"product","2":"type-product","3":"status-publish","4":"has-post-thumbnail","6":"product_brand-dorch-engineering","7":"product_cat-b58","8":"product_cat-camshafts","9":"product_cat-engine","10":"product_shipping_class-pureturbos-eu","12":"first","13":"onbackorder","14":"taxable","15":"shipping-taxable","16":"purchasable","17":"product-type-simple"},"supplier_id":null,"supplier_sku":"","barcode":null,"atum_controlled":true,"out_stock_date":"2025-11-05 10:37:58","out_stock_threshold":null,"inheritable":false,"inbound_stock":0,"stock_on_hold":0,"sold_today":0,"sales_last_days":0,"reserved_stock":0,"customer_returns":0,"warehouse_damage":0,"lost_in_post":0,"other_logs":0,"out_stock_days":0,"lost_sales":0,"has_location":false,"update_date":"2025-11-05T09:38:04","atum_locations":[],"atum_stock_status":"onbackorder","restock_status":false,"low_stock_amount":"","sales_update_date":"2025-08-20T09:57:37","calc_backorders":null,"_links":{"self":[{"href":"https:\/\/revmatch.eu\/es\/wp-json\/wp\/v2\/product\/62240","targetHints":{"allow":["GET"]}}],"collection":[{"href":"https:\/\/revmatch.eu\/es\/wp-json\/wp\/v2\/product"}],"about":[{"href":"https:\/\/revmatch.eu\/es\/wp-json\/wp\/v2\/types\/product"}],"version-history":[{"count":0,"href":"https:\/\/revmatch.eu\/es\/wp-json\/wp\/v2\/product\/62240\/revisions"}],"wp:featuredmedia":[{"embeddable":true,"href":"https:\/\/revmatch.eu\/es\/wp-json\/wp\/v2\/media\/62239"}],"wp:attachment":[{"href":"https:\/\/revmatch.eu\/es\/wp-json\/wp\/v2\/media?parent=62240"}],"wp:term":[{"taxonomy":"product_brand","embeddable":true,"href":"https:\/\/revmatch.eu\/es\/wp-json\/wp\/v2\/product_brand?post=62240"},{"taxonomy":"product_cat","embeddable":true,"href":"https:\/\/revmatch.eu\/es\/wp-json\/wp\/v2\/product_cat?post=62240"},{"taxonomy":"product_tag","embeddable":true,"href":"https:\/\/revmatch.eu\/es\/wp-json\/wp\/v2\/product_tag?post=62240"}],"curies":[{"name":"wp","href":"https:\/\/api.w.org\/{rel}","templated":true}]}}