{"id":62243,"date":"2023-10-22T15:50:46","date_gmt":"2023-10-22T14:50:46","guid":{"rendered":"http:\/\/revmatch.eu\/product\/gen2-b58-flex-fuel-eca-plug-and-play\/"},"modified":"2025-11-05T10:37:56","modified_gmt":"2025-11-05T09:37:56","slug":"gen2-b58-flex-fuel-eca-plug-and-play","status":"publish","type":"product","link":"https:\/\/revmatch.eu\/es\/product\/gen2-b58-flex-fuel-eca-plug-and-play\/","title":{"rendered":"Flex Fuel ECA para B58 Gen2 \u2013 Plug and Play"},"content":{"rendered":"<div class=\"value\">\n<div data-appearance=\"contained\" data-content-type=\"row\" data-element=\"main\">\n<div data-background-images=\"{}\" data-background-type=\"image\" data-element=\"inner\" data-enable-parallax=\"0\" data-parallax-speed=\"0.5\" data-pb-style=\"AGOA8HY\" data-video-fallback-src=\"\" data-video-lazy-load=\"true\" data-video-loop=\"true\" data-video-play-only-visible=\"true\">\n<div data-appearance=\"default\" data-content-type=\"text\" data-element=\"main\">\n<p>Ahora que el software de ajuste Gen2 B58 admite un verdadero ajuste Flex Fuel basado en CAN, ofrecemos nuestra propia soluci\u00f3n ECA plug and play. Con estas nuevas funciones de software, ya no hay mucha necesidad de sensores de etanol Bluetooth. Un sensor de etanol basado en CAN no solo puede monitorear el contenido de etanol, sino que tambi\u00e9n se comunicar\u00e1 directamente con el DME para un funcionamiento completo de Flex Fuel. Con una sintonizaci\u00f3n Flex Fuel, el DME ajustar\u00e1 autom\u00e1ticamente la sintonizaci\u00f3n desde un mapa E85 de alta potencia hasta un mapa de bomba de gas y todo lo dem\u00e1s. Todo esto sucede sobre la marcha, bas\u00e1ndose en la comunicaci\u00f3n CAN en vivo con nuestro sensor de etanol. \u00a1Atr\u00e1s quedaron los d\u00edas de hacer c\u00e1lculos en el surtidor de gasolina solo para decidir qu\u00e9 mapa mostrar y cu\u00e1ntos galones de etanol mezclar!<\/p>\n<p>\u00a1CERO cortes y CERO escuchas telef\u00f3nicas! Este kit es totalmente reversible y verdaderamente plug and play. El cableado se integra perfectamente en el arn\u00e9s y las mangueras OEM y en el sensor para permitir la reinstalaci\u00f3n de todas las cubiertas de motor y espuma de aislamiento ac\u00fastico OEM. Con la ubicaci\u00f3n de montaje del sensor de etanol lo m\u00e1s cerca posible de los inyectores, pr\u00e1cticamente no hay tiempo de retraso en la mezcla exacta de etanol que realmente ingresa a la c\u00e1mara de combusti\u00f3n.<\/p>\n<p>\u00a1No se deje enga\u00f1ar por nuestro manual de instrucciones extenso, demasiado detallado y apto para bricolaje! Puede esperar que este kit agregue aproximadamente 30 minutos a una instalaci\u00f3n de HPFP tradicional o que demore aproximadamente 1 hora por s\u00ed solo, seg\u00fan el nivel de habilidad.<\/p>\n<\/div>\n<div class=\"pagebuilder-column-group\" data-appearance=\"default\" data-background-images=\"{}\" data-content-type=\"column-group\" data-element=\"main\" data-grid-size=\"12\" data-pb-style=\"QAWTT1M\">\n<div class=\"pagebuilder-column-line\" data-content-type=\"column-line\" data-element=\"main\" data-pb-style=\"PNVGORN\">\n<div class=\"pagebuilder-column\" data-appearance=\"full-height\" data-background-images=\"{}\" data-content-type=\"column\" data-element=\"main\" data-pb-style=\"C6RPJIS\">\n<h5 data-appearance=\"default\" data-content-type=\"heading\" data-element=\"main\">CONTENIDO DEL EQUIPO<\/h5>\n<div data-appearance=\"default\" data-content-type=\"text\" data-element=\"main\">\n<ul>\n<li>M\u00f3dulo Zeitronix ECA-CAN<\/li>\n<li>Juego de mangueras de PTFE personalizado<\/li>\n<li>Arn\u00e9s ECA Plug-n-Play de Dorch<\/li>\n<li>Sensor de etanol continental genuino<\/li>\n<li>Ojal de cortafuegos precortado<\/li>\n<li>Accesorios de montaje<\/li>\n<\/ul>\n<\/div>\n<\/div>\n<div class=\"pagebuilder-column\" data-appearance=\"full-height\" data-background-images=\"{}\" data-content-type=\"column\" data-element=\"main\" data-pb-style=\"PTG7X6Y\">\n<h5 data-appearance=\"default\" data-content-type=\"heading\" data-element=\"main\">APLICACIONES<\/h5>\n<div data-appearance=\"default\" data-content-type=\"text\" data-element=\"main\">\n<ul>\n<li>A90\/91 - Toyota Supra<\/li>\n<li>G29-Z4 M40i<\/li>\n<li>G42\/43 - M240i, M240xi<\/li>\n<li>G20\/21 - M340i, M340xi<\/li>\n<li>G22\/23\/26 - M440i, M440xi<\/li>\n<li>G30\/31 - 540i, 540xi *<\/li>\n<li>G32 - 640i, 640xi *<\/li>\n<li>G11\/12 - 740i, 740xi *<\/li>\n<li>G15\/16 - 840i, 840xi<\/li>\n<li>G05-X5 40i<\/li>\n<li>G06-X6 40i<\/li>\n<li>G07-X7 40i<\/li>\n<li>G01-X3 M40i *<\/li>\n<li>G02-X4 M40i *<\/li>\n<\/ul>\n<p>* S\u00d3LO a\u00f1os de modelo equipados con GEN2 B58<\/p>\n<\/div>\n<\/div>\n<\/div>\n<\/div>\n<\/div>\n<\/div>\n<\/div>","protected":false},"excerpt":{"rendered":"<div class=\"value\">\n<div data-appearance=\"contained\" data-content-type=\"row\" data-element=\"main\">\n<div data-background-images=\"{}\" data-background-type=\"image\" data-element=\"inner\" data-enable-parallax=\"0\" data-parallax-speed=\"0.5\" data-pb-style=\"AGOA8HY\" data-video-fallback-src=\"\" data-video-lazy-load=\"true\" data-video-loop=\"true\" data-video-play-only-visible=\"true\">\n<div data-appearance=\"default\" data-content-type=\"text\" data-element=\"main\">\n<p>Ahora que el software de ajuste Gen2 B58 admite un verdadero ajuste Flex Fuel basado en CAN, ofrecemos nuestra propia soluci\u00f3n ECA plug and play. Con estas nuevas funciones de software, ya no hay mucha necesidad de sensores de etanol Bluetooth. Un sensor de etanol basado en CAN no solo puede monitorear el contenido de etanol, sino que tambi\u00e9n se comunicar\u00e1 directamente con el DME para un funcionamiento completo de Flex Fuel. Con una sintonizaci\u00f3n Flex Fuel, el DME ajustar\u00e1 autom\u00e1ticamente la sintonizaci\u00f3n desde un mapa E85 de alta potencia hasta un mapa de bomba de gas y todo lo dem\u00e1s. Todo esto sucede sobre la marcha, bas\u00e1ndose en la comunicaci\u00f3n CAN en vivo con nuestro sensor de etanol. \u00a1Atr\u00e1s quedaron los d\u00edas de hacer c\u00e1lculos en el surtidor de gasolina solo para decidir qu\u00e9 mapa mostrar y cu\u00e1ntos galones de etanol mezclar!<\/p>\n<p>\u00a1CERO cortes y CERO escuchas telef\u00f3nicas! Este kit es totalmente reversible y verdaderamente plug and play. El cableado se integra perfectamente en el arn\u00e9s y las mangueras OEM y en el sensor para permitir la reinstalaci\u00f3n de todas las cubiertas de motor y espuma de aislamiento ac\u00fastico OEM. Con la ubicaci\u00f3n de montaje del sensor de etanol lo m\u00e1s cerca posible de los inyectores, pr\u00e1cticamente no hay tiempo de retraso en la mezcla exacta de etanol que realmente ingresa a la c\u00e1mara de combusti\u00f3n.<\/p>\n<p>\u00a1No se deje enga\u00f1ar por nuestro manual de instrucciones extenso, demasiado detallado y apto para bricolaje! Puede esperar que este kit agregue aproximadamente 30 minutos a una instalaci\u00f3n de HPFP tradicional o que demore aproximadamente 1 hora por s\u00ed solo, seg\u00fan el nivel de habilidad.<\/p>\n<\/div>\n<div class=\"pagebuilder-column-group\" data-appearance=\"default\" data-background-images=\"{}\" data-content-type=\"column-group\" data-element=\"main\" data-grid-size=\"12\" data-pb-style=\"QAWTT1M\">\n<div class=\"pagebuilder-column-line\" data-content-type=\"column-line\" data-element=\"main\" data-pb-style=\"PNVGORN\">\n<div class=\"pagebuilder-column\" data-appearance=\"full-height\" data-background-images=\"{}\" data-content-type=\"column\" data-element=\"main\" data-pb-style=\"C6RPJIS\">\n<h5 data-appearance=\"default\" data-content-type=\"heading\" data-element=\"main\">CONTENIDO DEL EQUIPO<\/h5>\n<div data-appearance=\"default\" data-content-type=\"text\" data-element=\"main\">\n<ul>\n<li>M\u00f3dulo Zeitronix ECA-CAN<\/li>\n<li>Juego de mangueras de PTFE personalizado<\/li>\n<li>Arn\u00e9s ECA Plug-n-Play de Dorch<\/li>\n<li>Sensor de etanol continental genuino<\/li>\n<li>Ojal de cortafuegos precortado<\/li>\n<li>Accesorios de montaje<\/li>\n<\/ul>\n<\/div>\n<\/div>\n<div class=\"pagebuilder-column\" data-appearance=\"full-height\" data-background-images=\"{}\" data-content-type=\"column\" data-element=\"main\" data-pb-style=\"PTG7X6Y\">\n<h5 data-appearance=\"default\" data-content-type=\"heading\" data-element=\"main\">APLICACIONES<\/h5>\n<div data-appearance=\"default\" data-content-type=\"text\" data-element=\"main\">\n<ul>\n<li>A90\/91 - Toyota Supra<\/li>\n<li>G29-Z4 M40i<\/li>\n<li>G42\/43 - M240i, M240xi<\/li>\n<li>G20\/21 - M340i, M340xi<\/li>\n<li>G22\/23\/26 - M440i, M440xi<\/li>\n<li>G30\/31 - 540i, 540xi *<\/li>\n<li>G32 - 640i, 640xi *<\/li>\n<li>G11\/12 - 740i, 740xi *<\/li>\n<li>G15\/16 - 840i, 840xi<\/li>\n<li>G05-X5 40i<\/li>\n<li>G06-X6 40i<\/li>\n<li>G07-X7 40i<\/li>\n<li>G01-X3 M40i *<\/li>\n<li>G02-X4 M40i *<\/li>\n<\/ul>\n<p>* S\u00d3LO a\u00f1os de modelo equipados con GEN2 B58<\/p>\n<\/div>\n<\/div>\n<\/div>\n<\/div>\n<\/div>\n<\/div>\n<\/div>","protected":false},"featured_media":62242,"template":"","meta":{"_crdt_document":"","inline_featured_image":false},"product_brand":[460],"product_cat":[455,370,395],"product_tag":[],"class_list":{"0":"post-62243","1":"product","2":"type-product","3":"status-publish","4":"has-post-thumbnail","6":"product_brand-dorch-engineering","7":"product_cat-b58","8":"product_cat-engine","9":"product_cat-fueling","10":"product_shipping_class-pureturbos-eu","12":"first","13":"onbackorder","14":"taxable","15":"shipping-taxable","16":"purchasable","17":"product-type-simple"},"supplier_id":null,"supplier_sku":"","barcode":null,"atum_controlled":true,"out_stock_date":"2025-11-05 10:37:56","out_stock_threshold":null,"inheritable":false,"inbound_stock":0,"stock_on_hold":0,"sold_today":0,"sales_last_days":0,"reserved_stock":0,"customer_returns":0,"warehouse_damage":0,"lost_in_post":0,"other_logs":0,"out_stock_days":0,"lost_sales":0,"has_location":false,"update_date":"2025-11-05T09:38:04","atum_locations":[],"atum_stock_status":"onbackorder","restock_status":false,"low_stock_amount":"","sales_update_date":"2025-08-20T09:57:37","calc_backorders":null,"_links":{"self":[{"href":"https:\/\/revmatch.eu\/es\/wp-json\/wp\/v2\/product\/62243","targetHints":{"allow":["GET"]}}],"collection":[{"href":"https:\/\/revmatch.eu\/es\/wp-json\/wp\/v2\/product"}],"about":[{"href":"https:\/\/revmatch.eu\/es\/wp-json\/wp\/v2\/types\/product"}],"version-history":[{"count":0,"href":"https:\/\/revmatch.eu\/es\/wp-json\/wp\/v2\/product\/62243\/revisions"}],"wp:featuredmedia":[{"embeddable":true,"href":"https:\/\/revmatch.eu\/es\/wp-json\/wp\/v2\/media\/62242"}],"wp:attachment":[{"href":"https:\/\/revmatch.eu\/es\/wp-json\/wp\/v2\/media?parent=62243"}],"wp:term":[{"taxonomy":"product_brand","embeddable":true,"href":"https:\/\/revmatch.eu\/es\/wp-json\/wp\/v2\/product_brand?post=62243"},{"taxonomy":"product_cat","embeddable":true,"href":"https:\/\/revmatch.eu\/es\/wp-json\/wp\/v2\/product_cat?post=62243"},{"taxonomy":"product_tag","embeddable":true,"href":"https:\/\/revmatch.eu\/es\/wp-json\/wp\/v2\/product_tag?post=62243"}],"curies":[{"name":"wp","href":"https:\/\/api.w.org\/{rel}","templated":true}]}}