{"id":62246,"date":"2023-10-22T15:50:47","date_gmt":"2023-10-22T14:50:47","guid":{"rendered":"http:\/\/revmatch.eu\/product\/b58-gen2-ds25-hpfp-upgrade\/"},"modified":"2025-11-05T10:37:54","modified_gmt":"2025-11-05T09:37:54","slug":"b58-gen2-ds25-hpfp-upgrade","status":"publish","type":"product","link":"https:\/\/revmatch.eu\/es\/product\/b58-gen2-ds25-hpfp-upgrade\/","title":{"rendered":"B58 Gen2 DS25 HPFP"},"content":{"rendered":"<div class=\"value\">\n<div data-appearance=\"contained\" data-content-type=\"row\" data-element=\"main\">\n<div data-background-images=\"{}\" data-background-type=\"image\" data-element=\"inner\" data-enable-parallax=\"0\" data-parallax-speed=\"0.5\" data-pb-style=\"SIAOT7W\" data-video-fallback-src=\"\" data-video-lazy-load=\"true\" data-video-loop=\"true\" data-video-play-only-visible=\"true\">\n<div data-appearance=\"default\" data-content-type=\"text\" data-element=\"main\">\n<table style=\"border-collapse: collapse; width: 100%;\" border=\"1\">\n<tbody>\n<tr>\n<td style=\"width: 33.3062%;\"><strong>Especificaciones del DS25-350 HPFP<\/strong><\/td>\n<td style=\"width: 33.3062%;\"><strong>DS25-350<\/strong><\/td>\n<td style=\"width: 33.3075%;\"><strong>DS25-350 con actualizaci\u00f3n de leva +27%<\/strong><\/td>\n<\/tr>\n<tr>\n<td style=\"width: 33.3062%;\">Gasolina potencial de flujo<\/td>\n<td style=\"width: 33.3062%;\">770 CV<\/td>\n<td style=\"width: 33.3075%;\">950 caballos de fuerza<\/td>\n<\/tr>\n<tr>\n<td style=\"width: 33.3062%;\">Potencial de flujo E85<\/td>\n<td style=\"width: 33.3062%;\">560 caballos de fuerza<\/td>\n<td style=\"width: 33.3075%;\">710 caballos de fuerza<\/td>\n<\/tr>\n<tr>\n<td style=\"width: 33.3062%;\">Presi\u00f3n operacional<\/td>\n<td style=\"width: 33.3062%;\">350 bares<\/td>\n<td style=\"width: 33.3075%;\">350 bares<\/td>\n<\/tr>\n<\/tbody>\n<\/table>\n<p>De los creadores de las primeras mejoras de combustible de inyecci\u00f3n directa B58 del mundo, llega nuestra pr\u00f3xima generaci\u00f3n de bombas. Estamos orgullosos de anunciar la versi\u00f3n de 350 bar de nuestra exitosa bomba DS25; \u00a1otra primera de su tipo en el mercado de repuestos! Internamente, hemos redise\u00f1ado todo el cuerpo de la bomba, las tasas de resorte, la profundidad del \u00e9mbolo y optimizado por completo la eficiencia volum\u00e9trica de la bomba. Lo que hemos creado son las mismas soluciones HPFP consistentes y extremadamente confiables por las que somos conocidos, \u00a1pero ahora con presiones de funcionamiento de 350 bar para compatibilidad con Gen2 B58! No hay cortes, ni dobleces, ni engarces, etc. Este kit se instala directamente con control total desde el DME, al igual que la bomba OEM. Toda la seguridad y sofisticaci\u00f3n del DME de serie permanecen en su lugar.<\/p>\n<p>Se requieren cambios de software para hacer funcionar esta bomba. Si se utiliza <strong>arranquemod3<\/strong> o <strong>MHD<\/strong>, simplemente marque la casilla para actualizar la bomba al actualizar (pr\u00f3ximamente). De lo contrario, env\u00ede su archivo .BIN a tuning@dorchengineering.com para la implementaci\u00f3n del software correspondiente a trav\u00e9s de WinOLS.<\/p>\n<p><strong>M\u00e1s all\u00e1 del rendimiento de la bomba, \u00bfpor qu\u00e9 elegir Dorch?<\/strong><\/p>\n<ul>\n<li><strong>CONECTA Y REPRODUCE:<\/strong> Este es el <strong>SOLO<\/strong> La opci\u00f3n de instalaci\u00f3n OEM plug and play m\u00e1s aut\u00e9ntica del mercado. Nuestro kit incluye nuestra l\u00ednea r\u00edgida con capacidad de 350 bar para conectar sin esfuerzo nuestra HPFP a su riel de combustible (en lugar del proceso que requiere mucho tiempo de doblar y potencialmente da\u00f1ar la l\u00ednea OEM para instalarla).<\/li>\n<li><strong>GARANT\u00cdA DE POR VIDA:<\/strong> La raz\u00f3n por la que podemos ofrecer esto es simplemente porque nuestras bombas son TAN confiables. Dicho esto, en la m\u00ednima posibilidad de que tengas un problema, \u00a1te respaldamos!<\/li>\n<li><strong>ATENCI\u00d3N AL CLIENTE:<\/strong> \u00a1Pregunta por ah\u00ed! No es ning\u00fan secreto que ofrecemos soporte inigualable las 24 horas del d\u00eda, los 7 d\u00edas de la semana con ayuda REAL. Est\u00e1s a un correo electr\u00f3nico de distancia de ingenieros y t\u00e9cnicos profesionales y de nuestro sintonizador, quienes pueden resolver cualquier cosa que les eches.<\/li>\n<li><strong>SOPORTE DE SINTONIZACI\u00d3N:<\/strong> No somos s\u00f3lo fabricantes de piezas duras. Contamos con un ingeniero de calibraci\u00f3n interno dedicado que desarrolla minuciosamente todos nuestros archivos HPFP utilizando herramientas de calibraci\u00f3n OEM y respalda una red de ajuste global.<\/li>\n<\/ul>\n<h5>Instrucciones de instalaci\u00f3n:<\/h5>\n<p><a href=\"https:\/\/pg7c63.p3cdn1.secureserver.net\/wp-content\/uploads\/2023\/08\/Dorch-Engineering-B58-Gen2-HPFP-Kit-Installation-Rev1.0.pdf\" target=\"_blank\" rel=\"noopener\">Instalaci\u00f3n del HPFP B58 Gen2<\/a><\/p>\n<\/div>\n<div class=\"pagebuilder-column-group\" data-appearance=\"default\" data-background-images=\"{}\" data-content-type=\"column-group\" data-element=\"main\" data-grid-size=\"12\" data-pb-style=\"B97ASPF\">\n<div class=\"pagebuilder-column-line\" data-content-type=\"column-line\" data-element=\"main\" data-pb-style=\"CKK3QGP\">\n<div class=\"pagebuilder-column\" data-appearance=\"full-height\" data-background-images=\"{}\" data-content-type=\"column\" data-element=\"main\" data-pb-style=\"UYBWCDW\">\n<h5 data-appearance=\"default\" data-content-type=\"heading\" data-element=\"main\">CONTENIDO DEL EQUIPO<\/h5>\n<div data-appearance=\"default\" data-content-type=\"text\" data-element=\"main\">\n<ul>\n<li>Garant\u00eda de por vida de Dorch<\/li>\n<li>HPFP con hardware<\/li>\n<li>L\u00ednea de alta presi\u00f3n Dorch<\/li>\n<li>L\u00ednea de baja presi\u00f3n de PTFE<\/li>\n<li>Soporte de manguera de baja presi\u00f3n<\/li>\n<li>Arn\u00e9s adaptador Plug and Play<\/li>\n<\/ul>\n<\/div>\n<\/div>\n<div class=\"pagebuilder-column\" data-appearance=\"full-height\" data-background-images=\"{}\" data-content-type=\"column\" data-element=\"main\" data-pb-style=\"EYP7DWA\">\n<h5 data-appearance=\"default\" data-content-type=\"heading\" data-element=\"main\">APLICACIONES<\/h5>\n<div data-appearance=\"default\" data-content-type=\"text\" data-element=\"main\">\n<ul>\n<li>A90\/91 - Toyota Supra<\/li>\n<li>G29-Z4 M40i<\/li>\n<li>G42\/43 - M240i, M240xi<\/li>\n<li>G20\/21 - M340i, M340xi<\/li>\n<li>G22\/23\/26 - M440i, M440xi<\/li>\n<li>G30\/31 - 540i, 540xi *<\/li>\n<li>G32 - 640i, 640xi *<\/li>\n<li>G11\/12 - 740i, 740xi *<\/li>\n<li>G15\/16 - 840i, 840xi<\/li>\n<li>G05-X5 40i<\/li>\n<li>G06-X6 40i<\/li>\n<li>G07-X7 40i<\/li>\n<li>G01-X3 M40i *<\/li>\n<li>G02-X4 M40i *<\/li>\n<\/ul>\n<p>* S\u00d3LO a\u00f1os de modelo equipados con GEN2 B58<\/p>\n<\/div>\n<\/div>\n<\/div>\n<\/div>\n<\/div>\n<\/div>\n<\/div>","protected":false},"excerpt":{"rendered":"<div class=\"value\">\n<div data-appearance=\"contained\" data-content-type=\"row\" data-element=\"main\">\n<div data-background-images=\"{}\" data-background-type=\"image\" data-element=\"inner\" data-enable-parallax=\"0\" data-parallax-speed=\"0.5\" data-pb-style=\"SIAOT7W\" data-video-fallback-src=\"\" data-video-lazy-load=\"true\" data-video-loop=\"true\" data-video-play-only-visible=\"true\">\n<div data-appearance=\"default\" data-content-type=\"text\" data-element=\"main\">\n<table style=\"border-collapse: collapse; width: 100%;\" border=\"1\">\n<tbody>\n<tr>\n<td style=\"width: 33.3062%;\"><strong>Especificaciones del DS25-350 HPFP<\/strong><\/td>\n<td style=\"width: 33.3062%;\"><strong>DS25-350<\/strong><\/td>\n<td style=\"width: 33.3075%;\"><strong>DS25-350 con actualizaci\u00f3n de leva +27%<\/strong><\/td>\n<\/tr>\n<tr>\n<td style=\"width: 33.3062%;\">Gasolina potencial de flujo<\/td>\n<td style=\"width: 33.3062%;\">770 CV<\/td>\n<td style=\"width: 33.3075%;\">950 caballos de fuerza<\/td>\n<\/tr>\n<tr>\n<td style=\"width: 33.3062%;\">Potencial de flujo E85<\/td>\n<td style=\"width: 33.3062%;\">560 caballos de fuerza<\/td>\n<td style=\"width: 33.3075%;\">710 caballos de fuerza<\/td>\n<\/tr>\n<tr>\n<td style=\"width: 33.3062%;\">Presi\u00f3n operacional<\/td>\n<td style=\"width: 33.3062%;\">350 bares<\/td>\n<td style=\"width: 33.3075%;\">350 bares<\/td>\n<\/tr>\n<\/tbody>\n<\/table>\n<p>De los creadores de las primeras mejoras de combustible de inyecci\u00f3n directa B58 del mundo, llega nuestra pr\u00f3xima generaci\u00f3n de bombas. Estamos orgullosos de anunciar la versi\u00f3n de 350 bar de nuestra exitosa bomba DS25; \u00a1otra primera de su tipo en el mercado de repuestos! Internamente, hemos redise\u00f1ado todo el cuerpo de la bomba, las tasas de resorte, la profundidad del \u00e9mbolo y optimizado por completo la eficiencia volum\u00e9trica de la bomba. Lo que hemos creado son las mismas soluciones HPFP consistentes y extremadamente confiables por las que somos conocidos, \u00a1pero ahora con presiones de funcionamiento de 350 bar para compatibilidad con Gen2 B58! No hay cortes, ni dobleces, ni engarces, etc. Este kit se instala directamente con control total desde el DME, al igual que la bomba OEM. Toda la seguridad y sofisticaci\u00f3n del DME de serie permanecen en su lugar.<\/p>\n<p>Se requieren cambios de software para hacer funcionar esta bomba. Si se utiliza <strong>arranquemod3<\/strong> o <strong>MHD<\/strong>, simplemente marque la casilla para actualizar la bomba al actualizar (pr\u00f3ximamente). De lo contrario, env\u00ede su archivo .BIN a tuning@dorchengineering.com para la implementaci\u00f3n del software correspondiente a trav\u00e9s de WinOLS.<\/p>\n<p><strong>M\u00e1s all\u00e1 del rendimiento de la bomba, \u00bfpor qu\u00e9 elegir Dorch?<\/strong><\/p>\n<ul>\n<li><strong>CONECTA Y REPRODUCE:<\/strong> Este es el <strong>SOLO<\/strong> La opci\u00f3n de instalaci\u00f3n OEM plug and play m\u00e1s aut\u00e9ntica del mercado. Nuestro kit incluye nuestra l\u00ednea r\u00edgida con capacidad de 350 bar para conectar sin esfuerzo nuestra HPFP a su riel de combustible (en lugar del proceso que requiere mucho tiempo de doblar y potencialmente da\u00f1ar la l\u00ednea OEM para instalarla).<\/li>\n<li><strong>GARANT\u00cdA DE POR VIDA:<\/strong> La raz\u00f3n por la que podemos ofrecer esto es simplemente porque nuestras bombas son TAN confiables. Dicho esto, en la m\u00ednima posibilidad de que tengas un problema, \u00a1te respaldamos!<\/li>\n<li><strong>ATENCI\u00d3N AL CLIENTE:<\/strong> \u00a1Pregunta por ah\u00ed! No es ning\u00fan secreto que ofrecemos soporte inigualable las 24 horas del d\u00eda, los 7 d\u00edas de la semana con ayuda REAL. Est\u00e1s a un correo electr\u00f3nico de distancia de ingenieros y t\u00e9cnicos profesionales y de nuestro sintonizador, quienes pueden resolver cualquier cosa que les eches.<\/li>\n<li><strong>SOPORTE DE SINTONIZACI\u00d3N:<\/strong> No somos s\u00f3lo fabricantes de piezas duras. Contamos con un ingeniero de calibraci\u00f3n interno dedicado que desarrolla minuciosamente todos nuestros archivos HPFP utilizando herramientas de calibraci\u00f3n OEM y respalda una red de ajuste global.<\/li>\n<\/ul>\n<h5>Instrucciones de instalaci\u00f3n:<\/h5>\n<p><a href=\"https:\/\/pg7c63.p3cdn1.secureserver.net\/wp-content\/uploads\/2023\/08\/Dorch-Engineering-B58-Gen2-HPFP-Kit-Installation-Rev1.0.pdf\" target=\"_blank\" rel=\"noopener\">Instalaci\u00f3n del HPFP B58 Gen2<\/a><\/p>\n<\/div>\n<div class=\"pagebuilder-column-group\" data-appearance=\"default\" data-background-images=\"{}\" data-content-type=\"column-group\" data-element=\"main\" data-grid-size=\"12\" data-pb-style=\"B97ASPF\">\n<div class=\"pagebuilder-column-line\" data-content-type=\"column-line\" data-element=\"main\" data-pb-style=\"CKK3QGP\">\n<div class=\"pagebuilder-column\" data-appearance=\"full-height\" data-background-images=\"{}\" data-content-type=\"column\" data-element=\"main\" data-pb-style=\"UYBWCDW\">\n<h5 data-appearance=\"default\" data-content-type=\"heading\" data-element=\"main\">CONTENIDO DEL EQUIPO<\/h5>\n<div data-appearance=\"default\" data-content-type=\"text\" data-element=\"main\">\n<ul>\n<li>Garant\u00eda de por vida de Dorch<\/li>\n<li>HPFP con hardware<\/li>\n<li>L\u00ednea de alta presi\u00f3n Dorch<\/li>\n<li>L\u00ednea de baja presi\u00f3n de PTFE<\/li>\n<li>Soporte de manguera de baja presi\u00f3n<\/li>\n<li>Arn\u00e9s adaptador Plug and Play<\/li>\n<\/ul>\n<\/div>\n<\/div>\n<div class=\"pagebuilder-column\" data-appearance=\"full-height\" data-background-images=\"{}\" data-content-type=\"column\" data-element=\"main\" data-pb-style=\"EYP7DWA\">\n<h5 data-appearance=\"default\" data-content-type=\"heading\" data-element=\"main\">APLICACIONES<\/h5>\n<div data-appearance=\"default\" data-content-type=\"text\" data-element=\"main\">\n<ul>\n<li>A90\/91 - Toyota Supra<\/li>\n<li>G29-Z4 M40i<\/li>\n<li>G42\/43 - M240i, M240xi<\/li>\n<li>G20\/21 - M340i, M340xi<\/li>\n<li>G22\/23\/26 - M440i, M440xi<\/li>\n<li>G30\/31 - 540i, 540xi *<\/li>\n<li>G32 - 640i, 640xi *<\/li>\n<li>G11\/12 - 740i, 740xi *<\/li>\n<li>G15\/16 - 840i, 840xi<\/li>\n<li>G05-X5 40i<\/li>\n<li>G06-X6 40i<\/li>\n<li>G07-X7 40i<\/li>\n<li>G01-X3 M40i *<\/li>\n<li>G02-X4 M40i *<\/li>\n<\/ul>\n<p>* S\u00d3LO a\u00f1os de modelo equipados con GEN2 B58<\/p>\n<\/div>\n<\/div>\n<\/div>\n<\/div>\n<\/div>\n<\/div>\n<\/div>","protected":false},"featured_media":62245,"template":"","meta":{"_crdt_document":"","inline_featured_image":false},"product_brand":[460],"product_cat":[455,370,395],"product_tag":[],"class_list":{"0":"post-62246","1":"product","2":"type-product","3":"status-publish","4":"has-post-thumbnail","6":"product_brand-dorch-engineering","7":"product_cat-b58","8":"product_cat-engine","9":"product_cat-fueling","10":"product_shipping_class-pureturbos-eu","12":"first","13":"onbackorder","14":"taxable","15":"shipping-taxable","16":"purchasable","17":"product-type-simple"},"supplier_id":null,"supplier_sku":"","barcode":null,"atum_controlled":true,"out_stock_date":"2025-11-05 10:37:54","out_stock_threshold":null,"inheritable":false,"inbound_stock":0,"stock_on_hold":0,"sold_today":0,"sales_last_days":0,"reserved_stock":0,"customer_returns":0,"warehouse_damage":0,"lost_in_post":0,"other_logs":0,"out_stock_days":0,"lost_sales":0,"has_location":false,"update_date":"2025-11-05T09:38:04","atum_locations":[],"atum_stock_status":"onbackorder","restock_status":false,"low_stock_amount":"","sales_update_date":"2025-08-20T09:57:37","calc_backorders":null,"_links":{"self":[{"href":"https:\/\/revmatch.eu\/es\/wp-json\/wp\/v2\/product\/62246","targetHints":{"allow":["GET"]}}],"collection":[{"href":"https:\/\/revmatch.eu\/es\/wp-json\/wp\/v2\/product"}],"about":[{"href":"https:\/\/revmatch.eu\/es\/wp-json\/wp\/v2\/types\/product"}],"version-history":[{"count":0,"href":"https:\/\/revmatch.eu\/es\/wp-json\/wp\/v2\/product\/62246\/revisions"}],"wp:featuredmedia":[{"embeddable":true,"href":"https:\/\/revmatch.eu\/es\/wp-json\/wp\/v2\/media\/62245"}],"wp:attachment":[{"href":"https:\/\/revmatch.eu\/es\/wp-json\/wp\/v2\/media?parent=62246"}],"wp:term":[{"taxonomy":"product_brand","embeddable":true,"href":"https:\/\/revmatch.eu\/es\/wp-json\/wp\/v2\/product_brand?post=62246"},{"taxonomy":"product_cat","embeddable":true,"href":"https:\/\/revmatch.eu\/es\/wp-json\/wp\/v2\/product_cat?post=62246"},{"taxonomy":"product_tag","embeddable":true,"href":"https:\/\/revmatch.eu\/es\/wp-json\/wp\/v2\/product_tag?post=62246"}],"curies":[{"name":"wp","href":"https:\/\/api.w.org\/{rel}","templated":true}]}}