{"id":62258,"date":"2023-10-22T15:50:51","date_gmt":"2023-10-22T14:50:51","guid":{"rendered":"http:\/\/revmatch.eu\/product\/n55-ds25-hpfp-upgrade\/"},"modified":"2025-11-05T10:37:49","modified_gmt":"2025-11-05T09:37:49","slug":"n55-ds25-hpfp-upgrade","status":"publish","type":"product","link":"https:\/\/revmatch.eu\/es\/product\/n55-ds25-hpfp-upgrade\/","title":{"rendered":"N55 DS25 HPFP"},"content":{"rendered":"<div class=\"value\">\n<div data-appearance=\"contained\" data-content-type=\"row\" data-element=\"main\">\n<div data-background-images=\"{}\" data-background-type=\"image\" data-element=\"inner\" data-enable-parallax=\"0\" data-parallax-speed=\"0.5\" data-pb-style=\"MOJB9NY\" data-video-fallback-src=\"\" data-video-lazy-load=\"true\" data-video-loop=\"true\" data-video-play-only-visible=\"true\">\n<div data-appearance=\"default\" data-content-type=\"text\" data-element=\"main\">\n<table style=\"border-collapse: collapse; width: 100%;\" border=\"1\">\n<tbody>\n<tr>\n<td style=\"width: 24.98%;\"><strong>Especificaciones de DS25-250 HPFP<\/strong><\/td>\n<td style=\"width: 24.98%;\"><strong>DS25-250<\/strong><\/td>\n<td style=\"width: 24.98%;\"><strong>DS25-250<\/strong><br \/>\n<strong>+ 38% N55LK<\/strong><\/td>\n<td style=\"width: 24.98%;\"><strong>DS25-250<\/strong><br \/>\n<strong>+ 49% N55LK<\/strong><\/td>\n<\/tr>\n<tr>\n<td style=\"width: 24.98%;\">Gasolina potencial de flujo<\/td>\n<td style=\"width: 24.98%;\">750 CV<\/td>\n<td style=\"width: 24.98%;\">900 CV<\/td>\n<td style=\"width: 24.98%;\">1000 CV<\/td>\n<\/tr>\n<tr>\n<td style=\"width: 24.98%;\">Potencial de flujo E85<\/td>\n<td style=\"width: 24.98%;\">550 CV<\/td>\n<td style=\"width: 24.98%;\">690 CV<\/td>\n<td style=\"width: 24.98%;\">770 CV<\/td>\n<\/tr>\n<tr>\n<td style=\"width: 24.98%;\">Presi\u00f3n operacional<\/td>\n<td style=\"width: 24.98%;\">250 Bar<\/td>\n<td style=\"width: 24.98%;\">250 Bar<\/td>\n<td style=\"width: 24.98%;\">250 Bar<\/td>\n<\/tr>\n<\/tbody>\n<\/table>\n<p>\u00a1Bienvenido al hogar de los autom\u00f3viles N55 de inyecci\u00f3n directa con mayor potencia del planeta! Si sus objetivos de energ\u00eda van m\u00e1s all\u00e1 de la capacidad de nuestro DS25 HPFP \u00fanicamente, aseg\u00farese de revisar sus opciones para combinarlo con nuestra innovaci\u00f3n N55LK.<\/p>\n<p>\u00a1Estamos orgullosos de presentar nuestra \u00faltima generaci\u00f3n de bombas! Nuestro exitoso \u201cDorch Stage 2\u201d (DS2) ha sido reemplazado por nuestra \u00faltima y mejor creaci\u00f3n; el DS25. Esta nueva bomba es nuestra \u201cEtapa 2.5\u201d, que ha sido completamente redise\u00f1ada y optimizada desde cero. Externamente, hemos actualizado el empaque de la bomba para proporcionar un enrutamiento de manguera mejorado para instalaciones a\u00fan m\u00e1s f\u00e1ciles. Internamente, hemos redise\u00f1ado la c\u00e1mara de presi\u00f3n, la velocidad del resorte, la profundidad del \u00e9mbolo y optimizamos completamente la eficiencia volum\u00e9trica de la bomba.<\/p>\n<p>\u00bfQu\u00e9 quiere decir esto? \u00a1Significa que la bomba N55 m\u00e1s confiable y de mayor flujo del mercado ahora es a\u00fan M\u00c1S confiable y M\u00c1S flujo! El DS25 tambi\u00e9n est\u00e1 dise\u00f1ado para funcionar de manera eficiente hasta 250 bar para maximizar el potencial de flujo de los inyectores DI mejorados.<\/p>\n<p>Al igual que nuestro kit DS2 de la generaci\u00f3n anterior, no es necesario cortar, doblar, engarzar, etc. Este kit se integra directamente con control total desde el DME, al igual que la bomba OEM. Toda la seguridad y sofisticaci\u00f3n del DME original permanecen en su lugar. Se requieren cambios de software para hacer funcionar esta bomba. Si usa\u00a0<strong>MHD<\/strong>\u00a0o\u00a0<strong>arranquemod3<\/strong>, simplemente marque la casilla para actualizar nuestra bomba cuando parpadee. De lo contrario, env\u00ede su archivo .BIN a tuning@dorchengineering.com para la implementaci\u00f3n adecuada del software a trav\u00e9s de WinOLS.<\/p>\n<h5><strong>M\u00e1s all\u00e1 del rendimiento de la bomba, \u00bfpor qu\u00e9 elegir Dorch?<\/strong><\/h5>\n<ul>\n<li><strong>CONECTA Y REPRODUCE:<\/strong>\u00a0Este kit es verdaderamente un accesorio OEM plug and play 100%. Nuestro kit est\u00e1 equipado con todo lo que necesita, incluida nuestra l\u00ednea dura de 250 bar de capacidad para conectar sin esfuerzo nuestro HPFP a su riel de combustible.<\/li>\n<li><strong>GARANT\u00cdA DE POR VIDA:<\/strong>\u00a0La raz\u00f3n por la que podemos ofrecer esto es simplemente porque nuestras bombas son TAN confiables. Dicho esto, en la m\u00ednima posibilidad de que tengas un problema, \u00a1te respaldamos!<\/li>\n<li><strong>ATENCI\u00d3N AL CLIENTE:<\/strong>\u00a0\u00a1Pregunta por ah\u00ed! No es ning\u00fan secreto que ofrecemos soporte inigualable las 24 horas del d\u00eda, los 7 d\u00edas de la semana con ayuda REAL. Est\u00e1s a un correo electr\u00f3nico de distancia de ingenieros y t\u00e9cnicos profesionales y de nuestro sintonizador, quienes pueden resolver cualquier cosa que les eches.<\/li>\n<li><strong>SOPORTE DE SINTONIZACI\u00d3N:<\/strong>\u00a0No somos s\u00f3lo fabricantes de piezas duras. Contamos con un ingeniero de calibraci\u00f3n interno dedicado que desarrolla minuciosamente todos nuestros archivos HPFP utilizando herramientas de calibraci\u00f3n OEM y respalda una red de ajuste global.<\/li>\n<\/ul>\n<h5>Instrucciones de instalaci\u00f3n:<\/h5>\n<p><a href=\"https:\/\/pg7c63.p3cdn1.secureserver.net\/wp-content\/uploads\/2023\/07\/Dorch-Engineering-N55-HPFP-Kit-Installation-Rev3.1.pdf\" target=\"_blank\" rel=\"noopener\">Instalaci\u00f3n de HPFP N55<\/a><\/p>\n<\/div>\n<div class=\"pagebuilder-column-group\" data-appearance=\"default\" data-background-images=\"{}\" data-content-type=\"column-group\" data-element=\"main\" data-grid-size=\"12\" data-pb-style=\"JISC9A6\">\n<div class=\"pagebuilder-column-line\" data-content-type=\"column-line\" data-element=\"main\" data-pb-style=\"MFAK9KX\">\n<div class=\"pagebuilder-column\" data-appearance=\"full-height\" data-background-images=\"{}\" data-content-type=\"column\" data-element=\"main\" data-pb-style=\"SSCYXTC\">\n<h5 data-appearance=\"default\" data-content-type=\"heading\" data-element=\"main\">CARACTER\u00cdSTICAS CLAVE<\/h5>\n<div data-appearance=\"default\" data-content-type=\"text\" data-element=\"main\">\n<ul>\n<li>Garant\u00eda de por vida de Dorch<\/li>\n<li>HPFP con hardware<\/li>\n<li>L\u00ednea de alta presi\u00f3n Dorch<\/li>\n<li>Manguera de baja presi\u00f3n de PTFE<\/li>\n<li>Arn\u00e9s adaptador Plug and Play<\/li>\n<\/ul>\n<\/div>\n<\/div>\n<div class=\"pagebuilder-column\" data-appearance=\"full-height\" data-background-images=\"{}\" data-content-type=\"column\" data-element=\"main\" data-pb-style=\"IQV1Q6Q\">\n<h5 data-appearance=\"default\" data-content-type=\"heading\" data-element=\"main\">APLICACIONES<\/h5>\n<div data-appearance=\"default\" data-content-type=\"text\" data-element=\"main\">\n<ul>\n<li>F87-M2<\/li>\n<li>F20\/21-135i, 135xi<\/li>\n<li>F22\/23-235i, 235xi<\/li>\n<li>F30\/31\/34 - 335i, 335xi<\/li>\n<li>F32\/33\/36-435i, 435xi<\/li>\n<li>F10\/11 - 535i, 535xi *<\/li>\n<li>F25\/26-X3\/X4 35i *<\/li>\n<li>F15\/16-X5\/X6 35i<\/li>\n<li>E8X - 135i *<\/li>\n<li>E9X - 335i *<\/li>\n<li>E84 - X1 35i *<\/li>\n<li>E70\/71-X5\/X6 35i *<\/li>\n<\/ul>\n<p>*SOLO modelos 2013+ con OE Bosch HPFP<br \/>\nKIT NO COMPATIBLE con veh\u00edculos N55 2011-2012<\/p>\n<\/div>\n<\/div>\n<\/div>\n<\/div>\n<\/div>\n<\/div>\n<\/div>","protected":false},"excerpt":{"rendered":"<div class=\"value\">\n<div data-appearance=\"contained\" data-content-type=\"row\" data-element=\"main\">\n<div data-background-images=\"{}\" data-background-type=\"image\" data-element=\"inner\" data-enable-parallax=\"0\" data-parallax-speed=\"0.5\" data-pb-style=\"MOJB9NY\" data-video-fallback-src=\"\" data-video-lazy-load=\"true\" data-video-loop=\"true\" data-video-play-only-visible=\"true\">\n<div data-appearance=\"default\" data-content-type=\"text\" data-element=\"main\">\n<table style=\"border-collapse: collapse; width: 100%;\" border=\"1\">\n<tbody>\n<tr>\n<td style=\"width: 24.98%;\"><strong>Especificaciones de DS25-250 HPFP<\/strong><\/td>\n<td style=\"width: 24.98%;\"><strong>DS25-250<\/strong><\/td>\n<td style=\"width: 24.98%;\"><strong>DS25-250<\/strong><br \/>\n<strong>+ 38% N55LK<\/strong><\/td>\n<td style=\"width: 24.98%;\"><strong>DS25-250<\/strong><br \/>\n<strong>+ 49% N55LK<\/strong><\/td>\n<\/tr>\n<tr>\n<td style=\"width: 24.98%;\">Gasolina potencial de flujo<\/td>\n<td style=\"width: 24.98%;\">750 CV<\/td>\n<td style=\"width: 24.98%;\">900 CV<\/td>\n<td style=\"width: 24.98%;\">1000 CV<\/td>\n<\/tr>\n<tr>\n<td style=\"width: 24.98%;\">Potencial de flujo E85<\/td>\n<td style=\"width: 24.98%;\">550 CV<\/td>\n<td style=\"width: 24.98%;\">690 CV<\/td>\n<td style=\"width: 24.98%;\">770 CV<\/td>\n<\/tr>\n<tr>\n<td style=\"width: 24.98%;\">Presi\u00f3n operacional<\/td>\n<td style=\"width: 24.98%;\">250 Bar<\/td>\n<td style=\"width: 24.98%;\">250 Bar<\/td>\n<td style=\"width: 24.98%;\">250 Bar<\/td>\n<\/tr>\n<\/tbody>\n<\/table>\n<p>\u00a1Bienvenido al hogar de los autom\u00f3viles N55 de inyecci\u00f3n directa con mayor potencia del planeta! Si sus objetivos de energ\u00eda van m\u00e1s all\u00e1 de la capacidad de nuestro DS25 HPFP \u00fanicamente, aseg\u00farese de revisar sus opciones para combinarlo con nuestra innovaci\u00f3n N55LK.<\/p>\n<p>\u00a1Estamos orgullosos de presentar nuestra \u00faltima generaci\u00f3n de bombas! Nuestro exitoso \u201cDorch Stage 2\u201d (DS2) ha sido reemplazado por nuestra \u00faltima y mejor creaci\u00f3n; el DS25. Esta nueva bomba es nuestra \u201cEtapa 2.5\u201d, que ha sido completamente redise\u00f1ada y optimizada desde cero. Externamente, hemos actualizado el empaque de la bomba para proporcionar un enrutamiento de manguera mejorado para instalaciones a\u00fan m\u00e1s f\u00e1ciles. Internamente, hemos redise\u00f1ado la c\u00e1mara de presi\u00f3n, la velocidad del resorte, la profundidad del \u00e9mbolo y optimizamos completamente la eficiencia volum\u00e9trica de la bomba.<\/p>\n<p>\u00bfQu\u00e9 quiere decir esto? \u00a1Significa que la bomba N55 m\u00e1s confiable y de mayor flujo del mercado ahora es a\u00fan M\u00c1S confiable y M\u00c1S flujo! El DS25 tambi\u00e9n est\u00e1 dise\u00f1ado para funcionar de manera eficiente hasta 250 bar para maximizar el potencial de flujo de los inyectores DI mejorados.<\/p>\n<p>Al igual que nuestro kit DS2 de la generaci\u00f3n anterior, no es necesario cortar, doblar, engarzar, etc. Este kit se integra directamente con control total desde el DME, al igual que la bomba OEM. Toda la seguridad y sofisticaci\u00f3n del DME original permanecen en su lugar. Se requieren cambios de software para hacer funcionar esta bomba. Si usa\u00a0<strong>MHD<\/strong>\u00a0o\u00a0<strong>arranquemod3<\/strong>, simplemente marque la casilla para actualizar nuestra bomba cuando parpadee. De lo contrario, env\u00ede su archivo .BIN a tuning@dorchengineering.com para la implementaci\u00f3n adecuada del software a trav\u00e9s de WinOLS.<\/p>\n<h5><strong>M\u00e1s all\u00e1 del rendimiento de la bomba, \u00bfpor qu\u00e9 elegir Dorch?<\/strong><\/h5>\n<ul>\n<li><strong>CONECTA Y REPRODUCE:<\/strong>\u00a0Este kit es verdaderamente un accesorio OEM plug and play 100%. Nuestro kit est\u00e1 equipado con todo lo que necesita, incluida nuestra l\u00ednea dura de 250 bar de capacidad para conectar sin esfuerzo nuestro HPFP a su riel de combustible.<\/li>\n<li><strong>GARANT\u00cdA DE POR VIDA:<\/strong>\u00a0La raz\u00f3n por la que podemos ofrecer esto es simplemente porque nuestras bombas son TAN confiables. Dicho esto, en la m\u00ednima posibilidad de que tengas un problema, \u00a1te respaldamos!<\/li>\n<li><strong>ATENCI\u00d3N AL CLIENTE:<\/strong>\u00a0\u00a1Pregunta por ah\u00ed! No es ning\u00fan secreto que ofrecemos soporte inigualable las 24 horas del d\u00eda, los 7 d\u00edas de la semana con ayuda REAL. Est\u00e1s a un correo electr\u00f3nico de distancia de ingenieros y t\u00e9cnicos profesionales y de nuestro sintonizador, quienes pueden resolver cualquier cosa que les eches.<\/li>\n<li><strong>SOPORTE DE SINTONIZACI\u00d3N:<\/strong>\u00a0No somos s\u00f3lo fabricantes de piezas duras. Contamos con un ingeniero de calibraci\u00f3n interno dedicado que desarrolla minuciosamente todos nuestros archivos HPFP utilizando herramientas de calibraci\u00f3n OEM y respalda una red de ajuste global.<\/li>\n<\/ul>\n<h5>Instrucciones de instalaci\u00f3n:<\/h5>\n<p><a href=\"https:\/\/pg7c63.p3cdn1.secureserver.net\/wp-content\/uploads\/2023\/07\/Dorch-Engineering-N55-HPFP-Kit-Installation-Rev3.1.pdf\" target=\"_blank\" rel=\"noopener\">Instalaci\u00f3n de HPFP N55<\/a><\/p>\n<\/div>\n<div class=\"pagebuilder-column-group\" data-appearance=\"default\" data-background-images=\"{}\" data-content-type=\"column-group\" data-element=\"main\" data-grid-size=\"12\" data-pb-style=\"JISC9A6\">\n<div class=\"pagebuilder-column-line\" data-content-type=\"column-line\" data-element=\"main\" data-pb-style=\"MFAK9KX\">\n<div class=\"pagebuilder-column\" data-appearance=\"full-height\" data-background-images=\"{}\" data-content-type=\"column\" data-element=\"main\" data-pb-style=\"SSCYXTC\">\n<h5 data-appearance=\"default\" data-content-type=\"heading\" data-element=\"main\">CARACTER\u00cdSTICAS CLAVE<\/h5>\n<div data-appearance=\"default\" data-content-type=\"text\" data-element=\"main\">\n<ul>\n<li>Garant\u00eda de por vida de Dorch<\/li>\n<li>HPFP con hardware<\/li>\n<li>L\u00ednea de alta presi\u00f3n Dorch<\/li>\n<li>Manguera de baja presi\u00f3n de PTFE<\/li>\n<li>Arn\u00e9s adaptador Plug and Play<\/li>\n<\/ul>\n<\/div>\n<\/div>\n<div class=\"pagebuilder-column\" data-appearance=\"full-height\" data-background-images=\"{}\" data-content-type=\"column\" data-element=\"main\" data-pb-style=\"IQV1Q6Q\">\n<h5 data-appearance=\"default\" data-content-type=\"heading\" data-element=\"main\">APLICACIONES<\/h5>\n<div data-appearance=\"default\" data-content-type=\"text\" data-element=\"main\">\n<ul>\n<li>F87-M2<\/li>\n<li>F20\/21-135i, 135xi<\/li>\n<li>F22\/23-235i, 235xi<\/li>\n<li>F30\/31\/34 - 335i, 335xi<\/li>\n<li>F32\/33\/36-435i, 435xi<\/li>\n<li>F10\/11 - 535i, 535xi *<\/li>\n<li>F25\/26-X3\/X4 35i *<\/li>\n<li>F15\/16-X5\/X6 35i<\/li>\n<li>E8X - 135i *<\/li>\n<li>E9X - 335i *<\/li>\n<li>E84 - X1 35i *<\/li>\n<li>E70\/71-X5\/X6 35i *<\/li>\n<\/ul>\n<p>*SOLO modelos 2013+ con OE Bosch HPFP<br \/>\nKIT NO COMPATIBLE con veh\u00edculos N55 2011-2012<\/p>\n<\/div>\n<\/div>\n<\/div>\n<\/div>\n<\/div>\n<\/div>\n<\/div>","protected":false},"featured_media":62257,"template":"","meta":{"_crdt_document":"","inline_featured_image":false},"product_brand":[460],"product_cat":[370,395,454],"product_tag":[],"class_list":{"0":"post-62258","1":"product","2":"type-product","3":"status-publish","4":"has-post-thumbnail","6":"product_brand-dorch-engineering","7":"product_cat-engine","8":"product_cat-fueling","9":"product_cat-n55","10":"product_shipping_class-pureturbos-eu","12":"first","13":"onbackorder","14":"taxable","15":"shipping-taxable","16":"purchasable","17":"product-type-simple"},"supplier_id":null,"supplier_sku":"","barcode":null,"atum_controlled":true,"out_stock_date":"2025-11-05 10:37:48","out_stock_threshold":null,"inheritable":false,"inbound_stock":0,"stock_on_hold":0,"sold_today":0,"sales_last_days":0,"reserved_stock":0,"customer_returns":0,"warehouse_damage":0,"lost_in_post":0,"other_logs":0,"out_stock_days":34,"lost_sales":0,"has_location":false,"update_date":"2025-12-09T12:37:50","atum_locations":[],"atum_stock_status":"onbackorder","restock_status":false,"low_stock_amount":"","sales_update_date":"2025-12-09T12:37:50","calc_backorders":null,"_links":{"self":[{"href":"https:\/\/revmatch.eu\/es\/wp-json\/wp\/v2\/product\/62258","targetHints":{"allow":["GET"]}}],"collection":[{"href":"https:\/\/revmatch.eu\/es\/wp-json\/wp\/v2\/product"}],"about":[{"href":"https:\/\/revmatch.eu\/es\/wp-json\/wp\/v2\/types\/product"}],"version-history":[{"count":0,"href":"https:\/\/revmatch.eu\/es\/wp-json\/wp\/v2\/product\/62258\/revisions"}],"wp:featuredmedia":[{"embeddable":true,"href":"https:\/\/revmatch.eu\/es\/wp-json\/wp\/v2\/media\/62257"}],"wp:attachment":[{"href":"https:\/\/revmatch.eu\/es\/wp-json\/wp\/v2\/media?parent=62258"}],"wp:term":[{"taxonomy":"product_brand","embeddable":true,"href":"https:\/\/revmatch.eu\/es\/wp-json\/wp\/v2\/product_brand?post=62258"},{"taxonomy":"product_cat","embeddable":true,"href":"https:\/\/revmatch.eu\/es\/wp-json\/wp\/v2\/product_cat?post=62258"},{"taxonomy":"product_tag","embeddable":true,"href":"https:\/\/revmatch.eu\/es\/wp-json\/wp\/v2\/product_tag?post=62258"}],"curies":[{"name":"wp","href":"https:\/\/api.w.org\/{rel}","templated":true}]}}