{"id":62264,"date":"2023-10-22T15:50:53","date_gmt":"2023-10-22T14:50:53","guid":{"rendered":"http:\/\/revmatch.eu\/product\/n55-lift-kit-hpfp-upgrade-ewg\/"},"modified":"2025-11-05T10:37:45","modified_gmt":"2025-11-05T09:37:45","slug":"n55-lift-kit-hpfp-upgrade-ewg","status":"publish","type":"product","link":"https:\/\/revmatch.eu\/es\/product\/n55-lift-kit-hpfp-upgrade-ewg\/","title":{"rendered":"Kit de Aumento N55 \u2013 Mejora HPFP \u2013 EWG"},"content":{"rendered":"<div class=\"value\">\n<div data-appearance=\"contained\" data-content-type=\"row\" data-element=\"main\">\n<div data-background-images=\"{}\" data-background-type=\"image\" data-element=\"inner\" data-enable-parallax=\"0\" data-parallax-speed=\"0.5\" data-pb-style=\"W2W2E63\" data-video-fallback-src=\"\" data-video-lazy-load=\"true\" data-video-loop=\"true\" data-video-play-only-visible=\"true\">\n<div data-appearance=\"default\" data-content-type=\"text\" data-element=\"main\">\n<p>\u00a1Estamos orgullosos de ofrecer un producto innovador para la comunidad N55! Con esta soluci\u00f3n innovadora, podemos agregar hasta 49% M\u00c1S flujo de combustible adem\u00e1s de cualquiera de nuestros kits HPFP N55 existentes. Esto significa una mayor capacidad de potencia que nunca antes fue posible con el sistema de combustible de inyecci\u00f3n directa OEM. Comenzamos con n\u00facleos de bomba de vac\u00edo genuinos de BMW e instalamos nuestra leva de Dorch Engineering dentro del ensamblaje OEM utilizando nuestras herramientas de fabricaci\u00f3n y equipo de validaci\u00f3n patentados. Lo que obtienes es una tonelada m\u00e1s de flujo de combustible en un paquete muy simple y limpio, todo mientras utilizas la seguridad y sofisticaci\u00f3n del DME de serie. \u00a1Estos son n\u00fameros de potencia DI nunca antes vistos!<\/p>\n<table style=\"border-collapse: collapse; width: 100%;\" border=\"1\">\n<tbody>\n<tr>\n<td style=\"width: 19.9838%;\">Tama\u00f1o del kit de elevaci\u00f3n N55<\/td>\n<td style=\"width: 19.9838%;\">Versi\u00f3n HPFP<\/td>\n<td style=\"width: 19.9838%;\">Requisito de potencia M\u00cdNIMO E10<\/td>\n<td style=\"width: 19.9838%;\">Capacidad m\u00e1xima de potencia E10<\/td>\n<td style=\"width: 19.985%;\">Capacidad m\u00e1xima de potencia E85<\/td>\n<\/tr>\n<tr>\n<td style=\"width: 19.9838%;\">+38%<\/td>\n<td style=\"width: 19.9838%;\">DS15<\/td>\n<td style=\"width: 19.9838%;\">N \/ A<\/td>\n<td style=\"width: 19.9838%;\">700 caballos de fuerza<\/td>\n<td style=\"width: 19.985%;\">560 caballos de fuerza<\/td>\n<\/tr>\n<tr>\n<td style=\"width: 19.9838%;\">+49%<\/td>\n<td style=\"width: 19.9838%;\">DS15<\/td>\n<td style=\"width: 19.9838%;\">N \/ A<\/td>\n<td style=\"width: 19.9838%;\">750 CV<\/td>\n<td style=\"width: 19.985%;\">610 caballos de fuerza<\/td>\n<\/tr>\n<tr>\n<td style=\"width: 19.9838%;\">+38%<\/td>\n<td style=\"width: 19.9838%;\">DS25<\/td>\n<td style=\"width: 19.9838%;\">430 caballos de fuerza<\/td>\n<td style=\"width: 19.9838%;\">900 CV<\/td>\n<td style=\"width: 19.985%;\">690 CV<\/td>\n<\/tr>\n<tr>\n<td style=\"width: 19.9838%;\">+49%<\/td>\n<td style=\"width: 19.9838%;\">DS25<\/td>\n<td style=\"width: 19.9838%;\">500 caballos de fuerza<\/td>\n<td style=\"width: 19.9838%;\">1000 CV<\/td>\n<td style=\"width: 19.985%;\">770 CV<\/td>\n<\/tr>\n<\/tbody>\n<\/table>\n<p>Al combinar el N55LK con nuestro DS25 HPFP (o DS2), es importante tener en cuenta que existe un requisito de potencia m\u00ednima. Esto es simplemente para garantizar que su veh\u00edculo se pueda ajustar y operar f\u00e1cilmente como si fuera un equipo original. Si se baja de estos umbrales, el trabajo del ajustador ser\u00e1 m\u00e1s dif\u00edcil de lo que deber\u00eda ser. Por otro lado, con el DS15 HPFP (o DS1), no existe un requisito de potencia m\u00ednima, por lo que siempre tendr\u00eda sentido utilizar el +49% N55LK en combinaci\u00f3n con nuestro DS15 (o DS1) HPFP.<\/p>\n<p>Se requieren cambios de software para ejecutar esta actualizaci\u00f3n, pero tenemos mapas optimizados preestablecidos disponibles a trav\u00e9s de <strong>arranquemod3<\/strong> y <strong>MHD<\/strong> (pr\u00f3ximamente). Simplemente marque la casilla correspondiente a la actualizaci\u00f3n del \u201cLift Kit\u201d al flashear.<\/p>\n<p>NOTA: Cuando se supera con creces la capacidad de flujo de nuestro kit HPFP de Etapa 2 existente, el N55 se ve muy limitado por los inyectores. Para ver todo el potencial de esta actualizaci\u00f3n, se recomienda encarecidamente actualizar a los inyectores S63 EU5 m\u00e1s grandes. Estos son inyectores OEM de BMW que fluyen hasta 800 whp con E85 completo.<\/p>\n<h5>Instrucciones de instalaci\u00f3n:<\/h5>\n<p><a href=\"https:\/\/pg7c63.p3cdn1.secureserver.net\/wp-content\/uploads\/2023\/07\/Dorch-Engineering-N55-HPFP-Lift-Kit-Installation-Rev1.2.pdf\" target=\"_blank\" rel=\"noopener\">Instalaci\u00f3n del N55 HPFP LK<\/a><\/p>\n<\/div>\n<div class=\"pagebuilder-column-group\" data-appearance=\"default\" data-background-images=\"{}\" data-content-type=\"column-group\" data-element=\"main\" data-grid-size=\"12\" data-pb-style=\"EQYG1B4\">\n<div class=\"pagebuilder-column-line\" data-content-type=\"column-line\" data-element=\"main\" data-pb-style=\"FC8XCKN\">\n<div class=\"pagebuilder-column\" data-appearance=\"full-height\" data-background-images=\"{}\" data-content-type=\"column\" data-element=\"main\" data-pb-style=\"C20RPWV\">\n<h5 data-appearance=\"default\" data-content-type=\"heading\" data-element=\"main\">CONTENIDO DEL EQUIPO<\/h5>\n<div data-appearance=\"default\" data-content-type=\"text\" data-element=\"main\">\n<ul>\n<li>Garant\u00eda de por vida de Dorch<\/li>\n<li>Conjunto de bomba de vac\u00edo Dorch<\/li>\n<li>Brida de montaje Dorch HPFP LK<\/li>\n<li>Tapa de sellado de bomba de vac\u00edo<\/li>\n<li>Junta de bomba de vac\u00edo<\/li>\n<\/ul>\n<\/div>\n<\/div>\n<div class=\"pagebuilder-column\" data-appearance=\"full-height\" data-background-images=\"{}\" data-content-type=\"column\" data-element=\"main\" data-pb-style=\"A8BOGU3\">\n<h5 data-appearance=\"default\" data-content-type=\"heading\" data-element=\"main\">APLICACIONES<\/h5>\n<div data-appearance=\"default\" data-content-type=\"text\" data-element=\"main\">\n<ul>\n<li>F87-M2<\/li>\n<li>F20\/21-135i, 135xi<\/li>\n<li>F22\/23-235i, 235xi<\/li>\n<li>F30\/31\/34 - 335i, 335xi<\/li>\n<li>F32\/33\/36-435i, 435xi<\/li>\n<li>F10\/11 - 535i, 535xi *<\/li>\n<li>F25\/26-X3\/X4 35i *<\/li>\n<li>F15\/16-X5\/X6 35i<\/li>\n<li>E8X - 135i *<\/li>\n<li>E9X - 335i *<\/li>\n<li>E84 - X1 35i *<\/li>\n<li>E70\/71-X5\/X6 35i *<\/li>\n<\/ul>\n<p>*SOLO modelos 2013+ con OE Bosch HPFP<br \/>\nKIT NO COMPATIBLE con veh\u00edculos N55 2011-2012<br \/>\nNO COMPATIBLE CON HPFP OEM<\/p>\n<\/div>\n<\/div>\n<\/div>\n<\/div>\n<\/div>\n<\/div>\n<\/div>","protected":false},"excerpt":{"rendered":"<div class=\"value\">\n<div data-appearance=\"contained\" data-content-type=\"row\" data-element=\"main\">\n<div data-background-images=\"{}\" data-background-type=\"image\" data-element=\"inner\" data-enable-parallax=\"0\" data-parallax-speed=\"0.5\" data-pb-style=\"W2W2E63\" data-video-fallback-src=\"\" data-video-lazy-load=\"true\" data-video-loop=\"true\" data-video-play-only-visible=\"true\">\n<div data-appearance=\"default\" data-content-type=\"text\" data-element=\"main\">\n<p>\u00a1Estamos orgullosos de ofrecer un producto innovador para la comunidad N55! Con esta soluci\u00f3n innovadora, podemos agregar hasta 49% M\u00c1S flujo de combustible adem\u00e1s de cualquiera de nuestros kits HPFP N55 existentes. Esto significa una mayor capacidad de potencia que nunca antes fue posible con el sistema de combustible de inyecci\u00f3n directa OEM. Comenzamos con n\u00facleos de bomba de vac\u00edo genuinos de BMW e instalamos nuestra leva de Dorch Engineering dentro del ensamblaje OEM utilizando nuestras herramientas de fabricaci\u00f3n y equipo de validaci\u00f3n patentados. Lo que obtienes es una tonelada m\u00e1s de flujo de combustible en un paquete muy simple y limpio, todo mientras utilizas la seguridad y sofisticaci\u00f3n del DME de serie. \u00a1Estos son n\u00fameros de potencia DI nunca antes vistos!<\/p>\n<table style=\"border-collapse: collapse; width: 100%;\" border=\"1\">\n<tbody>\n<tr>\n<td style=\"width: 19.9838%;\">Tama\u00f1o del kit de elevaci\u00f3n N55<\/td>\n<td style=\"width: 19.9838%;\">Versi\u00f3n HPFP<\/td>\n<td style=\"width: 19.9838%;\">Requisito de potencia M\u00cdNIMO E10<\/td>\n<td style=\"width: 19.9838%;\">Capacidad m\u00e1xima de potencia E10<\/td>\n<td style=\"width: 19.985%;\">Capacidad m\u00e1xima de potencia E85<\/td>\n<\/tr>\n<tr>\n<td style=\"width: 19.9838%;\">+38%<\/td>\n<td style=\"width: 19.9838%;\">DS15<\/td>\n<td style=\"width: 19.9838%;\">N \/ A<\/td>\n<td style=\"width: 19.9838%;\">700 caballos de fuerza<\/td>\n<td style=\"width: 19.985%;\">560 caballos de fuerza<\/td>\n<\/tr>\n<tr>\n<td style=\"width: 19.9838%;\">+49%<\/td>\n<td style=\"width: 19.9838%;\">DS15<\/td>\n<td style=\"width: 19.9838%;\">N \/ A<\/td>\n<td style=\"width: 19.9838%;\">750 CV<\/td>\n<td style=\"width: 19.985%;\">610 caballos de fuerza<\/td>\n<\/tr>\n<tr>\n<td style=\"width: 19.9838%;\">+38%<\/td>\n<td style=\"width: 19.9838%;\">DS25<\/td>\n<td style=\"width: 19.9838%;\">430 caballos de fuerza<\/td>\n<td style=\"width: 19.9838%;\">900 CV<\/td>\n<td style=\"width: 19.985%;\">690 CV<\/td>\n<\/tr>\n<tr>\n<td style=\"width: 19.9838%;\">+49%<\/td>\n<td style=\"width: 19.9838%;\">DS25<\/td>\n<td style=\"width: 19.9838%;\">500 caballos de fuerza<\/td>\n<td style=\"width: 19.9838%;\">1000 CV<\/td>\n<td style=\"width: 19.985%;\">770 CV<\/td>\n<\/tr>\n<\/tbody>\n<\/table>\n<p>Al combinar el N55LK con nuestro DS25 HPFP (o DS2), es importante tener en cuenta que existe un requisito de potencia m\u00ednima. Esto es simplemente para garantizar que su veh\u00edculo se pueda ajustar y operar f\u00e1cilmente como si fuera un equipo original. Si se baja de estos umbrales, el trabajo del ajustador ser\u00e1 m\u00e1s dif\u00edcil de lo que deber\u00eda ser. Por otro lado, con el DS15 HPFP (o DS1), no existe un requisito de potencia m\u00ednima, por lo que siempre tendr\u00eda sentido utilizar el +49% N55LK en combinaci\u00f3n con nuestro DS15 (o DS1) HPFP.<\/p>\n<p>Se requieren cambios de software para ejecutar esta actualizaci\u00f3n, pero tenemos mapas optimizados preestablecidos disponibles a trav\u00e9s de <strong>arranquemod3<\/strong> y <strong>MHD<\/strong> (pr\u00f3ximamente). Simplemente marque la casilla correspondiente a la actualizaci\u00f3n del \u201cLift Kit\u201d al flashear.<\/p>\n<p>NOTA: Cuando se supera con creces la capacidad de flujo de nuestro kit HPFP de Etapa 2 existente, el N55 se ve muy limitado por los inyectores. Para ver todo el potencial de esta actualizaci\u00f3n, se recomienda encarecidamente actualizar a los inyectores S63 EU5 m\u00e1s grandes. Estos son inyectores OEM de BMW que fluyen hasta 800 whp con E85 completo.<\/p>\n<h5>Instrucciones de instalaci\u00f3n:<\/h5>\n<p><a href=\"https:\/\/pg7c63.p3cdn1.secureserver.net\/wp-content\/uploads\/2023\/07\/Dorch-Engineering-N55-HPFP-Lift-Kit-Installation-Rev1.2.pdf\" target=\"_blank\" rel=\"noopener\">Instalaci\u00f3n del N55 HPFP LK<\/a><\/p>\n<\/div>\n<div class=\"pagebuilder-column-group\" data-appearance=\"default\" data-background-images=\"{}\" data-content-type=\"column-group\" data-element=\"main\" data-grid-size=\"12\" data-pb-style=\"EQYG1B4\">\n<div class=\"pagebuilder-column-line\" data-content-type=\"column-line\" data-element=\"main\" data-pb-style=\"FC8XCKN\">\n<div class=\"pagebuilder-column\" data-appearance=\"full-height\" data-background-images=\"{}\" data-content-type=\"column\" data-element=\"main\" data-pb-style=\"C20RPWV\">\n<h5 data-appearance=\"default\" data-content-type=\"heading\" data-element=\"main\">CONTENIDO DEL EQUIPO<\/h5>\n<div data-appearance=\"default\" data-content-type=\"text\" data-element=\"main\">\n<ul>\n<li>Garant\u00eda de por vida de Dorch<\/li>\n<li>Conjunto de bomba de vac\u00edo Dorch<\/li>\n<li>Brida de montaje Dorch HPFP LK<\/li>\n<li>Tapa de sellado de bomba de vac\u00edo<\/li>\n<li>Junta de bomba de vac\u00edo<\/li>\n<\/ul>\n<\/div>\n<\/div>\n<div class=\"pagebuilder-column\" data-appearance=\"full-height\" data-background-images=\"{}\" data-content-type=\"column\" data-element=\"main\" data-pb-style=\"A8BOGU3\">\n<h5 data-appearance=\"default\" data-content-type=\"heading\" data-element=\"main\">APLICACIONES<\/h5>\n<div data-appearance=\"default\" data-content-type=\"text\" data-element=\"main\">\n<ul>\n<li>F87-M2<\/li>\n<li>F20\/21-135i, 135xi<\/li>\n<li>F22\/23-235i, 235xi<\/li>\n<li>F30\/31\/34 - 335i, 335xi<\/li>\n<li>F32\/33\/36-435i, 435xi<\/li>\n<li>F10\/11 - 535i, 535xi *<\/li>\n<li>F25\/26-X3\/X4 35i *<\/li>\n<li>F15\/16-X5\/X6 35i<\/li>\n<li>E8X - 135i *<\/li>\n<li>E9X - 335i *<\/li>\n<li>E84 - X1 35i *<\/li>\n<li>E70\/71-X5\/X6 35i *<\/li>\n<\/ul>\n<p>*SOLO modelos 2013+ con OE Bosch HPFP<br \/>\nKIT NO COMPATIBLE con veh\u00edculos N55 2011-2012<br \/>\nNO COMPATIBLE CON HPFP OEM<\/p>\n<\/div>\n<\/div>\n<\/div>\n<\/div>\n<\/div>\n<\/div>\n<\/div>","protected":false},"featured_media":62263,"template":"","meta":{"_crdt_document":"","inline_featured_image":false},"product_brand":[460],"product_cat":[370,395,454],"product_tag":[],"class_list":{"0":"post-62264","1":"product","2":"type-product","3":"status-publish","4":"has-post-thumbnail","6":"product_brand-dorch-engineering","7":"product_cat-engine","8":"product_cat-fueling","9":"product_cat-n55","10":"product_shipping_class-pureturbos-eu","12":"first","13":"onbackorder","14":"taxable","15":"shipping-taxable","16":"purchasable","17":"product-type-simple"},"supplier_id":null,"supplier_sku":"","barcode":null,"atum_controlled":true,"out_stock_date":"2025-11-05 10:37:45","out_stock_threshold":null,"inheritable":false,"inbound_stock":null,"stock_on_hold":null,"sold_today":null,"sales_last_days":null,"reserved_stock":null,"customer_returns":null,"warehouse_damage":null,"lost_in_post":null,"other_logs":null,"out_stock_days":null,"lost_sales":null,"has_location":false,"update_date":"2025-11-05T09:38:04","atum_locations":[],"atum_stock_status":"onbackorder","restock_status":false,"low_stock_amount":"","sales_update_date":null,"calc_backorders":null,"_links":{"self":[{"href":"https:\/\/revmatch.eu\/es\/wp-json\/wp\/v2\/product\/62264","targetHints":{"allow":["GET"]}}],"collection":[{"href":"https:\/\/revmatch.eu\/es\/wp-json\/wp\/v2\/product"}],"about":[{"href":"https:\/\/revmatch.eu\/es\/wp-json\/wp\/v2\/types\/product"}],"version-history":[{"count":0,"href":"https:\/\/revmatch.eu\/es\/wp-json\/wp\/v2\/product\/62264\/revisions"}],"wp:featuredmedia":[{"embeddable":true,"href":"https:\/\/revmatch.eu\/es\/wp-json\/wp\/v2\/media\/62263"}],"wp:attachment":[{"href":"https:\/\/revmatch.eu\/es\/wp-json\/wp\/v2\/media?parent=62264"}],"wp:term":[{"taxonomy":"product_brand","embeddable":true,"href":"https:\/\/revmatch.eu\/es\/wp-json\/wp\/v2\/product_brand?post=62264"},{"taxonomy":"product_cat","embeddable":true,"href":"https:\/\/revmatch.eu\/es\/wp-json\/wp\/v2\/product_cat?post=62264"},{"taxonomy":"product_tag","embeddable":true,"href":"https:\/\/revmatch.eu\/es\/wp-json\/wp\/v2\/product_tag?post=62264"}],"curies":[{"name":"wp","href":"https:\/\/api.w.org\/{rel}","templated":true}]}}