{"id":62267,"date":"2023-10-22T15:50:54","date_gmt":"2023-10-22T14:50:54","guid":{"rendered":"http:\/\/revmatch.eu\/product\/s55-lift-kit-hpfp-upgrade\/"},"modified":"2025-11-05T10:37:43","modified_gmt":"2025-11-05T09:37:43","slug":"s55-lift-kit-hpfp-upgrade","status":"publish","type":"product","link":"https:\/\/revmatch.eu\/es\/producto\/s55-lift-kit-hpfp-upgrade\/","title":{"rendered":"Kit de Aumento S55 \u2013 Mejora HPFP"},"content":{"rendered":"<div class=\"value\">\n<div data-appearance=\"contained\" data-content-type=\"row\" data-element=\"main\">\n<div data-background-images=\"{}\" data-background-type=\"image\" data-element=\"inner\" data-enable-parallax=\"0\" data-parallax-speed=\"0.5\" data-pb-style=\"NVXD6LK\" data-video-fallback-src=\"\" data-video-lazy-load=\"true\" data-video-loop=\"true\" data-video-play-only-visible=\"true\">\n<div data-appearance=\"default\" data-content-type=\"text\" data-element=\"main\">\n<p>\u00a1Estamos orgullosos de ofrecer un producto innovador sin igual para la comunidad S55! En lugar de ofrecer nuestras actualizaciones HPFP est\u00e1ndar para la plataforma S55, volvimos a la mesa de dibujo para idear una soluci\u00f3n de mayor flujo y m\u00e1s f\u00e1cil de ajustar que le ahorra MUCHO dinero en comparaci\u00f3n con las actualizaciones HPFP tradicionales. Con esta soluci\u00f3n innovadora, podemos impulsar un mayor flujo de combustible de las HPFP OEM. Comenzamos con n\u00facleos de bomba de vac\u00edo BMW genuinos e instalamos nuestra leva Dorch Engineering dentro del ensamblaje OEM utilizando nuestras herramientas de fabricaci\u00f3n y equipo de validaci\u00f3n patentados. Dado que el motor S55 utiliza algunas de las levas de bomba de combustible m\u00e1s peque\u00f1as de la l\u00ednea Bosch, podemos lograr este flujo adicional sin sacrificar la longevidad o confiabilidad de las bombas OEM. No hay cortes, dobleces, engarces, etc. Este kit se instala directamente como de f\u00e1brica y no requiere ning\u00fan ajuste especial para ponerse en funcionamiento. Toda la seguridad y sofisticaci\u00f3n del DME de serie permanecen en su lugar. Esta no es solo la actualizaci\u00f3n HPFP de mayor flujo, sino tambi\u00e9n la \u00daNICA disponible que pasar\u00e1 con \u00e9xito las emisiones en el mapeo DME OEM; \u00a1todo por una fracci\u00f3n del precio y con garant\u00eda de por vida!<\/p>\n<h5>Capacidades de flujo del S55 HPFP<\/h5>\n<table style=\"border-collapse: collapse; width: 100%;\" border=\"1\">\n<tbody>\n<tr>\n<td style=\"width: 33.3062%;\">Modelo de bomba<\/td>\n<td style=\"width: 33.3062%;\">Flujo de combustible (cc\/rev)<\/td>\n<td style=\"width: 33.3075%;\">Capacidad de potencia del E85 (cc\/rev)<\/td>\n<\/tr>\n<tr>\n<td style=\"width: 33.3062%;\">HDP5 (S55 de serie)<\/td>\n<td style=\"width: 33.3062%;\">1.527<\/td>\n<td style=\"width: 33.3075%;\">600 caballos de fuerza<\/td>\n<\/tr>\n<tr>\n<td style=\"width: 33.3062%;\">HDP5 con kit de elevaci\u00f3n Dorch<\/td>\n<td style=\"width: 33.3062%;\">2.100<\/td>\n<td style=\"width: 33.3075%;\">800+ caballos de fuerza*<\/td>\n<\/tr>\n<\/tbody>\n<\/table>\n<p>*Con 800 hp con E85, queda bastante capacidad en nuestro S55LK, pero eso es lo m\u00e1ximo que podemos obtener de los inyectores mejorados actualmente disponibles en el mercado.<\/p>\n<p>NO se requieren cambios de software para ejecutar esta actualizaci\u00f3n. Sin embargo, tenemos mapas optimizados preestablecidos disponibles a trav\u00e9s de Bootmod3 y MHD. Simplemente marque la casilla de nuestra actualizaci\u00f3n &quot;Lift Kit&quot; al actualizar.<\/p>\n<p>NOTA: El sistema de combustible S55 est\u00e1 muy limitado por los inyectores. Para ver los verdaderos beneficios de este kit, se recomienda encarecidamente actualizarlo a los inyectores S63 EU5 m\u00e1s grandes. Estos son inyectores OEM BMW que se encuentran disponibles y que han demostrado soportar 800 whp con E85 completo.<\/p>\n<h5>Instrucciones de instalaci\u00f3n:<\/h5>\n<p><a href=\"https:\/\/pg7c63.p3cdn1.secureserver.net\/wp-content\/uploads\/2021\/06\/Dorch-Engineering_S55-HPFP_LK_Install.pdf\" target=\"_blank\" rel=\"noopener\">Instalaci\u00f3n de S55_HPFP LK<\/a><\/p>\n<\/div>\n<div class=\"pagebuilder-column-group\" data-appearance=\"default\" data-background-images=\"{}\" data-content-type=\"column-group\" data-element=\"main\" data-grid-size=\"12\" data-pb-style=\"KYPA9TV\">\n<div class=\"pagebuilder-column-line\" data-content-type=\"column-line\" data-element=\"main\" data-pb-style=\"Q0SI99Q\">\n<div class=\"pagebuilder-column\" data-appearance=\"full-height\" data-background-images=\"{}\" data-content-type=\"column\" data-element=\"main\" data-pb-style=\"CQMIQR3\">\n<h5 data-appearance=\"default\" data-content-type=\"heading\" data-element=\"main\">CONTENIDO DEL EQUIPO<\/h5>\n<div data-appearance=\"default\" data-content-type=\"text\" data-element=\"main\">\n<ul>\n<li>Garant\u00eda de por vida de Dorch<\/li>\n<li>Conjunto de bomba de vac\u00edo Dorch<\/li>\n<li>Tapa de sellado de bomba de vac\u00edo<\/li>\n<li>Junta de bomba de vac\u00edo<\/li>\n<\/ul>\n<\/div>\n<\/div>\n<div class=\"pagebuilder-column\" data-appearance=\"full-height\" data-background-images=\"{}\" data-content-type=\"column\" data-element=\"main\" data-pb-style=\"D2SWOKA\">\n<h5 data-appearance=\"default\" data-content-type=\"heading\" data-element=\"main\">APLICACIONES<\/h5>\n<div data-appearance=\"default\" data-content-type=\"text\" data-element=\"main\">\n<ul>\n<li>F80 M3 \u2013 Todas las variantes<\/li>\n<li>F82 M4 \u2013 Todas las variantes<\/li>\n<li>F87 M2 \u2013 Competici\u00f3n, SOLO CS<\/li>\n<\/ul>\n<\/div>\n<\/div>\n<\/div>\n<\/div>\n<\/div>\n<\/div>\n<\/div>","protected":false},"excerpt":{"rendered":"<div class=\"value\">\n<div data-appearance=\"contained\" data-content-type=\"row\" data-element=\"main\">\n<div data-background-images=\"{}\" data-background-type=\"image\" data-element=\"inner\" data-enable-parallax=\"0\" data-parallax-speed=\"0.5\" data-pb-style=\"NVXD6LK\" data-video-fallback-src=\"\" data-video-lazy-load=\"true\" data-video-loop=\"true\" data-video-play-only-visible=\"true\">\n<div data-appearance=\"default\" data-content-type=\"text\" data-element=\"main\">\n<p>\u00a1Estamos orgullosos de ofrecer un producto innovador sin igual para la comunidad S55! En lugar de ofrecer nuestras actualizaciones HPFP est\u00e1ndar para la plataforma S55, volvimos a la mesa de dibujo para idear una soluci\u00f3n de mayor flujo y m\u00e1s f\u00e1cil de ajustar que le ahorra MUCHO dinero en comparaci\u00f3n con las actualizaciones HPFP tradicionales. Con esta soluci\u00f3n innovadora, podemos impulsar un mayor flujo de combustible de las HPFP OEM. Comenzamos con n\u00facleos de bomba de vac\u00edo BMW genuinos e instalamos nuestra leva Dorch Engineering dentro del ensamblaje OEM utilizando nuestras herramientas de fabricaci\u00f3n y equipo de validaci\u00f3n patentados. Dado que el motor S55 utiliza algunas de las levas de bomba de combustible m\u00e1s peque\u00f1as de la l\u00ednea Bosch, podemos lograr este flujo adicional sin sacrificar la longevidad o confiabilidad de las bombas OEM. No hay cortes, dobleces, engarces, etc. Este kit se instala directamente como de f\u00e1brica y no requiere ning\u00fan ajuste especial para ponerse en funcionamiento. Toda la seguridad y sofisticaci\u00f3n del DME de serie permanecen en su lugar. Esta no es solo la actualizaci\u00f3n HPFP de mayor flujo, sino tambi\u00e9n la \u00daNICA disponible que pasar\u00e1 con \u00e9xito las emisiones en el mapeo DME OEM; \u00a1todo por una fracci\u00f3n del precio y con garant\u00eda de por vida!<\/p>\n<h5>Capacidades de flujo del S55 HPFP<\/h5>\n<table style=\"border-collapse: collapse; width: 100%;\" border=\"1\">\n<tbody>\n<tr>\n<td style=\"width: 33.3062%;\">Modelo de bomba<\/td>\n<td style=\"width: 33.3062%;\">Flujo de combustible (cc\/rev)<\/td>\n<td style=\"width: 33.3075%;\">Capacidad de potencia del E85 (cc\/rev)<\/td>\n<\/tr>\n<tr>\n<td style=\"width: 33.3062%;\">HDP5 (S55 de serie)<\/td>\n<td style=\"width: 33.3062%;\">1.527<\/td>\n<td style=\"width: 33.3075%;\">600 caballos de fuerza<\/td>\n<\/tr>\n<tr>\n<td style=\"width: 33.3062%;\">HDP5 con kit de elevaci\u00f3n Dorch<\/td>\n<td style=\"width: 33.3062%;\">2.100<\/td>\n<td style=\"width: 33.3075%;\">800+ caballos de fuerza*<\/td>\n<\/tr>\n<\/tbody>\n<\/table>\n<p>*Con 800 hp con E85, queda bastante capacidad en nuestro S55LK, pero eso es lo m\u00e1ximo que podemos obtener de los inyectores mejorados actualmente disponibles en el mercado.<\/p>\n<p>NO se requieren cambios de software para ejecutar esta actualizaci\u00f3n. Sin embargo, tenemos mapas optimizados preestablecidos disponibles a trav\u00e9s de Bootmod3 y MHD. Simplemente marque la casilla de nuestra actualizaci\u00f3n &quot;Lift Kit&quot; al actualizar.<\/p>\n<p>NOTA: El sistema de combustible S55 est\u00e1 muy limitado por los inyectores. Para ver los verdaderos beneficios de este kit, se recomienda encarecidamente actualizarlo a los inyectores S63 EU5 m\u00e1s grandes. Estos son inyectores OEM BMW que se encuentran disponibles y que han demostrado soportar 800 whp con E85 completo.<\/p>\n<h5>Instrucciones de instalaci\u00f3n:<\/h5>\n<p><a href=\"https:\/\/pg7c63.p3cdn1.secureserver.net\/wp-content\/uploads\/2021\/06\/Dorch-Engineering_S55-HPFP_LK_Install.pdf\" target=\"_blank\" rel=\"noopener\">Instalaci\u00f3n de S55_HPFP LK<\/a><\/p>\n<\/div>\n<div class=\"pagebuilder-column-group\" data-appearance=\"default\" data-background-images=\"{}\" data-content-type=\"column-group\" data-element=\"main\" data-grid-size=\"12\" data-pb-style=\"KYPA9TV\">\n<div class=\"pagebuilder-column-line\" data-content-type=\"column-line\" data-element=\"main\" data-pb-style=\"Q0SI99Q\">\n<div class=\"pagebuilder-column\" data-appearance=\"full-height\" data-background-images=\"{}\" data-content-type=\"column\" data-element=\"main\" data-pb-style=\"CQMIQR3\">\n<h5 data-appearance=\"default\" data-content-type=\"heading\" data-element=\"main\">CONTENIDO DEL EQUIPO<\/h5>\n<div data-appearance=\"default\" data-content-type=\"text\" data-element=\"main\">\n<ul>\n<li>Garant\u00eda de por vida de Dorch<\/li>\n<li>Conjunto de bomba de vac\u00edo Dorch<\/li>\n<li>Tapa de sellado de bomba de vac\u00edo<\/li>\n<li>Junta de bomba de vac\u00edo<\/li>\n<\/ul>\n<\/div>\n<\/div>\n<div class=\"pagebuilder-column\" data-appearance=\"full-height\" data-background-images=\"{}\" data-content-type=\"column\" data-element=\"main\" data-pb-style=\"D2SWOKA\">\n<h5 data-appearance=\"default\" data-content-type=\"heading\" data-element=\"main\">APLICACIONES<\/h5>\n<div data-appearance=\"default\" data-content-type=\"text\" data-element=\"main\">\n<ul>\n<li>F80 M3 \u2013 Todas las variantes<\/li>\n<li>F82 M4 \u2013 Todas las variantes<\/li>\n<li>F87 M2 \u2013 Competici\u00f3n, SOLO CS<\/li>\n<\/ul>\n<\/div>\n<\/div>\n<\/div>\n<\/div>\n<\/div>\n<\/div>\n<\/div>","protected":false},"featured_media":62266,"template":"","meta":{"_crdt_document":"","inline_featured_image":false},"product_brand":[460],"product_cat":[370,395,456],"product_tag":[],"class_list":{"0":"post-62267","1":"product","2":"type-product","3":"status-publish","4":"has-post-thumbnail","6":"product_brand-dorch-engineering","7":"product_cat-engine","8":"product_cat-fueling","9":"product_cat-s55","10":"product_shipping_class-pureturbos-eu","12":"first","13":"onbackorder","14":"taxable","15":"shipping-taxable","16":"purchasable","17":"product-type-simple"},"supplier_id":null,"supplier_sku":"","barcode":null,"atum_controlled":true,"out_stock_date":"2025-11-05 10:37:43","out_stock_threshold":null,"inheritable":false,"inbound_stock":null,"stock_on_hold":1,"sold_today":1,"sales_last_days":1,"reserved_stock":null,"customer_returns":null,"warehouse_damage":null,"lost_in_post":null,"other_logs":null,"out_stock_days":0,"lost_sales":0,"has_location":false,"update_date":"2025-11-05T09:38:04","atum_locations":[],"atum_stock_status":"onbackorder","restock_status":false,"low_stock_amount":"","sales_update_date":"2024-10-26T09:15:09","calc_backorders":null,"_links":{"self":[{"href":"https:\/\/revmatch.eu\/es\/wp-json\/wp\/v2\/product\/62267","targetHints":{"allow":["GET"]}}],"collection":[{"href":"https:\/\/revmatch.eu\/es\/wp-json\/wp\/v2\/product"}],"about":[{"href":"https:\/\/revmatch.eu\/es\/wp-json\/wp\/v2\/types\/product"}],"version-history":[{"count":1,"href":"https:\/\/revmatch.eu\/es\/wp-json\/wp\/v2\/product\/62267\/revisions"}],"predecessor-version":[{"id":83407,"href":"https:\/\/revmatch.eu\/es\/wp-json\/wp\/v2\/product\/62267\/revisions\/83407"}],"wp:featuredmedia":[{"embeddable":true,"href":"https:\/\/revmatch.eu\/es\/wp-json\/wp\/v2\/media\/62266"}],"wp:attachment":[{"href":"https:\/\/revmatch.eu\/es\/wp-json\/wp\/v2\/media?parent=62267"}],"wp:term":[{"taxonomy":"product_brand","embeddable":true,"href":"https:\/\/revmatch.eu\/es\/wp-json\/wp\/v2\/product_brand?post=62267"},{"taxonomy":"product_cat","embeddable":true,"href":"https:\/\/revmatch.eu\/es\/wp-json\/wp\/v2\/product_cat?post=62267"},{"taxonomy":"product_tag","embeddable":true,"href":"https:\/\/revmatch.eu\/es\/wp-json\/wp\/v2\/product_tag?post=62267"}],"curies":[{"name":"wp","href":"https:\/\/api.w.org\/{rel}","templated":true}]}}