{"id":62270,"date":"2023-10-22T15:50:55","date_gmt":"2023-10-22T14:50:55","guid":{"rendered":"http:\/\/revmatch.eu\/product\/bmw-b58tu-fuel-pump\/"},"modified":"2025-05-09T03:16:20","modified_gmt":"2025-05-09T02:16:20","slug":"bomba-de-combustible-bmw-b58tu","status":"publish","type":"product","link":"https:\/\/revmatch.eu\/es\/product\/bmw-b58tu-fuel-pump\/","title":{"rendered":"Bomba de combustible BMW B58TU"},"content":{"rendered":"<div class=\"value\">\n<p class=\"\">Actualizaci\u00f3n de la bomba de combustible de alta presi\u00f3n BMW B58 TU \/ Supra<\/p>\n<p class=\"\">\u2013 Original BMW # 13518631642 HPFP<\/p>\n<p class=\"\">Si est\u00e1 buscando generar m\u00e1s de alrededor de 450 WHP en su BMW con motor B58 GEN 1, el HPFP de f\u00e1brica se convertir\u00e1 en el eslab\u00f3n d\u00e9bil en esos niveles. Esto le dar\u00e1 un margen de maniobra mucho mayor para generar energ\u00eda. Esta actualizaci\u00f3n es buena para alrededor de 600 caballos de fuerza con gasolina.<\/p>\n<p class=\"\"><strong>Qu\u00e9 est\u00e1 incluido<\/strong><\/p>\n<p class=\"\">\u2022 (1) (Bosch) BMW 13518631642 Bomba de combustible de alta presi\u00f3n (marca HPFP Bosch)<\/p>\n<\/div>","protected":false},"excerpt":{"rendered":"<div class=\"value\">\n<p class=\"\">Actualizaci\u00f3n de la bomba de combustible de alta presi\u00f3n BMW B58 TU \/ Supra<\/p>\n<p class=\"\">\u2013 Original BMW # 13518631642 HPFP<\/p>\n<p class=\"\">Si est\u00e1 buscando generar m\u00e1s de alrededor de 450 WHP en su BMW con motor B58 GEN 1, el HPFP de f\u00e1brica se convertir\u00e1 en el eslab\u00f3n d\u00e9bil en esos niveles. Esto le dar\u00e1 un margen de maniobra mucho mayor para generar energ\u00eda. Esta actualizaci\u00f3n es buena para alrededor de 600 caballos de fuerza con gasolina.<\/p>\n<p class=\"\"><strong>Qu\u00e9 est\u00e1 incluido<\/strong><\/p>\n<p class=\"\">\u2022 (1) (Bosch) BMW 13518631642 Bomba de combustible de alta presi\u00f3n (marca HPFP Bosch)<\/p>\n<\/div>","protected":false},"featured_media":62269,"template":"","meta":{"_crdt_document":"","inline_featured_image":false},"product_brand":[],"product_cat":[455,370,395,454],"product_tag":[],"class_list":{"0":"post-62270","1":"product","2":"type-product","3":"status-publish","4":"has-post-thumbnail","6":"product_cat-b58","7":"product_cat-engine","8":"product_cat-fueling","9":"product_cat-n55","10":"product_shipping_class-pureturbos-eu","12":"first","13":"instock","14":"taxable","15":"shipping-taxable","16":"purchasable","17":"product-type-simple"},"supplier_id":null,"supplier_sku":"","barcode":null,"atum_controlled":true,"out_stock_date":null,"out_stock_threshold":null,"inheritable":false,"inbound_stock":0,"stock_on_hold":0,"sold_today":0,"sales_last_days":0,"reserved_stock":0,"customer_returns":0,"warehouse_damage":0,"lost_in_post":0,"other_logs":0,"out_stock_days":0,"lost_sales":0,"has_location":false,"update_date":"2025-12-17T10:48:49","atum_locations":[],"atum_stock_status":"instock","restock_status":false,"low_stock_amount":"","sales_update_date":"2025-12-17T10:48:49","calc_backorders":null,"_links":{"self":[{"href":"https:\/\/revmatch.eu\/es\/wp-json\/wp\/v2\/product\/62270","targetHints":{"allow":["GET"]}}],"collection":[{"href":"https:\/\/revmatch.eu\/es\/wp-json\/wp\/v2\/product"}],"about":[{"href":"https:\/\/revmatch.eu\/es\/wp-json\/wp\/v2\/types\/product"}],"version-history":[{"count":0,"href":"https:\/\/revmatch.eu\/es\/wp-json\/wp\/v2\/product\/62270\/revisions"}],"wp:featuredmedia":[{"embeddable":true,"href":"https:\/\/revmatch.eu\/es\/wp-json\/wp\/v2\/media\/62269"}],"wp:attachment":[{"href":"https:\/\/revmatch.eu\/es\/wp-json\/wp\/v2\/media?parent=62270"}],"wp:term":[{"taxonomy":"product_brand","embeddable":true,"href":"https:\/\/revmatch.eu\/es\/wp-json\/wp\/v2\/product_brand?post=62270"},{"taxonomy":"product_cat","embeddable":true,"href":"https:\/\/revmatch.eu\/es\/wp-json\/wp\/v2\/product_cat?post=62270"},{"taxonomy":"product_tag","embeddable":true,"href":"https:\/\/revmatch.eu\/es\/wp-json\/wp\/v2\/product_tag?post=62270"}],"curies":[{"name":"wp","href":"https:\/\/api.w.org\/{rel}","templated":true}]}}