{"id":62278,"date":"2023-10-22T16:33:17","date_gmt":"2023-10-22T15:33:17","guid":{"rendered":"http:\/\/revmatch.eu\/?post_type=product&#038;p=62278"},"modified":"2023-10-25T12:38:59","modified_gmt":"2023-10-25T11:38:59","slug":"genevo-pro-ii-duo","status":"publish","type":"product","link":"https:\/\/revmatch.eu\/es\/product\/genevo-pro-ii-duo\/","title":{"rendered":"Genevo PRO II DUO"},"content":{"rendered":"<p>Genevo PRO II DUO es el ordenador de abordo multifunci\u00f3n m\u00e1s completo del mercado. El equipo ha sido dise\u00f1ado para funcionar s\u00f3lo como aviso GPS, s\u00f3lo detector de radar o ambas funciones simult\u00e1neamente. Todo a elecci\u00f3n del conductor. Su nuevo modo de legalidad te permitir\u00e1 utilizar el equipo donde est\u00e9 prohibido tener un detector de radar. Detecci\u00f3n de banda KA, Multaradar CD y el nuevo y temido radar DAHUA.<\/p>\n<p><strong>Sistema indetectable 100%<\/strong><br \/>\nGenevo PRO II DUO no interfiere con los sistemas policiales. Gracias a su total indetectabilidad frente a los sistemas Police DDR y a su pantalla magn\u00e9tica extra\u00edble, no atraer\u00e1 miradas indiscretas pasando totalmente desapercibido.<\/p>\n<p><strong>Dos Antenas, M\u00e1ximo Rendimiento<\/strong><br \/>\nDos antenas detectoras conectadas al Genevo PRO II DUO proporcionar\u00e1n el mayor rendimiento y las mejores distancias de detecci\u00f3n del mercado. Con frecuencias de detecci\u00f3n seleccionables en cada antena, la versatilidad que ofrece el Genevo PRO II DUO no tiene rival. Colocando una antena en vertical para radares de banda KA en cabina, tr\u00edpode y coches camuflados y la otra en horizontal para los radares DAHUA, MultaradarCD, MultaradarCT y Gatso RT3 y RT4 de \u00faltima generaci\u00f3n as\u00ed como p\u00f3rticos en banda KA obtendremos una protecci\u00f3n total.<\/p>\n<div id=\"gtx-trans\" style=\"position: absolute; left: 32px; top: 181.599px;\">\n<div class=\"gtx-trans-icon\"><\/div>\n<\/div>","protected":false},"excerpt":{"rendered":"<p>Genevo PRO II DUO es el ordenador de abordo multifunci\u00f3n m\u00e1s completo del mercado. El equipo ha sido dise\u00f1ado para funcionar s\u00f3lo como aviso GPS, s\u00f3lo detector de radar o ambas funciones simult\u00e1neamente. Todo a elecci\u00f3n del conductor. Su nuevo modo de legalidad te permitir\u00e1 utilizar el equipo donde est\u00e9 prohibido tener un detector de radar. Detecci\u00f3n de banda KA, Multaradar CD y el nuevo y temido radar DAHUA.<\/p>\n<p><strong>Sistema indetectable 100%<\/strong><br \/>\nGenevo PRO II DUO no interfiere con los sistemas policiales. Gracias a su total indetectabilidad frente a los sistemas Police DDR y a su pantalla magn\u00e9tica extra\u00edble, no atraer\u00e1 miradas indiscretas pasando totalmente desapercibido.<\/p>\n<p><strong>Dos Antenas, M\u00e1ximo Rendimiento<\/strong><br \/>\nDos antenas detectoras conectadas al Genevo PRO II DUO proporcionar\u00e1n el mayor rendimiento y las mejores distancias de detecci\u00f3n del mercado. Con frecuencias de detecci\u00f3n seleccionables en cada antena, la versatilidad que ofrece el Genevo PRO II DUO no tiene rival. Colocando una antena en vertical para radares de banda KA en cabina, tr\u00edpode y coches camuflados y la otra en horizontal para los radares DAHUA, MultaradarCD, MultaradarCT y Gatso RT3 y RT4 de \u00faltima generaci\u00f3n as\u00ed como p\u00f3rticos en banda KA obtendremos una protecci\u00f3n total.<\/p>\n<div id=\"gtx-trans\" style=\"position: absolute; left: 32px; top: 181.599px;\">\n<div class=\"gtx-trans-icon\"><\/div>\n<\/div>","protected":false},"featured_media":62279,"template":"","meta":{"_crdt_document":"","inline_featured_image":false},"product_brand":[],"product_cat":[372],"product_tag":[],"class_list":{"0":"post-62278","1":"product","2":"type-product","3":"status-publish","4":"has-post-thumbnail","6":"product_cat-electronics","8":"first","9":"instock","10":"taxable","11":"shipping-taxable","12":"purchasable","13":"product-type-simple"},"supplier_id":null,"supplier_sku":"","barcode":null,"atum_controlled":true,"out_stock_date":null,"out_stock_threshold":null,"inheritable":false,"inbound_stock":null,"stock_on_hold":null,"sold_today":null,"sales_last_days":null,"reserved_stock":null,"customer_returns":null,"warehouse_damage":null,"lost_in_post":null,"other_logs":null,"out_stock_days":null,"lost_sales":null,"has_location":null,"update_date":null,"atum_locations":[],"atum_stock_status":"instock","restock_status":false,"low_stock_amount":"","sales_update_date":null,"calc_backorders":null,"_links":{"self":[{"href":"https:\/\/revmatch.eu\/es\/wp-json\/wp\/v2\/product\/62278","targetHints":{"allow":["GET"]}}],"collection":[{"href":"https:\/\/revmatch.eu\/es\/wp-json\/wp\/v2\/product"}],"about":[{"href":"https:\/\/revmatch.eu\/es\/wp-json\/wp\/v2\/types\/product"}],"version-history":[{"count":0,"href":"https:\/\/revmatch.eu\/es\/wp-json\/wp\/v2\/product\/62278\/revisions"}],"wp:featuredmedia":[{"embeddable":true,"href":"https:\/\/revmatch.eu\/es\/wp-json\/wp\/v2\/media\/62279"}],"wp:attachment":[{"href":"https:\/\/revmatch.eu\/es\/wp-json\/wp\/v2\/media?parent=62278"}],"wp:term":[{"taxonomy":"product_brand","embeddable":true,"href":"https:\/\/revmatch.eu\/es\/wp-json\/wp\/v2\/product_brand?post=62278"},{"taxonomy":"product_cat","embeddable":true,"href":"https:\/\/revmatch.eu\/es\/wp-json\/wp\/v2\/product_cat?post=62278"},{"taxonomy":"product_tag","embeddable":true,"href":"https:\/\/revmatch.eu\/es\/wp-json\/wp\/v2\/product_tag?post=62278"}],"curies":[{"name":"wp","href":"https:\/\/api.w.org\/{rel}","templated":true}]}}