{"id":62286,"date":"2023-10-22T16:37:57","date_gmt":"2023-10-22T15:37:57","guid":{"rendered":"http:\/\/revmatch.eu\/?post_type=product&#038;p=62286"},"modified":"2023-10-25T12:38:56","modified_gmt":"2023-10-25T11:38:56","slug":"genevo-pro-ii","status":"publish","type":"product","link":"https:\/\/revmatch.eu\/es\/product\/genevo-pro-ii\/","title":{"rendered":"Genevo PRO II"},"content":{"rendered":"<p>Genevo PRO II es el ordenador de abordo multifunci\u00f3n m\u00e1s completo del mercado. El equipo ha sido dise\u00f1ado para funcionar s\u00f3lo como aviso GPS, s\u00f3lo detector de radar o ambas funciones simult\u00e1neamente. Todo a elecci\u00f3n del conductor. Su nuevo modo de legalidad te permitir\u00e1 utilizar el equipo donde est\u00e9 prohibido tener un detector de radar. Detecci\u00f3n de banda KA, Multaradar CD y el nuevo y temido radar DAHUA.<\/p>\n<p><strong>Sistema indetectable 100%<\/strong><br \/>\nGenevo PRO II no interfiere con los sistemas policiales. Gracias a su total indetectabilidad frente a los sistemas Police DDR y a su pantalla magn\u00e9tica extra\u00edble, no atraer\u00e1 miradas indiscretas pasando totalmente desapercibido.<\/p>\n<div id=\"gtx-trans\" style=\"position: absolute; left: 145px; top: -7.7309px;\">\n<div class=\"gtx-trans-icon\"><\/div>\n<\/div>","protected":false},"excerpt":{"rendered":"<p>Genevo PRO II es el ordenador de abordo multifunci\u00f3n m\u00e1s completo del mercado. El equipo ha sido dise\u00f1ado para funcionar s\u00f3lo como aviso GPS, s\u00f3lo detector de radar o ambas funciones simult\u00e1neamente. Todo a elecci\u00f3n del conductor. Su nuevo modo de legalidad te permitir\u00e1 utilizar el equipo donde est\u00e9 prohibido tener un detector de radar. Detecci\u00f3n de banda KA, Multaradar CD y el nuevo y temido radar DAHUA.<\/p>\n<p><strong>Sistema indetectable 100%<\/strong><br \/>\nGenevo PRO II no interfiere con los sistemas policiales. Gracias a su total indetectabilidad frente a los sistemas Police DDR y a su pantalla magn\u00e9tica extra\u00edble, no atraer\u00e1 miradas indiscretas pasando totalmente desapercibido.<\/p>\n<div id=\"gtx-trans\" style=\"position: absolute; left: 145px; top: -7.7309px;\">\n<div class=\"gtx-trans-icon\"><\/div>\n<\/div>","protected":false},"featured_media":62279,"template":"","meta":{"_crdt_document":"","inline_featured_image":false},"product_brand":[],"product_cat":[372],"product_tag":[],"class_list":{"0":"post-62286","1":"product","2":"type-product","3":"status-publish","4":"has-post-thumbnail","6":"product_cat-electronics","8":"first","9":"instock","10":"taxable","11":"shipping-taxable","12":"purchasable","13":"product-type-simple"},"supplier_id":null,"supplier_sku":"","barcode":null,"atum_controlled":true,"out_stock_date":null,"out_stock_threshold":null,"inheritable":false,"inbound_stock":null,"stock_on_hold":null,"sold_today":null,"sales_last_days":null,"reserved_stock":null,"customer_returns":null,"warehouse_damage":null,"lost_in_post":null,"other_logs":null,"out_stock_days":null,"lost_sales":null,"has_location":null,"update_date":null,"atum_locations":[],"atum_stock_status":"instock","restock_status":false,"low_stock_amount":"","sales_update_date":null,"calc_backorders":null,"_links":{"self":[{"href":"https:\/\/revmatch.eu\/es\/wp-json\/wp\/v2\/product\/62286","targetHints":{"allow":["GET"]}}],"collection":[{"href":"https:\/\/revmatch.eu\/es\/wp-json\/wp\/v2\/product"}],"about":[{"href":"https:\/\/revmatch.eu\/es\/wp-json\/wp\/v2\/types\/product"}],"version-history":[{"count":0,"href":"https:\/\/revmatch.eu\/es\/wp-json\/wp\/v2\/product\/62286\/revisions"}],"wp:featuredmedia":[{"embeddable":true,"href":"https:\/\/revmatch.eu\/es\/wp-json\/wp\/v2\/media\/62279"}],"wp:attachment":[{"href":"https:\/\/revmatch.eu\/es\/wp-json\/wp\/v2\/media?parent=62286"}],"wp:term":[{"taxonomy":"product_brand","embeddable":true,"href":"https:\/\/revmatch.eu\/es\/wp-json\/wp\/v2\/product_brand?post=62286"},{"taxonomy":"product_cat","embeddable":true,"href":"https:\/\/revmatch.eu\/es\/wp-json\/wp\/v2\/product_cat?post=62286"},{"taxonomy":"product_tag","embeddable":true,"href":"https:\/\/revmatch.eu\/es\/wp-json\/wp\/v2\/product_tag?post=62286"}],"curies":[{"name":"wp","href":"https:\/\/api.w.org\/{rel}","templated":true}]}}