{"id":62308,"date":"2023-11-07T11:39:41","date_gmt":"2023-11-07T10:39:41","guid":{"rendered":"http:\/\/revmatch.eu\/?post_type=product&#038;p=62308"},"modified":"2025-12-21T03:04:40","modified_gmt":"2025-12-21T02:04:40","slug":"ravenol-rcs-racing-competition-synto-sae-5w-40","status":"publish","type":"product","link":"https:\/\/revmatch.eu\/es\/product\/ravenol-rcs-racing-competition-synto-sae-5w-40\/","title":{"rendered":"Ravenol RCS Racing Competici\u00f3n Synto SAE 5W-40"},"content":{"rendered":"<p><strong>Fabricaci\u00f3n:<\/strong>\u00a0Totalmente sint\u00e9tico, carreras y USVO\u00ae<\/p>\n<p><strong>RAVENOL RCS Racing Competici\u00f3n Synto SAE 5W-40<\/strong>\u00a0es un moderno aceite de motor multirango totalmente sint\u00e9tico a base de PAO (polialfa-olefina) con tecnolog\u00eda USVO\u00ae.<\/p>\n<p><strong>RAVENOL RCS Racing Competici\u00f3n Synto SAE 5W-40<\/strong>\u00a0Es ideal para motores de gasolina para carreras de coches, incluso cuando est\u00e1n sujetos a los niveles m\u00e1s altos de tensi\u00f3n.<\/p>\n<p>La tecnolog\u00eda USVO\u00ae ofrece alto rendimiento, protecci\u00f3n mejorada del motor, menor consumo de combustible y limpieza optimizada del motor para su veh\u00edculo. Debido a la mezcla especial de aceites base sint\u00e9ticos del Grupo V altamente polares con una alta proporci\u00f3n de PAO de alta y baja viscosidad, se pudo formular sin el uso de mejoradores del \u00edndice de viscosidad.<\/p>\n<p>Debido a su alto \u00edndice de viscosidad, su alto valor HTHS, su extrema estabilidad al corte y sus novedosos aditivos especiales altamente efectivos con molibdeno y tungsteno,\u00a0<strong>RAVENOL RCS Racing Competici\u00f3n Synto SAE 5W-40<\/strong>\u00a0Tambi\u00e9n es adecuado para un estilo de conducci\u00f3n extremadamente deportivo.<\/p>\n<p><strong>RAVENOL RCS Racing Competici\u00f3n Synto SAE 5W-40<\/strong>\u00a0Utiliza las propiedades positivas del molibdeno y el tungsteno para suavizar la estructura de la superficie del motor, reduciendo la fricci\u00f3n y el desgaste y mejorando significativamente la eficiencia mec\u00e1nica.<\/p>\n<p><strong>RAVENOL RCS Racing Competici\u00f3n Synto SAE 5W-40<\/strong>\u00a0logra una capa de lubricaci\u00f3n segura gracias a su formulaci\u00f3n \u00fanica incluso a temperaturas de funcionamiento muy altas, protecci\u00f3n contra la corrosi\u00f3n (oxidaci\u00f3n) y la formaci\u00f3n de espuma.<\/p>\n<h5>Direcciones de aplicaci\u00f3n:<\/h5>\n<p><strong>RAVENOL RCS Racing Competici\u00f3n Synto SAE 5W-40<\/strong>\u00a0Se utiliza como aceite especial para carreras en las condiciones m\u00e1s duras.<\/p>\n<h5>Clasificaci\u00f3n de calidad:<\/h5>\n<p><strong>RAVENOL RCS Racing Competici\u00f3n Synto SAE 5W-40<\/strong>\u00a0est\u00e1 probado y probado para:<br \/>\nAsociaciones de carrera: N\u00fcrburgring probado, Hockenheim Premium Partner, recomendaci\u00f3n de Ralf Schumacher, Opel Motorsport<\/p>\n<h5>Caracter\u00edsticas t\u00e9cnicas:<\/h5>\n<p><strong>RAVENOL RCS Racing Competici\u00f3n Synto SAE 5W-40<\/strong>\u00a0ofrece:<\/p>\n<ul>\n<li>Aceite de motor totalmente sint\u00e9tico ultramoderno para carreras de coches con aditivos especiales de molibdeno y tungsteno<\/li>\n<li>Capa lubricante segura a temperaturas de funcionamiento muy altas<\/li>\n<li>Alto valor HTHS, extrema estabilidad al corte<\/li>\n<li>Muy estable y excelente comportamiento de viscosidad.<\/li>\n<li>Muy baja tendencia a la evaporaci\u00f3n.<\/li>\n<li>Muy buenas caracter\u00edsticas de arranque en fr\u00edo.<\/li>\n<li>Muy buenas caracter\u00edsticas detergentes y dispersantes.<\/li>\n<li>Protecci\u00f3n contra la corrosi\u00f3n y la formaci\u00f3n de espuma.<\/li>\n<\/ul>","protected":false},"excerpt":{"rendered":"<p><strong>RAVENOL RCS Racing Competici\u00f3n Synto SAE 5W-40<\/strong>\u00a0ofrece:<\/p>\n<ul>\n<li>Aceite de motor totalmente sint\u00e9tico ultramoderno para carreras de coches con aditivos especiales de molibdeno y tungsteno<\/li>\n<li>Capa lubricante segura a temperaturas de funcionamiento muy altas<\/li>\n<li>Alto valor HTHS, extrema estabilidad al corte<\/li>\n<li>Muy estable y excelente comportamiento de viscosidad.<\/li>\n<li>Muy baja tendencia a la evaporaci\u00f3n.<\/li>\n<li>Muy buenas caracter\u00edsticas de arranque en fr\u00edo.<\/li>\n<li>Muy buenas caracter\u00edsticas detergentes y dispersantes.<\/li>\n<li>Protecci\u00f3n contra la corrosi\u00f3n y la formaci\u00f3n de espuma.<\/li>\n<\/ul>","protected":false},"featured_media":62343,"template":"","meta":{"_crdt_document":"","inline_featured_image":false},"product_brand":[476],"product_cat":[399,398],"product_tag":[],"class_list":{"0":"post-62308","1":"product","2":"type-product","3":"status-publish","4":"has-post-thumbnail","6":"product_brand-ravenol","7":"product_cat-engine-oil","8":"product_cat-maintenance","10":"first","11":"onbackorder","12":"taxable","13":"shipping-taxable","14":"purchasable","15":"product-type-variable","16":"has-default-attributes"},"supplier_id":null,"supplier_sku":"","barcode":null,"atum_controlled":true,"out_stock_date":"2025-12-21 03:04:40","out_stock_threshold":null,"inheritable":true,"inbound_stock":0,"stock_on_hold":1,"sold_today":0,"sales_last_days":0,"reserved_stock":0,"customer_returns":0,"warehouse_damage":0,"lost_in_post":0,"other_logs":0,"out_stock_days":0,"lost_sales":0,"has_location":false,"update_date":"2025-12-23T16:54:54","atum_locations":[],"atum_stock_status":"onbackorder","restock_status":false,"low_stock_amount":"","sales_update_date":"2025-12-09T12:38:07","calc_backorders":-1,"_links":{"self":[{"href":"https:\/\/revmatch.eu\/es\/wp-json\/wp\/v2\/product\/62308","targetHints":{"allow":["GET"]}}],"collection":[{"href":"https:\/\/revmatch.eu\/es\/wp-json\/wp\/v2\/product"}],"about":[{"href":"https:\/\/revmatch.eu\/es\/wp-json\/wp\/v2\/types\/product"}],"version-history":[{"count":0,"href":"https:\/\/revmatch.eu\/es\/wp-json\/wp\/v2\/product\/62308\/revisions"}],"wp:featuredmedia":[{"embeddable":true,"href":"https:\/\/revmatch.eu\/es\/wp-json\/wp\/v2\/media\/62343"}],"wp:attachment":[{"href":"https:\/\/revmatch.eu\/es\/wp-json\/wp\/v2\/media?parent=62308"}],"wp:term":[{"taxonomy":"product_brand","embeddable":true,"href":"https:\/\/revmatch.eu\/es\/wp-json\/wp\/v2\/product_brand?post=62308"},{"taxonomy":"product_cat","embeddable":true,"href":"https:\/\/revmatch.eu\/es\/wp-json\/wp\/v2\/product_cat?post=62308"},{"taxonomy":"product_tag","embeddable":true,"href":"https:\/\/revmatch.eu\/es\/wp-json\/wp\/v2\/product_tag?post=62308"}],"curies":[{"name":"wp","href":"https:\/\/api.w.org\/{rel}","templated":true}]}}