{"id":62322,"date":"2023-11-07T12:07:35","date_gmt":"2023-11-07T11:07:35","guid":{"rendered":"http:\/\/revmatch.eu\/?post_type=product&#038;p=62322"},"modified":"2026-04-03T19:05:23","modified_gmt":"2026-04-03T18:05:23","slug":"ravenol-rep-racing-extra-performance-sae-5w-30","status":"publish","type":"product","link":"https:\/\/revmatch.eu\/es\/product\/ravenol-rep-racing-extra-performance-sae-5w-30\/","title":{"rendered":"Ravenol REP Racing Extra Rendimiento SAE 5W-30"},"content":{"rendered":"<p><strong>RAVENOL REP Racing Extra Rendimiento SAE 5W-30<\/strong>\u00a0es un aceite de motor multigrado moderno, totalmente sint\u00e9tico, de baja fricci\u00f3n y que ahorra combustible. Este aceite no s\u00f3lo impresiona por su bajo contenido de cenizas de sulfato; tambi\u00e9n tiene una viscosidad HTHS reducida para ahorros de combustible mensurables.<\/p>\n<p>RAVENOL REP Racing Extra Performance SAE 5W-30 contribuye, por tanto, a reducir las emisiones y proteger el medio ambiente. Es muy adecuado para los modernos motores de gasolina de carreras de coches, incluso cuando se someten a los niveles m\u00e1s altos de tensi\u00f3n.<\/p>\n<p>Gracias a sus aditivos especiales que utilizan tungsteno, RAVENOL REP Racing Extra Performance SAE 5W-30 tambi\u00e9n es adecuado para estilos de conducci\u00f3n extremadamente deportivos. Proporciona una capa segura de lubricaci\u00f3n, incluso a temperaturas de funcionamiento muy altas. RAVENOL REP Racing Extra Performance SAE 5W-30 utiliza las propiedades positivas del tungsteno para suavizar la estructura de la superficie del motor, reduciendo la fricci\u00f3n y el desgaste y mejorando significativamente la eficiencia mec\u00e1nica. Amplia protecci\u00f3n contra la corrosi\u00f3n (oxidaci\u00f3n) y la formaci\u00f3n de espuma.<\/p>\n<p><strong>Caracter\u00edsticas y prestaciones t\u00e9cnicas:<\/strong><\/p>\n<ul>\n<li>Aceite de motor totalmente sint\u00e9tico ultramoderno para carreras de coches con aditivo especial de tungsteno<\/li>\n<li>Ahorro de combustible en operaci\u00f3n con carga parcial y operaci\u00f3n con potencia total<\/li>\n<li>Muy baja tendencia a la evaporaci\u00f3n.<\/li>\n<li>Muy estable y excelente comportamiento de viscosidad.<\/li>\n<li>Muy buenas caracter\u00edsticas de arranque en fr\u00edo.<\/li>\n<li>Capa lubricante segura a temperaturas de funcionamiento muy altas<\/li>\n<li>Muy buenas caracter\u00edsticas detergentes y dispersantes.<\/li>\n<li>Buena protecci\u00f3n contra la corrosi\u00f3n y la formaci\u00f3n de espuma.<\/li>\n<\/ul>\n<p><strong>Notas de aplicaci\u00f3n:<\/strong><\/p>\n<p>RAVENOL REP Racing Extra Performance SAE 5W-30 se puede utilizar como aceite especial para carreras de coches incluso en las condiciones m\u00e1s dif\u00edciles.<\/p>\n<p><strong>Especificaciones de aceite y est\u00e1ndares de calidad:<\/strong><\/p>\n<ul>\n<li>API SN<\/li>\n<li>ACEA C3<\/li>\n<\/ul>\n<p><strong>Aprobaciones formales de f\u00e1brica:<\/strong><\/p>\n<ul>\n<li>Aprobaci\u00f3n MB 229.51<\/li>\n<li>Aprobaci\u00f3n MB 229.52<\/li>\n<li>GM dexos2\u2122<\/li>\n<li>Renault RN0700\/RN0710<\/li>\n<li>Licencia: API SN<\/li>\n<\/ul>\n<p><strong>Practicado y probado de acuerdo con los siguientes requisitos:<\/strong><\/p>\n<ul>\n<li>Mercedes-Benz MB 226.5<\/li>\n<li>BMW Larga Vida-04<\/li>\n<li>Asociaciones de carrera: N\u00fcrburgring probado, Hockenheim Premium Partner<\/li>\n<li>Recomendaci\u00f3n de Ralf Schumacher<\/li>\n<\/ul>\n<p>&nbsp;<\/p>\n<table class=\"data-table\" border=\"0\" cellspacing=\"0\" cellpadding=\"3\" align=\"left\">\n<thead>\n<tr align=\"left\">\n<th>\u00a0CARACTER\u00cdSTICAS<\/th>\n<th>UNIDAD<\/th>\n<th>DATOS<\/th>\n<th>AUDITOR\u00cdA<\/th>\n<\/tr>\n<\/thead>\n<tbody>\n<tr>\n<td>\u00a0Densidad a 20\u00b0C<\/td>\n<td>\u00a0kg\/m\u00b3<\/td>\n<td>\u00a0848.0<\/td>\n<td>DIN 51 757<\/td>\n<\/tr>\n<tr class=\"odd\">\n<td>\u00a0Color<\/td>\n<td>\u00a0&#8211;<\/td>\n<td>\u00a0marr\u00f3n<\/td>\n<td>visual<\/td>\n<\/tr>\n<tr>\n<td>\u00a0Viscosidad a 100\u00b0C<\/td>\n<td>\u00a0mm\u00b2\/s<\/td>\n<td>\u00a012.2<\/td>\n<td>DIN 51 562<\/td>\n<\/tr>\n<tr>\n<td>\u00a0Viscosidad a 40\u00b0C<\/td>\n<td>\u00a0mm\u00b2\/s<\/td>\n<td>\u00a073.4<\/td>\n<td>DIN 51 562<\/td>\n<\/tr>\n<tr>\n<td>\u00a0\u00cdndice de viscosidad VI<\/td>\n<td>\u00a0&#8211;<\/td>\n<td>\u00a0165<\/td>\n<td>ISO 2909<\/td>\n<\/tr>\n<tr>\n<td>\u00a0HTHS a 150\u00b0C<\/td>\n<td>\u00a0mP*s<\/td>\n<td>\u00a03.7<\/td>\n<td>CEC-L-36-A-90<\/td>\n<\/tr>\n<tr>\n<td>\u00a0Viscosidad CCS a -30\u00b0C<\/td>\n<td>\u00a0mPa*s<\/td>\n<td>\u00a04301<\/td>\n<td>Norma ASTM D5293<\/td>\n<\/tr>\n<tr>\n<td>\u00a0Baja temperatura. Viscosidad de bombeo (MRV)<\/td>\n<td>\u00a0mPa*s<\/td>\n<td>\u00a014.870<\/td>\n<td>ASTM D 4684<\/td>\n<\/tr>\n<tr>\n<td>\u00a0Punto de fluidez<\/td>\n<td>\u00a0\u00b0C<\/td>\n<td>\u00a0-60<\/td>\n<td>ISO 3016<\/td>\n<\/tr>\n<tr>\n<td>\u00a0Volatilidad de Noack<\/td>\n<td>\u00a0%<\/td>\n<td>\u00a06.2<\/td>\n<td>ASTM D5800\/b<\/td>\n<\/tr>\n<tr>\n<td>\u00a0Punto de inflamaci\u00f3n (COC)<\/td>\n<td>\u00a0\u00b0C<\/td>\n<td>\u00a0244<\/td>\n<td>ISO 2592<\/td>\n<\/tr>\n<tr>\n<td>\u00a0TBN<\/td>\n<td>\u00a0mg de KOH\/g<\/td>\n<td>\u00a08.1<\/td>\n<td>Norma ASTM D2896<\/td>\n<\/tr>\n<tr>\n<td>\u00a0Cenizas sulfatadas<\/td>\n<td>\u00a0%wt.<\/td>\n<td>\u00a00.8<\/td>\n<td>DIN 51 575<\/td>\n<\/tr>\n<\/tbody>\n<\/table>\n<p>&nbsp;<\/p>\n<p>Todos los datos indicados son valores aproximados y est\u00e1n sujetos a las fluctuaciones comerciales.<\/p>","protected":false},"excerpt":{"rendered":"<p><strong>RAVENOL REP Racing Extra Rendimiento SAE 5W-30<\/strong>\u00a0ofrece:<\/p>\n<ul>\n<li>Aceite de motor totalmente sint\u00e9tico ultramoderno para carreras de coches con aditivo especial de tungsteno<\/li>\n<li>Ahorro de combustible en operaci\u00f3n con carga parcial y operaci\u00f3n con potencia total<\/li>\n<li>Muy baja tendencia a la evaporaci\u00f3n.<\/li>\n<li>Muy estable y excelente comportamiento de viscosidad.<\/li>\n<li>Muy buenas caracter\u00edsticas de arranque en fr\u00edo.<\/li>\n<li>Capa lubricante segura a temperaturas de funcionamiento muy altas<\/li>\n<li>Muy buenas caracter\u00edsticas detergentes y dispersantes.<\/li>\n<li>Buena protecci\u00f3n contra la corrosi\u00f3n y la formaci\u00f3n de espuma.<\/li>\n<\/ul>","protected":false},"featured_media":62330,"template":"","meta":{"_crdt_document":"","inline_featured_image":false},"product_brand":[476],"product_cat":[399,398],"product_tag":[],"class_list":{"0":"post-62322","1":"product","2":"type-product","3":"status-publish","4":"has-post-thumbnail","6":"product_brand-ravenol","7":"product_cat-engine-oil","8":"product_cat-maintenance","10":"first","11":"onbackorder","12":"taxable","13":"shipping-taxable","14":"purchasable","15":"product-type-variable","16":"has-default-attributes"},"supplier_id":null,"supplier_sku":"","barcode":null,"atum_controlled":true,"out_stock_date":null,"out_stock_threshold":null,"inheritable":true,"inbound_stock":0,"stock_on_hold":0,"sold_today":0,"sales_last_days":3,"reserved_stock":0,"customer_returns":0,"warehouse_damage":0,"lost_in_post":0,"other_logs":0,"out_stock_days":null,"lost_sales":0,"has_location":false,"update_date":"2026-04-09T18:29:19","atum_locations":[],"atum_stock_status":"onbackorder","restock_status":false,"low_stock_amount":"","sales_update_date":"2025-12-09T12:37:50","calc_backorders":-6,"_links":{"self":[{"href":"https:\/\/revmatch.eu\/es\/wp-json\/wp\/v2\/product\/62322","targetHints":{"allow":["GET"]}}],"collection":[{"href":"https:\/\/revmatch.eu\/es\/wp-json\/wp\/v2\/product"}],"about":[{"href":"https:\/\/revmatch.eu\/es\/wp-json\/wp\/v2\/types\/product"}],"version-history":[{"count":0,"href":"https:\/\/revmatch.eu\/es\/wp-json\/wp\/v2\/product\/62322\/revisions"}],"wp:featuredmedia":[{"embeddable":true,"href":"https:\/\/revmatch.eu\/es\/wp-json\/wp\/v2\/media\/62330"}],"wp:attachment":[{"href":"https:\/\/revmatch.eu\/es\/wp-json\/wp\/v2\/media?parent=62322"}],"wp:term":[{"taxonomy":"product_brand","embeddable":true,"href":"https:\/\/revmatch.eu\/es\/wp-json\/wp\/v2\/product_brand?post=62322"},{"taxonomy":"product_cat","embeddable":true,"href":"https:\/\/revmatch.eu\/es\/wp-json\/wp\/v2\/product_cat?post=62322"},{"taxonomy":"product_tag","embeddable":true,"href":"https:\/\/revmatch.eu\/es\/wp-json\/wp\/v2\/product_tag?post=62322"}],"curies":[{"name":"wp","href":"https:\/\/api.w.org\/{rel}","templated":true}]}}