{"id":62326,"date":"2023-11-07T12:12:34","date_gmt":"2023-11-07T11:12:34","guid":{"rendered":"http:\/\/revmatch.eu\/?post_type=product&#038;p=62326"},"modified":"2026-04-20T19:21:35","modified_gmt":"2026-04-20T18:21:35","slug":"ravenol-rup-racing-ultra-performance-sae-5w-40","status":"publish","type":"product","link":"https:\/\/revmatch.eu\/es\/product\/ravenol-rup-racing-ultra-performance-sae-5w-40\/","title":{"rendered":"Ravenol RUP Racing Ultra Rendimiento SAE 5W-40"},"content":{"rendered":"<p><strong>Fabricaci\u00f3n:<\/strong>\u00a0Totalmente sint\u00e9tico, carreras y USVO\u00ae<\/p>\n<p><strong>Aceite de alto rendimiento para carreras RAVENOL RUP SAE 5W-40<\/strong>\u00a0Fue desarrollado junto con Ralf Schumacher para el automovilismo y es ideal para las carreras de coches, incluso cuando se somete a los m\u00e1s altos niveles de exigencia. Esto lo confirma su firma en la etiqueta. Aunque fue dise\u00f1ado espec\u00edficamente como aceite de competici\u00f3n,\u00a0<strong>Aceite de alto rendimiento para carreras RAVENOL RUP SAE 5W-40<\/strong>\u00a0Ha pasado todas las pruebas necesarias y, por lo tanto, ha recibido las aprobaciones oficiales de los fabricantes de autom\u00f3viles para el uso diario.\u00a0<strong>Aceite de alto rendimiento para carreras RAVENOL RUP SAE 5W-40<\/strong>\u00a0Ofrece una protecci\u00f3n significativamente mejor para los motores de gasolina y di\u00e9sel que los aceites de motor comunes.<\/p>\n<p><strong>Aceite de alto rendimiento para carreras RAVENOL RUP SAE 5W-40<\/strong>\u00a0es un moderno aceite de motor multigrado totalmente sint\u00e9tico basado en PAO (poli-alfa-olefina) con tecnolog\u00eda especial USVO\u00ae.<\/p>\n<p>Gracias a la tecnolog\u00eda USVO\u00ae logramos una estabilidad de viscosidad extremadamente alta. Evitamos las desventajas de los mejoradores de viscosidad polim\u00e9ricos y aprovechamos sus ventajas. Esto mejora la protecci\u00f3n del motor, el rendimiento, la limpieza del motor y los intervalos de cambio de aceite. La tecnolog\u00eda USVO\u00ae hace posible que el producto no presente p\u00e9rdidas por cizallamiento durante todo el intervalo de cambio y sea extremadamente estable a la oxidaci\u00f3n. Esta tecnolog\u00eda \u00fanica ayuda a que el aceite se lubrique m\u00e1s r\u00e1pido, minimizando as\u00ed la fricci\u00f3n y manteniendo el motor limpio y eficiente.<\/p>\n<p>Gracias a la mezcla especial de aceites base sint\u00e9ticos y altamente polares del Grupo V con una alta proporci\u00f3n de PAO de alta y baja viscosidad, se pudo formular sin el uso de mejoradores del \u00edndice de viscosidad.<\/p>\n<p>Debido a su alto \u00edndice de viscosidad, su alto valor HTHS, su extrema estabilidad al corte y sus novedosos aditivos especiales altamente efectivos con molibdeno y tungsteno,\u00a0<strong>Aceite de alto rendimiento para carreras RAVENOL RUP SAE 5W-40<\/strong>\u00a0Tambi\u00e9n es adecuado para un estilo de conducci\u00f3n extremadamente deportivo.<\/p>\n<p><strong>Aceite de alto rendimiento para carreras RAVENOL RUP SAE 5W-40<\/strong>\u00a0Utiliza las propiedades positivas del molibdeno y el tungsteno para suavizar la estructura de la superficie del motor, reduciendo la fricci\u00f3n y el desgaste y mejorando significativamente la eficiencia mec\u00e1nica.<\/p>\n<p><strong>Aceite de alto rendimiento para carreras RAVENOL RUP SAE 5W-40<\/strong>\u00a0logra una capa de lubricaci\u00f3n segura gracias a su formulaci\u00f3n \u00fanica incluso a temperaturas de funcionamiento muy altas, protecci\u00f3n contra la corrosi\u00f3n (oxidaci\u00f3n) y la formaci\u00f3n de espuma.<\/p>\n<h5>Direcciones de aplicaci\u00f3n:<\/h5>\n<p><strong>Aceite de alto rendimiento para carreras RAVENOL RUP SAE 5W-40<\/strong>\u00a0Es ideal para carreras de coches, incluso cuando est\u00e1n sometidas a los m\u00e1s altos niveles de tensi\u00f3n.<\/p>\n<h5>Clasificaci\u00f3n de calidad:<\/h5>\n<p><strong>Aceite de alto rendimiento para carreras RAVENOL RUP SAE 5W-40<\/strong>\u00a0est\u00e1 aprobado, probado y comprobado para agregados que especifican:<br \/>\nEspecificaci\u00f3n: ACEA C3, API SN<br \/>\nAprobaciones: API SN, BMW Longlife-04, GM dexos2\u2122 (licencia n\u00famero D20583HI081), MB-Approval 226.5, MB-Approval 229.51, Renault RN0700\/RN0710, VW 511 00<br \/>\nRecomendaciones: Ford WSS-M2C917-A, Porsche C40, VW 502 00, VW 505 00, VW 505 01<br \/>\nColaboraci\u00f3n en circuitos de carreras: prueba en N\u00fcrburgring, socio premium en Hockenheim y recomendaci\u00f3n de Ralf Schumacher<\/p>\n<h5>Caracter\u00edsticas t\u00e9cnicas:<\/h5>\n<p><strong>Aceite de alto rendimiento para carreras RAVENOL RUP SAE 5W-40<\/strong>\u00a0ofrece:<\/p>\n<ul>\n<li>Aceite de motor totalmente sint\u00e9tico ultramoderno para carreras de coches con aditivos especiales de molibdeno y tungsteno<\/li>\n<li>Capa lubricante segura a temperaturas de funcionamiento muy altas<\/li>\n<li>Alto valor HTHS, extrema estabilidad al corte<\/li>\n<li>Muy estable y excelente comportamiento de viscosidad.<\/li>\n<li>Muy baja tendencia a la evaporaci\u00f3n.<\/li>\n<li>Muy buenas caracter\u00edsticas de arranque en fr\u00edo.<\/li>\n<li>Muy buenas caracter\u00edsticas detergentes y dispersantes.<\/li>\n<li>Buena protecci\u00f3n contra la corrosi\u00f3n y la formaci\u00f3n de espuma.<\/li>\n<\/ul>","protected":false},"excerpt":{"rendered":"<p><strong>Aceite de alto rendimiento para carreras RAVENOL RUP SAE 5W-40<\/strong>\u00a0ofrece:<\/p>\n<ul>\n<li>Aceite de motor totalmente sint\u00e9tico ultramoderno para carreras de coches con aditivos especiales de molibdeno y tungsteno<\/li>\n<li>Capa lubricante segura a temperaturas de funcionamiento muy altas<\/li>\n<li>Alto valor HTHS, extrema estabilidad al corte<\/li>\n<li>Muy estable y excelente comportamiento de viscosidad.<\/li>\n<li>Muy baja tendencia a la evaporaci\u00f3n.<\/li>\n<li>Muy buenas caracter\u00edsticas de arranque en fr\u00edo.<\/li>\n<li>Muy buenas caracter\u00edsticas detergentes y dispersantes.<\/li>\n<li>Buena protecci\u00f3n contra la corrosi\u00f3n y la formaci\u00f3n de espuma.<\/li>\n<\/ul>","protected":false},"featured_media":62340,"template":"","meta":{"_crdt_document":"","inline_featured_image":false},"product_brand":[476],"product_cat":[399,398],"product_tag":[],"class_list":{"0":"post-62326","1":"product","2":"type-product","3":"status-publish","4":"has-post-thumbnail","6":"product_brand-ravenol","7":"product_cat-engine-oil","8":"product_cat-maintenance","10":"first","11":"onbackorder","12":"sale","13":"taxable","14":"shipping-taxable","15":"purchasable","16":"product-type-variable","17":"has-default-attributes"},"supplier_id":null,"supplier_sku":"","barcode":null,"atum_controlled":true,"out_stock_date":null,"out_stock_threshold":null,"inheritable":true,"inbound_stock":0,"stock_on_hold":0,"sold_today":0,"sales_last_days":1,"reserved_stock":0,"customer_returns":0,"warehouse_damage":0,"lost_in_post":0,"other_logs":0,"out_stock_days":null,"lost_sales":0,"has_location":false,"update_date":"2026-04-21T08:21:53","atum_locations":[],"atum_stock_status":"onbackorder","restock_status":false,"low_stock_amount":"","sales_update_date":"2025-12-09T12:38:07","calc_backorders":-6,"_links":{"self":[{"href":"https:\/\/revmatch.eu\/es\/wp-json\/wp\/v2\/product\/62326","targetHints":{"allow":["GET"]}}],"collection":[{"href":"https:\/\/revmatch.eu\/es\/wp-json\/wp\/v2\/product"}],"about":[{"href":"https:\/\/revmatch.eu\/es\/wp-json\/wp\/v2\/types\/product"}],"version-history":[{"count":0,"href":"https:\/\/revmatch.eu\/es\/wp-json\/wp\/v2\/product\/62326\/revisions"}],"wp:featuredmedia":[{"embeddable":true,"href":"https:\/\/revmatch.eu\/es\/wp-json\/wp\/v2\/media\/62340"}],"wp:attachment":[{"href":"https:\/\/revmatch.eu\/es\/wp-json\/wp\/v2\/media?parent=62326"}],"wp:term":[{"taxonomy":"product_brand","embeddable":true,"href":"https:\/\/revmatch.eu\/es\/wp-json\/wp\/v2\/product_brand?post=62326"},{"taxonomy":"product_cat","embeddable":true,"href":"https:\/\/revmatch.eu\/es\/wp-json\/wp\/v2\/product_cat?post=62326"},{"taxonomy":"product_tag","embeddable":true,"href":"https:\/\/revmatch.eu\/es\/wp-json\/wp\/v2\/product_tag?post=62326"}],"curies":[{"name":"wp","href":"https:\/\/api.w.org\/{rel}","templated":true}]}}