{"id":62344,"date":"2023-11-07T13:00:38","date_gmt":"2023-11-07T12:00:38","guid":{"rendered":"http:\/\/revmatch.eu\/?post_type=product&#038;p=62344"},"modified":"2025-12-09T13:56:35","modified_gmt":"2025-12-09T12:56:35","slug":"ravenol-rsp-racing-super-performance-sae-5w-30","status":"publish","type":"product","link":"https:\/\/revmatch.eu\/es\/product\/ravenol-rsp-racing-super-performance-sae-5w-30\/","title":{"rendered":"RAVENOL RSP Racing S\u00faper Rendimiento SAE 5W-30"},"content":{"rendered":"<p><strong>Fabricaci\u00f3n:<\/strong>\u00a0Totalmente sint\u00e9tico, carreras y USVO\u00ae<\/p>\n<p><strong>RAVENOL RSP Racing S\u00faper Rendimiento SAE 5W-30<\/strong> RAVENOL RSP Racing Super Performance SAE 5W-30 fue desarrollado en colaboraci\u00f3n con Ralf Schumacher para el deporte del motor y es ideal para las carreras de coches, incluso cuando se somete a los m\u00e1s altos niveles de exigencia. Esto lo confirma su firma en la etiqueta. A pesar de que fue dise\u00f1ado espec\u00edficamente como aceite de competici\u00f3n, RAVENOL RSP Racing Super Performance SAE 5W-30 ha superado todas las pruebas necesarias y, por lo tanto, ha recibido las aprobaciones oficiales de los fabricantes de autom\u00f3viles para el uso diario. RAVENOL RSP Racing Super Performance SAE 5W-30 ofrece una protecci\u00f3n significativamente mejor para los motores de gasolina y di\u00e9sel que los aceites de motor convencionales.<\/p>\n<p><strong>RAVENOL RSP Racing S\u00faper Rendimiento SAE 5W-30<\/strong> es un aceite de motor multigrado totalmente sint\u00e9tico, moderno, basado en PAO (poli-alfa-olefina) con <strong>Tecnolog\u00eda USVO\u00ae<\/strong> Para motores de gasolina y di\u00e9sel.<\/p>\n<p>Debido a la <strong>USVO<\/strong> Con la tecnolog\u00eda USVO\u00ae logramos una estabilidad de viscosidad extremadamente alta. Evitamos las desventajas de los mejoradores de viscosidad polim\u00e9ricos y aprovechamos sus ventajas. Esto mejora la protecci\u00f3n del motor, el rendimiento, la limpieza del motor y los intervalos de cambio de aceite. La tecnolog\u00eda USVO\u00ae hace posible que el producto no tenga p\u00e9rdidas por cizallamiento durante todo el intervalo de cambio y sea extremadamente estable a la oxidaci\u00f3n. Esta tecnolog\u00eda \u00fanica ayuda a que el aceite se lubrique m\u00e1s r\u00e1pido, minimizando as\u00ed la fricci\u00f3n y manteniendo el motor limpio y eficiente.<\/p>\n<p>Gracias a su alto \u00edndice de viscosidad, su buena estabilidad al corte y una nueva aditivaci\u00f3n especial de tungsteno de gran eficacia, RAVENOL RSP Racing Super Performance SAE 5W-30 tambi\u00e9n es adecuado para estilos de conducci\u00f3n extremadamente deportivos. Aprovecha las propiedades positivas del tungsteno para suavizar la estructura de la superficie del motor, reduciendo la fricci\u00f3n y el desgaste y mejorando significativamente la eficiencia mec\u00e1nica.<\/p>\n<p>RAVENOL RSP Racing Super Performance SAE 5W-30 proporciona una capa de lubricaci\u00f3n segura, incluso a temperaturas de funcionamiento muy altas. Amplia protecci\u00f3n contra la corrosi\u00f3n (oxidaci\u00f3n) y la formaci\u00f3n de espuma.<\/p>\n<h5><strong>Direcciones de aplicaci\u00f3n:<\/strong><\/h5>\n<p>RAVENOL RSP Racing Super Performance SAE 5W-30 es ideal para carreras de coches, incluso cuando est\u00e1n sometidos a los m\u00e1s altos niveles de esfuerzo.<\/p>\n<h5><strong>Clasificaci\u00f3n de calidad:<\/strong><\/h5>\n<p>RAVENOL RSP Racing Super Performance SAE 5W-30 est\u00e1 probado y testeado para agregados que especifican:<br \/>\nEspecificaci\u00f3n: ACEA A3\/B4<br \/>\nHomologaciones: MB-Approval 229.5, Renault RN0700\/ RN0710, VW 502 00 \/ 505 00, BMW Longlife-01<br \/>\nColaboraciones en carreras: prueba en N\u00fcrburgring, socio premium en Hockenheim y recomendaci\u00f3n de Ralf Schumacher<\/p>\n<h5><strong>Caracter\u00edsticas t\u00e9cnicas:<\/strong><\/h5>\n<p><strong>RAVENOL RSP Racing S\u00faper Rendimiento SAE 5W-30<\/strong> ofrece:<\/p>\n<ul>\n<li>Aceite de motor totalmente sint\u00e9tico ultramoderno para carreras de coches con aditivo especial de tungsteno<\/li>\n<li>Capa lubricante segura a temperaturas de funcionamiento muy altas<\/li>\n<li>Alto valor HTHS, muy buena estabilidad al corte.<\/li>\n<li>Muy estable y excelente comportamiento de viscosidad.<\/li>\n<li>Muy baja tendencia a la evaporaci\u00f3n.<\/li>\n<li>Muy buenas caracter\u00edsticas de arranque en fr\u00edo.<\/li>\n<li>Muy buenas caracter\u00edsticas detergentes y dispersantes.<\/li>\n<li>Buena protecci\u00f3n contra la corrosi\u00f3n y la formaci\u00f3n de espuma.<\/li>\n<\/ul>","protected":false},"excerpt":{"rendered":"<p><strong>RAVENOL RSP Racing S\u00faper Rendimiento SAE 5W-30<\/strong> ofrece:<\/p>\n<ul>\n<li>Aceite de motor totalmente sint\u00e9tico ultramoderno para carreras de coches con aditivo especial de tungsteno<\/li>\n<li>Capa lubricante segura a temperaturas de funcionamiento muy altas<\/li>\n<li>Alto valor HTHS, muy buena estabilidad al corte.<\/li>\n<li>Muy estable y excelente comportamiento de viscosidad.<\/li>\n<li>Muy baja tendencia a la evaporaci\u00f3n.<\/li>\n<li>Muy buenas caracter\u00edsticas de arranque en fr\u00edo.<\/li>\n<li>Muy buenas caracter\u00edsticas detergentes y dispersantes.<\/li>\n<li>Buena protecci\u00f3n contra la corrosi\u00f3n y la formaci\u00f3n de espuma.<\/li>\n<\/ul>","protected":false},"featured_media":62351,"template":"","meta":{"_crdt_document":"","inline_featured_image":false},"product_brand":[476],"product_cat":[399,398],"product_tag":[],"class_list":{"0":"post-62344","1":"product","2":"type-product","3":"status-publish","4":"has-post-thumbnail","6":"product_brand-ravenol","7":"product_cat-engine-oil","8":"product_cat-maintenance","10":"first","11":"onbackorder","12":"taxable","13":"shipping-taxable","14":"purchasable","15":"product-type-variable","16":"has-default-attributes"},"supplier_id":null,"supplier_sku":"","barcode":null,"atum_controlled":true,"out_stock_date":"2025-12-09 13:55:20","out_stock_threshold":null,"inheritable":true,"inbound_stock":0,"stock_on_hold":0,"sold_today":null,"sales_last_days":null,"reserved_stock":0,"customer_returns":0,"warehouse_damage":0,"lost_in_post":0,"other_logs":0,"out_stock_days":0,"lost_sales":null,"has_location":false,"update_date":"2025-12-09T12:56:37","atum_locations":[],"atum_stock_status":"onbackorder","restock_status":false,"low_stock_amount":"","sales_update_date":"2025-12-09T12:38:06","calc_backorders":null,"_links":{"self":[{"href":"https:\/\/revmatch.eu\/es\/wp-json\/wp\/v2\/product\/62344","targetHints":{"allow":["GET"]}}],"collection":[{"href":"https:\/\/revmatch.eu\/es\/wp-json\/wp\/v2\/product"}],"about":[{"href":"https:\/\/revmatch.eu\/es\/wp-json\/wp\/v2\/types\/product"}],"version-history":[{"count":0,"href":"https:\/\/revmatch.eu\/es\/wp-json\/wp\/v2\/product\/62344\/revisions"}],"wp:featuredmedia":[{"embeddable":true,"href":"https:\/\/revmatch.eu\/es\/wp-json\/wp\/v2\/media\/62351"}],"wp:attachment":[{"href":"https:\/\/revmatch.eu\/es\/wp-json\/wp\/v2\/media?parent=62344"}],"wp:term":[{"taxonomy":"product_brand","embeddable":true,"href":"https:\/\/revmatch.eu\/es\/wp-json\/wp\/v2\/product_brand?post=62344"},{"taxonomy":"product_cat","embeddable":true,"href":"https:\/\/revmatch.eu\/es\/wp-json\/wp\/v2\/product_cat?post=62344"},{"taxonomy":"product_tag","embeddable":true,"href":"https:\/\/revmatch.eu\/es\/wp-json\/wp\/v2\/product_tag?post=62344"}],"curies":[{"name":"wp","href":"https:\/\/api.w.org\/{rel}","templated":true}]}}