{"id":64284,"date":"2023-11-29T10:35:52","date_gmt":"2023-11-29T09:35:52","guid":{"rendered":"http:\/\/revmatch.eu\/?post_type=product&#038;p=64284"},"modified":"2026-02-27T17:10:59","modified_gmt":"2026-02-27T16:10:59","slug":"intercooler-evo-2-n55-serie-f","status":"publish","type":"product","link":"https:\/\/revmatch.eu\/es\/product\/evo-2-intercooler-n55-f-series\/","title":{"rendered":"Intercooler EVO 2 N55 Serie F"},"content":{"rendered":"<p>Nuestros intercoolers tienen un panel de enfriamiento con <strong>aumento de superficie<\/strong> \u00e1rea y volumen para <strong>refrigeraci\u00f3n superior<\/strong>.<\/p>\n<p>Est\u00e1n dise\u00f1ados con un sistema de canalizaci\u00f3n interna para <strong>Distribuir el flujo de aire de forma homog\u00e9nea y reducir la ca\u00edda de presi\u00f3n<\/strong> a la salida del intercooler.<\/p>\n<p>Tenga en cuenta que debido al tama\u00f1o de este intercooler, puede ser un poco estrecho para colocarlo, pero no se requieren modificaciones.<\/p>","protected":false},"excerpt":{"rendered":"<p>Nuestros intercoolers tienen un panel de enfriamiento con <strong>aumento de superficie<\/strong> \u00e1rea y volumen para <strong>refrigeraci\u00f3n superior<\/strong>.<\/p>\n<p>Est\u00e1n dise\u00f1ados con un sistema de canalizaci\u00f3n interna para <strong>Distribuir el flujo de aire de forma homog\u00e9nea y reducir la ca\u00edda de presi\u00f3n<\/strong> a la salida del intercooler.<\/p>\n<p>Tenga en cuenta que debido al tama\u00f1o de este intercooler, puede ser un poco estrecho para colocarlo, pero no se requieren modificaciones.<\/p>","protected":false},"featured_media":64286,"template":"","meta":{"_crdt_document":"","inline_featured_image":false},"product_brand":[],"product_cat":[370,454],"product_tag":[],"class_list":{"0":"post-64284","1":"product","2":"type-product","3":"status-publish","4":"has-post-thumbnail","6":"product_cat-engine","7":"product_cat-n55","9":"first","10":"outofstock","11":"taxable","12":"shipping-taxable","13":"purchasable","14":"product-type-simple"},"supplier_id":null,"supplier_sku":"","barcode":null,"atum_controlled":true,"out_stock_date":"2026-02-27 17:10:59","out_stock_threshold":null,"inheritable":false,"inbound_stock":null,"stock_on_hold":0,"sold_today":0,"sales_last_days":0,"reserved_stock":null,"customer_returns":null,"warehouse_damage":null,"lost_in_post":null,"other_logs":null,"out_stock_days":2,"lost_sales":0,"has_location":false,"update_date":"2026-03-02T09:32:45","atum_locations":[],"atum_stock_status":"outofstock","restock_status":false,"low_stock_amount":"","sales_update_date":"2026-03-02T09:32:45","calc_backorders":null,"_links":{"self":[{"href":"https:\/\/revmatch.eu\/es\/wp-json\/wp\/v2\/product\/64284","targetHints":{"allow":["GET"]}}],"collection":[{"href":"https:\/\/revmatch.eu\/es\/wp-json\/wp\/v2\/product"}],"about":[{"href":"https:\/\/revmatch.eu\/es\/wp-json\/wp\/v2\/types\/product"}],"version-history":[{"count":0,"href":"https:\/\/revmatch.eu\/es\/wp-json\/wp\/v2\/product\/64284\/revisions"}],"wp:featuredmedia":[{"embeddable":true,"href":"https:\/\/revmatch.eu\/es\/wp-json\/wp\/v2\/media\/64286"}],"wp:attachment":[{"href":"https:\/\/revmatch.eu\/es\/wp-json\/wp\/v2\/media?parent=64284"}],"wp:term":[{"taxonomy":"product_brand","embeddable":true,"href":"https:\/\/revmatch.eu\/es\/wp-json\/wp\/v2\/product_brand?post=64284"},{"taxonomy":"product_cat","embeddable":true,"href":"https:\/\/revmatch.eu\/es\/wp-json\/wp\/v2\/product_cat?post=64284"},{"taxonomy":"product_tag","embeddable":true,"href":"https:\/\/revmatch.eu\/es\/wp-json\/wp\/v2\/product_tag?post=64284"}],"curies":[{"name":"wp","href":"https:\/\/api.w.org\/{rel}","templated":true}]}}