{"id":64305,"date":"2023-12-04T20:05:43","date_gmt":"2023-12-04T19:05:43","guid":{"rendered":"http:\/\/revmatch.eu\/?post_type=product&#038;p=64305"},"modified":"2025-05-09T03:19:45","modified_gmt":"2025-05-09T02:19:45","slug":"bmw-s55-titanium-equal-length-midpipe","status":"publish","type":"product","link":"https:\/\/revmatch.eu\/es\/producto\/bmw-s55-titanium-equal-length-midpipe\/","title":{"rendered":"Intermedio Equal Length de titanio para BMW S55"},"content":{"rendered":"<p>Tubo de escape de igual longitud para los modelos BMW S55: la soluci\u00f3n perfecta para mejorar el sonido de su BMW y al mismo tiempo garantizar que los gases evacuan de una manera uniforme.<\/p>\n<p>Caracter\u00edsticas clave:<\/p>\n<ul>\n<li>Sonido mejorado: experimente una nota de escape estimulante y agresiva que girar\u00e1 cabezas. Nuestro intermedio equal length est\u00e1 dise\u00f1ado espec\u00edficamente para mejorar los tonos graves y mejorar la ac\u00fastica general de su motor BMW S55.<\/li>\n<li>Dise\u00f1o de igual longitud: diga adi\u00f3s al flujo de escape desigual. Nuestro intermedio cuenta con tubos de igual longitud, lo que elimina cualquier inconsistencia y optimiza el flujo de gases de escape, lo que resulta en un rendimiento mejorado y una contrapresi\u00f3n reducida.<\/li>\n<li>Ajuste preciso: Dise\u00f1ado exclusivamente para motores BMW S55, este tubo medio garantiza un ajuste perfecto y preciso. Puede confiar en que se integrar\u00e1 perfectamente con su sistema de escape existente, lo que garantizar\u00e1 un proceso de instalaci\u00f3n sin complicaciones.<\/li>\n<li>Construcci\u00f3n de alta calidad: elaborado con materiales de primera calidad, nuestro intermedio ofrece durabilidad y longevidad excepcionales. Construido para soportar los rigores de la conducci\u00f3n diaria y el uso en pista, es resistente a la corrosi\u00f3n y mantendr\u00e1 su condici\u00f3n impecable con el tiempo.<\/li>\n<li>Rendimiento mejorado: al igualar la longitud de los tubos, se promueve una evacuaci\u00f3n de escape m\u00e1s eficiente, lo que puede generar ganancias de potencia y par (aproximadamente un aumento de 15 cv).<\/li>\n<\/ul>\n<p>Actualice su sistema de escape BMW S55 con nuestro intermedio equal length y disfrute de un sonido agresivo y una ligera mejora de potencia. \u00a1Libera el verdadero potencial de tu BMW hoy!<\/p>\n<p>Compatible con M2 Competici\u00f3n, M3 y M4.<\/p>\n<p>Nota: <strong>Solo apto para uso fuera de carretera<\/strong>.<\/p>\n<p><strong>Tiempo de producci\u00f3n: 3-6 semanas<\/strong><\/p>\n<p>&nbsp;<\/p>","protected":false},"excerpt":{"rendered":"<p>Tubo de escape de igual longitud para los modelos BMW S55: la soluci\u00f3n perfecta para mejorar el sonido de su BMW y al mismo tiempo garantizar que los gases evacuan de una manera uniforme.<\/p>\n<p>Caracter\u00edsticas clave:<\/p>\n<ul>\n<li>Sonido mejorado: Nuestro midpipe est\u00e1 dise\u00f1ado espec\u00edficamente para amplificar los tonos profundos y mejorar la ac\u00fastica general de su motor BMW S55.<\/li>\n<li>Dise\u00f1o de igual longitud: Diga adi\u00f3s al flujo de escape desigual.<\/li>\n<li>Ajuste preciso: Dise\u00f1ado exclusivamente para motores BMW S55.<\/li>\n<li>Construcci\u00f3n de alta calidad: Nuestro midpipe ofrece una durabilidad y longevidad excepcionales.<\/li>\n<li>Mejora del rendimiento: Aumento de la potencia y del par motor (aproximadamente 15 CV m\u00e1s).<\/li>\n<\/ul>\n<p>Actualice su sistema de escape BMW S55 con nuestro intermedio equal length y disfrute de un sonido agresivo y una ligera mejora de potencia. \u00a1Libera el verdadero potencial de tu BMW hoy!<\/p>\n<p>Compatible con M2 Competici\u00f3n, M3 y M4.<\/p>\n<p>Nota: <strong>Solo apto para uso fuera de carretera<\/strong>.<\/p>\n<div id=\"gtx-trans\" style=\"position: absolute; left: 227px; top: 213.875px;\">\n<div class=\"gtx-trans-icon\"><\/div>\n<\/div>","protected":false},"featured_media":64308,"template":"","meta":{"_crdt_document":"","inline_featured_image":false},"product_brand":[],"product_cat":[345,456],"product_tag":[],"class_list":{"0":"post-64305","1":"product","2":"type-product","3":"status-publish","4":"has-post-thumbnail","6":"product_cat-exhausts","7":"product_cat-s55","8":"product_shipping_class-heavy-parcel-1-2","10":"first","11":"onbackorder","12":"taxable","13":"shipping-taxable","14":"purchasable","15":"product-type-variable"},"supplier_id":null,"supplier_sku":"","barcode":null,"atum_controlled":true,"out_stock_date":"2025-01-25 14:15:34","out_stock_threshold":null,"inheritable":true,"inbound_stock":0,"stock_on_hold":0,"sold_today":null,"sales_last_days":null,"reserved_stock":0,"customer_returns":0,"warehouse_damage":0,"lost_in_post":0,"other_logs":0,"out_stock_days":103,"lost_sales":null,"has_location":false,"update_date":"2025-06-11T15:16:43","atum_locations":[],"atum_stock_status":"onbackorder","restock_status":false,"low_stock_amount":"","sales_update_date":"2025-06-11T15:16:43","calc_backorders":null,"_links":{"self":[{"href":"https:\/\/revmatch.eu\/es\/wp-json\/wp\/v2\/product\/64305","targetHints":{"allow":["GET"]}}],"collection":[{"href":"https:\/\/revmatch.eu\/es\/wp-json\/wp\/v2\/product"}],"about":[{"href":"https:\/\/revmatch.eu\/es\/wp-json\/wp\/v2\/types\/product"}],"version-history":[{"count":1,"href":"https:\/\/revmatch.eu\/es\/wp-json\/wp\/v2\/product\/64305\/revisions"}],"predecessor-version":[{"id":82053,"href":"https:\/\/revmatch.eu\/es\/wp-json\/wp\/v2\/product\/64305\/revisions\/82053"}],"wp:featuredmedia":[{"embeddable":true,"href":"https:\/\/revmatch.eu\/es\/wp-json\/wp\/v2\/media\/64308"}],"wp:attachment":[{"href":"https:\/\/revmatch.eu\/es\/wp-json\/wp\/v2\/media?parent=64305"}],"wp:term":[{"taxonomy":"product_brand","embeddable":true,"href":"https:\/\/revmatch.eu\/es\/wp-json\/wp\/v2\/product_brand?post=64305"},{"taxonomy":"product_cat","embeddable":true,"href":"https:\/\/revmatch.eu\/es\/wp-json\/wp\/v2\/product_cat?post=64305"},{"taxonomy":"product_tag","embeddable":true,"href":"https:\/\/revmatch.eu\/es\/wp-json\/wp\/v2\/product_tag?post=64305"}],"curies":[{"name":"wp","href":"https:\/\/api.w.org\/{rel}","templated":true}]}}