{"id":66220,"date":"2024-04-12T15:00:58","date_gmt":"2024-04-12T14:00:58","guid":{"rendered":"http:\/\/revmatch.eu\/?post_type=product&#038;p=66220"},"modified":"2024-04-14T16:02:03","modified_gmt":"2024-04-14T15:02:03","slug":"dba-5000-series-t3-slotted-silver-hat-bmw-f8x","status":"publish","type":"product","link":"https:\/\/revmatch.eu\/es\/producto\/dba-5000-series-t3-slotted-silver-hat-bmw-f8x\/","title":{"rendered":"Serie DBA 5000 \u2013 Campana plateada ranurada T3 BMW F8x"},"content":{"rendered":"<p><img decoding=\"async\" src=\"https:\/\/3cerp.eu\/api\/file\/T3_5000_Kangaroo-Paw.jpg\" alt=\"SERIE DBA4000\" \/><\/p>\n<table id=\"xoverview\" class=\"table\">\n<tbody>\n<tr>\n<td style=\"width: 400px;\"><b>Descripci\u00f3n de la caracter\u00edstica<\/b><\/td>\n<td><b>Ventaja<\/b><\/td>\n<td><b>Beneficio<\/b><\/td>\n<\/tr>\n<tr>\n<td rowspan=\"3\"><b>\u201cT3 Slot 48 ranuras mecanizadas CNC de precisi\u00f3n\u201d<\/b><\/td>\n<td>Las ranuras curvas trisim\u00e9tricas amortiguan los arm\u00f3nicos de vibraci\u00f3n o el ruido.<\/td>\n<td>Una sensaci\u00f3n de pedal de freno m\u00e1s silenciosa, sensible y suave<\/td>\n<\/tr>\n<tr>\n<td>Mayor n\u00famero de puntos de salida de desgasificaci\u00f3n para que escapen los gases de fricci\u00f3n de las pastillas de freno<\/td>\n<td>Aumenta la consistencia y eficacia de cada parada de freno.<\/td>\n<\/tr>\n<tr>\n<td>Dise\u00f1o de ranura universal<\/td>\n<td>Elimina la necesidad de discos izquierdo y derecho<\/td>\n<\/tr>\n<tr>\n<td rowspan=\"2\"><b>Kangaroo Paw: sistema de ventilaci\u00f3n con pilar de l\u00e1grima y diamante 144<\/b><\/td>\n<td>Mayor \u00e1rea de superficie que resulta en una mayor disipaci\u00f3n de calor.<\/td>\n<td>Minimiza el desvanecimiento del freno y aumenta la efectividad del frenado.<\/td>\n<\/tr>\n<tr>\n<td>Mayor \u00e1rea de superficie que resulta en una mayor disipaci\u00f3n de calor.<\/td>\n<td>Prolonga la vida \u00fatil tanto de las pastillas como de los rotores. Reduce los da\u00f1os mec\u00e1nicos y los costes asociados.<\/td>\n<\/tr>\n<tr>\n<td><b>Hierro aleado con alto contenido de carbono XG150<\/b><\/td>\n<td>Un aumento en la propiedad de capacidad t\u00e9rmica permite que el rotor maneje temperaturas extremas constantes durante per\u00edodos prolongados de tiempo.<\/td>\n<td>Minimiza las deformaciones y grietas y prolonga la vida \u00fatil del rotor.<\/td>\n<\/tr>\n<tr>\n<td><b>Perfiles de estabilidad t\u00e9rmica<\/b><\/td>\n<td>Formulaci\u00f3n especial dise\u00f1ada para responder al proceso TSP de DBA<\/td>\n<td>Minimiza las deformaciones y grietas y prolonga la vida \u00fatil del rotor.<\/td>\n<\/tr>\n<tr>\n<td rowspan=\"2\"><b>Monitoreo termogr\u00e1fico de temperatura<\/b><\/td>\n<td>Las marcas de pintura t\u00e9rmica cambian de color en umbrales de temperatura espec\u00edficos<\/td>\n<td>Ofrece al conductor una indicaci\u00f3n clara de las temperaturas m\u00e1ximas de frenado.<\/td>\n<\/tr>\n<tr>\n<td>Cuando se exceden los umbrales de temperatura, las marcas de pintura cambiar\u00e1n de color permanentemente.<\/td>\n<td>Permite al conductor monitorear la fatiga del rotor y decidir sobre el reemplazo del rotor y ayudar a los revendedores con los reclamos de garant\u00eda.<\/td>\n<\/tr>\n<tr>\n<td rowspan=\"2\"><b>Protecci\u00f3n de pintura en zonas sin fricci\u00f3n.<\/b><\/td>\n<td>Reduce la corrosi\u00f3n<\/td>\n<td>Detiene cualquier formaci\u00f3n de \u00f3xido antiest\u00e9tico.<\/td>\n<\/tr>\n<tr>\n<td>Mejora la apariencia<\/td>\n<td>Agrega valor al producto.<\/td>\n<\/tr>\n<\/tbody>\n<\/table>\n<p>&nbsp;<\/p>","protected":false},"excerpt":{"rendered":"<ul>\n<li>Ventilaci\u00f3n del disco: Pata de canguro<\/li>\n<li>Di\u00e1metro [mm]: 380<\/li>\n<li>Altura [mm]: 62,3<\/li>\n<li>Espesor [mm]: 30<\/li>\n<li>Espesor m\u00ednimo [mm]: 28,4<\/li>\n<li>Di\u00e1metro interior [mm]: 79<\/li>\n<li>N\u00famero de agujeros: 5<\/li>\n<li>Rotor de repuesto: DBA53298.1S<\/li>\n<li>Peso [KG]: 13<\/li>\n<\/ul>","protected":false},"featured_media":66224,"template":"","meta":{"_crdt_document":"","inline_featured_image":false},"product_brand":[],"product_cat":[344],"product_tag":[],"class_list":{"0":"post-66220","1":"product","2":"type-product","3":"status-publish","4":"has-post-thumbnail","6":"product_cat-brake-discs","8":"first","9":"onbackorder","10":"taxable","11":"shipping-taxable","12":"purchasable","13":"product-type-simple"},"supplier_id":null,"supplier_sku":"","barcode":null,"atum_controlled":true,"out_stock_date":null,"out_stock_threshold":null,"inheritable":false,"inbound_stock":0,"stock_on_hold":0,"sold_today":0,"sales_last_days":0,"reserved_stock":0,"customer_returns":0,"warehouse_damage":0,"lost_in_post":0,"other_logs":0,"out_stock_days":0,"lost_sales":0,"has_location":false,"update_date":"2025-12-09T12:37:50","atum_locations":[],"atum_stock_status":"instock","restock_status":false,"low_stock_amount":"","sales_update_date":"2025-12-09T12:37:50","calc_backorders":null,"_links":{"self":[{"href":"https:\/\/revmatch.eu\/es\/wp-json\/wp\/v2\/product\/66220","targetHints":{"allow":["GET"]}}],"collection":[{"href":"https:\/\/revmatch.eu\/es\/wp-json\/wp\/v2\/product"}],"about":[{"href":"https:\/\/revmatch.eu\/es\/wp-json\/wp\/v2\/types\/product"}],"version-history":[{"count":0,"href":"https:\/\/revmatch.eu\/es\/wp-json\/wp\/v2\/product\/66220\/revisions"}],"wp:featuredmedia":[{"embeddable":true,"href":"https:\/\/revmatch.eu\/es\/wp-json\/wp\/v2\/media\/66224"}],"wp:attachment":[{"href":"https:\/\/revmatch.eu\/es\/wp-json\/wp\/v2\/media?parent=66220"}],"wp:term":[{"taxonomy":"product_brand","embeddable":true,"href":"https:\/\/revmatch.eu\/es\/wp-json\/wp\/v2\/product_brand?post=66220"},{"taxonomy":"product_cat","embeddable":true,"href":"https:\/\/revmatch.eu\/es\/wp-json\/wp\/v2\/product_cat?post=66220"},{"taxonomy":"product_tag","embeddable":true,"href":"https:\/\/revmatch.eu\/es\/wp-json\/wp\/v2\/product_tag?post=66220"}],"curies":[{"name":"wp","href":"https:\/\/api.w.org\/{rel}","templated":true}]}}