{"id":68146,"date":"2024-09-05T14:04:15","date_gmt":"2024-09-05T13:04:15","guid":{"rendered":"https:\/\/revmatch.eu\/?post_type=product&#038;p=68146"},"modified":"2026-03-13T00:10:07","modified_gmt":"2026-03-12T23:10:07","slug":"bmw-f8x-f2x-f3x-wheel-stud-conversion-kit","status":"publish","type":"product","link":"https:\/\/revmatch.eu\/es\/producto\/bmw-f8x-f2x-f3x-wheel-stud-conversion-kit\/","title":{"rendered":"BMW F8x\/F2x\/F3x Kit de Conversi\u00f3n a Esp\u00e1rragos"},"content":{"rendered":"<p>Un kit de conversi\u00f3n a esp\u00e1rragos para reemplazar los tornillos de las ruedas con esp\u00e1rragos y tuercas, lo que proporciona varias ventajas sobre los tornillos de rueda OEM:<\/p>\n<ul>\n<li>M\u00e9todo de fijaci\u00f3n m\u00e1s ligero y fuerte.<\/li>\n<li>Hace que el montaje y colocaci\u00f3n de ruedas sea MUCHO m\u00e1s f\u00e1cil y r\u00e1pido.<\/li>\n<li>Evita que se da\u00f1en las roscas de los bujes de las ruedas, una soluci\u00f3n de precio elevado en comparaci\u00f3n con el coste de estas conversiones a esp\u00e1rragos. Si se da\u00f1an las roscas de los esp\u00e1rragos en el lado de la rueda, simplemente se reemplaza el esp\u00e1rrago.<\/li>\n<li>Se pueden usar separadores de varios tama\u00f1os con el mismo kit de esp\u00e1rragos (depende del kit de longitud elegido), sin necesidad de comprar esp\u00e1rragos de diferentes longitudes cuando se quita\/cambia el ancho de los separadores.<\/li>\n<\/ul>\n<p><strong>Caracter\u00edsticas<\/strong>:<\/p>\n<ul>\n<li>Acabado en zinc negro estilo OEM<\/li>\n<li>Rosca M14x1,25<\/li>\n<li>Separadores de hasta 12 mm con esp\u00e1rragos de 70 mm<\/li>\n<li>Acero de dureza 10,9<\/li>\n<\/ul>\n<p><strong>El kit incluye<\/strong>:<\/p>\n<ul>\n<li>20 esp\u00e1rragos<\/li>\n<li>20 tuercas<\/li>\n<\/ul>\n<p><strong>Sin separadores, las combinaciones recomendadas son<\/strong>:<\/p>\n<ul>\n<li>Esp\u00e1rragos de 65 mm + tuercas de 20 mm<\/li>\n<li>Esp\u00e1rragos de 70 mm + tuercas de 25 mm<\/li>\n<\/ul>\n<p>&nbsp;<\/p>\n<p><strong>Los esp\u00e1rragos de 70 mm con tuercas de 20 mm se pueden utilizar con separadores de hasta 12 mm.<\/strong><\/p>\n<p>Compatible con BMW F8x, F2x, F3x y otros coches que utilizan M14x1,25.<\/p>\n<p>&nbsp;<\/p>\n<p>Instrucciones:<\/p>\n<ul>\n<li>Repasar todas las roscas de los bujes con una terraja a derechas M14x1.25.<\/li>\n<li>En el tramo de rosca que entra en el buje, aplicar una gota de Loctite Azul (se puede usar Verde como alternativa, aunque podr\u00eda dificultar su futura sustituci\u00f3n).<\/li>\n<li>Apretar cada esp\u00e1rrago a 20 Nm.<\/li>\n<li><strong>La tolerancia entre tuerca y esp\u00e1rrago es intencionadamente menor<\/strong> que en otros fabricantes. Esto se debe a que los esp\u00e1rragos llevan un recubrimiento de zinc: durante los primeros ciclos de apriete y afloje, parte de dicho recubrimiento se desplaza, lo que aumenta la holgura hasta alcanzar su valor operativo correcto. Si las tuercas se fabricasen con una tolerancia est\u00e1ndar desde el inicio, existir\u00eda riesgo de que se aflojasen durante un uso en circuito.<\/li>\n<li>Por este motivo, es completamente normal que en los primeros aprietes se note cierta resistencia, lo cual no debe generar preocupaci\u00f3n. Si alguna tuerca presenta una dificultad excesiva al enroscar, puede emplearse en un esp\u00e1rrago adyacente.<\/li>\n<li>Las tuercas deben apretarse con un par de 120\u2013130 Nm, seg\u00fan especifica BMW en el manual.<\/li>\n<\/ul>\n<p><strong>Bajo ning\u00fan concepto utilizar pistola de impacto.<\/strong><\/p>","protected":false},"excerpt":{"rendered":"<p>Un kit de conversi\u00f3n a esp\u00e1rragos que reemplaza los tornillos de las ruedas con esp\u00e1rragos y tuercas.<\/p>\n<p><strong>Caracter\u00edsticas<\/strong>:<\/p>\n<ul>\n<li>Acabado en zinc negro estilo OEM<\/li>\n<li>M\u00e1s ligeros que los tornillos normales<\/li>\n<li>Rosca M14x1,25<\/li>\n<li>Separadores de hasta 12 mm con esp\u00e1rragos de 70 mm<\/li>\n<li>Acero de dureza 10,9<\/li>\n<\/ul>\n<p><strong>Sin separadores, las combinaciones recomendadas son<\/strong>:<\/p>\n<ul>\n<li>Esp\u00e1rragos de 65 mm + tuercas de 20 mm<\/li>\n<li>Esp\u00e1rragos de 70 mm + tuercas de 25 mm<\/li>\n<\/ul>\n<p><strong>Los esp\u00e1rragos de 70 mm con tuercas de 20 mm se pueden utilizar con separadores de hasta 12 mm.<\/strong><\/p>","protected":false},"featured_media":68147,"template":"","meta":{"_crdt_document":"","inline_featured_image":false},"product_brand":[],"product_cat":[184,450,449],"product_tag":[],"class_list":{"0":"post-68146","1":"product","2":"type-product","3":"status-publish","4":"has-post-thumbnail","6":"product_cat-revmatch","7":"product_cat-wheel-studs","8":"product_cat-wheels-and-accessories","10":"first","11":"instock","12":"sale","13":"taxable","14":"shipping-taxable","15":"purchasable","16":"product-type-variable"},"supplier_id":null,"supplier_sku":"","barcode":null,"atum_controlled":true,"out_stock_date":null,"out_stock_threshold":null,"inheritable":true,"inbound_stock":0,"stock_on_hold":1,"sold_today":0,"sales_last_days":1,"reserved_stock":0,"customer_returns":0,"warehouse_damage":0,"lost_in_post":0,"other_logs":0,"out_stock_days":null,"lost_sales":0,"has_location":false,"update_date":"2026-03-12T23:10:08","atum_locations":[],"atum_stock_status":"instock","restock_status":false,"low_stock_amount":"","sales_update_date":"2025-08-20T09:54:41","calc_backorders":null,"_links":{"self":[{"href":"https:\/\/revmatch.eu\/es\/wp-json\/wp\/v2\/product\/68146","targetHints":{"allow":["GET"]}}],"collection":[{"href":"https:\/\/revmatch.eu\/es\/wp-json\/wp\/v2\/product"}],"about":[{"href":"https:\/\/revmatch.eu\/es\/wp-json\/wp\/v2\/types\/product"}],"version-history":[{"count":2,"href":"https:\/\/revmatch.eu\/es\/wp-json\/wp\/v2\/product\/68146\/revisions"}],"predecessor-version":[{"id":83557,"href":"https:\/\/revmatch.eu\/es\/wp-json\/wp\/v2\/product\/68146\/revisions\/83557"}],"wp:featuredmedia":[{"embeddable":true,"href":"https:\/\/revmatch.eu\/es\/wp-json\/wp\/v2\/media\/68147"}],"wp:attachment":[{"href":"https:\/\/revmatch.eu\/es\/wp-json\/wp\/v2\/media?parent=68146"}],"wp:term":[{"taxonomy":"product_brand","embeddable":true,"href":"https:\/\/revmatch.eu\/es\/wp-json\/wp\/v2\/product_brand?post=68146"},{"taxonomy":"product_cat","embeddable":true,"href":"https:\/\/revmatch.eu\/es\/wp-json\/wp\/v2\/product_cat?post=68146"},{"taxonomy":"product_tag","embeddable":true,"href":"https:\/\/revmatch.eu\/es\/wp-json\/wp\/v2\/product_tag?post=68146"}],"curies":[{"name":"wp","href":"https:\/\/api.w.org\/{rel}","templated":true}]}}