{"id":68156,"date":"2025-05-05T10:29:59","date_gmt":"2025-05-05T09:29:59","guid":{"rendered":"https:\/\/revmatch.eu\/?post_type=product&#038;p=68156"},"modified":"2026-04-13T21:10:08","modified_gmt":"2026-04-13T20:10:08","slug":"kit-de-eliminacion-de-pcv-n55-s55","status":"publish","type":"product","link":"https:\/\/revmatch.eu\/es\/product\/n55-s55-pcv-delete-kit\/","title":{"rendered":"Kit de eliminaci\u00f3n de PCV N55\/S55"},"content":{"rendered":"<p>Este kit elimina el diafragma de goma propenso a desgarros.<\/p>\n<p>Caracter\u00edsticas:<\/p>\n<ul>\n<li>Evite la acumulaci\u00f3n de aceite en la entrada<\/li>\n<li>Mantenga su turbo e intercooler libres de gases de aceite<\/li>\n<li>Mejor liberaci\u00f3n de presi\u00f3n del c\u00e1rter.<\/li>\n<\/ul>\n<p>El kit incluye:<\/p>\n<ul>\n<li>1 Tap\u00f3n de eliminaci\u00f3n de PCV con tap\u00f3n AN10<\/li>\n<li>1 Puerto de ventilaci\u00f3n frontal a AN10<\/li>\n<li>1 Manguera trenzada ORB10-AN10 1m VTA* (opcional)<\/li>\n<li>1 Manguera trenzada AN10 45\u00ba 1,5m VTA* (opcional)<\/li>\n<\/ul>\n<p><strong>Las mangueras trenzadas AN10 pueden terminarse en racores AN10 0\u00ba\/45\u00ba\/90\u00ba bajo pedido para instalarse con un decantador.<\/strong><\/p>\n<p><strong>*VTA: Ventilaci\u00f3n a Atm\u00f3sfera<\/strong><\/p>","protected":false},"excerpt":{"rendered":"<p>Este kit elimina el diafragma de goma propenso a desgarros.<\/p>\n<p>Caracter\u00edsticas:<\/p>\n<ul>\n<li>Evite la acumulaci\u00f3n de aceite en la entrada<\/li>\n<li>Mantenga su turbo e intercooler libres de gases de aceite<\/li>\n<li>Mejor liberaci\u00f3n de presi\u00f3n del c\u00e1rter.<\/li>\n<\/ul>\n<p>El kit incluye:<\/p>\n<ul>\n<li>1 Tap\u00f3n de eliminaci\u00f3n de PCV con tap\u00f3n AN10<\/li>\n<li>1 Puerto de ventilaci\u00f3n frontal a AN10<\/li>\n<li>1 Manguera trenzada ORB10-AN10 1m VTA* (opcional)<\/li>\n<li>1 Manguera trenzada AN10 45\u00ba 1,5m VTA* (opcional)<\/li>\n<\/ul>\n<p><strong>Las mangueras trenzadas AN10 pueden terminarse en racores AN10 0\u00ba\/45\u00ba\/90\u00ba bajo pedido para instalarse con un decantador.<\/strong><\/p>\n<p><strong>*VTA: Ventilaci\u00f3n a Atm\u00f3sfera<\/strong><\/p>","protected":false},"featured_media":83348,"template":"","meta":{"_crdt_document":"","inline_featured_image":false},"product_brand":[],"product_cat":[370,454,184,456],"product_tag":[],"class_list":{"0":"post-68156","1":"product","2":"type-product","3":"status-publish","4":"has-post-thumbnail","6":"product_cat-engine","7":"product_cat-n55","8":"product_cat-revmatch","9":"product_cat-s55","11":"first","12":"instock","13":"taxable","14":"shipping-taxable","15":"purchasable","16":"product-type-variable"},"supplier_id":null,"supplier_sku":"","barcode":null,"atum_controlled":true,"out_stock_date":null,"out_stock_threshold":null,"inheritable":true,"inbound_stock":0,"stock_on_hold":1,"sold_today":0,"sales_last_days":1,"reserved_stock":0,"customer_returns":0,"warehouse_damage":0,"lost_in_post":0,"other_logs":0,"out_stock_days":null,"lost_sales":0,"has_location":false,"update_date":"2026-04-13T20:10:13","atum_locations":[],"atum_stock_status":"instock","restock_status":false,"low_stock_amount":"","sales_update_date":"2026-04-13T20:09:54","calc_backorders":0,"_links":{"self":[{"href":"https:\/\/revmatch.eu\/es\/wp-json\/wp\/v2\/product\/68156","targetHints":{"allow":["GET"]}}],"collection":[{"href":"https:\/\/revmatch.eu\/es\/wp-json\/wp\/v2\/product"}],"about":[{"href":"https:\/\/revmatch.eu\/es\/wp-json\/wp\/v2\/types\/product"}],"version-history":[{"count":0,"href":"https:\/\/revmatch.eu\/es\/wp-json\/wp\/v2\/product\/68156\/revisions"}],"wp:featuredmedia":[{"embeddable":true,"href":"https:\/\/revmatch.eu\/es\/wp-json\/wp\/v2\/media\/83348"}],"wp:attachment":[{"href":"https:\/\/revmatch.eu\/es\/wp-json\/wp\/v2\/media?parent=68156"}],"wp:term":[{"taxonomy":"product_brand","embeddable":true,"href":"https:\/\/revmatch.eu\/es\/wp-json\/wp\/v2\/product_brand?post=68156"},{"taxonomy":"product_cat","embeddable":true,"href":"https:\/\/revmatch.eu\/es\/wp-json\/wp\/v2\/product_cat?post=68156"},{"taxonomy":"product_tag","embeddable":true,"href":"https:\/\/revmatch.eu\/es\/wp-json\/wp\/v2\/product_tag?post=68156"}],"curies":[{"name":"wp","href":"https:\/\/api.w.org\/{rel}","templated":true}]}}