{"id":68174,"date":"2024-09-20T14:53:17","date_gmt":"2024-09-20T13:53:17","guid":{"rendered":"https:\/\/revmatch.eu\/?post_type=product&#038;p=68174"},"modified":"2026-03-16T11:57:36","modified_gmt":"2026-03-16T10:57:36","slug":"chemicalrace-m1","status":"publish","type":"product","link":"https:\/\/revmatch.eu\/es\/product\/chemicalrace-m1\/","title":{"rendered":"ChemicalRace M1"},"content":{"rendered":"<p>CARRERA QU\u00cdMICA M1<\/p>\n<ul>\n<li>A base de glicol<\/li>\n<li>Tecnolog\u00eda OAT (Tecnolog\u00eda de \u00c1cidos Org\u00e1nicos)<\/li>\n<li>Mezcla 55%<\/li>\n<li>+160\u2103\/-37C.<\/li>\n<li>5L<\/li>\n<\/ul>\n<p>Cumple con las normas: ASTM D3306, UNE2636188, EUROVI, BS6580, MB326.5, MAN324, VWTL774D, D4985, SAEJ1034, INTA157413, Renault, Ford, VolvoAB, CUNANC95616, VW, Audi, Seat, Skoda, etc.<\/p>\n<p>Compatible con motores modernos BMW N54, S54, N55, S55, B58, S58, etc.<\/p>\n<p>Si tiene alguna inquietud o pregunta sobre la compatibilidad, comun\u00edquese con nosotros.<\/p>","protected":false},"excerpt":{"rendered":"<p>CARRERA QU\u00cdMICA M1<\/p>\n<ul>\n<li>A base de glicol<\/li>\n<li>Tecnolog\u00eda OAT<\/li>\n<li>Mezcla 55%<\/li>\n<li>+160\u2103\/-37C.<\/li>\n<li>5L<\/li>\n<\/ul>\n<p>Cumple con las normas: ASTM D3306, UNE2636188, EUROVI, BS6580, MB326.5, MAN324, VWTL774D, D4985, SAEJ1034, INTA157413, Renault, Ford, VolvoAB, CUNANC95616, VW, Audi, Seat, Skoda, etc.<\/p>\n<p>Compatible con motores modernos BMW N54, S54, N55, S55, B58, S58, etc.<\/p>\n<p>Si tiene alguna inquietud o pregunta sobre la compatibilidad, comun\u00edquese con nosotros.<\/p>","protected":false},"featured_media":68177,"template":"","meta":{"_crdt_document":"","inline_featured_image":false},"product_brand":[],"product_cat":[441,455,454,456,457],"product_tag":[],"class_list":{"0":"post-68174","1":"product","2":"type-product","3":"status-publish","4":"has-post-thumbnail","6":"product_cat-coolant","7":"product_cat-b58","8":"product_cat-n55","9":"product_cat-s55","10":"product_cat-s58","12":"first","13":"onbackorder","14":"sale","15":"taxable","16":"shipping-taxable","17":"purchasable","18":"product-type-simple"},"supplier_id":null,"supplier_sku":"","barcode":null,"atum_controlled":true,"out_stock_date":"2026-01-19 11:52:39","out_stock_threshold":null,"inheritable":false,"inbound_stock":0,"stock_on_hold":2,"sold_today":0,"sales_last_days":2,"reserved_stock":0,"customer_returns":0,"warehouse_damage":0,"lost_in_post":0,"other_logs":0,"out_stock_days":95,"lost_sales":0,"has_location":false,"update_date":"2026-04-24T20:47:49","atum_locations":[],"atum_stock_status":"onbackorder","restock_status":false,"low_stock_amount":"","sales_update_date":"2026-04-24T20:47:49","calc_backorders":0,"_links":{"self":[{"href":"https:\/\/revmatch.eu\/es\/wp-json\/wp\/v2\/product\/68174","targetHints":{"allow":["GET"]}}],"collection":[{"href":"https:\/\/revmatch.eu\/es\/wp-json\/wp\/v2\/product"}],"about":[{"href":"https:\/\/revmatch.eu\/es\/wp-json\/wp\/v2\/types\/product"}],"version-history":[{"count":0,"href":"https:\/\/revmatch.eu\/es\/wp-json\/wp\/v2\/product\/68174\/revisions"}],"wp:featuredmedia":[{"embeddable":true,"href":"https:\/\/revmatch.eu\/es\/wp-json\/wp\/v2\/media\/68177"}],"wp:attachment":[{"href":"https:\/\/revmatch.eu\/es\/wp-json\/wp\/v2\/media?parent=68174"}],"wp:term":[{"taxonomy":"product_brand","embeddable":true,"href":"https:\/\/revmatch.eu\/es\/wp-json\/wp\/v2\/product_brand?post=68174"},{"taxonomy":"product_cat","embeddable":true,"href":"https:\/\/revmatch.eu\/es\/wp-json\/wp\/v2\/product_cat?post=68174"},{"taxonomy":"product_tag","embeddable":true,"href":"https:\/\/revmatch.eu\/es\/wp-json\/wp\/v2\/product_tag?post=68174"}],"curies":[{"name":"wp","href":"https:\/\/api.w.org\/{rel}","templated":true}]}}