{"id":68178,"date":"2024-09-20T14:56:05","date_gmt":"2024-09-20T13:56:05","guid":{"rendered":"https:\/\/revmatch.eu\/?post_type=product&#038;p=68178"},"modified":"2026-01-27T10:16:29","modified_gmt":"2026-01-27T09:16:29","slug":"filtro-de-aceite-mahle-b58-s58","status":"publish","type":"product","link":"https:\/\/revmatch.eu\/es\/product\/mahle-b58-s58-oil-filter\/","title":{"rendered":"Filtro de aceite MAHLE B58\/S58"},"content":{"rendered":"<div class=\"extended__brandDetails\">\n<p>El filtro de aceite de su BMW siempre debe reemplazarse al completar un cambio de aceite. En los BMW con un filtro de tipo &quot;cartucho&quot; de instalaci\u00f3n directa, es imperativo reemplazar tambi\u00e9n el sello de la tapa de la carcasa del filtro de aceite y la arandela de presi\u00f3n. Este kit OEM viene con todo lo que necesitar\u00e1.<\/p>\n<p>&nbsp;<\/p>\n<\/div>\n<p><strong>S\u00edntomas de falla del filtro de aceite del motor<\/strong><\/p>\n<ul>\n<li>Medios filtrantes desmenuzables<\/li>\n<li>Medio filtrante roto<\/li>\n<li>Exceso de suciedad y contaminantes en el aceite.<\/li>\n<li>Falla del motor<\/li>\n<\/ul>\n<p>N\u00famero OE de BMW: 11428583898<br \/>\nN\u00famero de pieza MAHLE: OX 1146D<\/p>\n<div id=\"gtx-trans\" style=\"position: absolute; left: 320px; top: 351.25px;\">\n<div class=\"gtx-trans-icon\"><\/div>\n<\/div>","protected":false},"excerpt":{"rendered":"<div class=\"extended__brandDetails\">\n<p>El filtro de aceite de su BMW siempre debe reemplazarse al completar un cambio de aceite. En los BMW con un filtro de tipo &quot;cartucho&quot; de instalaci\u00f3n directa, es imperativo reemplazar tambi\u00e9n el sello de la tapa de la carcasa del filtro de aceite y la arandela de presi\u00f3n. Este kit OEM viene con todo lo que necesitar\u00e1.<\/p>\n<p>&nbsp;<\/p>\n<\/div>\n<p><strong>S\u00edntomas de falla del filtro de aceite del motor<\/strong><\/p>\n<ul>\n<li>Medios filtrantes desmenuzables<\/li>\n<li>Medio filtrante roto<\/li>\n<li>Exceso de suciedad y contaminantes en el aceite.<\/li>\n<li>Falla del motor<\/li>\n<\/ul>\n<p>N\u00famero OE de BMW: 11428583898<br \/>\nN\u00famero de pieza MAHLE: OX 1146D<\/p>","protected":false},"featured_media":68182,"template":"","meta":{"_crdt_document":"","inline_featured_image":false},"product_brand":[],"product_cat":[439,455,457],"product_tag":[],"class_list":{"0":"post-68178","1":"product","2":"type-product","3":"status-publish","4":"has-post-thumbnail","6":"product_cat-oil-filters","7":"product_cat-b58","8":"product_cat-s58","10":"first","11":"instock","12":"taxable","13":"shipping-taxable","14":"purchasable","15":"product-type-simple"},"supplier_id":null,"supplier_sku":"","barcode":null,"atum_controlled":true,"out_stock_date":null,"out_stock_threshold":null,"inheritable":false,"inbound_stock":0,"stock_on_hold":0,"sold_today":0,"sales_last_days":0,"reserved_stock":0,"customer_returns":0,"warehouse_damage":0,"lost_in_post":0,"other_logs":0,"out_stock_days":0,"lost_sales":0,"has_location":false,"update_date":"2026-04-10T16:03:47","atum_locations":[],"atum_stock_status":"instock","restock_status":false,"low_stock_amount":"","sales_update_date":"2026-04-10T16:03:47","calc_backorders":0,"_links":{"self":[{"href":"https:\/\/revmatch.eu\/es\/wp-json\/wp\/v2\/product\/68178","targetHints":{"allow":["GET"]}}],"collection":[{"href":"https:\/\/revmatch.eu\/es\/wp-json\/wp\/v2\/product"}],"about":[{"href":"https:\/\/revmatch.eu\/es\/wp-json\/wp\/v2\/types\/product"}],"version-history":[{"count":0,"href":"https:\/\/revmatch.eu\/es\/wp-json\/wp\/v2\/product\/68178\/revisions"}],"wp:featuredmedia":[{"embeddable":true,"href":"https:\/\/revmatch.eu\/es\/wp-json\/wp\/v2\/media\/68182"}],"wp:attachment":[{"href":"https:\/\/revmatch.eu\/es\/wp-json\/wp\/v2\/media?parent=68178"}],"wp:term":[{"taxonomy":"product_brand","embeddable":true,"href":"https:\/\/revmatch.eu\/es\/wp-json\/wp\/v2\/product_brand?post=68178"},{"taxonomy":"product_cat","embeddable":true,"href":"https:\/\/revmatch.eu\/es\/wp-json\/wp\/v2\/product_cat?post=68178"},{"taxonomy":"product_tag","embeddable":true,"href":"https:\/\/revmatch.eu\/es\/wp-json\/wp\/v2\/product_tag?post=68178"}],"curies":[{"name":"wp","href":"https:\/\/api.w.org\/{rel}","templated":true}]}}