{"id":68185,"date":"2024-09-20T15:05:29","date_gmt":"2024-09-20T14:05:29","guid":{"rendered":"https:\/\/revmatch.eu\/?post_type=product&#038;p=68185"},"modified":"2026-04-10T15:43:32","modified_gmt":"2026-04-10T14:43:32","slug":"chemicalrace-a1","status":"publish","type":"product","link":"https:\/\/revmatch.eu\/es\/product\/chemicalrace-a1\/","title":{"rendered":"ChemicalRace A1"},"content":{"rendered":"<p>CHEMICAL RACE A1 presenta una revolucionaria f\u00f3rmula sin agua que previene la corrosi\u00f3n, neutraliza la electr\u00f3lisis y no vaporizar\u00e1 su motor.<\/p>\n<p>Es m\u00e1s seguro y estable que el refrigerante tradicional porque evita los altos niveles de presi\u00f3n que provocan ebullici\u00f3n, por lo que las mangueras y las juntas tienen menos probabilidades de tener fugas y duran m\u00e1s.<\/p>\n<ul>\n<li>Listo para usar sin mezclar<\/li>\n<li>Tecnolog\u00eda OAT sin agua (Tecnolog\u00eda de \u00e1cidos org\u00e1nicos)<\/li>\n<li>+190\u2103\/-40C<\/li>\n<li>Anticongelante y anti-ebullici\u00f3n.<\/li>\n<li>Dura hasta +300.000 km<\/li>\n<li>Diel\u00e9ctrico<\/li>\n<li>Especialmente dise\u00f1ado para la pista.<\/li>\n<li>5L<\/li>\n<\/ul>\n<p><strong>Es necesario limpiar completamente el circuito.<\/strong><\/p>\n<p>Cumple con las normas: ASTM D3306, ASTM D8085 -17, UNE26361-88, EUROVI, BS6580, MB326.x, MAN324, VWTL774J, D4985, SAEJ1034\/814, INTA157413, Renault, Ford, Volvo AB, CUNANC95616, VW, Audi, Seat, Skoda, Lamborghini, Bentley, Bugatti, Ferrari, etc.<\/p>\n<p>Compatible con motores modernos BMW N54, S54, N55, S55, B58, S58, etc.<\/p>\n<p>Si tiene alguna inquietud o pregunta sobre la compatibilidad, comun\u00edquese con nosotros.<\/p>","protected":false},"excerpt":{"rendered":"<p>CHEMICAL RACE A1 presenta una revolucionaria f\u00f3rmula sin agua que previene la corrosi\u00f3n, neutraliza la electr\u00f3lisis y no vaporizar\u00e1 su motor.<\/p>\n<p>Es m\u00e1s seguro y estable que el refrigerante tradicional porque evita los altos niveles de presi\u00f3n que provocan ebullici\u00f3n, por lo que las mangueras y las juntas tienen menos probabilidades de tener fugas y duran m\u00e1s.<\/p>\n<ul>\n<li>Listo para usar sin mezclar<\/li>\n<li>Tecnolog\u00eda OAT sin agua (Tecnolog\u00eda de \u00e1cidos org\u00e1nicos)<\/li>\n<li>+190\u2103\/-40C<\/li>\n<li>Anticongelante y anti-ebullici\u00f3n.<\/li>\n<li>Dura hasta +300.000 km<\/li>\n<li>Libre de nitritos, fosfatos, boratos, aminas, silicatos y agua.<\/li>\n<li>Evita cortocircuitos, no conduce electricidad, diel\u00e9ctrico.<\/li>\n<li>M\u00e1xima protecci\u00f3n contra grietas y corrosi\u00f3n para aluminio y soldaduras en condiciones extremas de calor y fr\u00edo.<\/li>\n<li>Mejora el rendimiento del motor, reduce el mantenimiento y el consumo del sistema de refrigeraci\u00f3n.<\/li>\n<li>Elimina las detonaciones prematuras asociadas al sobrecalentamiento, aumentando el rendimiento del motor y mejorando su funcionamiento.<\/li>\n<li>5L<\/li>\n<\/ul>\n<p><strong>Es necesario limpiar completamente el circuito.<\/strong><\/p>\n<p>Cumple con las normas: ASTM D3306, ASTM D8085 -17, UNE26361-88, EUROVI, BS6580, MB326.x, MAN324, VWTL774J, D4985, SAEJ1034\/814, INTA157413, Renault, Ford, Volvo AB, CUNANC95616, VW, Audi, Seat, Skoda, Lamborghini, Bentley, Bugatti, Ferrari, etc.<\/p>\n<p>Compatible con motores modernos BMW N54, S54, N55, S55, B58, S58, etc.<\/p>\n<p>Si tiene alguna inquietud o pregunta sobre la compatibilidad, comun\u00edquese con nosotros.<\/p>","protected":false},"featured_media":68191,"template":"","meta":{"_crdt_document":"","inline_featured_image":false},"product_brand":[],"product_cat":[441,455,454,456,457],"product_tag":[],"class_list":{"0":"post-68185","1":"product","2":"type-product","3":"status-publish","4":"has-post-thumbnail","6":"product_cat-coolant","7":"product_cat-b58","8":"product_cat-n55","9":"product_cat-s55","10":"product_cat-s58","12":"first","13":"instock","14":"sale","15":"taxable","16":"shipping-taxable","17":"purchasable","18":"product-type-simple"},"supplier_id":null,"supplier_sku":"","barcode":null,"atum_controlled":true,"out_stock_date":null,"out_stock_threshold":null,"inheritable":false,"inbound_stock":0,"stock_on_hold":0,"sold_today":0,"sales_last_days":0,"reserved_stock":0,"customer_returns":0,"warehouse_damage":0,"lost_in_post":0,"other_logs":0,"out_stock_days":0,"lost_sales":0,"has_location":false,"update_date":"2026-04-10T16:14:16","atum_locations":[],"atum_stock_status":"instock","restock_status":false,"low_stock_amount":"","sales_update_date":"2026-04-10T16:14:16","calc_backorders":0,"_links":{"self":[{"href":"https:\/\/revmatch.eu\/es\/wp-json\/wp\/v2\/product\/68185","targetHints":{"allow":["GET"]}}],"collection":[{"href":"https:\/\/revmatch.eu\/es\/wp-json\/wp\/v2\/product"}],"about":[{"href":"https:\/\/revmatch.eu\/es\/wp-json\/wp\/v2\/types\/product"}],"version-history":[{"count":0,"href":"https:\/\/revmatch.eu\/es\/wp-json\/wp\/v2\/product\/68185\/revisions"}],"wp:featuredmedia":[{"embeddable":true,"href":"https:\/\/revmatch.eu\/es\/wp-json\/wp\/v2\/media\/68191"}],"wp:attachment":[{"href":"https:\/\/revmatch.eu\/es\/wp-json\/wp\/v2\/media?parent=68185"}],"wp:term":[{"taxonomy":"product_brand","embeddable":true,"href":"https:\/\/revmatch.eu\/es\/wp-json\/wp\/v2\/product_brand?post=68185"},{"taxonomy":"product_cat","embeddable":true,"href":"https:\/\/revmatch.eu\/es\/wp-json\/wp\/v2\/product_cat?post=68185"},{"taxonomy":"product_tag","embeddable":true,"href":"https:\/\/revmatch.eu\/es\/wp-json\/wp\/v2\/product_tag?post=68185"}],"curies":[{"name":"wp","href":"https:\/\/api.w.org\/{rel}","templated":true}]}}