{"id":68218,"date":"2023-11-07T23:33:37","date_gmt":"2023-11-07T22:33:37","guid":{"rendered":"https:\/\/revmatch.eu\/?post_type=product&#038;p=68218"},"modified":"2026-03-12T17:10:00","modified_gmt":"2026-03-12T16:10:00","slug":"ravenol-atf-8hp-fluid","status":"publish","type":"product","link":"https:\/\/revmatch.eu\/es\/product\/ravenol-atf-8hp-fluid\/","title":{"rendered":"L\u00edquido RAVENOL ATF 8HP"},"content":{"rendered":"<p>Dise\u00f1ado a base de aceites de hidrocrack y PAO con una aditivaci\u00f3n e inhibici\u00f3n especial, que garantizan un perfecto funcionamiento de la transmisi\u00f3n autom\u00e1tica.<\/p>\n<p>Fluido para transmisiones autom\u00e1ticas (ATF) de \u00faltima generaci\u00f3n para todas las transmisiones autom\u00e1ticas de 8 velocidades y algunas transmisiones autom\u00e1ticas de 6 velocidades de ZF. Garantiza la m\u00e1xima protecci\u00f3n contra el desgaste en todas las condiciones de funcionamiento.<\/p>\n<p>El l\u00edquido RAVENOL ATF 8HP tiene un color verde.<\/p>\n<p><strong>Nota de aplicaci\u00f3n<\/strong><\/p>\n<p>El fluido RAVENOL ATF 8HP se desarroll\u00f3 para su uso en las transmisiones de la serie 8HP m\u00e1s recientes de ZF 8HP45, 8HP55, 6HP26, 8HP70, 8HP90, as\u00ed como para la serie 6HP autom\u00e1tica de 6 velocidades \u2013 6HP19X para AUDI Q7, 6HP19A, 6HP28AF. Tambi\u00e9n se puede utilizar en las transmisiones de la serie ZF 9HP28, 9HP48, 9HP50.<\/p>","protected":false},"excerpt":{"rendered":"<p>Dise\u00f1ado a base de aceites de hidrocrack y PAO con una aditivaci\u00f3n e inhibici\u00f3n especial, que garantizan un perfecto funcionamiento de la transmisi\u00f3n autom\u00e1tica.<\/p>\n<p>Fluido para transmisiones autom\u00e1ticas (ATF) de \u00faltima generaci\u00f3n para todas las transmisiones autom\u00e1ticas de 8 velocidades y algunas transmisiones autom\u00e1ticas de 6 velocidades de ZF. Garantiza la m\u00e1xima protecci\u00f3n contra el desgaste en todas las condiciones de funcionamiento.<\/p>\n<p>El l\u00edquido RAVENOL ATF 8HP tiene un color verde.<\/p>","protected":false},"featured_media":68227,"template":"","meta":{"_crdt_document":"","inline_featured_image":false},"product_brand":[476],"product_cat":[399,398],"product_tag":[],"class_list":{"0":"post-68218","1":"product","2":"type-product","3":"status-publish","4":"has-post-thumbnail","6":"product_brand-ravenol","7":"product_cat-engine-oil","8":"product_cat-maintenance","10":"first","11":"onbackorder","12":"taxable","13":"shipping-taxable","14":"purchasable","15":"product-type-variable","16":"has-default-attributes"},"supplier_id":null,"supplier_sku":"","barcode":null,"atum_controlled":true,"out_stock_date":null,"out_stock_threshold":null,"inheritable":true,"inbound_stock":0,"stock_on_hold":0,"sold_today":0,"sales_last_days":0,"reserved_stock":0,"customer_returns":0,"warehouse_damage":0,"lost_in_post":0,"other_logs":0,"out_stock_days":null,"lost_sales":0,"has_location":false,"update_date":"2026-04-10T08:57:14","atum_locations":[],"atum_stock_status":"onbackorder","restock_status":false,"low_stock_amount":"","sales_update_date":"2025-12-09T12:38:06","calc_backorders":-1,"_links":{"self":[{"href":"https:\/\/revmatch.eu\/es\/wp-json\/wp\/v2\/product\/68218","targetHints":{"allow":["GET"]}}],"collection":[{"href":"https:\/\/revmatch.eu\/es\/wp-json\/wp\/v2\/product"}],"about":[{"href":"https:\/\/revmatch.eu\/es\/wp-json\/wp\/v2\/types\/product"}],"version-history":[{"count":0,"href":"https:\/\/revmatch.eu\/es\/wp-json\/wp\/v2\/product\/68218\/revisions"}],"wp:featuredmedia":[{"embeddable":true,"href":"https:\/\/revmatch.eu\/es\/wp-json\/wp\/v2\/media\/68227"}],"wp:attachment":[{"href":"https:\/\/revmatch.eu\/es\/wp-json\/wp\/v2\/media?parent=68218"}],"wp:term":[{"taxonomy":"product_brand","embeddable":true,"href":"https:\/\/revmatch.eu\/es\/wp-json\/wp\/v2\/product_brand?post=68218"},{"taxonomy":"product_cat","embeddable":true,"href":"https:\/\/revmatch.eu\/es\/wp-json\/wp\/v2\/product_cat?post=68218"},{"taxonomy":"product_tag","embeddable":true,"href":"https:\/\/revmatch.eu\/es\/wp-json\/wp\/v2\/product_tag?post=68218"}],"curies":[{"name":"wp","href":"https:\/\/api.w.org\/{rel}","templated":true}]}}