{"id":68246,"date":"2024-10-03T12:48:22","date_gmt":"2024-10-03T11:48:22","guid":{"rendered":"https:\/\/revmatch.eu\/?post_type=product&#038;p=68246"},"modified":"2026-01-30T10:28:37","modified_gmt":"2026-01-30T09:28:37","slug":"diferencial-trasero-lsd-para-bmw-serie-f","status":"publish","type":"product","link":"https:\/\/revmatch.eu\/es\/producto\/diferencial-trasero-lsd-para-bmw-serie-f\/","title":{"rendered":"Diferencial trasero LSD para BMW Serie F"},"content":{"rendered":"<p>Libere todo el potencial de su BMW Serie F con el <strong>Diferencial LSD trasero<\/strong>Dise\u00f1ada para mejorar dr\u00e1sticamente la tracci\u00f3n, el manejo y el rendimiento general de la conducci\u00f3n, esta actualizaci\u00f3n transforma la forma en que su autom\u00f3vil transmite potencia al suelo.<\/p>\n<h6>Caracter\u00edsticas clave:<\/h6>\n<ul>\n<li><strong>Tracci\u00f3n y transferencia de potencia superiores<\/strong>:El dise\u00f1o avanzado del LSD utiliza engranajes helicoidales y rectos para optimizar la distribuci\u00f3n de potencia entre las ruedas traseras, lo que le proporciona el m\u00e1ximo agarre y control tanto en la calle como en la pista.<\/li>\n<li><strong>Relaci\u00f3n de par de torsi\u00f3n inigualable<\/strong>:Ofrece una relaci\u00f3n de par excepcional, lo que garantiza una transferencia de potencia constante entre las ruedas para una mejor tracci\u00f3n, incluso durante aceleraciones agresivas o curvas.<\/li>\n<li><strong>Respuesta r\u00e1pida<\/strong>:El dise\u00f1o de detecci\u00f3n de torque ofrece tiempos de respuesta r\u00e1pidos, ajust\u00e1ndose instant\u00e1neamente a las condiciones de tracci\u00f3n cambiantes para una conducci\u00f3n m\u00e1s suave y controlada.<\/li>\n<li><strong>Durabilidad en todo tipo de clima<\/strong>:Dise\u00f1ado para funcionar en condiciones extremas, manteniendo el m\u00e1ximo rendimiento incluso en altas temperaturas, garantizando una tracci\u00f3n confiable sin importar el entorno.<\/li>\n<li><strong>Dise\u00f1ado para la serie F de BMW<\/strong>:Ajuste OEM perfecto para los modelos de la Serie F, pero tenga en cuenta que la corona del pi\u00f1\u00f3n original requiere mecanizado para atornillar correctamente el nuevo LSD para una instalaci\u00f3n perfecta.<\/li>\n<\/ul>\n<p>Actualizar a la <strong>Diferencial LSD trasero<\/strong> y experimente un nivel completamente nuevo de rendimiento de conducci\u00f3n con un control mejorado, una respuesta m\u00e1s r\u00e1pida y una tracci\u00f3n mejorada.<\/p>\n<h6>Nota de instalaci\u00f3n importante:<\/h6>\n<p>Para instalar este diferencial, el <strong>La corona del pi\u00f1\u00f3n original debe ser mecanizada<\/strong> para una compatibilidad adecuada con el nuevo LSD. Esto garantiza un ajuste preciso y seguro para un rendimiento \u00f3ptimo.<br \/>\nP\u00f3ngase en contacto con nosotros antes de realizar el pedido si desea que lo hagamos por usted.<\/p>\n<p>Este es un producto personalizado hecho bajo pedido.<\/p>","protected":false},"excerpt":{"rendered":"<p>Libere todo el potencial de su BMW Serie F con el <strong>Diferencial LSD trasero<\/strong>Dise\u00f1ada para mejorar dr\u00e1sticamente la tracci\u00f3n, el manejo y el rendimiento general de la conducci\u00f3n, esta actualizaci\u00f3n transforma la forma en que su autom\u00f3vil transmite potencia al suelo.<\/p>\n<h6>Caracter\u00edsticas clave:<\/h6>\n<ul>\n<li><strong>Tracci\u00f3n y transferencia de potencia superiores<\/strong><\/li>\n<li><strong>Relaci\u00f3n de par de torsi\u00f3n inigualable<\/strong><\/li>\n<li><strong>Respuesta r\u00e1pida<\/strong><\/li>\n<li><strong>Listo para la pista<br \/>\n<\/strong><\/li>\n<li><strong>Dise\u00f1ado para la serie F de BMW<\/strong><\/li>\n<\/ul>\n<p>Consulte la descripci\u00f3n a continuaci\u00f3n para obtener m\u00e1s informaci\u00f3n.<\/p>\n<p>Este es un producto personalizado hecho bajo pedido.<\/p>\n<p>*Im\u00e1genes solo como referencia.<\/p>","protected":false},"featured_media":68247,"template":"","meta":{"_crdt_document":"","inline_featured_image":false},"product_brand":[],"product_cat":[442,455,454,184,456],"product_tag":[],"class_list":{"0":"post-68246","1":"product","2":"type-product","3":"status-publish","4":"has-post-thumbnail","6":"product_cat-differentials","7":"product_cat-b58","8":"product_cat-n55","9":"product_cat-revmatch","10":"product_cat-s55","12":"first","13":"onbackorder","14":"taxable","15":"shipping-taxable","16":"purchasable","17":"product-type-simple"},"supplier_id":null,"supplier_sku":"","barcode":null,"atum_controlled":true,"out_stock_date":null,"out_stock_threshold":null,"inheritable":false,"inbound_stock":0,"stock_on_hold":0,"sold_today":0,"sales_last_days":1,"reserved_stock":0,"customer_returns":0,"warehouse_damage":0,"lost_in_post":0,"other_logs":0,"out_stock_days":0,"lost_sales":0,"has_location":false,"update_date":"2026-02-02T22:43:47","atum_locations":[],"atum_stock_status":"onbackorder","restock_status":false,"low_stock_amount":"","sales_update_date":"2026-02-02T22:43:47","calc_backorders":-1,"_links":{"self":[{"href":"https:\/\/revmatch.eu\/es\/wp-json\/wp\/v2\/product\/68246","targetHints":{"allow":["GET"]}}],"collection":[{"href":"https:\/\/revmatch.eu\/es\/wp-json\/wp\/v2\/product"}],"about":[{"href":"https:\/\/revmatch.eu\/es\/wp-json\/wp\/v2\/types\/product"}],"version-history":[{"count":1,"href":"https:\/\/revmatch.eu\/es\/wp-json\/wp\/v2\/product\/68246\/revisions"}],"predecessor-version":[{"id":83395,"href":"https:\/\/revmatch.eu\/es\/wp-json\/wp\/v2\/product\/68246\/revisions\/83395"}],"wp:featuredmedia":[{"embeddable":true,"href":"https:\/\/revmatch.eu\/es\/wp-json\/wp\/v2\/media\/68247"}],"wp:attachment":[{"href":"https:\/\/revmatch.eu\/es\/wp-json\/wp\/v2\/media?parent=68246"}],"wp:term":[{"taxonomy":"product_brand","embeddable":true,"href":"https:\/\/revmatch.eu\/es\/wp-json\/wp\/v2\/product_brand?post=68246"},{"taxonomy":"product_cat","embeddable":true,"href":"https:\/\/revmatch.eu\/es\/wp-json\/wp\/v2\/product_cat?post=68246"},{"taxonomy":"product_tag","embeddable":true,"href":"https:\/\/revmatch.eu\/es\/wp-json\/wp\/v2\/product_tag?post=68246"}],"curies":[{"name":"wp","href":"https:\/\/api.w.org\/{rel}","templated":true}]}}