{"id":68260,"date":"2024-10-08T10:35:34","date_gmt":"2024-10-08T09:35:34","guid":{"rendered":"https:\/\/revmatch.eu\/?post_type=product&#038;p=68260"},"modified":"2026-02-11T13:55:15","modified_gmt":"2026-02-11T12:55:15","slug":"tabicado-de-carter-de-aceite-para-n54","status":"publish","type":"product","link":"https:\/\/revmatch.eu\/es\/product\/oil-sump-baffle-for-n54\/","title":{"rendered":"Tabicado de c\u00e1rter de aceite para N54"},"content":{"rendered":"<p>Deflector de c\u00e1rter de aceite para N54, la soluci\u00f3n perfecta para acabar con los problemas de falta de aceite en los motores N54.<\/p>\n<p>Si planeas usar el coche en circuito, el tabicado del c\u00e1rter de aceite es una <strong>necesidad<\/strong>.<\/p>\n<ul>\n<li>Aluminio de 2 mm de espesor, soldado TIG.<\/li>\n<li>V\u00e1lvulas antirretorno de alta calidad.<\/li>\n<li>Alta compatibilidad con aceites y temperaturas extremas.<\/li>\n<\/ul>\n<h6>Compatibilidad<\/h6>\n<p>Motores N54.<\/p>\n<h6>Instalaci\u00f3n<\/h6>\n<p>El producto debe soldarse al c\u00e1rter de aceite original.<\/p>\n<p>Es <strong>muy recomendable<\/strong> cambiar por completo los cojinetes de cig\u00fce\u00f1al y biela al instalar el c\u00e1rter de aceite.<\/p>","protected":false},"excerpt":{"rendered":"<p>Deflector de c\u00e1rter de aceite para N54, la soluci\u00f3n perfecta para acabar con los problemas de falta de aceite en los motores N54.<\/p>\n<p>Si planeas usar el coche en circuito, el tabicado del c\u00e1rter de aceite es una <strong>necesidad<\/strong>.<\/p>\n<ul>\n<li>Aluminio de 2 mm de espesor, soldado TIG.<\/li>\n<li>V\u00e1lvulas antirretorno de alta calidad.<\/li>\n<li>Alta compatibilidad con aceites y temperaturas extremas.<\/li>\n<\/ul>\n<h6>Compatibilidad<\/h6>\n<p>Motores N54.<\/p>\n<h6>Instalaci\u00f3n<\/h6>\n<p>El producto debe soldarse al c\u00e1rter de aceite original.<\/p>\n<p>Es <strong>muy recomendable<\/strong> cambiar por completo los cojinetes de cig\u00fce\u00f1al y biela al instalar el c\u00e1rter de aceite.<\/p>","protected":false},"featured_media":68262,"template":"","meta":{"_crdt_document":"","inline_featured_image":false},"product_brand":[],"product_cat":[443],"product_tag":[],"class_list":{"0":"post-68260","1":"product","2":"type-product","3":"status-publish","4":"has-post-thumbnail","6":"product_cat-oil-sumps","8":"first","9":"onbackorder","10":"taxable","11":"shipping-taxable","12":"purchasable","13":"product-type-simple"},"supplier_id":null,"supplier_sku":"","barcode":null,"atum_controlled":true,"out_stock_date":null,"out_stock_threshold":null,"inheritable":false,"inbound_stock":0,"stock_on_hold":0,"sold_today":0,"sales_last_days":0,"reserved_stock":0,"customer_returns":0,"warehouse_damage":0,"lost_in_post":0,"other_logs":0,"out_stock_days":0,"lost_sales":0,"has_location":false,"update_date":"2026-04-10T16:07:16","atum_locations":[],"atum_stock_status":"onbackorder","restock_status":false,"low_stock_amount":"","sales_update_date":"2026-04-10T16:07:16","calc_backorders":-1,"_links":{"self":[{"href":"https:\/\/revmatch.eu\/es\/wp-json\/wp\/v2\/product\/68260","targetHints":{"allow":["GET"]}}],"collection":[{"href":"https:\/\/revmatch.eu\/es\/wp-json\/wp\/v2\/product"}],"about":[{"href":"https:\/\/revmatch.eu\/es\/wp-json\/wp\/v2\/types\/product"}],"version-history":[{"count":0,"href":"https:\/\/revmatch.eu\/es\/wp-json\/wp\/v2\/product\/68260\/revisions"}],"wp:featuredmedia":[{"embeddable":true,"href":"https:\/\/revmatch.eu\/es\/wp-json\/wp\/v2\/media\/68262"}],"wp:attachment":[{"href":"https:\/\/revmatch.eu\/es\/wp-json\/wp\/v2\/media?parent=68260"}],"wp:term":[{"taxonomy":"product_brand","embeddable":true,"href":"https:\/\/revmatch.eu\/es\/wp-json\/wp\/v2\/product_brand?post=68260"},{"taxonomy":"product_cat","embeddable":true,"href":"https:\/\/revmatch.eu\/es\/wp-json\/wp\/v2\/product_cat?post=68260"},{"taxonomy":"product_tag","embeddable":true,"href":"https:\/\/revmatch.eu\/es\/wp-json\/wp\/v2\/product_tag?post=68260"}],"curies":[{"name":"wp","href":"https:\/\/api.w.org\/{rel}","templated":true}]}}