{"id":68277,"date":"2024-10-15T10:35:39","date_gmt":"2024-10-15T09:35:39","guid":{"rendered":"https:\/\/revmatch.eu\/?post_type=product&#038;p=68277"},"modified":"2025-12-29T00:12:34","modified_gmt":"2025-12-28T23:12:34","slug":"hel-braided-brake-lines-bmw-f2x-f3x","status":"publish","type":"product","link":"https:\/\/revmatch.eu\/es\/product\/hel-braided-brake-lines-bmw-f2x-f3x\/","title":{"rendered":"Latiguillos de freno met\u00e1licos HEL para BMW F2x F3x"},"content":{"rendered":"<div class=\"data item title\"><strong>La diferencia entre ganar y perder es una l\u00ednea muy fina\u2026<\/strong><\/div>\n<div id=\"description\" class=\"data item content\" aria-labelledby=\"tab-label-description-title\" data-role=\"content\">\n<div class=\"product attribute description\">\n<p>En cada kil\u00f3metro de cada pista de carreras se ha demostrado la importancia de un control de frenado de precisi\u00f3n de alto rendimiento. La sensaci\u00f3n y la respuesta totales te brindan la confianza que necesitas en la carretera. La diferencia entre un conductor promedio y un gran conductor es qui\u00e9n puede controlar la velocidad y qui\u00e9n no. La velocidad no es nada sin control y es una l\u00ednea muy fina. Es por eso que HEL Performance solo proporciona l\u00edneas muy finas.<\/p>\n<p>Cada kit de l\u00ednea de freno HEL Performance se ensambla internamente a partir de accesorios de acero inoxidable de la mejor calidad estampados directamente en una manguera trenzada de acero inoxidable extensible y estirada.<\/p>\n<p>Con nuestros extensos listados automotrices, el kit completo se fabricar\u00e1 seg\u00fan las especificaciones exactas, garantizando el aspecto, la calidad y el rendimiento que usted exige.<\/p>\n<p>Los kits de latiguillos de freno HEL eliminan esa sensaci\u00f3n &quot;esponjosa&quot; que a menudo se encuentra en las mangueras de goma en condiciones de frenado extremas, el momento en el que m\u00e1s se necesita el rendimiento. Al reemplazar las mangueras de goma originales con nuestro sistema completo, eliminar\u00e1 esta esponjosidad y su frenado brindar\u00e1 nuevos niveles de precisi\u00f3n.<\/p>\n<p>No se arriesgue a utilizar l\u00edneas de freno de calidad inferior cuando puede confiar en nosotros para mejorar la confiabilidad y el rendimiento del frenado. Usamos acero inoxidable en nuestras l\u00edneas y accesorios. La mayor\u00eda de los competidores utilizan accesorios galvanizados que corren riesgo de corrosi\u00f3n.<\/p>\n<\/div>\n<\/div>\n<div class=\"data item title\"><strong>Reemplazos OEM<\/strong><\/div>\n<div id=\"smarttabs.oem-replacements\" class=\"data item content\" aria-labelledby=\"tab-label-smarttabs.oem-replacements-title\" data-role=\"content\">\n<p>Reemplazo de calidad superior para los latiguillos de freno flexibles est\u00e1ndar de su veh\u00edculo.<\/p>\n<\/div>\n<div class=\"data item title\"><strong>\u00bfQu\u00e9 est\u00e1 incluido?<\/strong><\/div>\n<div id=\"smarttabs.whats-included\" class=\"data item content\" aria-labelledby=\"tab-label-smarttabs.whats-included-title\" data-role=\"content\">\n<div data-content-type=\"html\" data-appearance=\"default\" data-element=\"main\" data-decoded=\"true\">\n<ul class=\"nomargin\">\n<li>L\u00edneas de freno trenzadas de acero inoxidable.<\/li>\n<li>Tornillos banjo de acero inoxidable liso natural (si los racores lo requieren)<\/li>\n<li>Arandelas de cobre (si los racores lo requieren)<\/li>\n<li>Llavero con garant\u00eda de por vida<\/li>\n<li>Folleto de instalaci\u00f3n<\/li>\n<\/ul>\n<\/div>\n<\/div>\n<div class=\"data item title\"><strong>Garant\u00eda de por vida<\/strong><\/div>\n<div id=\"smarttabs.lifetime-warranty\" class=\"data item content\" aria-labelledby=\"tab-label-smarttabs.lifetime-warranty-title\" data-role=\"content\">\n<div data-content-type=\"html\" data-appearance=\"default\" data-element=\"main\" data-decoded=\"true\">\n<p>HEL ofrece <a href=\"https:\/\/atc.helperformance.com\/warranty\" target=\"_blank\" rel=\"noopener\">garant\u00eda de por vida<\/a>\u00a0en este kit.<\/p>\n<\/div>\n<\/div>","protected":false},"excerpt":{"rendered":"<div class=\"data item title\"><strong>Reemplazos OEM<\/strong><\/div>\n<div id=\"smarttabs.oem-replacements\" class=\"data item content\" aria-labelledby=\"tab-label-smarttabs.oem-replacements-title\" data-role=\"content\">\n<p>Reemplazo de calidad superior para los latiguillos de freno flexibles est\u00e1ndar de su veh\u00edculo.<\/p>\n<\/div>\n<div class=\"data item title\"><strong>\u00bfQu\u00e9 est\u00e1 incluido?<\/strong><\/div>\n<div id=\"smarttabs.whats-included\" class=\"data item content\" aria-labelledby=\"tab-label-smarttabs.whats-included-title\" data-role=\"content\">\n<div data-content-type=\"html\" data-appearance=\"default\" data-element=\"main\" data-decoded=\"true\">\n<ul class=\"nomargin\">\n<li>L\u00edneas de freno trenzadas de acero inoxidable.<\/li>\n<li>Tornillos banjo de acero inoxidable liso natural (si los racores lo requieren)<\/li>\n<li>Arandelas de cobre (si los racores lo requieren)<\/li>\n<li>Llavero con garant\u00eda de por vida<\/li>\n<li>Folleto de instalaci\u00f3n<\/li>\n<\/ul>\n<\/div>\n<\/div>\n<div class=\"data item title\"><strong>Garant\u00eda de por vida<\/strong><\/div>\n<div id=\"smarttabs.lifetime-warranty\" class=\"data item content\" aria-labelledby=\"tab-label-smarttabs.lifetime-warranty-title\" data-role=\"content\">\n<div data-content-type=\"html\" data-appearance=\"default\" data-element=\"main\" data-decoded=\"true\">\n<p>HEL ofrece <a href=\"https:\/\/atc.helperformance.com\/warranty\" target=\"_blank\" rel=\"noopener\">garant\u00eda de por vida<\/a>\u00a0en este kit.<\/p>\n<\/div>\n<\/div>","protected":false},"featured_media":39241,"template":"","meta":{"_crdt_document":"","inline_featured_image":false},"product_brand":[],"product_cat":[383],"product_tag":[],"class_list":{"0":"post-68277","1":"product","2":"type-product","3":"status-publish","4":"has-post-thumbnail","6":"product_cat-brake-lines","8":"first","9":"onbackorder","10":"taxable","11":"shipping-taxable","12":"purchasable","13":"product-type-simple"},"supplier_id":null,"supplier_sku":"","barcode":null,"atum_controlled":true,"out_stock_date":null,"out_stock_threshold":null,"inheritable":false,"inbound_stock":0,"stock_on_hold":0,"sold_today":0,"sales_last_days":0,"reserved_stock":0,"customer_returns":0,"warehouse_damage":0,"lost_in_post":0,"other_logs":0,"out_stock_days":0,"lost_sales":0,"has_location":false,"update_date":"2026-03-03T17:33:11","atum_locations":[],"atum_stock_status":"onbackorder","restock_status":false,"low_stock_amount":"","sales_update_date":"2026-03-03T17:33:11","calc_backorders":-2,"_links":{"self":[{"href":"https:\/\/revmatch.eu\/es\/wp-json\/wp\/v2\/product\/68277","targetHints":{"allow":["GET"]}}],"collection":[{"href":"https:\/\/revmatch.eu\/es\/wp-json\/wp\/v2\/product"}],"about":[{"href":"https:\/\/revmatch.eu\/es\/wp-json\/wp\/v2\/types\/product"}],"version-history":[{"count":0,"href":"https:\/\/revmatch.eu\/es\/wp-json\/wp\/v2\/product\/68277\/revisions"}],"wp:featuredmedia":[{"embeddable":true,"href":"https:\/\/revmatch.eu\/es\/wp-json\/wp\/v2\/media\/39241"}],"wp:attachment":[{"href":"https:\/\/revmatch.eu\/es\/wp-json\/wp\/v2\/media?parent=68277"}],"wp:term":[{"taxonomy":"product_brand","embeddable":true,"href":"https:\/\/revmatch.eu\/es\/wp-json\/wp\/v2\/product_brand?post=68277"},{"taxonomy":"product_cat","embeddable":true,"href":"https:\/\/revmatch.eu\/es\/wp-json\/wp\/v2\/product_cat?post=68277"},{"taxonomy":"product_tag","embeddable":true,"href":"https:\/\/revmatch.eu\/es\/wp-json\/wp\/v2\/product_tag?post=68277"}],"curies":[{"name":"wp","href":"https:\/\/api.w.org\/{rel}","templated":true}]}}