{"id":70985,"date":"2024-11-07T19:47:55","date_gmt":"2024-11-07T18:47:55","guid":{"rendered":"https:\/\/revmatch.eu\/?post_type=product&#038;p=70985"},"modified":"2026-01-27T10:16:29","modified_gmt":"2026-01-27T09:16:29","slug":"ngk-94201-spark-plugs-for-b58-s58","status":"publish","type":"product","link":"https:\/\/revmatch.eu\/es\/producto\/ngk-94201-spark-plugs-for-b58-s58\/","title":{"rendered":"NGK 94201 Spark Plugs for B58\/S58 Gen 1"},"content":{"rendered":"<p>Mejora el rendimiento de tu BMW con el <strong>Buj\u00edas NGK 94201<\/strong>Dise\u00f1adas espec\u00edficamente para motores B58 y S58. Estas buj\u00edas son un deber-tener si est\u00e1 ejecutando la etapa 2 o superior de ajuste, asegurando que su motor recibe la chispa precisa y controlada que necesita para un rendimiento \u00f3ptimo.<\/p>\n<h5>Caracter\u00edsticas clave:<\/h5>\n<ul>\n<li><strong>Perfecto para motores tuneados<\/strong>:Estas buj\u00edas son muy recomendables para motores que funcionan con Etapa 2 o superior, ya que proporcionan la intensidad de chispa adecuada para configuraciones modificadas.<\/li>\n<li><strong>Control de encendido mejorado<\/strong>: Proporciona una chispa m\u00e1s fuerte y consistente, lo que es crucial cuando se aumenta la potencia en motores turboalimentados como el B58 y el S58.<\/li>\n<li><strong>Alta durabilidad<\/strong>Dise\u00f1adas para soportar presiones y temperaturas de combusti\u00f3n m\u00e1s altas, estas buj\u00edas est\u00e1n dise\u00f1adas para funcionar de manera confiable en configuraciones ajustadas o est\u00e1ndar.<\/li>\n<li><strong>Separaci\u00f3n de precisi\u00f3n<\/strong>:Estos tapones deben tener un espacio entre ellos <strong>0,55 mm<\/strong> (1 paso m\u00e1s fr\u00edo) cuando se ejecuta la Etapa 2 o superior para evitar fallas de encendido y garantizar la m\u00e1xima eficiencia.<\/li>\n<li><strong>Compatibilidad \u00f3ptima<\/strong>: Ajuste perfecto para los motores B58 y S58 de BMW, por lo que son una opci\u00f3n ideal tanto para la calle y el rendimiento de la pista.<\/li>\n<\/ul>\n<h5>Consejo de instalaci\u00f3n importante:<\/h5>\n<p>Siempre <strong>comprobar el hueco<\/strong> antes de la instalaci\u00f3n. Para aquellos que utilizan la Etapa 2 o superior, <strong>separaci\u00f3n de 0,55 mm<\/strong> (1 paso m\u00e1s fr\u00edo) es esencial para garantizar un rendimiento suave y eficiente del motor.<br \/>\nSi se instalan en un motor no afinado, se debe dejar un espacio de 0,60 mm entre ellos.<\/p>","protected":false},"excerpt":{"rendered":"<p>Estas buj\u00edas son imprescindibles si utiliza un ajuste de Etapa 2 o superior, lo que garantiza que su motor obtenga la chispa precisa y controlada que necesita para un rendimiento \u00f3ptimo.<\/p>\n<h5>Caracter\u00edsticas clave:<\/h5>\n<ul>\n<li><strong>Perfecto para motores tuneados<\/strong>:Estas buj\u00edas son muy recomendables para motores que funcionan con Etapa 2 o superior, ya que proporcionan la intensidad de chispa adecuada para configuraciones modificadas.<\/li>\n<li><strong>Control de encendido mejorado<\/strong>:Proporciona una chispa m\u00e1s fuerte y consistente.<\/li>\n<li><strong>Alta durabilidad<\/strong>:Dise\u00f1ado para soportar presiones y temperaturas de combusti\u00f3n m\u00e1s altas.<\/li>\n<li><strong>Compatibilidad:<\/strong> Motores B58 y S58.<\/li>\n<\/ul>\n<h5>Consejo de instalaci\u00f3n importante:<\/h5>\n<p>Siempre <strong>comprobar el hueco<\/strong> antes de la instalaci\u00f3n. Para aquellos que utilizan la Etapa 2 o superior, <strong>separaci\u00f3n de 0,55 mm<\/strong> (1 paso m\u00e1s fr\u00edo) es esencial para garantizar un rendimiento suave y eficiente del motor.<br \/>\nSi se instalan en un motor no afinado, se debe dejar un espacio de 0,60 mm entre ellos.<\/p>","protected":false},"featured_media":68240,"template":"","meta":{"_crdt_document":"","inline_featured_image":false},"product_brand":[],"product_cat":[455,445,457],"product_tag":[],"class_list":{"0":"post-70985","1":"product","2":"type-product","3":"status-publish","4":"has-post-thumbnail","6":"product_cat-b58","7":"product_cat-ignition","8":"product_cat-s58","10":"first","11":"onbackorder","12":"sale","13":"taxable","14":"shipping-taxable","15":"purchasable","16":"product-type-simple"},"supplier_id":null,"supplier_sku":"","barcode":null,"atum_controlled":true,"out_stock_date":null,"out_stock_threshold":null,"inheritable":false,"inbound_stock":0,"stock_on_hold":0,"sold_today":0,"sales_last_days":0,"reserved_stock":0,"customer_returns":0,"warehouse_damage":0,"lost_in_post":0,"other_logs":0,"out_stock_days":0,"lost_sales":0,"has_location":false,"update_date":"2026-04-10T08:43:21","atum_locations":[],"atum_stock_status":"onbackorder","restock_status":false,"low_stock_amount":"","sales_update_date":"2026-04-10T08:43:21","calc_backorders":-1,"_links":{"self":[{"href":"https:\/\/revmatch.eu\/es\/wp-json\/wp\/v2\/product\/70985","targetHints":{"allow":["GET"]}}],"collection":[{"href":"https:\/\/revmatch.eu\/es\/wp-json\/wp\/v2\/product"}],"about":[{"href":"https:\/\/revmatch.eu\/es\/wp-json\/wp\/v2\/types\/product"}],"version-history":[{"count":2,"href":"https:\/\/revmatch.eu\/es\/wp-json\/wp\/v2\/product\/70985\/revisions"}],"predecessor-version":[{"id":84936,"href":"https:\/\/revmatch.eu\/es\/wp-json\/wp\/v2\/product\/70985\/revisions\/84936"}],"wp:featuredmedia":[{"embeddable":true,"href":"https:\/\/revmatch.eu\/es\/wp-json\/wp\/v2\/media\/68240"}],"wp:attachment":[{"href":"https:\/\/revmatch.eu\/es\/wp-json\/wp\/v2\/media?parent=70985"}],"wp:term":[{"taxonomy":"product_brand","embeddable":true,"href":"https:\/\/revmatch.eu\/es\/wp-json\/wp\/v2\/product_brand?post=70985"},{"taxonomy":"product_cat","embeddable":true,"href":"https:\/\/revmatch.eu\/es\/wp-json\/wp\/v2\/product_cat?post=70985"},{"taxonomy":"product_tag","embeddable":true,"href":"https:\/\/revmatch.eu\/es\/wp-json\/wp\/v2\/product_tag?post=70985"}],"curies":[{"name":"wp","href":"https:\/\/api.w.org\/{rel}","templated":true}]}}