{"id":78002,"date":"2024-12-26T20:27:04","date_gmt":"2024-12-26T19:27:04","guid":{"rendered":"https:\/\/revmatch.eu\/?post_type=product&#038;p=78002"},"modified":"2025-09-05T10:00:32","modified_gmt":"2025-09-05T09:00:32","slug":"walbro-535","status":"publish","type":"product","link":"https:\/\/revmatch.eu\/es\/product\/walbro-535\/","title":{"rendered":"Walbro 535"},"content":{"rendered":"<p>Walbro GST535 - F90000295<\/p>\n<p>Supera a todas las bombas de combustible en dep\u00f3sito del mercado actual<br \/>\nDise\u00f1ado para motores de m\u00e1s de 900 CV<br \/>\nTecnolog\u00eda OE galardonada<br \/>\nTecnolog\u00eda OEM de alta presi\u00f3n y alto caudal dise\u00f1ada y desarrollada para E85 Etanol<\/p>\n<p>Dise\u00f1o de turbina de doble canal para obtener la m\u00e1xima eficacia en aplicaciones de alta presi\u00f3n y alta temperatura<br \/>\nFabricado en EE.UU. por TI Automotive (empresa matriz de Walbro)<\/p>\n<p>Combustible: GAS y E85<br \/>\nPotencia: 900+ a 60PSI, aplicaciones atmosf\u00e9ricas<br \/>\nLongitud total de la bomba: 131 mm<br \/>\nDi\u00e1metro de la carcasa principal: 39 mm<br \/>\nDi\u00e1metro de la carcasa inferior: 50 mm<br \/>\nDi\u00e1metro de entrada de combustible: 11mm OD<br \/>\nDi\u00e1metro de salida de combustible: 11 mm de di\u00e1metro exterior<br \/>\nCaudal: 535LPH a 40psi<br \/>\nTensi\u00f3n de prueba: 13,5 voltios<br \/>\nEtiqueta de la industria: Walbro 535<\/p>\n<p><strong>Nota: La bomba NO tiene v\u00e1lvula de retenci\u00f3n.<\/strong><\/p>","protected":false},"excerpt":{"rendered":"<p>Combustible: GAS y E85<br \/>\nPotencia: 900+ a 60PSI, aplicaciones atmosf\u00e9ricas<br \/>\nLongitud total de la bomba: 131 mm<br \/>\nDi\u00e1metro de la carcasa principal: 39 mm<br \/>\nDi\u00e1metro de la carcasa inferior: 50 mm<br \/>\nDi\u00e1metro de entrada de combustible: 11mm OD<br \/>\nDi\u00e1metro de salida de combustible: 11 mm de di\u00e1metro exterior<br \/>\nCaudal: 535LPH a 40psi<br \/>\nTensi\u00f3n de prueba: 13,5 voltios<br \/>\nEtiqueta de la industria: Walbro 535<\/p>\n<p><strong>Nota: La bomba NO tiene v\u00e1lvula de retenci\u00f3n.<\/strong><\/p>","protected":false},"featured_media":78003,"template":"","meta":{"_crdt_document":"","inline_featured_image":false},"product_brand":[],"product_cat":[395],"product_tag":[],"class_list":{"0":"post-78002","1":"product","2":"type-product","3":"status-publish","4":"has-post-thumbnail","6":"product_cat-fueling","8":"first","9":"onbackorder","10":"taxable","11":"shipping-taxable","12":"purchasable","13":"product-type-simple"},"supplier_id":null,"supplier_sku":"","barcode":null,"atum_controlled":true,"out_stock_date":"2025-06-11 16:21:31","out_stock_threshold":null,"inheritable":false,"inbound_stock":0,"stock_on_hold":0,"sold_today":0,"sales_last_days":0,"reserved_stock":0,"customer_returns":0,"warehouse_damage":0,"lost_in_post":0,"other_logs":0,"out_stock_days":118,"lost_sales":0,"has_location":false,"update_date":"2025-10-08T12:10:10","atum_locations":[],"atum_stock_status":"onbackorder","restock_status":false,"low_stock_amount":"","sales_update_date":"2025-10-08T12:10:10","calc_backorders":0,"_links":{"self":[{"href":"https:\/\/revmatch.eu\/es\/wp-json\/wp\/v2\/product\/78002","targetHints":{"allow":["GET"]}}],"collection":[{"href":"https:\/\/revmatch.eu\/es\/wp-json\/wp\/v2\/product"}],"about":[{"href":"https:\/\/revmatch.eu\/es\/wp-json\/wp\/v2\/types\/product"}],"version-history":[{"count":0,"href":"https:\/\/revmatch.eu\/es\/wp-json\/wp\/v2\/product\/78002\/revisions"}],"wp:featuredmedia":[{"embeddable":true,"href":"https:\/\/revmatch.eu\/es\/wp-json\/wp\/v2\/media\/78003"}],"wp:attachment":[{"href":"https:\/\/revmatch.eu\/es\/wp-json\/wp\/v2\/media?parent=78002"}],"wp:term":[{"taxonomy":"product_brand","embeddable":true,"href":"https:\/\/revmatch.eu\/es\/wp-json\/wp\/v2\/product_brand?post=78002"},{"taxonomy":"product_cat","embeddable":true,"href":"https:\/\/revmatch.eu\/es\/wp-json\/wp\/v2\/product_cat?post=78002"},{"taxonomy":"product_tag","embeddable":true,"href":"https:\/\/revmatch.eu\/es\/wp-json\/wp\/v2\/product_tag?post=78002"}],"curies":[{"name":"wp","href":"https:\/\/api.w.org\/{rel}","templated":true}]}}