{"id":82084,"date":"2025-01-29T09:44:03","date_gmt":"2025-01-29T08:44:03","guid":{"rendered":"https:\/\/revmatch.eu\/?post_type=product&#038;p=82084"},"modified":"2025-05-09T02:45:04","modified_gmt":"2025-05-09T01:45:04","slug":"bmw-f-series-5x120-silver-wheel-spacers","status":"publish","type":"product","link":"https:\/\/revmatch.eu\/es\/product\/bmw-f-series-5x120-silver-wheel-spacers\/","title":{"rendered":"BMW Serie F 5\u00d7120 Espaciadores de Rueda Plateados"},"content":{"rendered":"<p>Espaciadores de aluminio mecanizado en acabado plateado. Apto para todos los modelos BMW Serie F entre 2012 y 2021.<br \/>\nLigero, duradero y dise\u00f1ado estos establecer la postura en el coche perfectamente con la mejora en el manejo de rendimiento y apariencia. Los espaciadores son esenciales para la construcci\u00f3n de cualquier coche y se ven muy bien cuando se combina con muelles de descenso.<\/p>\n<p>Vendido en juego de 2 espaciadores y los tornillos para adaptarse. Elija sus tama\u00f1os deseados.<br \/>\nLos espacios vienen en 5 tama\u00f1os: 10 mm, 12 mm, 15 mm, 18 mm y 20 mm.<\/p>\n<p><strong>NOTA<\/strong>: Despu\u00e9s de instalar separadores de rueda, existe una peque\u00f1a posibilidad de rozamiento en el arco del coche, especialmente si se elige un montaje agresivo y el veh\u00edculo est\u00e1 rebajado. Por lo general, esto puede evitarse seleccionando un tama\u00f1o de separador conservador o realizando peque\u00f1os ajustes en el guardabarros.<\/p>","protected":false},"excerpt":{"rendered":"<p>Espaciadores de aluminio mecanizado en acabado plateado. Apto para todos los modelos BMW Serie F entre 2012 y 2021.<br \/>\nLigero, duradero y dise\u00f1ado estos establecer la postura en el coche perfectamente con la mejora en el manejo de rendimiento y apariencia. Los espaciadores son esenciales para la construcci\u00f3n de cualquier coche y se ven muy bien cuando se combina con muelles de descenso.<\/p>\n<p>Vendido en juego de 2 espaciadores y los tornillos para adaptarse. Elija sus tama\u00f1os deseados.<br \/>\nLos espacios vienen en 5 tama\u00f1os: 10 mm, 12 mm, 15 mm, 18 mm y 20 mm.<\/p>\n<p><strong>NOTA<\/strong>: Despu\u00e9s de instalar separadores de rueda, existe una peque\u00f1a posibilidad de rozamiento en el arco del coche, especialmente si se elige un montaje agresivo y el veh\u00edculo est\u00e1 rebajado. Por lo general, esto puede evitarse seleccionando un tama\u00f1o de separador conservador o realizando peque\u00f1os ajustes en el guardabarros.<\/p>","protected":false},"featured_media":82090,"template":"","meta":{"_crdt_document":"","inline_featured_image":false},"product_brand":[],"product_cat":[454,456,448],"product_tag":[],"class_list":{"0":"post-82084","1":"product","2":"type-product","3":"status-publish","4":"has-post-thumbnail","6":"product_cat-n55","7":"product_cat-s55","8":"product_cat-wheel-spacers","10":"first","11":"onbackorder","12":"taxable","13":"shipping-taxable","14":"purchasable","15":"product-type-variable"},"supplier_id":null,"supplier_sku":"","barcode":null,"atum_controlled":true,"out_stock_date":"2025-01-29 09:44:05","out_stock_threshold":null,"inheritable":true,"inbound_stock":0,"stock_on_hold":0,"sold_today":null,"sales_last_days":null,"reserved_stock":0,"customer_returns":0,"warehouse_damage":0,"lost_in_post":0,"other_logs":0,"out_stock_days":99,"lost_sales":null,"has_location":false,"update_date":"2025-12-09T12:35:56","atum_locations":[],"atum_stock_status":"onbackorder","restock_status":false,"low_stock_amount":"","sales_update_date":"2025-12-09T12:35:56","calc_backorders":null,"_links":{"self":[{"href":"https:\/\/revmatch.eu\/es\/wp-json\/wp\/v2\/product\/82084","targetHints":{"allow":["GET"]}}],"collection":[{"href":"https:\/\/revmatch.eu\/es\/wp-json\/wp\/v2\/product"}],"about":[{"href":"https:\/\/revmatch.eu\/es\/wp-json\/wp\/v2\/types\/product"}],"version-history":[{"count":0,"href":"https:\/\/revmatch.eu\/es\/wp-json\/wp\/v2\/product\/82084\/revisions"}],"wp:featuredmedia":[{"embeddable":true,"href":"https:\/\/revmatch.eu\/es\/wp-json\/wp\/v2\/media\/82090"}],"wp:attachment":[{"href":"https:\/\/revmatch.eu\/es\/wp-json\/wp\/v2\/media?parent=82084"}],"wp:term":[{"taxonomy":"product_brand","embeddable":true,"href":"https:\/\/revmatch.eu\/es\/wp-json\/wp\/v2\/product_brand?post=82084"},{"taxonomy":"product_cat","embeddable":true,"href":"https:\/\/revmatch.eu\/es\/wp-json\/wp\/v2\/product_cat?post=82084"},{"taxonomy":"product_tag","embeddable":true,"href":"https:\/\/revmatch.eu\/es\/wp-json\/wp\/v2\/product_tag?post=82084"}],"curies":[{"name":"wp","href":"https:\/\/api.w.org\/{rel}","templated":true}]}}