{"id":82123,"date":"2025-02-05T19:44:43","date_gmt":"2025-02-05T18:44:43","guid":{"rendered":"https:\/\/revmatch.eu\/?post_type=product&#038;p=82123"},"modified":"2026-02-05T17:11:56","modified_gmt":"2026-02-05T16:11:56","slug":"magnetic-oil-drain-plug-m12x1-5","status":"publish","type":"product","link":"https:\/\/revmatch.eu\/es\/producto\/magnetic-oil-drain-plug-m12x1-5\/","title":{"rendered":"Tap\u00f3n magn\u00e9tico de vaciado de aceite M12x1,5"},"content":{"rendered":"<p>Los tapones magn\u00e9ticos de drenaje de aceite eliminan los fragmentos met\u00e1licos del aceite del motor, prolongando y protegiendo as\u00ed la vida \u00fatil de su motor.<\/p>\n<p>M12x1,5<\/p>\n<p>Compatible con numerosos motores BMW: N54, N55, S55, B58, S58, etc.<\/p>\n<div id=\"gtx-trans\" style=\"position: absolute; left: -115px; top: -7.5px;\">\n<div class=\"gtx-trans-icon\"><\/div>\n<\/div>","protected":false},"excerpt":{"rendered":"<p>Los tapones magn\u00e9ticos de drenaje de aceite eliminan los fragmentos met\u00e1licos del aceite del motor, prolongando y protegiendo as\u00ed la vida \u00fatil de su motor.<\/p>\n<p>M12x1,5<\/p>\n<p>Compatible con numerosos motores BMW: N54, N55, S55, B58, S58, etc.<\/p>","protected":false},"featured_media":82124,"template":"","meta":{"_crdt_document":"","inline_featured_image":false},"product_brand":[],"product_cat":[399,398,454,456],"product_tag":[],"class_list":{"0":"post-82123","1":"product","2":"type-product","3":"status-publish","4":"has-post-thumbnail","6":"product_cat-engine-oil","7":"product_cat-maintenance","8":"product_cat-n55","9":"product_cat-s55","11":"first","12":"onbackorder","13":"sale","14":"taxable","15":"shipping-taxable","16":"purchasable","17":"product-type-simple"},"supplier_id":null,"supplier_sku":"","barcode":null,"atum_controlled":true,"out_stock_date":"2026-02-05 17:11:56","out_stock_threshold":null,"inheritable":false,"inbound_stock":0,"stock_on_hold":0,"sold_today":0,"sales_last_days":1,"reserved_stock":0,"customer_returns":0,"warehouse_damage":0,"lost_in_post":0,"other_logs":0,"out_stock_days":3,"lost_sales":6,"has_location":false,"update_date":"2026-02-09T10:58:12","atum_locations":[],"atum_stock_status":"onbackorder","restock_status":false,"low_stock_amount":"","sales_update_date":"2026-02-09T10:58:12","calc_backorders":0,"_links":{"self":[{"href":"https:\/\/revmatch.eu\/es\/wp-json\/wp\/v2\/product\/82123","targetHints":{"allow":["GET"]}}],"collection":[{"href":"https:\/\/revmatch.eu\/es\/wp-json\/wp\/v2\/product"}],"about":[{"href":"https:\/\/revmatch.eu\/es\/wp-json\/wp\/v2\/types\/product"}],"version-history":[{"count":1,"href":"https:\/\/revmatch.eu\/es\/wp-json\/wp\/v2\/product\/82123\/revisions"}],"predecessor-version":[{"id":82125,"href":"https:\/\/revmatch.eu\/es\/wp-json\/wp\/v2\/product\/82123\/revisions\/82125"}],"wp:featuredmedia":[{"embeddable":true,"href":"https:\/\/revmatch.eu\/es\/wp-json\/wp\/v2\/media\/82124"}],"wp:attachment":[{"href":"https:\/\/revmatch.eu\/es\/wp-json\/wp\/v2\/media?parent=82123"}],"wp:term":[{"taxonomy":"product_brand","embeddable":true,"href":"https:\/\/revmatch.eu\/es\/wp-json\/wp\/v2\/product_brand?post=82123"},{"taxonomy":"product_cat","embeddable":true,"href":"https:\/\/revmatch.eu\/es\/wp-json\/wp\/v2\/product_cat?post=82123"},{"taxonomy":"product_tag","embeddable":true,"href":"https:\/\/revmatch.eu\/es\/wp-json\/wp\/v2\/product_tag?post=82123"}],"curies":[{"name":"wp","href":"https:\/\/api.w.org\/{rel}","templated":true}]}}