{"id":83341,"date":"2025-05-02T18:54:05","date_gmt":"2025-05-02T17:54:05","guid":{"rendered":"https:\/\/revmatch.eu\/?post_type=product&#038;p=83341"},"modified":"2026-01-07T11:51:31","modified_gmt":"2026-01-07T10:51:31","slug":"oil-sump-baffle-for-n55-rwd","status":"publish","type":"product","link":"https:\/\/revmatch.eu\/es\/product\/oil-sump-baffle-for-n55-rwd\/","title":{"rendered":"Tabicado de c\u00e1rter de aceite para N55 RWD"},"content":{"rendered":"<p>Deflector de c\u00e1rter de aceite para N55, la soluci\u00f3n perfecta para poner fin a los problemas de falta de aceite en los motores N55.<\/p>\n<p>Si planeas usar el coche en circuito, el tabicado del c\u00e1rter de aceite es una <strong>necesidad<\/strong>.<\/p>\n<ul>\n<li>Acero inoxidable de 1,5 mm de espesor, soldado TIG.<\/li>\n<li>V\u00e1lvulas antirretorno de alta calidad.<\/li>\n<li>Alta compatibilidad con aceites y temperaturas extremas.<\/li>\n<\/ul>\n<h6>Compatibilidad<\/h6>\n<p>N55 RWD F-Series (no compatible con F87 y algunos F-Series 2011-2012).<\/p>\n<h6>Instalaci\u00f3n<\/h6>\n<p>El producto se atornilla al sub-bloque de aluminio original. No requiere taladrar ni rectificar.<\/p>\n<p>Es <strong>muy recomendable<\/strong> cambiar por completo los cojinetes de cig\u00fce\u00f1al y biela al instalar el c\u00e1rter de aceite.<\/p>","protected":false},"excerpt":{"rendered":"<p>Deflector de c\u00e1rter de aceite para N55, la soluci\u00f3n perfecta para poner fin a los problemas de falta de aceite en los motores N55.<\/p>\n<p>Si planeas usar el coche en circuito, el tabicado del c\u00e1rter de aceite es una <strong>necesidad<\/strong>.<\/p>\n<ul>\n<li>Acero inoxidable de 1,5 mm de espesor, soldado TIG.<\/li>\n<li>V\u00e1lvulas antirretorno de alta calidad.<\/li>\n<li>Alta compatibilidad con aceites y temperaturas extremas.<\/li>\n<\/ul>\n<h6>Compatibilidad<\/h6>\n<p>N55 RWD F-Series (no compatible con F87 y algunos F-Series 2011-2012).<\/p>\n<h6>Instalaci\u00f3n<\/h6>\n<p>El producto se atornilla al sub-bloque de aluminio original. No requiere taladrar ni rectificar.<\/p>\n<p>Es <strong>muy recomendable<\/strong> cambiar por completo los cojinetes de cig\u00fce\u00f1al y biela al instalar el c\u00e1rter de aceite.<\/p>\n<div id=\"gtx-trans\" style=\"position: absolute; left: 68px; top: 319.047px;\">\n<div class=\"gtx-trans-icon\"><\/div>\n<\/div>","protected":false},"featured_media":83343,"template":"","meta":{"_crdt_document":"","inline_featured_image":false},"product_brand":[],"product_cat":[443,454],"product_tag":[],"class_list":{"0":"post-83341","1":"product","2":"type-product","3":"status-publish","4":"has-post-thumbnail","6":"product_cat-oil-sumps","7":"product_cat-n55","9":"first","10":"onbackorder","11":"taxable","12":"shipping-taxable","13":"purchasable","14":"product-type-simple"},"supplier_id":null,"supplier_sku":"","barcode":null,"atum_controlled":true,"out_stock_date":null,"out_stock_threshold":null,"inheritable":false,"inbound_stock":0,"stock_on_hold":0,"sold_today":0,"sales_last_days":0,"reserved_stock":0,"customer_returns":0,"warehouse_damage":0,"lost_in_post":0,"other_logs":0,"out_stock_days":0,"lost_sales":0,"has_location":false,"update_date":"2026-04-20T09:12:26","atum_locations":[],"atum_stock_status":"onbackorder","restock_status":false,"low_stock_amount":"","sales_update_date":"2026-04-20T09:12:26","calc_backorders":-1,"_links":{"self":[{"href":"https:\/\/revmatch.eu\/es\/wp-json\/wp\/v2\/product\/83341","targetHints":{"allow":["GET"]}}],"collection":[{"href":"https:\/\/revmatch.eu\/es\/wp-json\/wp\/v2\/product"}],"about":[{"href":"https:\/\/revmatch.eu\/es\/wp-json\/wp\/v2\/types\/product"}],"version-history":[{"count":0,"href":"https:\/\/revmatch.eu\/es\/wp-json\/wp\/v2\/product\/83341\/revisions"}],"wp:featuredmedia":[{"embeddable":true,"href":"https:\/\/revmatch.eu\/es\/wp-json\/wp\/v2\/media\/83343"}],"wp:attachment":[{"href":"https:\/\/revmatch.eu\/es\/wp-json\/wp\/v2\/media?parent=83341"}],"wp:term":[{"taxonomy":"product_brand","embeddable":true,"href":"https:\/\/revmatch.eu\/es\/wp-json\/wp\/v2\/product_brand?post=83341"},{"taxonomy":"product_cat","embeddable":true,"href":"https:\/\/revmatch.eu\/es\/wp-json\/wp\/v2\/product_cat?post=83341"},{"taxonomy":"product_tag","embeddable":true,"href":"https:\/\/revmatch.eu\/es\/wp-json\/wp\/v2\/product_tag?post=83341"}],"curies":[{"name":"wp","href":"https:\/\/api.w.org\/{rel}","templated":true}]}}