{"id":83538,"date":"2025-08-07T09:29:43","date_gmt":"2025-08-07T08:29:43","guid":{"rendered":"https:\/\/revmatch.eu\/?post_type=product&#038;p=83538"},"modified":"2025-12-17T09:52:51","modified_gmt":"2025-12-17T08:52:51","slug":"nerol-5w-30-vtr-rtk","status":"publish","type":"product","link":"https:\/\/revmatch.eu\/es\/producto\/nerol-5w-30-vtr-rtk\/","title":{"rendered":"Nerol 5W30 VTR RTK"},"content":{"rendered":"<p>Aceite completamente sint\u00e9tico, formulado con PAO, mPAO y ESTER para una pel\u00edcula de aceite m\u00e1s fuerte. Soporta altas cargas de trabajo y mantiene presiones de aceite m\u00e1s estables. Desarrollado para su uso en veh\u00edculos de altas prestaciones y en condiciones de trabajo extremas. Contiene altas concentraciones de aditivos antidesgaste para reducir el estr\u00e9s de los componentes internos del motor y aditivos antifricci\u00f3n para ayudar al motor a desarrollar su m\u00e1xima potencia.<\/p>\n<p>&nbsp;<\/p>\n<p><a href=\"https:\/\/www.lubricantsnerol.com\/wp-content\/uploads\/2025\/05\/FICHA-TECNICA-NEROL-PERFORMANCE-VTR-5W-30-RTK.pdf\" target=\"_blank\" rel=\"nofollow noopener\">Ficha T\u00e9cnica<\/a><\/p>","protected":false},"excerpt":{"rendered":"<p>Aceite completamente sint\u00e9tico, formulado con PAO, mPAO y ESTER para una pel\u00edcula de aceite m\u00e1s fuerte. Soporta altas cargas de trabajo y mantiene presiones de aceite m\u00e1s estables. Desarrollado para su uso en veh\u00edculos de altas prestaciones y en condiciones de trabajo extremas. Contiene altas concentraciones de aditivos antidesgaste para reducir el estr\u00e9s de los componentes internos del motor y aditivos antifricci\u00f3n para ayudar al motor a desarrollar su m\u00e1xima potencia.<\/p>","protected":false},"featured_media":83542,"template":"","meta":{"_crdt_document":"","inline_featured_image":false},"product_brand":[],"product_cat":[455,399,454,456,457],"product_tag":[],"class_list":{"0":"post-83538","1":"product","2":"type-product","3":"status-publish","4":"has-post-thumbnail","6":"product_cat-b58","7":"product_cat-engine-oil","8":"product_cat-n55","9":"product_cat-s55","10":"product_cat-s58","12":"first","13":"onbackorder","14":"taxable","15":"shipping-taxable","16":"purchasable","17":"product-type-variable","18":"has-default-attributes"},"supplier_id":null,"supplier_sku":"","barcode":null,"atum_controlled":true,"out_stock_date":"2025-08-20 11:01:36","out_stock_threshold":null,"inheritable":true,"inbound_stock":0,"stock_on_hold":1,"sold_today":0,"sales_last_days":0,"reserved_stock":0,"customer_returns":0,"warehouse_damage":0,"lost_in_post":0,"other_logs":0,"out_stock_days":0,"lost_sales":0,"has_location":false,"update_date":"2026-01-15T21:23:42","atum_locations":[],"atum_stock_status":"onbackorder","restock_status":false,"low_stock_amount":"","sales_update_date":"2025-12-09T12:38:06","calc_backorders":0,"_links":{"self":[{"href":"https:\/\/revmatch.eu\/es\/wp-json\/wp\/v2\/product\/83538","targetHints":{"allow":["GET"]}}],"collection":[{"href":"https:\/\/revmatch.eu\/es\/wp-json\/wp\/v2\/product"}],"about":[{"href":"https:\/\/revmatch.eu\/es\/wp-json\/wp\/v2\/types\/product"}],"version-history":[{"count":3,"href":"https:\/\/revmatch.eu\/es\/wp-json\/wp\/v2\/product\/83538\/revisions"}],"predecessor-version":[{"id":83562,"href":"https:\/\/revmatch.eu\/es\/wp-json\/wp\/v2\/product\/83538\/revisions\/83562"}],"wp:featuredmedia":[{"embeddable":true,"href":"https:\/\/revmatch.eu\/es\/wp-json\/wp\/v2\/media\/83542"}],"wp:attachment":[{"href":"https:\/\/revmatch.eu\/es\/wp-json\/wp\/v2\/media?parent=83538"}],"wp:term":[{"taxonomy":"product_brand","embeddable":true,"href":"https:\/\/revmatch.eu\/es\/wp-json\/wp\/v2\/product_brand?post=83538"},{"taxonomy":"product_cat","embeddable":true,"href":"https:\/\/revmatch.eu\/es\/wp-json\/wp\/v2\/product_cat?post=83538"},{"taxonomy":"product_tag","embeddable":true,"href":"https:\/\/revmatch.eu\/es\/wp-json\/wp\/v2\/product_tag?post=83538"}],"curies":[{"name":"wp","href":"https:\/\/api.w.org\/{rel}","templated":true}]}}