{"id":83564,"date":"2025-08-20T13:49:36","date_gmt":"2025-08-20T12:49:36","guid":{"rendered":"https:\/\/revmatch.eu\/?post_type=product&#038;p=83564"},"modified":"2026-01-01T01:06:54","modified_gmt":"2026-01-01T00:06:54","slug":"bmw-oem-8hp-aluminium-oil-pan","status":"publish","type":"product","link":"https:\/\/revmatch.eu\/es\/product\/bmw-oem-8hp-aluminium-oil-pan\/","title":{"rendered":"C\u00e1rter de aceite de aluminio BMW OEM 8HP"},"content":{"rendered":"<p>Kit de filtro y c\u00e1rter de aceite de transmisi\u00f3n autom\u00e1tica original BMW compatible con m\u00faltiples transmisiones autom\u00e1ticas ZF8 de 8 velocidades que se encuentran en los BMW.<\/p>\n<p>Se adapta a la mayor\u00eda de los siguientes modelos ZF8 (<strong>p\u00f3ngase en contacto con nosotros para confirmar la compatibilidad<\/strong>):<\/p>\n<ul>\n<li>8HP45<\/li>\n<li>8HP50<\/li>\n<li>8HP70<\/li>\n<li>8HP75<\/li>\n<li>8HP76<\/li>\n<\/ul>\n<p>Se adapta a los modelos AWD y RWD.<\/p>\n<p><strong>La capacidad de aceite aumenta en 300 ml en comparaci\u00f3n con un c\u00e1rter de pl\u00e1stico normal.<\/strong><\/p>\n<p><strong>El kit incluye<\/strong>:<br \/>\n(1) Bandeja de aceite de aluminio con tap\u00f3n de drenaje<br \/>\n(1) Junta del c\u00e1rter de aceite<br \/>\n(1) Filtro<br \/>\n(1) Tap\u00f3n de llenado<br \/>\n(13) Pernos<\/p>\n<p><strong>N\u00fameros de pieza<\/strong>:<br \/>\n24119504520<br \/>\n24-11-9-504-520<\/p>\n<p>&nbsp;<\/p>\n<p>*Este kit proviene de G8X M2 M3 M4 ZF8 Auto Trans Pan Kit que se ha demostrado compatible con la mayor\u00eda de las variaciones de los modelos anteriores.<\/p>","protected":false},"excerpt":{"rendered":"<p>Kit de filtro y c\u00e1rter de aceite de transmisi\u00f3n autom\u00e1tica original BMW compatible con m\u00faltiples transmisiones autom\u00e1ticas ZF8 de 8 velocidades que se encuentran en los BMW.<\/p>\n<p>Se adapta a la mayor\u00eda de los siguientes modelos ZF8 (<strong>p\u00f3ngase en contacto con nosotros para confirmar la compatibilidad<\/strong>):<\/p>\n<ul>\n<li>8HP45<\/li>\n<li>8HP50<\/li>\n<li>8HP70<\/li>\n<li>8HP75<\/li>\n<li>8HP76<\/li>\n<\/ul>\n<p>Se adapta a los modelos AWD y RWD.<\/p>\n<p><strong>La capacidad de aceite aumenta en 300 ml en comparaci\u00f3n con un c\u00e1rter de pl\u00e1stico normal.<\/strong><\/p>","protected":false},"featured_media":83565,"template":"","meta":{"_crdt_document":"","inline_featured_image":false},"product_brand":[472],"product_cat":[455,454,439,457],"product_tag":[],"class_list":{"0":"post-83564","1":"product","2":"type-product","3":"status-publish","4":"has-post-thumbnail","6":"product_brand-bmw","7":"product_cat-b58","8":"product_cat-n55","9":"product_cat-oil-filters","10":"product_cat-s58","12":"first","13":"instock","14":"taxable","15":"shipping-taxable","16":"purchasable","17":"product-type-simple"},"supplier_id":null,"supplier_sku":"24119504520","barcode":null,"atum_controlled":true,"out_stock_date":null,"out_stock_threshold":null,"inheritable":false,"inbound_stock":0,"stock_on_hold":1,"sold_today":0,"sales_last_days":0,"reserved_stock":0,"customer_returns":0,"warehouse_damage":0,"lost_in_post":0,"other_logs":0,"out_stock_days":0,"lost_sales":0,"has_location":false,"update_date":"2026-04-10T07:53:15","atum_locations":[],"atum_stock_status":"instock","restock_status":false,"low_stock_amount":"","sales_update_date":"2026-04-10T07:53:15","calc_backorders":0,"_links":{"self":[{"href":"https:\/\/revmatch.eu\/es\/wp-json\/wp\/v2\/product\/83564","targetHints":{"allow":["GET"]}}],"collection":[{"href":"https:\/\/revmatch.eu\/es\/wp-json\/wp\/v2\/product"}],"about":[{"href":"https:\/\/revmatch.eu\/es\/wp-json\/wp\/v2\/types\/product"}],"version-history":[{"count":0,"href":"https:\/\/revmatch.eu\/es\/wp-json\/wp\/v2\/product\/83564\/revisions"}],"wp:featuredmedia":[{"embeddable":true,"href":"https:\/\/revmatch.eu\/es\/wp-json\/wp\/v2\/media\/83565"}],"wp:attachment":[{"href":"https:\/\/revmatch.eu\/es\/wp-json\/wp\/v2\/media?parent=83564"}],"wp:term":[{"taxonomy":"product_brand","embeddable":true,"href":"https:\/\/revmatch.eu\/es\/wp-json\/wp\/v2\/product_brand?post=83564"},{"taxonomy":"product_cat","embeddable":true,"href":"https:\/\/revmatch.eu\/es\/wp-json\/wp\/v2\/product_cat?post=83564"},{"taxonomy":"product_tag","embeddable":true,"href":"https:\/\/revmatch.eu\/es\/wp-json\/wp\/v2\/product_tag?post=83564"}],"curies":[{"name":"wp","href":"https:\/\/api.w.org\/{rel}","templated":true}]}}