{"id":83576,"date":"2025-09-05T09:10:45","date_gmt":"2025-09-05T08:10:45","guid":{"rendered":"https:\/\/revmatch.eu\/?post_type=product&#038;p=83576"},"modified":"2026-01-19T11:05:49","modified_gmt":"2026-01-19T10:05:49","slug":"n55-n54-s55-b58-head-port-block-off-kit","status":"publish","type":"product","link":"https:\/\/revmatch.eu\/es\/producto\/n55-n54-s55-b58-head-port-block-off-kit\/","title":{"rendered":"Kit de bloqueo de puertos de culata N55\/N54\/S55\/B58"},"content":{"rendered":"<p>Este kit est\u00e1 dise\u00f1ado para bloquear los conductos en la culata que llegan hasta las v\u00e1lvulas y crean vac\u00edo para el sistema PCV bajo baja carga. Esta configuraci\u00f3n puede aspirar aceite hacia las v\u00e1lvulas, causando acumulaci\u00f3n de carbono.<\/p>\n<p>Bajo condiciones de alta presi\u00f3n (boost), tener estos conductos abiertos puede hacer que la membrana de goma del sistema PCV falle y provocar una peque\u00f1a fuga de presi\u00f3n.<\/p>\n<p>Si has anulado el sistema PCV (PCV Delete), este kit es <strong>IMPRESCINDIBLE<\/strong> si est\u00e1s con altas presiones de turbo.<\/p>\n<p>El kit incluye:<\/p>\n<ul>\n<li>6 tornillos<\/li>\n<li>Terraja espec\u00edfica<\/li>\n<\/ul>\n<p>Este kit es compatible con los motores N54, N55, S55 y B58 Gen1.<\/p>","protected":false},"excerpt":{"rendered":"<p>Este kit est\u00e1 dise\u00f1ado para bloquear los conductos en la culata que llegan hasta las v\u00e1lvulas y crean vac\u00edo para el sistema PCV bajo baja carga. Esta configuraci\u00f3n puede aspirar aceite hacia las v\u00e1lvulas, causando acumulaci\u00f3n de carbono.<\/p>\n<p>Bajo condiciones de alta presi\u00f3n (boost), tener estos conductos abiertos puede hacer que la membrana de goma del sistema PCV falle y provocar una peque\u00f1a fuga de presi\u00f3n.<\/p>\n<p>Si has anulado el sistema PCV (PCV Delete), este kit es <strong>IMPRESCINDIBLE<\/strong> si est\u00e1s con altas presiones de turbo.<\/p>\n<p>El kit incluye:<\/p>\n<ul>\n<li>6 tornillos<\/li>\n<li>Terraja espec\u00edfica<\/li>\n<\/ul>\n<p>Este kit es compatible con los motores N54, N55, S55 y B58 Gen1.<\/p>","protected":false},"featured_media":83577,"template":"","meta":{"_crdt_document":"","inline_featured_image":false},"product_brand":[],"product_cat":[455,370,454,184,456],"product_tag":[],"class_list":{"0":"post-83576","1":"product","2":"type-product","3":"status-publish","4":"has-post-thumbnail","6":"product_cat-b58","7":"product_cat-engine","8":"product_cat-n55","9":"product_cat-revmatch","10":"product_cat-s55","12":"first","13":"instock","14":"taxable","15":"shipping-taxable","16":"purchasable","17":"product-type-simple"},"supplier_id":null,"supplier_sku":"","barcode":null,"atum_controlled":true,"out_stock_date":null,"out_stock_threshold":null,"inheritable":false,"inbound_stock":0,"stock_on_hold":0,"sold_today":0,"sales_last_days":0,"reserved_stock":0,"customer_returns":0,"warehouse_damage":0,"lost_in_post":0,"other_logs":0,"out_stock_days":0,"lost_sales":0,"has_location":false,"update_date":"2026-03-26T10:57:13","atum_locations":[],"atum_stock_status":"instock","restock_status":false,"low_stock_amount":"","sales_update_date":"2026-03-26T10:57:13","calc_backorders":null,"_links":{"self":[{"href":"https:\/\/revmatch.eu\/es\/wp-json\/wp\/v2\/product\/83576","targetHints":{"allow":["GET"]}}],"collection":[{"href":"https:\/\/revmatch.eu\/es\/wp-json\/wp\/v2\/product"}],"about":[{"href":"https:\/\/revmatch.eu\/es\/wp-json\/wp\/v2\/types\/product"}],"version-history":[{"count":2,"href":"https:\/\/revmatch.eu\/es\/wp-json\/wp\/v2\/product\/83576\/revisions"}],"predecessor-version":[{"id":83591,"href":"https:\/\/revmatch.eu\/es\/wp-json\/wp\/v2\/product\/83576\/revisions\/83591"}],"wp:featuredmedia":[{"embeddable":true,"href":"https:\/\/revmatch.eu\/es\/wp-json\/wp\/v2\/media\/83577"}],"wp:attachment":[{"href":"https:\/\/revmatch.eu\/es\/wp-json\/wp\/v2\/media?parent=83576"}],"wp:term":[{"taxonomy":"product_brand","embeddable":true,"href":"https:\/\/revmatch.eu\/es\/wp-json\/wp\/v2\/product_brand?post=83576"},{"taxonomy":"product_cat","embeddable":true,"href":"https:\/\/revmatch.eu\/es\/wp-json\/wp\/v2\/product_cat?post=83576"},{"taxonomy":"product_tag","embeddable":true,"href":"https:\/\/revmatch.eu\/es\/wp-json\/wp\/v2\/product_tag?post=83576"}],"curies":[{"name":"wp","href":"https:\/\/api.w.org\/{rel}","templated":true}]}}