{"id":83579,"date":"2025-09-05T09:56:54","date_gmt":"2025-09-05T08:56:54","guid":{"rendered":"https:\/\/revmatch.eu\/?post_type=product&#038;p=83579"},"modified":"2026-01-01T01:06:55","modified_gmt":"2026-01-01T00:06:55","slug":"walbro-450","status":"publish","type":"product","link":"https:\/\/revmatch.eu\/es\/product\/walbro-450\/","title":{"rendered":"Walbro 450"},"content":{"rendered":"<p>La bomba de combustible Walbro GST 450 es una bomba interna que tambi\u00e9n funciona bien con etanol. Dise\u00f1ada para proporcionar un caudal m\u00e1ximo en un formato compacto que facilita la instalaci\u00f3n.<\/p>\n<p><strong>Valores de flujo:<\/strong><\/p>\n<ul>\n<li>2 bares \u2013 450 litros\/hora<\/li>\n<li>3 bares \u2013 425 litros\/hora<\/li>\n<li>4 bares \u2013 385 litros\/hora<\/li>\n<li>5 bares \u2013 350 litros\/hora<\/li>\n<li>6 bares \u2013 280 litros\/hora<\/li>\n<\/ul>\n<p><strong>Datos t\u00e9cnicos: <\/strong><\/p>\n<ul>\n<li>Longitud: 121 mm<\/li>\n<li>Di\u00e1metro en la parte superior: 39 mm<\/li>\n<li>Di\u00e1metro en la base: 50 mm<\/li>\n<li>Entrada: 11 mm<\/li>\n<li>Salida: 9 mm<\/li>\n<\/ul>\n<p><strong>Nota: La bomba NO tiene v\u00e1lvula de retenci\u00f3n.<\/strong><\/p>","protected":false},"excerpt":{"rendered":"<p>La bomba de combustible Walbro GST 450 es una bomba interna que tambi\u00e9n funciona bien con etanol. Dise\u00f1ada para proporcionar un caudal m\u00e1ximo en un formato compacto que facilita la instalaci\u00f3n.<\/p>\n<p><strong>Valores de flujo:<\/strong><\/p>\n<ul>\n<li>2 bares \u2013 450 litros\/hora<\/li>\n<li>3 bares \u2013 425 litros\/hora<\/li>\n<li>4 bares \u2013 385 litros\/hora<\/li>\n<li>5 bares \u2013 350 litros\/hora<\/li>\n<li>6 bares \u2013 280 litros\/hora<\/li>\n<\/ul>\n<p><strong>Nota: La bomba NO tiene v\u00e1lvula de retenci\u00f3n.<\/strong><\/p>","protected":false},"featured_media":78003,"template":"","meta":{"_crdt_document":"","inline_featured_image":false},"product_brand":[],"product_cat":[395],"product_tag":[],"class_list":{"0":"post-83579","1":"product","2":"type-product","3":"status-publish","4":"has-post-thumbnail","6":"product_cat-fueling","8":"first","9":"onbackorder","10":"taxable","11":"shipping-taxable","12":"purchasable","13":"product-type-simple"},"supplier_id":null,"supplier_sku":"","barcode":null,"atum_controlled":true,"out_stock_date":null,"out_stock_threshold":null,"inheritable":false,"inbound_stock":null,"stock_on_hold":0,"sold_today":0,"sales_last_days":0,"reserved_stock":null,"customer_returns":null,"warehouse_damage":null,"lost_in_post":null,"other_logs":null,"out_stock_days":0,"lost_sales":0,"has_location":false,"update_date":"2026-01-01T00:06:56","atum_locations":[],"atum_stock_status":"onbackorder","restock_status":false,"low_stock_amount":"","sales_update_date":"2025-11-27T21:13:24","calc_backorders":-2,"_links":{"self":[{"href":"https:\/\/revmatch.eu\/es\/wp-json\/wp\/v2\/product\/83579","targetHints":{"allow":["GET"]}}],"collection":[{"href":"https:\/\/revmatch.eu\/es\/wp-json\/wp\/v2\/product"}],"about":[{"href":"https:\/\/revmatch.eu\/es\/wp-json\/wp\/v2\/types\/product"}],"version-history":[{"count":0,"href":"https:\/\/revmatch.eu\/es\/wp-json\/wp\/v2\/product\/83579\/revisions"}],"wp:featuredmedia":[{"embeddable":true,"href":"https:\/\/revmatch.eu\/es\/wp-json\/wp\/v2\/media\/78003"}],"wp:attachment":[{"href":"https:\/\/revmatch.eu\/es\/wp-json\/wp\/v2\/media?parent=83579"}],"wp:term":[{"taxonomy":"product_brand","embeddable":true,"href":"https:\/\/revmatch.eu\/es\/wp-json\/wp\/v2\/product_brand?post=83579"},{"taxonomy":"product_cat","embeddable":true,"href":"https:\/\/revmatch.eu\/es\/wp-json\/wp\/v2\/product_cat?post=83579"},{"taxonomy":"product_tag","embeddable":true,"href":"https:\/\/revmatch.eu\/es\/wp-json\/wp\/v2\/product_tag?post=83579"}],"curies":[{"name":"wp","href":"https:\/\/api.w.org\/{rel}","templated":true}]}}