{"id":84247,"date":"2025-10-04T01:38:01","date_gmt":"2025-10-04T00:38:01","guid":{"rendered":"https:\/\/revmatch.eu\/product\/acl-7m1532h-025\/"},"modified":"2025-10-04T01:38:02","modified_gmt":"2025-10-04T00:38:02","slug":"acl-7m1532h-025","status":"publish","type":"product","link":"https:\/\/revmatch.eu\/es\/product\/acl-7m1532h-025\/","title":{"rendered":"ACL 7M1532H-.025"},"content":{"rendered":"<p>La combinaci\u00f3n \u00fanica de dise\u00f1o, metalurgia e ingenier\u00eda se unen para ofrecer lo que los conductores esperan de los cojinetes de motor Trimetal de alto rendimiento.<\/p>\n<p><img decoding=\"async\" style=\"float: right; width: 600px;\" src=\"https:\/\/revmatch.eu\/wp-content\/uploads\/2024\/11\/ACL_Overview_picture.webp\" \/><\/p>\n<p>Dise\u00f1ados para soportar condiciones de RPM m\u00e1s altas, los cojinetes de motor ACL Race Series est\u00e1n disponibles para muchas de las aplicaciones populares de 4, 6 y 8 cilindros y cuentan con las siguientes caracter\u00edsticas:<\/p>\n<ul>\n<li>Placa superpuesta de alta resistencia con espesor reducido para mejorar las propiedades de fatiga<\/li>\n<li>Dorso de acero endurecido en todos los cojinetes de biela para mejorar el soporte del revestimiento del cojinete y ayudar a la retenci\u00f3n del cojinete en el alojamiento.<\/li>\n<li>Aumento del aplastamiento para mejorar la retenci\u00f3n de los rodamientos<\/li>\n<li>Eliminaci\u00f3n de la chapa flash en la parte posterior de los cojinetes para mejorar la transferencia de calor a trav\u00e9s de los cojinetes y maximizar el agarre entre los cojinetes y su alojamiento.<\/li>\n<li>Mayor excentricidad para compensar la distorsi\u00f3n del orificio a altas rpm y ayudar a la formaci\u00f3n de pel\u00edculas hidrodin\u00e1micas de aceite.<\/li>\n<li>Cojinetes de bancada ranurados 3\/4 para optimizar la superficie de carga y el flujo de aceite a los cojinetes de biela.<\/li>\n<li>Tolerancias de pared consistentes para ayudarle a mantener holguras consistentes.<\/li>\n<li>Chaflanes de di\u00e1metro interior ampliados en los bordes de los cojinetes cuando sea necesario para adaptarse a radios de redondeo grandes en cig\u00fce\u00f1ales de alto rendimiento.<\/li>\n<\/ul>\n<p>Lista de tallas:<\/p>\n<ul>\n<li>STD: Tama\u00f1o est\u00e1ndar<\/li>\n<li>.025: Pared interior extra de 0,025 mm para compensar el desgaste, el reavivado, el pulido, etc.<\/li>\n<li>.25: Pared interior extra de 0,25 mm para compensar el desgaste, el rectificado, el pulido, etc.<\/li>\n<li>.50: Pared interior extra de 0,50 mm para compensar el desgaste, el reavivado, el pulido, etc.<\/li>\n<li>HX-STD: Juego de cojinetes de bancada con juego adicional de 0,025 mm (0,001\")<\/li>\n<\/ul>\n<p>Gu\u00eda de tallas:<\/p>\n<ul>\n<li><a href=\"https:\/\/revmatch.eu\/wp-content\/uploads\/2024\/11\/EB005-guidelines-for-bearing-size-selection-eng.pdf\">Ingl\u00e9s<\/a><\/li>\n<li><a href=\"https:\/\/revmatch.eu\/wp-content\/uploads\/2024\/11\/EB005-guidelines-for-bearing-size-selection-esp.pdf\">Espa\u00f1ol<\/a><\/li>\n<li><a href=\"https:\/\/revmatch.eu\/wp-content\/uploads\/2024\/11\/EB005-guidelines-for-bearing-size-selection-fra.pdf\">Franc\u00e9s<\/a><\/li>\n<li><a href=\"https:\/\/revmatch.eu\/wp-content\/uploads\/2024\/11\/EB005-guidelines-for-bearing-size-selection-ger.pdf\">Alem\u00e1n<\/a><\/li>\n<\/ul>\n<table>\n<tr>\n<th>Marca<\/th>\n<th>Modelo<\/th>\n<th>Variante<\/th>\n<th>A\u00f1o<\/th>\n<th>Motor<\/th>\n<\/tr>\n<tr>\n<td>BMW<\/td>\n<td>3 (E30)<\/td>\n<td>325 y 2,7<\/td>\n<td>1985 &#8211; 1987<\/td>\n<td>M20B27<\/td>\n<\/tr>\n<tr>\n<td>BMW<\/td>\n<td>3 (E30)<\/td>\n<td>325 y 2,7<\/td>\n<td>1983 &#8211; 1988<\/td>\n<td>M20B27<\/td>\n<\/tr>\n<tr>\n<td>BMW<\/td>\n<td>3 (E30)<\/td>\n<td>325 i X<\/td>\n<td>1986 &#8211; 1987<\/td>\n<td>M20B25<\/td>\n<\/tr>\n<tr>\n<td>BMW<\/td>\n<td>3 (E30)<\/td>\n<td>325 i<\/td>\n<td>1983 &#8211; 1989<\/td>\n<td>M20B25<\/td>\n<\/tr>\n<tr>\n<td>BMW<\/td>\n<td>3 (E30)<\/td>\n<td>325 i X<\/td>\n<td>1986 &#8211; 1991<\/td>\n<td>M20B25<\/td>\n<\/tr>\n<tr>\n<td>BMW<\/td>\n<td>3 (E30)<\/td>\n<td>325 i<\/td>\n<td>1986 &#8211; 1991<\/td>\n<td>M20B25<\/td>\n<\/tr>\n<tr>\n<td>BMW<\/td>\n<td>3 (E36)<\/td>\n<td>320 i<\/td>\n<td>1991 &#8211; 1998<\/td>\n<td>M52B20<\/td>\n<\/tr>\n<tr>\n<td>BMW<\/td>\n<td>3 (E36)<\/td>\n<td>325 i<\/td>\n<td>1990 &#8211; 1995<\/td>\n<td>M50B25<\/td>\n<\/tr>\n<tr>\n<td>BMW<\/td>\n<td>3 (E36)<\/td>\n<td>323 i<\/td>\n<td>1995 &#8211; 1998<\/td>\n<td>M52B25<\/td>\n<\/tr>\n<tr>\n<td>BMW<\/td>\n<td>3 (E36)<\/td>\n<td>328 i<\/td>\n<td>1995 &#8211; 1998<\/td>\n<td>M52B28<\/td>\n<\/tr>\n<tr>\n<td>BMW<\/td>\n<td>3 (E36)<\/td>\n<td>M3 3.0<\/td>\n<td>1994 &#8211; 1995<\/td>\n<td>S50B30<\/td>\n<\/tr>\n<tr>\n<td>BMW<\/td>\n<td>3 (E36)<\/td>\n<td>M3 3.2<\/td>\n<td>1995 &#8211; 1998<\/td>\n<td>S50B32<\/td>\n<\/tr>\n<tr>\n<td>BMW<\/td>\n<td>3 (E36)<\/td>\n<td>320 i<\/td>\n<td>1991 &#8211; 1998<\/td>\n<td>M50B20<\/td>\n<\/tr>\n<tr>\n<td>BMW<\/td>\n<td>3 (E46)<\/td>\n<td>320 i<\/td>\n<td>1998 &#8211; 2000<\/td>\n<td>M52B20<\/td>\n<\/tr>\n<tr>\n<td>BMW<\/td>\n<td>3 (E46)<\/td>\n<td>320 i<\/td>\n<td>2000 &#8211; 2005<\/td>\n<td>M54B22<\/td>\n<\/tr>\n<tr>\n<td>BMW<\/td>\n<td>3 (E46)<\/td>\n<td>323 i<\/td>\n<td>1998 &#8211; 2000<\/td>\n<td>M52B25<\/td>\n<\/tr>\n<tr>\n<td>BMW<\/td>\n<td>3 (E46)<\/td>\n<td>325 xi<\/td>\n<td>2000 &#8211; 2005<\/td>\n<td>M54B25<\/td>\n<\/tr>\n<tr>\n<td>BMW<\/td>\n<td>3 (E46)<\/td>\n<td>325 i<\/td>\n<td>2000 &#8211; 2005<\/td>\n<td>M54B25<\/td>\n<\/tr>\n<tr>\n<td>BMW<\/td>\n<td>3 (E46)<\/td>\n<td>328 i<\/td>\n<td>1998 &#8211; 2000<\/td>\n<td>M52B28<\/td>\n<\/tr>\n<tr>\n<td>BMW<\/td>\n<td>3 (E46)<\/td>\n<td>330 d<\/td>\n<td>1999 &#8211; 2005<\/td>\n<td>M57D30<\/td>\n<\/tr>\n<tr>\n<td>BMW<\/td>\n<td>3 (E46)<\/td>\n<td>330 xd<\/td>\n<td>2000 &#8211; 2003<\/td>\n<td>M57D30<\/td>\n<\/tr>\n<tr>\n<td>BMW<\/td>\n<td>3 (E46)<\/td>\n<td>330 xi<\/td>\n<td>2000 &#8211; 2005<\/td>\n<td>M54B30<\/td>\n<\/tr>\n<tr>\n<td>BMW<\/td>\n<td>3 (E46)<\/td>\n<td>330 i<\/td>\n<td>2000 &#8211; 2005<\/td>\n<td>M54B30<\/td>\n<\/tr>\n<tr>\n<td>BMW<\/td>\n<td>3 (E46)<\/td>\n<td>330 i<\/td>\n<td>2001 &#8211; 2005<\/td>\n<td>M54B30<\/td>\n<\/tr>\n<tr>\n<td>BMW<\/td>\n<td>3 Compact (E36)<\/td>\n<td>323 ti<\/td>\n<td>1997 &#8211; 2000<\/td>\n<td>M52B25<\/td>\n<\/tr>\n<tr>\n<td>BMW<\/td>\n<td>3 Compact (E36)<\/td>\n<td>323 ti<\/td>\n<td>1999 &#8211; 2000<\/td>\n<td>M52B25<\/td>\n<\/tr>\n<tr>\n<td>BMW<\/td>\n<td>3 Compact (E46)<\/td>\n<td>325 ti<\/td>\n<td>2001 &#8211; 2004<\/td>\n<td>M54B25<\/td>\n<\/tr>\n<tr>\n<td>BMW<\/td>\n<td>3 Convertible (E30)<\/td>\n<td>325 i<\/td>\n<td>1985 &#8211; 1987<\/td>\n<td>M20B25<\/td>\n<\/tr>\n<tr>\n<td>BMW<\/td>\n<td>3 Convertible (E30)<\/td>\n<td>325 i<\/td>\n<td>1987 &#8211; 1993<\/td>\n<td>M20B25<\/td>\n<\/tr>\n<tr>\n<td>BMW<\/td>\n<td>3 Convertible (E36)<\/td>\n<td>320 i<\/td>\n<td>1993 &#8211; 1999<\/td>\n<td>M52B20<\/td>\n<\/tr>\n<tr>\n<td>BMW<\/td>\n<td>3 Convertible (E36)<\/td>\n<td>325 i<\/td>\n<td>1993 &#8211; 1995<\/td>\n<td>M50B25<\/td>\n<\/tr>\n<tr>\n<td>BMW<\/td>\n<td>3 Convertible (E36)<\/td>\n<td>323 i<\/td>\n<td>1995 &#8211; 1999<\/td>\n<td>M52B25<\/td>\n<\/tr>\n<tr>\n<td>BMW<\/td>\n<td>3 Convertible (E36)<\/td>\n<td>328 i<\/td>\n<td>1995 &#8211; 1999<\/td>\n<td>M52B28<\/td>\n<\/tr>\n<tr>\n<td>BMW<\/td>\n<td>3 Convertible (E36)<\/td>\n<td>M3 3.0<\/td>\n<td>1994 &#8211; 1995<\/td>\n<td>S50B30<\/td>\n<\/tr>\n<tr>\n<td>BMW<\/td>\n<td>3 Convertible (E36)<\/td>\n<td>M3 3.2<\/td>\n<td>1996 &#8211; 1999<\/td>\n<td>S50B32<\/td>\n<\/tr>\n<tr>\n<td>BMW<\/td>\n<td>3 Convertible (E36)<\/td>\n<td>320 i<\/td>\n<td>1993 &#8211; 1999<\/td>\n<td>M50B20<\/td>\n<\/tr>\n<tr>\n<td>BMW<\/td>\n<td>3 Convertible (E46)<\/td>\n<td>M3<\/td>\n<td>2001 &#8211; 2006<\/td>\n<td>S54B32<\/td>\n<\/tr>\n<tr>\n<td>BMW<\/td>\n<td>3 Convertible (E46)<\/td>\n<td>320 Ci<\/td>\n<td>2000 &#8211; 2007<\/td>\n<td>M54B22<\/td>\n<\/tr>\n<tr>\n<td>BMW<\/td>\n<td>3 Convertible (E46)<\/td>\n<td>320 Ci<\/td>\n<td>2006 &#8211; 2007<\/td>\n<td>M54B22<\/td>\n<\/tr>\n<tr>\n<td>BMW<\/td>\n<td>3 Convertible (E46)<\/td>\n<td>323 Ci<\/td>\n<td>2000 &#8211; 2000<\/td>\n<td>M52B25<\/td>\n<\/tr>\n<tr>\n<td>BMW<\/td>\n<td>3 Convertible (E46)<\/td>\n<td>325 Ci<\/td>\n<td>2000 &#8211; 2006<\/td>\n<td>M54B25<\/td>\n<\/tr>\n<tr>\n<td>BMW<\/td>\n<td>3 Convertible (E46)<\/td>\n<td>330 Ci<\/td>\n<td>2000 &#8211; 2006<\/td>\n<td>M54B30<\/td>\n<\/tr>\n<tr>\n<td>BMW<\/td>\n<td>3 Touring (E30)<\/td>\n<td>325 i<\/td>\n<td>1987 &#8211; 1993<\/td>\n<td>M20B25<\/td>\n<\/tr>\n<tr>\n<td>BMW<\/td>\n<td>3 Touring (E30)<\/td>\n<td>325 i X<\/td>\n<td>1988 &#8211; 1993<\/td>\n<td>M20B25<\/td>\n<\/tr>\n<tr>\n<td>BMW<\/td>\n<td>3 Touring (E36)<\/td>\n<td>320 i<\/td>\n<td>1995 &#8211; 1999<\/td>\n<td>M52B20<\/td>\n<\/tr>\n<tr>\n<td>BMW<\/td>\n<td>3 Touring (E36)<\/td>\n<td>323 i<\/td>\n<td>1995 &#8211; 1999<\/td>\n<td>M52B25<\/td>\n<\/tr>\n<tr>\n<td>BMW<\/td>\n<td>3 Touring (E36)<\/td>\n<td>328 i<\/td>\n<td>1995 &#8211; 1999<\/td>\n<td>M52B28<\/td>\n<\/tr>\n<tr>\n<td>BMW<\/td>\n<td>3 Touring (E46)<\/td>\n<td>320 i<\/td>\n<td>1999 &#8211; 2000<\/td>\n<td>M52B20<\/td>\n<\/tr>\n<tr>\n<td>BMW<\/td>\n<td>3 Touring (E46)<\/td>\n<td>320 i<\/td>\n<td>2000 &#8211; 2005<\/td>\n<td>M54B22<\/td>\n<\/tr>\n<tr>\n<td>BMW<\/td>\n<td>3 Touring (E46)<\/td>\n<td>325 xi<\/td>\n<td>2000 &#8211; 2005<\/td>\n<td>M54B25<\/td>\n<\/tr>\n<tr>\n<td>BMW<\/td>\n<td>3 Touring (E46)<\/td>\n<td>325 i<\/td>\n<td>2000 &#8211; 2005<\/td>\n<td>M54B25<\/td>\n<\/tr>\n<tr>\n<td>BMW<\/td>\n<td>3 Touring (E46)<\/td>\n<td>328 i<\/td>\n<td>1999 &#8211; 2000<\/td>\n<td>M52B28<\/td>\n<\/tr>\n<tr>\n<td>BMW<\/td>\n<td>3 Touring (E46)<\/td>\n<td>330 d<\/td>\n<td>1999 &#8211; 2005<\/td>\n<td>M57D30<\/td>\n<\/tr>\n<tr>\n<td>BMW<\/td>\n<td>3 Touring (E46)<\/td>\n<td>330 xd<\/td>\n<td>2000 &#8211; 2003<\/td>\n<td>M57D30<\/td>\n<\/tr>\n<tr>\n<td>BMW<\/td>\n<td>3 Touring (E46)<\/td>\n<td>330 xi<\/td>\n<td>2000 &#8211; 2005<\/td>\n<td>M54B30<\/td>\n<\/tr>\n<tr>\n<td>BMW<\/td>\n<td>3 Touring (E46)<\/td>\n<td>330 i<\/td>\n<td>2000 &#8211; 2005<\/td>\n<td>M54B30<\/td>\n<\/tr>\n<tr>\n<td>BMW<\/td>\n<td>3 coupe (E36)<\/td>\n<td>320 i<\/td>\n<td>1991 &#8211; 1998<\/td>\n<td>M52B20<\/td>\n<\/tr>\n<tr>\n<td>BMW<\/td>\n<td>3 coupe (E36)<\/td>\n<td>325 i<\/td>\n<td>1991 &#8211; 1995<\/td>\n<td>M50B25<\/td>\n<\/tr>\n<tr>\n<td>BMW<\/td>\n<td>3 coupe (E36)<\/td>\n<td>325 is<\/td>\n<td>1991 &#8211; 1995<\/td>\n<td>M50B25<\/td>\n<\/tr>\n<tr>\n<td>BMW<\/td>\n<td>3 coupe (E36)<\/td>\n<td>323 i<\/td>\n<td>1995 &#8211; 1999<\/td>\n<td>M52B25<\/td>\n<\/tr>\n<tr>\n<td>BMW<\/td>\n<td>3 coupe (E36)<\/td>\n<td>328 i<\/td>\n<td>1995 &#8211; 1999<\/td>\n<td>M52B28<\/td>\n<\/tr>\n<tr>\n<td>BMW<\/td>\n<td>3 coupe (E36)<\/td>\n<td>M3 3.0<\/td>\n<td>1992 &#8211; 1995<\/td>\n<td>S50B30<\/td>\n<\/tr>\n<tr>\n<td>BMW<\/td>\n<td>3 coupe (E36)<\/td>\n<td>M3 3.0<\/td>\n<td>1993 &#8211; 1995<\/td>\n<td>S50B30<\/td>\n<\/tr>\n<tr>\n<td>BMW<\/td>\n<td>3 coupe (E36)<\/td>\n<td>M3 3.2<\/td>\n<td>1995 &#8211; 1998<\/td>\n<td>S50B32<\/td>\n<\/tr>\n<tr>\n<td>BMW<\/td>\n<td>3 coupe (E36)<\/td>\n<td>320 i<\/td>\n<td>1991 &#8211; 1998<\/td>\n<td>M50B20<\/td>\n<\/tr>\n<tr>\n<td>BMW<\/td>\n<td>3 coupe (E46)<\/td>\n<td>M3<\/td>\n<td>2000 &#8211; 2006<\/td>\n<td>S54B32<\/td>\n<\/tr>\n<tr>\n<td>BMW<\/td>\n<td>3 coupe (E46)<\/td>\n<td>M3 CSL<\/td>\n<td>2003 &#8211; 2003<\/td>\n<td>S54B32<\/td>\n<\/tr>\n<tr>\n<td>BMW<\/td>\n<td>3 coupe (E46)<\/td>\n<td>320 Ci<\/td>\n<td>1999 &#8211; 2001<\/td>\n<td>M52B20<\/td>\n<\/tr>\n<tr>\n<td>BMW<\/td>\n<td>3 coupe (E46)<\/td>\n<td>320 Ci<\/td>\n<td>2000 &#8211; 2006<\/td>\n<td>M54B22<\/td>\n<\/tr>\n<tr>\n<td>BMW<\/td>\n<td>3 coupe (E46)<\/td>\n<td>323 Ci<\/td>\n<td>1999 &#8211; 2000<\/td>\n<td>M52B25<\/td>\n<\/tr>\n<tr>\n<td>BMW<\/td>\n<td>3 coupe (E46)<\/td>\n<td>325 Ci<\/td>\n<td>2000 &#8211; 2006<\/td>\n<td>M54B25<\/td>\n<\/tr>\n<tr>\n<td>BMW<\/td>\n<td>3 coupe (E46)<\/td>\n<td>328 Ci<\/td>\n<td>1998 &#8211; 2000<\/td>\n<td>M52B28<\/td>\n<\/tr>\n<tr>\n<td>BMW<\/td>\n<td>3 coupe (E46)<\/td>\n<td>330 Ci<\/td>\n<td>2000 &#8211; 2006<\/td>\n<td>M54B30<\/td>\n<\/tr>\n<tr>\n<td>BMW<\/td>\n<td>3 coupe (E46)<\/td>\n<td>330 xi<\/td>\n<td>2000 &#8211; 2006<\/td>\n<td>M54B30<\/td>\n<\/tr>\n<tr>\n<td>BMW<\/td>\n<td>320, 520, Z3<\/td>\n<td>DOHC 24v<\/td>\n<td>yaya<\/td>\n<td>M52B20<\/td>\n<\/tr>\n<tr>\n<td>BMW<\/td>\n<td>320, 520, Z3<\/td>\n<td>SOHC 12v<\/td>\n<td>yaya<\/td>\n<td>M20B20<\/td>\n<\/tr>\n<tr>\n<td>BMW<\/td>\n<td>320, 520, Z3<\/td>\n<td>DOHC 24v<\/td>\n<td>yaya<\/td>\n<td>M50B20<\/td>\n<\/tr>\n<tr>\n<td>BMW<\/td>\n<td>323<\/td>\n<td>SOHC 12v<\/td>\n<td>yaya<\/td>\n<td>M20B23<\/td>\n<\/tr>\n<tr>\n<td>BMW<\/td>\n<td>325<\/td>\n<td>DOHC 24v<\/td>\n<td>yaya<\/td>\n<td>M50B27<\/td>\n<\/tr>\n<tr>\n<td>BMW<\/td>\n<td>325<\/td>\n<td>SOHC 12v<\/td>\n<td>yaya<\/td>\n<td>M20B27<\/td>\n<\/tr>\n<tr>\n<td>BMW<\/td>\n<td>325, 525, Z4<\/td>\n<td>DOHC 24v<\/td>\n<td>yaya<\/td>\n<td>M50B25<\/td>\n<\/tr>\n<tr>\n<td>BMW<\/td>\n<td>325, 525, Z4<\/td>\n<td>DOHC 24v<\/td>\n<td>yaya<\/td>\n<td>M52B25<\/td>\n<\/tr>\n<tr>\n<td>BMW<\/td>\n<td>325, 525, Z4<\/td>\n<td>DOHC 24v<\/td>\n<td>yaya<\/td>\n<td>M54B25<\/td>\n<\/tr>\n<tr>\n<td>BMW<\/td>\n<td>325, 525, Z4<\/td>\n<td>SOHC 12v<\/td>\n<td>yaya<\/td>\n<td>M20B25<\/td>\n<\/tr>\n<tr>\n<td>BMW<\/td>\n<td>328, 528, Z3<\/td>\n<td>DOHC 24v<\/td>\n<td>yaya<\/td>\n<td>M52B28<\/td>\n<\/tr>\n<tr>\n<td>BMW<\/td>\n<td>5 (E28)<\/td>\n<td>525 e<\/td>\n<td>1981 &#8211; 1987<\/td>\n<td>M20B27<\/td>\n<\/tr>\n<tr>\n<td>BMW<\/td>\n<td>5 (E28)<\/td>\n<td>525 e<\/td>\n<td>1985 &#8211; 1987<\/td>\n<td>M20B27<\/td>\n<\/tr>\n<tr>\n<td>BMW<\/td>\n<td>5 (E34)<\/td>\n<td>525 i 24V<\/td>\n<td>1990 &#8211; 1995<\/td>\n<td>M50B25<\/td>\n<\/tr>\n<tr>\n<td>BMW<\/td>\n<td>5 (E34)<\/td>\n<td>525 iX 24V<\/td>\n<td>1991 &#8211; 1995<\/td>\n<td>M50B25<\/td>\n<\/tr>\n<tr>\n<td>BMW<\/td>\n<td>5 (E34)<\/td>\n<td>520 i 24V<\/td>\n<td>1990 &#8211; 1995<\/td>\n<td>M50B20<\/td>\n<\/tr>\n<tr>\n<td>BMW<\/td>\n<td>5 (E34)<\/td>\n<td>525 i<\/td>\n<td>1988 &#8211; 1990<\/td>\n<td>M20B25<\/td>\n<\/tr>\n<tr>\n<td>BMW<\/td>\n<td>5 (E39)<\/td>\n<td>520 i<\/td>\n<td>1996 &#8211; 2003<\/td>\n<td>M52B20<\/td>\n<\/tr>\n<tr>\n<td>BMW<\/td>\n<td>5 (E39)<\/td>\n<td>520 i<\/td>\n<td>2000 &#8211; 2003<\/td>\n<td>M54B22<\/td>\n<\/tr>\n<tr>\n<td>BMW<\/td>\n<td>5 (E39)<\/td>\n<td>523 i<\/td>\n<td>1995 &#8211; 2000<\/td>\n<td>M52B25<\/td>\n<\/tr>\n<tr>\n<td>BMW<\/td>\n<td>5 (E39)<\/td>\n<td>525 i<\/td>\n<td>2000 &#8211; 2003<\/td>\n<td>M54B25<\/td>\n<\/tr>\n<tr>\n<td>BMW<\/td>\n<td>5 (E39)<\/td>\n<td>528 i<\/td>\n<td>1995 &#8211; 2000<\/td>\n<td>M52B28<\/td>\n<\/tr>\n<tr>\n<td>BMW<\/td>\n<td>5 (E39)<\/td>\n<td>530 d<\/td>\n<td>1998 &#8211; 2000<\/td>\n<td>M57D30<\/td>\n<\/tr>\n<tr>\n<td>BMW<\/td>\n<td>5 (E39)<\/td>\n<td>530 d<\/td>\n<td>1998 &#8211; 2003<\/td>\n<td>M57D30<\/td>\n<\/tr>\n<tr>\n<td>BMW<\/td>\n<td>5 (E39)<\/td>\n<td>530 i<\/td>\n<td>2000 &#8211; 2003<\/td>\n<td>M54B30<\/td>\n<\/tr>\n<tr>\n<td>BMW<\/td>\n<td>5 (E60)<\/td>\n<td>520 i<\/td>\n<td>2003 &#8211; 2010<\/td>\n<td>M54B22<\/td>\n<\/tr>\n<tr>\n<td>BMW<\/td>\n<td>5 (E60)<\/td>\n<td>525 i<\/td>\n<td>2003 &#8211; 2005<\/td>\n<td>M54B25<\/td>\n<\/tr>\n<tr>\n<td>BMW<\/td>\n<td>5 (E60)<\/td>\n<td>530 i<\/td>\n<td>2001 &#8211; 2005<\/td>\n<td>M54B30<\/td>\n<\/tr>\n<tr>\n<td>BMW<\/td>\n<td>5 Touring (E34)<\/td>\n<td>525 i<\/td>\n<td>1991 &#8211; 1996<\/td>\n<td>M50B25<\/td>\n<\/tr>\n<tr>\n<td>BMW<\/td>\n<td>5 Touring (E34)<\/td>\n<td>525 ix<\/td>\n<td>1992 &#8211; 1996<\/td>\n<td>M50B25<\/td>\n<\/tr>\n<tr>\n<td>BMW<\/td>\n<td>5 Touring (E34)<\/td>\n<td>520 i<\/td>\n<td>1991 &#8211; 1996<\/td>\n<td>M50B20<\/td>\n<\/tr>\n<tr>\n<td>BMW<\/td>\n<td>5 Touring (E39)<\/td>\n<td>520 i<\/td>\n<td>1997 &#8211; 2001<\/td>\n<td>M52B20<\/td>\n<\/tr>\n<tr>\n<td>BMW<\/td>\n<td>5 Touring (E39)<\/td>\n<td>520 i<\/td>\n<td>2000 &#8211; 2003<\/td>\n<td>M54B22<\/td>\n<\/tr>\n<tr>\n<td>BMW<\/td>\n<td>5 Touring (E39)<\/td>\n<td>523 i<\/td>\n<td>1997 &#8211; 2000<\/td>\n<td>M52B25<\/td>\n<\/tr>\n<tr>\n<td>BMW<\/td>\n<td>5 Touring (E39)<\/td>\n<td>523 i<\/td>\n<td>1998 &#8211; 2000<\/td>\n<td>M52B25<\/td>\n<\/tr>\n<tr>\n<td>BMW<\/td>\n<td>5 Touring (E39)<\/td>\n<td>525 i<\/td>\n<td>2000 &#8211; 2004<\/td>\n<td>M54B25<\/td>\n<\/tr>\n<tr>\n<td>BMW<\/td>\n<td>5 Touring (E39)<\/td>\n<td>528 i<\/td>\n<td>1996 &#8211; 2000<\/td>\n<td>M52B28<\/td>\n<\/tr>\n<tr>\n<td>BMW<\/td>\n<td>5 Touring (E39)<\/td>\n<td>530 d<\/td>\n<td>1998 &#8211; 2000<\/td>\n<td>M57D30<\/td>\n<\/tr>\n<tr>\n<td>BMW<\/td>\n<td>5 Touring (E39)<\/td>\n<td>530 d<\/td>\n<td>2000 &#8211; 2004<\/td>\n<td>M57D30<\/td>\n<\/tr>\n<tr>\n<td>BMW<\/td>\n<td>5 Touring (E39)<\/td>\n<td>530 i<\/td>\n<td>2000 &#8211; 2003<\/td>\n<td>M54B30<\/td>\n<\/tr>\n<tr>\n<td>BMW<\/td>\n<td>5 Touring (E61)<\/td>\n<td>525 i<\/td>\n<td>2004 &#8211; 2010<\/td>\n<td>M54B25<\/td>\n<\/tr>\n<tr>\n<td>BMW<\/td>\n<td>7 (E38)<\/td>\n<td>728 i, iL<\/td>\n<td>1995 &#8211; 2001<\/td>\n<td>M52B28<\/td>\n<\/tr>\n<tr>\n<td>BMW<\/td>\n<td>7 (E38)<\/td>\n<td>730 d<\/td>\n<td>1998 &#8211; 2000<\/td>\n<td>M57D30<\/td>\n<\/tr>\n<tr>\n<td>BMW<\/td>\n<td>7 (E38)<\/td>\n<td>730 d<\/td>\n<td>2000 &#8211; 2001<\/td>\n<td>M57D30<\/td>\n<\/tr>\n<tr>\n<td>BMW<\/td>\n<td>7 (E65, E66, E67)<\/td>\n<td>730 i, Li<\/td>\n<td>2003 &#8211; 2008<\/td>\n<td>M54B30<\/td>\n<\/tr>\n<tr>\n<td>BMW<\/td>\n<td>M3 (E36)<\/td>\n<td>DOHC 24v<\/td>\n<td>yaya<\/td>\n<td>S50B30<\/td>\n<\/tr>\n<tr>\n<td>BMW<\/td>\n<td>M3 (E36)<\/td>\n<td>DOHC 24v<\/td>\n<td>yaya<\/td>\n<td>S50B32<\/td>\n<\/tr>\n<tr>\n<td>BMW<\/td>\n<td>M3 (E36)<\/td>\n<td>DOHC 24v<\/td>\n<td>yaya<\/td>\n<td>S52B32<\/td>\n<\/tr>\n<tr>\n<td>BMW<\/td>\n<td>M3 (E46)<\/td>\n<td>DOHC 24v<\/td>\n<td>yaya<\/td>\n<td>S54B32<\/td>\n<\/tr>\n<tr>\n<td>BMW<\/td>\n<td>X3 (E83)<\/td>\n<td>2.5 i<\/td>\n<td>2004 &#8211; 2006<\/td>\n<td>M54B25<\/td>\n<\/tr>\n<tr>\n<td>BMW<\/td>\n<td>X3 (E83)<\/td>\n<td>3.0 i xDrive<\/td>\n<td>2003 &#8211; 2006<\/td>\n<td>M54B30<\/td>\n<\/tr>\n<tr>\n<td>BMW<\/td>\n<td>X5 (E53)<\/td>\n<td>3.0 d<\/td>\n<td>2001 &#8211; 2003<\/td>\n<td>M57D30<\/td>\n<\/tr>\n<tr>\n<td>BMW<\/td>\n<td>X5 (E53)<\/td>\n<td>3.0 i<\/td>\n<td>2000 &#8211; 2006<\/td>\n<td>M54B30<\/td>\n<\/tr>\n<tr>\n<td>BMW<\/td>\n<td>Z1 Roadster<\/td>\n<td>45779<\/td>\n<td>1988 &#8211; 1991<\/td>\n<td>M20B25<\/td>\n<\/tr>\n<tr>\n<td>BMW<\/td>\n<td>Z3 Roadster (E36)<\/td>\n<td>M 3.2<\/td>\n<td>2001 &#8211; 2003<\/td>\n<td>S54B32<\/td>\n<\/tr>\n<tr>\n<td>BMW<\/td>\n<td>Z3 Roadster (E36)<\/td>\n<td>2.0 i<\/td>\n<td>1999 &#8211; 2003<\/td>\n<td>M52B20<\/td>\n<\/tr>\n<tr>\n<td>BMW<\/td>\n<td>Z3 Roadster (E36)<\/td>\n<td>2.2 i<\/td>\n<td>2000 &#8211; 2002<\/td>\n<td>M54B22<\/td>\n<\/tr>\n<tr>\n<td>BMW<\/td>\n<td>Z3 Roadster (E36)<\/td>\n<td>2.8 i<\/td>\n<td>1996 &#8211; 2000<\/td>\n<td>M52B28<\/td>\n<\/tr>\n<tr>\n<td>BMW<\/td>\n<td>Z3 Roadster (E36)<\/td>\n<td>3.0 i<\/td>\n<td>2000 &#8211; 2003<\/td>\n<td>M54B30<\/td>\n<\/tr>\n<tr>\n<td>BMW<\/td>\n<td>Z3 Roadster (E36)<\/td>\n<td>M 3.2<\/td>\n<td>1997 &#8211; 2000<\/td>\n<td>S50B32<\/td>\n<\/tr>\n<tr>\n<td>BMW<\/td>\n<td>Z3 coupe (E36)<\/td>\n<td>METRO<\/td>\n<td>2001 &#8211; 2003<\/td>\n<td>S54B32<\/td>\n<\/tr>\n<tr>\n<td>BMW<\/td>\n<td>Z3 coupe (E36)<\/td>\n<td>2.8 i<\/td>\n<td>1998 &#8211; 2000<\/td>\n<td>M52B28<\/td>\n<\/tr>\n<tr>\n<td>BMW<\/td>\n<td>Z3 coupe (E36)<\/td>\n<td>3.0 i<\/td>\n<td>2000 &#8211; 2003<\/td>\n<td>M54B30<\/td>\n<\/tr>\n<tr>\n<td>BMW<\/td>\n<td>Z3 coupe (E36)<\/td>\n<td>METRO<\/td>\n<td>1998 &#8211; 2001<\/td>\n<td>S50B32<\/td>\n<\/tr>\n<tr>\n<td>BMW<\/td>\n<td>Z4 Roadster (E85)<\/td>\n<td>METRO<\/td>\n<td>2006 &#8211; 2008<\/td>\n<td>S54B32<\/td>\n<\/tr>\n<tr>\n<td>BMW<\/td>\n<td>Z4 Roadster (E85)<\/td>\n<td>2.2 i<\/td>\n<td>2003 &#8211; 2005<\/td>\n<td>M54B22<\/td>\n<\/tr>\n<tr>\n<td>BMW<\/td>\n<td>Z4 Roadster (E85)<\/td>\n<td>2.5 i<\/td>\n<td>2002 &#8211; 2005<\/td>\n<td>M54B25<\/td>\n<\/tr>\n<tr>\n<td>BMW<\/td>\n<td>Z4 Roadster (E85)<\/td>\n<td>3.0 i<\/td>\n<td>2002 &#8211; 2005<\/td>\n<td>M54B30<\/td>\n<\/tr>\n<tr>\n<td>BMW<\/td>\n<td>Z4 coupe (E86)<\/td>\n<td>METRO<\/td>\n<td>2006 &#8211; 2008<\/td>\n<td>S54B32<\/td>\n<\/tr>\n<\/table>","protected":false},"excerpt":{"rendered":"<p>La combinaci\u00f3n \u00fanica de dise\u00f1o, metalurgia e ingenier\u00eda se unen para ofrecer lo que los conductores esperan de los cojinetes de motor Trimetal de alto rendimiento.<\/p>\n<p>Dise\u00f1ados para soportar condiciones de RPM m\u00e1s altas, los cojinetes de motor ACL Race Series est\u00e1n disponibles para muchas de las aplicaciones populares de 4, 6 y 8 cilindros y cuentan con las siguientes caracter\u00edsticas:<\/p>\n<ul>\n<li>Placa superpuesta de alta resistencia con espesor reducido para mejorar las propiedades de fatiga<\/li>\n<li>Dorso de acero endurecido en todos los cojinetes de biela para mejorar el soporte del revestimiento del cojinete y ayudar a la retenci\u00f3n del cojinete en el alojamiento.<\/li>\n<li>Aumento del aplastamiento para mejorar la retenci\u00f3n de los rodamientos<\/li>\n<li>Eliminaci\u00f3n de la chapa flash en la parte posterior de los cojinetes para mejorar la transferencia de calor a trav\u00e9s de los cojinetes y maximizar el agarre entre los cojinetes y su alojamiento.<\/li>\n<li>Mayor excentricidad para compensar la distorsi\u00f3n del orificio a altas rpm y ayudar a la formaci\u00f3n de pel\u00edculas hidrodin\u00e1micas de aceite.<\/li>\n<li>Cojinetes de bancada ranurados 3\/4 para optimizar la superficie de carga y el flujo de aceite a los cojinetes de biela.<\/li>\n<li>Tolerancias de pared consistentes para ayudarle a mantener holguras consistentes.<\/li>\n<li>Chaflanes de di\u00e1metro interior ampliados en los bordes de los cojinetes cuando sea necesario para adaptarse a radios de redondeo grandes en cig\u00fce\u00f1ales de alto rendimiento.<\/li>\n<\/ul>","protected":false},"featured_media":83746,"template":"","meta":{"_crdt_document":"","inline_featured_image":false},"product_brand":[463],"product_cat":[370],"product_tag":[],"class_list":{"0":"post-84247","1":"product","2":"type-product","3":"status-publish","4":"has-post-thumbnail","6":"product_brand-acl","7":"product_cat-engine","9":"first","10":"instock","11":"taxable","12":"shipping-taxable","13":"purchasable","14":"product-type-simple"},"supplier_id":null,"supplier_sku":"","barcode":null,"atum_controlled":true,"out_stock_date":null,"out_stock_threshold":null,"inheritable":false,"inbound_stock":null,"stock_on_hold":null,"sold_today":null,"sales_last_days":null,"reserved_stock":null,"customer_returns":null,"warehouse_damage":null,"lost_in_post":null,"other_logs":null,"out_stock_days":null,"lost_sales":null,"has_location":null,"update_date":"2025-10-04T00:38:28","atum_locations":[],"atum_stock_status":"instock","restock_status":false,"low_stock_amount":"","sales_update_date":null,"calc_backorders":null,"_links":{"self":[{"href":"https:\/\/revmatch.eu\/es\/wp-json\/wp\/v2\/product\/84247","targetHints":{"allow":["GET"]}}],"collection":[{"href":"https:\/\/revmatch.eu\/es\/wp-json\/wp\/v2\/product"}],"about":[{"href":"https:\/\/revmatch.eu\/es\/wp-json\/wp\/v2\/types\/product"}],"version-history":[{"count":0,"href":"https:\/\/revmatch.eu\/es\/wp-json\/wp\/v2\/product\/84247\/revisions"}],"wp:featuredmedia":[{"embeddable":true,"href":"https:\/\/revmatch.eu\/es\/wp-json\/wp\/v2\/media\/83746"}],"wp:attachment":[{"href":"https:\/\/revmatch.eu\/es\/wp-json\/wp\/v2\/media?parent=84247"}],"wp:term":[{"taxonomy":"product_brand","embeddable":true,"href":"https:\/\/revmatch.eu\/es\/wp-json\/wp\/v2\/product_brand?post=84247"},{"taxonomy":"product_cat","embeddable":true,"href":"https:\/\/revmatch.eu\/es\/wp-json\/wp\/v2\/product_cat?post=84247"},{"taxonomy":"product_tag","embeddable":true,"href":"https:\/\/revmatch.eu\/es\/wp-json\/wp\/v2\/product_tag?post=84247"}],"curies":[{"name":"wp","href":"https:\/\/api.w.org\/{rel}","templated":true}]}}