{"id":84350,"date":"2025-10-04T01:42:11","date_gmt":"2025-10-04T00:42:11","guid":{"rendered":"https:\/\/revmatch.eu\/product\/acl-4b2904h-std\/"},"modified":"2025-10-04T01:42:16","modified_gmt":"2025-10-04T00:42:16","slug":"acl-4b2904h-std","status":"publish","type":"product","link":"https:\/\/revmatch.eu\/es\/product\/acl-4b2904h-std\/","title":{"rendered":"ACL 4B2904H-STD"},"content":{"rendered":"<p>La combinaci\u00f3n \u00fanica de dise\u00f1o, metalurgia e ingenier\u00eda se unen para ofrecer lo que los conductores esperan de los cojinetes de motor Trimetal de alto rendimiento.<\/p>\n<p><img decoding=\"async\" style=\"float: right; width: 600px;\" src=\"https:\/\/revmatch.eu\/wp-content\/uploads\/2024\/11\/ACL_Overview_picture.webp\" \/><\/p>\n<p>Dise\u00f1ados para soportar condiciones de RPM m\u00e1s altas, los cojinetes de motor ACL Race Series est\u00e1n disponibles para muchas de las aplicaciones populares de 4, 6 y 8 cilindros y cuentan con las siguientes caracter\u00edsticas:<\/p>\n<ul>\n<li>Placa superpuesta de alta resistencia con espesor reducido para mejorar las propiedades de fatiga<\/li>\n<li>Dorso de acero endurecido en todos los cojinetes de biela para mejorar el soporte del revestimiento del cojinete y ayudar a la retenci\u00f3n del cojinete en el alojamiento.<\/li>\n<li>Aumento del aplastamiento para mejorar la retenci\u00f3n de los rodamientos<\/li>\n<li>Eliminaci\u00f3n de la chapa flash en la parte posterior de los cojinetes para mejorar la transferencia de calor a trav\u00e9s de los cojinetes y maximizar el agarre entre los cojinetes y su alojamiento.<\/li>\n<li>Mayor excentricidad para compensar la distorsi\u00f3n del orificio a altas rpm y ayudar a la formaci\u00f3n de pel\u00edculas hidrodin\u00e1micas de aceite.<\/li>\n<li>Cojinetes de bancada ranurados 3\/4 para optimizar la superficie de carga y el flujo de aceite a los cojinetes de biela.<\/li>\n<li>Tolerancias de pared consistentes para ayudarle a mantener holguras consistentes.<\/li>\n<li>Chaflanes de di\u00e1metro interior ampliados en los bordes de los cojinetes cuando sea necesario para adaptarse a radios de redondeo grandes en cig\u00fce\u00f1ales de alto rendimiento.<\/li>\n<\/ul>\n<p>Lista de tallas:<\/p>\n<ul>\n<li>STD: Tama\u00f1o est\u00e1ndar<\/li>\n<li>.025: Pared interior extra de 0,025 mm para compensar el desgaste, el reavivado, el pulido, etc.<\/li>\n<li>.25: Pared interior extra de 0,25 mm para compensar el desgaste, el rectificado, el pulido, etc.<\/li>\n<li>.50: Pared interior extra de 0,50 mm para compensar el desgaste, el reavivado, el pulido, etc.<\/li>\n<li>HX-STD: Juego de cojinetes de bancada con juego adicional de 0,025 mm (0,001\")<\/li>\n<\/ul>\n<p>Gu\u00eda de tallas:<\/p>\n<ul>\n<li><a href=\"https:\/\/revmatch.eu\/wp-content\/uploads\/2024\/11\/EB005-guidelines-for-bearing-size-selection-eng.pdf\">Ingl\u00e9s<\/a><\/li>\n<li><a href=\"https:\/\/revmatch.eu\/wp-content\/uploads\/2024\/11\/EB005-guidelines-for-bearing-size-selection-esp.pdf\">Espa\u00f1ol<\/a><\/li>\n<li><a href=\"https:\/\/revmatch.eu\/wp-content\/uploads\/2024\/11\/EB005-guidelines-for-bearing-size-selection-fra.pdf\">Franc\u00e9s<\/a><\/li>\n<li><a href=\"https:\/\/revmatch.eu\/wp-content\/uploads\/2024\/11\/EB005-guidelines-for-bearing-size-selection-ger.pdf\">Alem\u00e1n<\/a><\/li>\n<\/ul>\n<table>\n<tr>\n<th>Marca<\/th>\n<th>Modelo<\/th>\n<th>Variante<\/th>\n<th>A\u00f1o<\/th>\n<th>Motor<\/th>\n<\/tr>\n<tr>\n<td>Alfa Romeo<\/td>\n<td>145<\/td>\n<td>1.8 16V T.Spark<\/td>\n<td>03.1998  &#8211; 01.2001<\/td>\n<td>AR 32201<\/td>\n<\/tr>\n<tr>\n<td>Alfa Romeo<\/td>\n<td>145<\/td>\n<td>2.0 16V Quadrifoglio<\/td>\n<td>03.1998  &#8211; 01.2001<\/td>\n<td>AR 32301<\/td>\n<\/tr>\n<tr>\n<td>Alfa Romeo<\/td>\n<td>145<\/td>\n<td>1.8 16V T.Spark<\/td>\n<td>12.1996  &#8211; 12.1998<\/td>\n<td>AR 38401<\/td>\n<\/tr>\n<tr>\n<td>Alfa Romeo<\/td>\n<td>145<\/td>\n<td>1.8 16V T.Spark<\/td>\n<td>12.1996  &#8211; 12.1998<\/td>\n<td>AR 67106<\/td>\n<\/tr>\n<tr>\n<td>Alfa Romeo<\/td>\n<td>145<\/td>\n<td>1.8 16V T.Spark<\/td>\n<td>12.1996  &#8211; 12.1998<\/td>\n<td>AR 67199<\/td>\n<\/tr>\n<tr>\n<td>Alfa Romeo<\/td>\n<td>145<\/td>\n<td>2.0 16V T.Spark<\/td>\n<td>10.1995  &#8211; 01.2001<\/td>\n<td>AR 67204<\/td>\n<\/tr>\n<tr>\n<td>Alfa Romeo<\/td>\n<td>145<\/td>\n<td>1.9 TD<\/td>\n<td>10.1994  &#8211; 02.1999<\/td>\n<td>AR 33601<\/td>\n<\/tr>\n<tr>\n<td>Alfa Romeo<\/td>\n<td>145<\/td>\n<td>1.9 TD<\/td>\n<td>07.1994  &#8211; 02.1999<\/td>\n<td>AR 67501<\/td>\n<\/tr>\n<tr>\n<td>Alfa Romeo<\/td>\n<td>146<\/td>\n<td>1.8 16V T.Spark<\/td>\n<td>03.1998  &#8211; 01.2001<\/td>\n<td>AR 32201<\/td>\n<\/tr>\n<tr>\n<td>Alfa Romeo<\/td>\n<td>146<\/td>\n<td>2.0 16V Quadrifoglio<\/td>\n<td>03.1998  &#8211; 01.2001<\/td>\n<td>AR 32301<\/td>\n<\/tr>\n<tr>\n<td>Alfa Romeo<\/td>\n<td>146<\/td>\n<td>1.8 16V T.Spark<\/td>\n<td>11.1996  &#8211; 01.2001<\/td>\n<td>AR 38401<\/td>\n<\/tr>\n<tr>\n<td>Alfa Romeo<\/td>\n<td>146<\/td>\n<td>1.8 16V T.Spark<\/td>\n<td>11.1996  &#8211; 01.2001<\/td>\n<td>AR 67106<\/td>\n<\/tr>\n<tr>\n<td>Alfa Romeo<\/td>\n<td>146<\/td>\n<td>2.0 16V T.Spark<\/td>\n<td>10.1995  &#8211; 01.2001<\/td>\n<td>AR 67204<\/td>\n<\/tr>\n<tr>\n<td>Alfa Romeo<\/td>\n<td>146<\/td>\n<td>1.9 TD<\/td>\n<td>12.1994  &#8211; 02.1999<\/td>\n<td>AR 33601<\/td>\n<\/tr>\n<tr>\n<td>Alfa Romeo<\/td>\n<td>146<\/td>\n<td>1.9 TD<\/td>\n<td>12.1994  &#8211; 02.1999<\/td>\n<td>AR 67501<\/td>\n<\/tr>\n<tr>\n<td>Alfa Romeo<\/td>\n<td>147<\/td>\n<td>2.0 16V T.Spark<\/td>\n<td>01.2001  &#8211; 03.2010<\/td>\n<td>AR 32310<\/td>\n<\/tr>\n<tr>\n<td>Alfa Romeo<\/td>\n<td>155<\/td>\n<td>1.7 T.S. 16V<\/td>\n<td>05.1996  &#8211; 12.1997<\/td>\n<td>AR 67106<\/td>\n<\/tr>\n<tr>\n<td>Alfa Romeo<\/td>\n<td>155<\/td>\n<td>2.0 16V T.Spark<\/td>\n<td>03.1995  &#8211; 12.1997<\/td>\n<td>AR 67204<\/td>\n<\/tr>\n<tr>\n<td>Alfa Romeo<\/td>\n<td>155<\/td>\n<td>2.0 16V T.Spark<\/td>\n<td>03.1995  &#8211; 12.1997<\/td>\n<td>AR 67299<\/td>\n<\/tr>\n<tr>\n<td>Alfa Romeo<\/td>\n<td>155<\/td>\n<td>1.9 TD<\/td>\n<td>04.1993  &#8211; 12.1997<\/td>\n<td>AR 67501<\/td>\n<\/tr>\n<tr>\n<td>Alfa Romeo<\/td>\n<td>155<\/td>\n<td>2.0 16V Turbo Q4<\/td>\n<td>01.1992  &#8211; 12.1997<\/td>\n<td>AR 67203<\/td>\n<\/tr>\n<tr>\n<td>Alfa Romeo<\/td>\n<td>156<\/td>\n<td>1.8 16V T.Spark<\/td>\n<td>09.1997  &#8211; 10.2000<\/td>\n<td>AR 32201<\/td>\n<\/tr>\n<tr>\n<td>Alfa Romeo<\/td>\n<td>156<\/td>\n<td>1.8 16V T.Spark<\/td>\n<td>10.2000  &#8211; 05.2006<\/td>\n<td>AR 32205<\/td>\n<\/tr>\n<tr>\n<td>Alfa Romeo<\/td>\n<td>156<\/td>\n<td>2.0 16V T.Spark<\/td>\n<td>09.1997  &#8211; 06.2002<\/td>\n<td>AR 32301<\/td>\n<\/tr>\n<tr>\n<td>Alfa Romeo<\/td>\n<td>156<\/td>\n<td>2.0 16V T.Spark<\/td>\n<td>10.2000  &#8211; 03.2002<\/td>\n<td>AR 32310<\/td>\n<\/tr>\n<tr>\n<td>Alfa Romeo<\/td>\n<td>166<\/td>\n<td>2.0 16V T.Spark<\/td>\n<td>09.1998  &#8211; 10.2000<\/td>\n<td>AR 34103<\/td>\n<\/tr>\n<tr>\n<td>Alfa Romeo<\/td>\n<td>166<\/td>\n<td>2.0 16V T.Spark<\/td>\n<td>10.2000  &#8211; 06.2007<\/td>\n<td>AR 36301<\/td>\n<\/tr>\n<tr>\n<td>Alfa Romeo<\/td>\n<td>GT<\/td>\n<td>1.8 16V T.Spark<\/td>\n<td>11.2003 &#8211; 09.2010<\/td>\n<td>AR 32205<\/td>\n<\/tr>\n<tr>\n<td>Alfa Romeo<\/td>\n<td>GTV<\/td>\n<td>2.0 T.Spark 16V<\/td>\n<td>06.1995  &#8211; 10.2005<\/td>\n<td>AR 16201<\/td>\n<\/tr>\n<tr>\n<td>Alfa Romeo<\/td>\n<td>GTV<\/td>\n<td>1.8 16V T.Spark<\/td>\n<td>05.1998  &#8211; 10.2005<\/td>\n<td>AR 32201<\/td>\n<\/tr>\n<tr>\n<td>Alfa Romeo<\/td>\n<td>GTV<\/td>\n<td>2.0 16V T.Spark<\/td>\n<td>05.1998  &#8211; 08.2000<\/td>\n<td>AR 32301<\/td>\n<\/tr>\n<tr>\n<td>Alfa Romeo<\/td>\n<td>GTV<\/td>\n<td>2.0 16V T.Spark<\/td>\n<td>06.1995  &#8211; 10.2005<\/td>\n<td>AR 32310<\/td>\n<\/tr>\n<tr>\n<td>Alfa Romeo<\/td>\n<td>Spider<\/td>\n<td>2.0 T.Spark 16V<\/td>\n<td>06.1995  &#8211; 04.2005<\/td>\n<td>AR 16201<\/td>\n<\/tr>\n<tr>\n<td>Alfa Romeo<\/td>\n<td>Spider<\/td>\n<td>1.8 16V T.Spark<\/td>\n<td>05.1998  &#8211; 04.2005<\/td>\n<td>AR 32201<\/td>\n<\/tr>\n<tr>\n<td>Alfa Romeo<\/td>\n<td>Spider<\/td>\n<td>2.0 16V T.Spark<\/td>\n<td>05.1998  &#8211; 08.2000<\/td>\n<td>AR 32301<\/td>\n<\/tr>\n<tr>\n<td>Alfa Romeo<\/td>\n<td>Spider<\/td>\n<td>2.0 16V T.Spark<\/td>\n<td>06.1995  &#8211; 04.2005<\/td>\n<td>AR 32310<\/td>\n<\/tr>\n<tr>\n<td>Alfa Romeo<\/td>\n<td>all<\/td>\n<td>2.0 16V T.Spark<\/td>\n<td>11.1997 &#8211; 04.2000<\/td>\n<td>AR 32303<\/td>\n<\/tr>\n<tr>\n<td>Alfa Romeo<\/td>\n<td>all<\/td>\n<td>1.9 TD<\/td>\n<td>04.1993 &#8211; 02.1999<\/td>\n<td>AR 67502<\/td>\n<\/tr>\n<tr>\n<td>Fiat<\/td>\n<td>Barchetta<\/td>\n<td>1.8 16V<\/td>\n<td>04.1995 &#8211; 05.2005<\/td>\n<td>183 A1.000<\/td>\n<\/tr>\n<tr>\n<td>Fiat<\/td>\n<td>Barchetta<\/td>\n<td>1.8 16V<\/td>\n<td>04.1995 &#8211; 05.2005<\/td>\n<td>188 A6.000<\/td>\n<\/tr>\n<tr>\n<td>Fiat<\/td>\n<td>Brava<\/td>\n<td>1.8 16V<\/td>\n<td>10.1995 &#8211; 08.2001<\/td>\n<td>182 A2.000<\/td>\n<\/tr>\n<tr>\n<td>Fiat<\/td>\n<td>Brava<\/td>\n<td>1.8 16V<\/td>\n<td>02.2000 &#8211; 06.2003<\/td>\n<td>183 A1.000<\/td>\n<\/tr>\n<tr>\n<td>Fiat<\/td>\n<td>Brava<\/td>\n<td>1.9 TD<\/td>\n<td>03.1996 &#8211; 10.2001<\/td>\n<td>182 A7.000<\/td>\n<\/tr>\n<tr>\n<td>Fiat<\/td>\n<td>Brava<\/td>\n<td>1.9 TD<\/td>\n<td>03.1996 &#8211; 10.2001<\/td>\n<td>182 A8.000<\/td>\n<\/tr>\n<tr>\n<td>Fiat<\/td>\n<td>Bravo<\/td>\n<td>1.8 16V<\/td>\n<td>10.1995 &#8211; 08.2001<\/td>\n<td>182 A2.000<\/td>\n<\/tr>\n<tr>\n<td>Fiat<\/td>\n<td>Bravo<\/td>\n<td>1.9 TD<\/td>\n<td>03.1996 &#8211; 10.2001<\/td>\n<td>182 A7.000<\/td>\n<\/tr>\n<tr>\n<td>Fiat<\/td>\n<td>Bravo<\/td>\n<td>1.9 TD<\/td>\n<td>03.1996 &#8211; 10.2001<\/td>\n<td>182 A8.000<\/td>\n<\/tr>\n<tr>\n<td>Fiat<\/td>\n<td>Coupe<\/td>\n<td>2.0 Turbo<\/td>\n<td>11.1993  &#8211; 08.1996<\/td>\n<td>175 A1.000<\/td>\n<\/tr>\n<tr>\n<td>Fiat<\/td>\n<td>Coupe<\/td>\n<td>2.0<\/td>\n<td>11.1993  &#8211; 08.1996<\/td>\n<td>836 A3.000<\/td>\n<\/tr>\n<tr>\n<td>Fiat<\/td>\n<td>Coupe<\/td>\n<td>1.8 16V<\/td>\n<td>03.1996 &#8211; 08.2000<\/td>\n<td>183 A1.000<\/td>\n<\/tr>\n<tr>\n<td>Fiat<\/td>\n<td>Croma<\/td>\n<td>1.9 TD<\/td>\n<td>05.1989 &#8211; 10.1992<\/td>\n<td>154 C6.000<\/td>\n<\/tr>\n<tr>\n<td>Fiat<\/td>\n<td>Croma<\/td>\n<td>1.9 TD<\/td>\n<td>11.1992 &#8211; 12.1996<\/td>\n<td>154 D1.000<\/td>\n<\/tr>\n<tr>\n<td>Fiat<\/td>\n<td>Croma<\/td>\n<td>2.0<\/td>\n<td>08.1992 &#8211; 08.1996<\/td>\n<td>154 E1.000<\/td>\n<\/tr>\n<tr>\n<td>Fiat<\/td>\n<td>Croma<\/td>\n<td>2.0<\/td>\n<td>03.1987 &#8211; 09.1992<\/td>\n<td>154 C3.000<\/td>\n<\/tr>\n<tr>\n<td>Fiat<\/td>\n<td>Croma<\/td>\n<td>2.0<\/td>\n<td>10.1987 &#8211; 08.1996<\/td>\n<td>154 C3.046<\/td>\n<\/tr>\n<tr>\n<td>Fiat<\/td>\n<td>Doblo<\/td>\n<td>1.9 D<\/td>\n<td>03.2001 &#8211;<\/td>\n<td>223 A6.000<\/td>\n<\/tr>\n<tr>\n<td>Fiat<\/td>\n<td>Ducato<\/td>\n<td>1.9 TD<\/td>\n<td>03.1994 &#8211; 04.2002<\/td>\n<td>230 A3.000<\/td>\n<\/tr>\n<tr>\n<td>Fiat<\/td>\n<td>Ducato<\/td>\n<td>1.9 TD<\/td>\n<td>08.1994 &#8211; 04.2002<\/td>\n<td>230 A4.000<\/td>\n<\/tr>\n<tr>\n<td>Fiat<\/td>\n<td>Ducato<\/td>\n<td>1.9 TD<\/td>\n<td>03.1989 &#8211; 03.1994<\/td>\n<td>280 A1.000<\/td>\n<\/tr>\n<tr>\n<td>Fiat<\/td>\n<td>Ducato<\/td>\n<td>1.9 D<\/td>\n<td>03.1994 &#8211; 04.2002<\/td>\n<td>230 A2.000<\/td>\n<\/tr>\n<tr>\n<td>Fiat<\/td>\n<td>Fiorino<\/td>\n<td>1.7 TD<\/td>\n<td>11.1996  &#8211; 05.2001<\/td>\n<td>147 D7.000<\/td>\n<\/tr>\n<tr>\n<td>Fiat<\/td>\n<td>Fiorino<\/td>\n<td>1.7 TD<\/td>\n<td>01.2004  &#8211; 12.2005<\/td>\n<td>176 A3.000<\/td>\n<\/tr>\n<tr>\n<td>Fiat<\/td>\n<td>Marea<\/td>\n<td>1.8 16V<\/td>\n<td>09.1996 &#8211; 05.2002<\/td>\n<td>182 A2.000<\/td>\n<\/tr>\n<tr>\n<td>Fiat<\/td>\n<td>Marea<\/td>\n<td>1.8 16V<\/td>\n<td>09.1996 &#8211; 12.2007<\/td>\n<td>183 A1.000<\/td>\n<\/tr>\n<tr>\n<td>Fiat<\/td>\n<td>Marea<\/td>\n<td>1.9 TD<\/td>\n<td>05.1996 &#8211; 12.2003<\/td>\n<td>182 A7.000<\/td>\n<\/tr>\n<tr>\n<td>Fiat<\/td>\n<td>Marea<\/td>\n<td>1.9 TD<\/td>\n<td>05.1996 &#8211; 05.2002<\/td>\n<td>182 A8.000<\/td>\n<\/tr>\n<tr>\n<td>Fiat<\/td>\n<td>Palio<\/td>\n<td>1.7 TD<\/td>\n<td>04.1996 &#8211; 10.2003<\/td>\n<td>176 A3.000<\/td>\n<\/tr>\n<tr>\n<td>Fiat<\/td>\n<td>Palio<\/td>\n<td>1.7 TD<\/td>\n<td>02.1997 &#8211; 03.2010<\/td>\n<td>176 A5.000<\/td>\n<\/tr>\n<tr>\n<td>Fiat<\/td>\n<td>Palio<\/td>\n<td>1.9 D<\/td>\n<td>03.2001 &#8211; 12.2010<\/td>\n<td>223 A6.000<\/td>\n<\/tr>\n<tr>\n<td>Fiat<\/td>\n<td>Punto<\/td>\n<td>1.7 TD<\/td>\n<td>01.1994  &#8211; 09.1999<\/td>\n<td>176 A3.000<\/td>\n<\/tr>\n<tr>\n<td>Fiat<\/td>\n<td>Punto<\/td>\n<td>1.7 TD<\/td>\n<td>01.1994 &#8211; 09.1999<\/td>\n<td>176 A5.000<\/td>\n<\/tr>\n<tr>\n<td>Fiat<\/td>\n<td>Punto<\/td>\n<td>1.7 TD<\/td>\n<td>09.1996  &#8211; 09.1999<\/td>\n<td>176 B7.000<\/td>\n<\/tr>\n<tr>\n<td>Fiat<\/td>\n<td>Punto<\/td>\n<td>1.8 16V<\/td>\n<td>09.1999 &#8211; 03.2012<\/td>\n<td>183 A1.000<\/td>\n<\/tr>\n<tr>\n<td>Fiat<\/td>\n<td>Punto<\/td>\n<td>1.8 16V<\/td>\n<td>09.1999 &#8211; 03.2012<\/td>\n<td>188 A6.000<\/td>\n<\/tr>\n<tr>\n<td>Fiat<\/td>\n<td>Punto<\/td>\n<td>1.9 D<\/td>\n<td>09.1999 &#8211; 03.2012<\/td>\n<td>188 A3.000<\/td>\n<\/tr>\n<tr>\n<td>Fiat<\/td>\n<td>Siena<\/td>\n<td>1.7 TD<\/td>\n<td>03.2002 &#8211; 12.2009<\/td>\n<td>176 A3.000<\/td>\n<\/tr>\n<tr>\n<td>Fiat<\/td>\n<td>Siena<\/td>\n<td>1.7 TD<\/td>\n<td>05.1999 &#8211; 12.2009<\/td>\n<td>176 B7.000<\/td>\n<\/tr>\n<tr>\n<td>Fiat<\/td>\n<td>Siena<\/td>\n<td>1.7 TD<\/td>\n<td>05.1999 &#8211; 12.2009<\/td>\n<td>178 C9.066<\/td>\n<\/tr>\n<tr>\n<td>Fiat<\/td>\n<td>Siena<\/td>\n<td>1.9 D<\/td>\n<td>01.2004 &#8211; 12.2008<\/td>\n<td>223 A6.000<\/td>\n<\/tr>\n<tr>\n<td>Fiat<\/td>\n<td>Stilo<\/td>\n<td>1.8 16V<\/td>\n<td>10.2001 &#8211; 08.2008<\/td>\n<td>192 A4.000<\/td>\n<\/tr>\n<tr>\n<td>Fiat<\/td>\n<td>Strada<\/td>\n<td>1.7 TD<\/td>\n<td>06.1999 &#8211; 01.2010<\/td>\n<td>176 A3.000<\/td>\n<\/tr>\n<tr>\n<td>Fiat<\/td>\n<td>Strada<\/td>\n<td>1.9 D<\/td>\n<td>12.2000 &#8211;<\/td>\n<td>223 A6.000<\/td>\n<\/tr>\n<tr>\n<td>Fiat<\/td>\n<td>Tempra<\/td>\n<td>1.9 TD<\/td>\n<td>05.1990  &#8211; 08.1996<\/td>\n<td>160 A6.000<\/td>\n<\/tr>\n<tr>\n<td>Fiat<\/td>\n<td>Tempra<\/td>\n<td>1.9 TD<\/td>\n<td>03.1992  &#8211; 08.1996<\/td>\n<td>160 B6.046<\/td>\n<\/tr>\n<tr>\n<td>Fiat<\/td>\n<td>Tempra<\/td>\n<td>2.0<\/td>\n<td>10.1995  &#8211; 12.1998<\/td>\n<td>154 E1.000<\/td>\n<\/tr>\n<tr>\n<td>Fiat<\/td>\n<td>Tipo<\/td>\n<td>1.9 TD<\/td>\n<td>09.1990  &#8211; 04.1995<\/td>\n<td>160 A6.000<\/td>\n<\/tr>\n<tr>\n<td>Fiat<\/td>\n<td>Tipo<\/td>\n<td>1.9 TD<\/td>\n<td>09.1990  &#8211; 04.1995<\/td>\n<td>160 A6.046<\/td>\n<\/tr>\n<tr>\n<td>Fiat<\/td>\n<td>Tipo<\/td>\n<td>1.9 TD<\/td>\n<td>03.1992  &#8211; 06.1993<\/td>\n<td>160 B6.046<\/td>\n<\/tr>\n<tr>\n<td>Fiat<\/td>\n<td>Tipo<\/td>\n<td>1.8<\/td>\n<td>11.1989  &#8211; 06.1992<\/td>\n<td>160 A5.000<\/td>\n<\/tr>\n<tr>\n<td>Fiat<\/td>\n<td>Tipo<\/td>\n<td>2.0<\/td>\n<td>07.1991  &#8211; 04.1995<\/td>\n<td>160 A8.046<\/td>\n<\/tr>\n<tr>\n<td>Fiat<\/td>\n<td>Tipo<\/td>\n<td>2.0<\/td>\n<td>03.1993  &#8211; 04.1995<\/td>\n<td>836 A3.000<\/td>\n<\/tr>\n<tr>\n<td>Fiat<\/td>\n<td>Uno<\/td>\n<td>1.9D<\/td>\n<td>09.1989 &#8211; 03.1994<\/td>\n<td>149 B5.046<\/td>\n<\/tr>\n<tr>\n<td>Fiat<\/td>\n<td>all<\/td>\n<td>1.9 TD<\/td>\n<td>03.1988 &#8211; 06.1990<\/td>\n<td>154 B.000<\/td>\n<\/tr>\n<tr>\n<td>Lancia<\/td>\n<td>Dedra<\/td>\n<td>2.0 Turbo<\/td>\n<td>04.1991 &#8211; 07.1999<\/td>\n<td>835 A8.046<\/td>\n<\/tr>\n<tr>\n<td>Lancia<\/td>\n<td>Dedra<\/td>\n<td>2.0 16V<\/td>\n<td>07.1994 &#8211; 07.1999<\/td>\n<td>836 A3.000<\/td>\n<\/tr>\n<tr>\n<td>Lancia<\/td>\n<td>Dedra<\/td>\n<td>1.9 TD<\/td>\n<td>04.1989 &#8211; 07.1999<\/td>\n<td>160 D1.000<\/td>\n<\/tr>\n<tr>\n<td>Lancia<\/td>\n<td>Dedra<\/td>\n<td>1.9 TD<\/td>\n<td>04.1989 &#8211; 07.1999<\/td>\n<td>835 A4.000<\/td>\n<\/tr>\n<tr>\n<td>Lancia<\/td>\n<td>Dedra<\/td>\n<td>1.9 TD<\/td>\n<td>04.1989 &#8211; 07.1999<\/td>\n<td>835 A4.046<\/td>\n<\/tr>\n<tr>\n<td>Lancia<\/td>\n<td>Dedra<\/td>\n<td>2.0 8V<\/td>\n<td>09.1989 &#8211; 07.1992<\/td>\n<td>835 A5.000<\/td>\n<\/tr>\n<tr>\n<td>Lancia<\/td>\n<td>Dedra<\/td>\n<td>1.8 16V<\/td>\n<td>03.1996 &#8211; 07.1999<\/td>\n<td>182 A2.000<\/td>\n<\/tr>\n<tr>\n<td>Lancia<\/td>\n<td>Dedra<\/td>\n<td>1.8 16V<\/td>\n<td>03.1996 &#8211; 07.1999<\/td>\n<td>183 A1.000<\/td>\n<\/tr>\n<tr>\n<td>Lancia<\/td>\n<td>Delta<\/td>\n<td>2.0 16V Turbo<\/td>\n<td>07.1996 &#8211; 08.1999<\/td>\n<td>175 A4.000<\/td>\n<\/tr>\n<tr>\n<td>Lancia<\/td>\n<td>Delta<\/td>\n<td>2.0 16V HF Integrale<\/td>\n<td>03.1989 &#8211; 09.1991<\/td>\n<td>831 D5.000<\/td>\n<\/tr>\n<tr>\n<td>Lancia<\/td>\n<td>Delta<\/td>\n<td>2.0 16V HF Evo I Integrale<\/td>\n<td>09.1991 &#8211; 12.1992<\/td>\n<td>831 E5.000<\/td>\n<\/tr>\n<tr>\n<td>Lancia<\/td>\n<td>Delta<\/td>\n<td>2.0 16V HF Evo II Integrale<\/td>\n<td>06.1993 &#8211; 01.1994<\/td>\n<td>831 E5.000<\/td>\n<\/tr>\n<tr>\n<td>Lancia<\/td>\n<td>Delta<\/td>\n<td>2.0 16V HF Evo Integrale<\/td>\n<td>06.1993 &#8211; 01.1994<\/td>\n<td>831 E5.046<\/td>\n<\/tr>\n<tr>\n<td>Lancia<\/td>\n<td>Delta<\/td>\n<td>1.9 TD<\/td>\n<td>10.1986 &#8211; 12.1989<\/td>\n<td>831 D1.000<\/td>\n<\/tr>\n<tr>\n<td>Lancia<\/td>\n<td>Delta II<\/td>\n<td>2.0 16V Turbo<\/td>\n<td>06.1993 &#8211; 08.1999<\/td>\n<td>836 A2.000<\/td>\n<\/tr>\n<tr>\n<td>Lancia<\/td>\n<td>Delta II<\/td>\n<td>2.0 16V<\/td>\n<td>06.1993 &#8211; 08.1999<\/td>\n<td>836 A3.000<\/td>\n<\/tr>\n<tr>\n<td>Lancia<\/td>\n<td>Delta II<\/td>\n<td>1.9 TD<\/td>\n<td>10.1994 &#8211; 08.1999<\/td>\n<td>160 D1.000<\/td>\n<\/tr>\n<tr>\n<td>Lancia<\/td>\n<td>Delta II<\/td>\n<td>1.9 TD<\/td>\n<td>10.1994 &#8211; 08.1999<\/td>\n<td>835 A4.000<\/td>\n<\/tr>\n<tr>\n<td>Lancia<\/td>\n<td>Delta II<\/td>\n<td>1.8 16V<\/td>\n<td>03.1996 &#8211; 07.1999<\/td>\n<td>182 A2.000<\/td>\n<\/tr>\n<tr>\n<td>Lancia<\/td>\n<td>Delta II<\/td>\n<td>1.8 16V<\/td>\n<td>03.1996 &#8211; 07.1999<\/td>\n<td>183 A1.000<\/td>\n<\/tr>\n<tr>\n<td>Lancia<\/td>\n<td>Kappa<\/td>\n<td>2.0 16V Turbo<\/td>\n<td>02.1995 &#8211; 10.2001<\/td>\n<td>836 A4.000<\/td>\n<\/tr>\n<tr>\n<td>Lancia<\/td>\n<td>Lybra<\/td>\n<td>1.8 16V<\/td>\n<td>07.1999 &#8211; 10.2005<\/td>\n<td>839 A4.000<\/td>\n<\/tr>\n<tr>\n<td>Lancia<\/td>\n<td>Lybra<\/td>\n<td>1.8 16V<\/td>\n<td>07.1999 &#8211; 10.2005<\/td>\n<td>839 A7.000<\/td>\n<\/tr>\n<tr>\n<td>Lancia<\/td>\n<td>Lybra<\/td>\n<td>1.8 16V<\/td>\n<td>07.1999 &#8211; 10.2005<\/td>\n<td>839 A9.000<\/td>\n<\/tr>\n<tr>\n<td>Lancia<\/td>\n<td>Prisma<\/td>\n<td>1.9 D<\/td>\n<td>01.1983 &#8211; 02.1992<\/td>\n<td>831 D.000<\/td>\n<\/tr>\n<tr>\n<td>Lancia<\/td>\n<td>Prisma<\/td>\n<td>1.9 TD<\/td>\n<td>05.1985 &#8211; 12.1989<\/td>\n<td>831 D1.000<\/td>\n<\/tr>\n<tr>\n<td>Lancia<\/td>\n<td>Thema<\/td>\n<td>2000 16V Turbo<\/td>\n<td>12.1988 &#8211; 06.1990<\/td>\n<td>834 C1.000<\/td>\n<\/tr>\n<tr>\n<td>Lancia<\/td>\n<td>Thema<\/td>\n<td>2000 16V Turbo<\/td>\n<td>04.1989 &#8211; 05.1993<\/td>\n<td>834 C1.246<\/td>\n<\/tr>\n<tr>\n<td>Lancia<\/td>\n<td>Thema<\/td>\n<td>2000 16V<\/td>\n<td>08.1992 &#8211; 12.1993<\/td>\n<td>834 F1.000<\/td>\n<\/tr>\n<tr>\n<td>Lancia<\/td>\n<td>Thema<\/td>\n<td>2000 16V Turbo<\/td>\n<td>10.1992 &#8211; 07.1994<\/td>\n<td>834 F2.000<\/td>\n<\/tr>\n<tr>\n<td>Lancia<\/td>\n<td>Thema<\/td>\n<td>2.0 16V<\/td>\n<td>05.1988 &#8211; 08.1992<\/td>\n<td>834 B2.000<\/td>\n<\/tr>\n<tr>\n<td>Lancia<\/td>\n<td>Thema<\/td>\n<td>2.0 16V<\/td>\n<td>02.1989 &#8211; 05.1992<\/td>\n<td>834 B2.246<\/td>\n<\/tr>\n<\/table>","protected":false},"excerpt":{"rendered":"<p>La combinaci\u00f3n \u00fanica de dise\u00f1o, metalurgia e ingenier\u00eda se unen para ofrecer lo que los conductores esperan de los cojinetes de motor Trimetal de alto rendimiento.<\/p>\n<p>Dise\u00f1ados para soportar condiciones de RPM m\u00e1s altas, los cojinetes de motor ACL Race Series est\u00e1n disponibles para muchas de las aplicaciones populares de 4, 6 y 8 cilindros y cuentan con las siguientes caracter\u00edsticas:<\/p>\n<ul>\n<li>Placa superpuesta de alta resistencia con espesor reducido para mejorar las propiedades de fatiga<\/li>\n<li>Dorso de acero endurecido en todos los cojinetes de biela para mejorar el soporte del revestimiento del cojinete y ayudar a la retenci\u00f3n del cojinete en el alojamiento.<\/li>\n<li>Aumento del aplastamiento para mejorar la retenci\u00f3n de los rodamientos<\/li>\n<li>Eliminaci\u00f3n de la chapa flash en la parte posterior de los cojinetes para mejorar la transferencia de calor a trav\u00e9s de los cojinetes y maximizar el agarre entre los cojinetes y su alojamiento.<\/li>\n<li>Mayor excentricidad para compensar la distorsi\u00f3n del orificio a altas rpm y ayudar a la formaci\u00f3n de pel\u00edculas hidrodin\u00e1micas de aceite.<\/li>\n<li>Cojinetes de bancada ranurados 3\/4 para optimizar la superficie de carga y el flujo de aceite a los cojinetes de biela.<\/li>\n<li>Tolerancias de pared consistentes para ayudarle a mantener holguras consistentes.<\/li>\n<li>Chaflanes de di\u00e1metro interior ampliados en los bordes de los cojinetes cuando sea necesario para adaptarse a radios de redondeo grandes en cig\u00fce\u00f1ales de alto rendimiento.<\/li>\n<\/ul>","protected":false},"featured_media":83652,"template":"","meta":{"_crdt_document":"","inline_featured_image":false},"product_brand":[463],"product_cat":[370],"product_tag":[],"class_list":{"0":"post-84350","1":"product","2":"type-product","3":"status-publish","4":"has-post-thumbnail","6":"product_brand-acl","7":"product_cat-engine","9":"first","10":"instock","11":"taxable","12":"shipping-taxable","13":"purchasable","14":"product-type-simple"},"supplier_id":null,"supplier_sku":"","barcode":null,"atum_controlled":true,"out_stock_date":null,"out_stock_threshold":null,"inheritable":false,"inbound_stock":null,"stock_on_hold":null,"sold_today":null,"sales_last_days":null,"reserved_stock":null,"customer_returns":null,"warehouse_damage":null,"lost_in_post":null,"other_logs":null,"out_stock_days":null,"lost_sales":null,"has_location":null,"update_date":"2025-10-04T00:42:35","atum_locations":[],"atum_stock_status":"instock","restock_status":false,"low_stock_amount":"","sales_update_date":null,"calc_backorders":null,"_links":{"self":[{"href":"https:\/\/revmatch.eu\/es\/wp-json\/wp\/v2\/product\/84350","targetHints":{"allow":["GET"]}}],"collection":[{"href":"https:\/\/revmatch.eu\/es\/wp-json\/wp\/v2\/product"}],"about":[{"href":"https:\/\/revmatch.eu\/es\/wp-json\/wp\/v2\/types\/product"}],"version-history":[{"count":0,"href":"https:\/\/revmatch.eu\/es\/wp-json\/wp\/v2\/product\/84350\/revisions"}],"wp:featuredmedia":[{"embeddable":true,"href":"https:\/\/revmatch.eu\/es\/wp-json\/wp\/v2\/media\/83652"}],"wp:attachment":[{"href":"https:\/\/revmatch.eu\/es\/wp-json\/wp\/v2\/media?parent=84350"}],"wp:term":[{"taxonomy":"product_brand","embeddable":true,"href":"https:\/\/revmatch.eu\/es\/wp-json\/wp\/v2\/product_brand?post=84350"},{"taxonomy":"product_cat","embeddable":true,"href":"https:\/\/revmatch.eu\/es\/wp-json\/wp\/v2\/product_cat?post=84350"},{"taxonomy":"product_tag","embeddable":true,"href":"https:\/\/revmatch.eu\/es\/wp-json\/wp\/v2\/product_tag?post=84350"}],"curies":[{"name":"wp","href":"https:\/\/api.w.org\/{rel}","templated":true}]}}