{"id":84363,"date":"2025-10-04T01:42:42","date_gmt":"2025-10-04T00:42:42","guid":{"rendered":"https:\/\/revmatch.eu\/product\/acl-5m8312hx-std\/"},"modified":"2025-10-04T01:42:44","modified_gmt":"2025-10-04T00:42:44","slug":"acl-5m8312hx-std","status":"publish","type":"product","link":"https:\/\/revmatch.eu\/es\/product\/acl-5m8312hx-std\/","title":{"rendered":"ACL 5M8312HX-STD"},"content":{"rendered":"<p>La combinaci\u00f3n \u00fanica de dise\u00f1o, metalurgia e ingenier\u00eda se unen para ofrecer lo que los conductores esperan de los cojinetes de motor Trimetal de alto rendimiento.<\/p>\n<p><img decoding=\"async\" style=\"float: right; width: 600px;\" src=\"https:\/\/revmatch.eu\/wp-content\/uploads\/2024\/11\/ACL_Overview_picture.webp\" \/><\/p>\n<p>Dise\u00f1ados para soportar condiciones de RPM m\u00e1s altas, los cojinetes de motor ACL Race Series est\u00e1n disponibles para muchas de las aplicaciones populares de 4, 6 y 8 cilindros y cuentan con las siguientes caracter\u00edsticas:<\/p>\n<ul>\n<li>Placa superpuesta de alta resistencia con espesor reducido para mejorar las propiedades de fatiga<\/li>\n<li>Dorso de acero endurecido en todos los cojinetes de biela para mejorar el soporte del revestimiento del cojinete y ayudar a la retenci\u00f3n del cojinete en el alojamiento.<\/li>\n<li>Aumento del aplastamiento para mejorar la retenci\u00f3n de los rodamientos<\/li>\n<li>Eliminaci\u00f3n de la chapa flash en la parte posterior de los cojinetes para mejorar la transferencia de calor a trav\u00e9s de los cojinetes y maximizar el agarre entre los cojinetes y su alojamiento.<\/li>\n<li>Mayor excentricidad para compensar la distorsi\u00f3n del orificio a altas rpm y ayudar a la formaci\u00f3n de pel\u00edculas hidrodin\u00e1micas de aceite.<\/li>\n<li>Cojinetes de bancada ranurados 3\/4 para optimizar la superficie de carga y el flujo de aceite a los cojinetes de biela.<\/li>\n<li>Tolerancias de pared consistentes para ayudarle a mantener holguras consistentes.<\/li>\n<li>Chaflanes de di\u00e1metro interior ampliados en los bordes de los cojinetes cuando sea necesario para adaptarse a radios de redondeo grandes en cig\u00fce\u00f1ales de alto rendimiento.<\/li>\n<\/ul>\n<p>Lista de tallas:<\/p>\n<ul>\n<li>STD: Tama\u00f1o est\u00e1ndar<\/li>\n<li>.025: Pared interior extra de 0,025 mm para compensar el desgaste, el reavivado, el pulido, etc.<\/li>\n<li>.25: Pared interior extra de 0,25 mm para compensar el desgaste, el rectificado, el pulido, etc.<\/li>\n<li>.50: Pared interior extra de 0,50 mm para compensar el desgaste, el reavivado, el pulido, etc.<\/li>\n<li>HX-STD: Juego de cojinetes de bancada con juego adicional de 0,025 mm (0,001\")<\/li>\n<\/ul>\n<p>Gu\u00eda de tallas:<\/p>\n<ul>\n<li><a href=\"https:\/\/revmatch.eu\/wp-content\/uploads\/2024\/11\/EB005-guidelines-for-bearing-size-selection-eng.pdf\">Ingl\u00e9s<\/a><\/li>\n<li><a href=\"https:\/\/revmatch.eu\/wp-content\/uploads\/2024\/11\/EB005-guidelines-for-bearing-size-selection-esp.pdf\">Espa\u00f1ol<\/a><\/li>\n<li><a href=\"https:\/\/revmatch.eu\/wp-content\/uploads\/2024\/11\/EB005-guidelines-for-bearing-size-selection-fra.pdf\">Franc\u00e9s<\/a><\/li>\n<li><a href=\"https:\/\/revmatch.eu\/wp-content\/uploads\/2024\/11\/EB005-guidelines-for-bearing-size-selection-ger.pdf\">Alem\u00e1n<\/a><\/li>\n<\/ul>\n<table>\n<tr>\n<th>Marca<\/th>\n<th>Modelo<\/th>\n<th>Variante<\/th>\n<th>A\u00f1o<\/th>\n<th>Motor<\/th>\n<\/tr>\n<tr>\n<td>Scion<\/td>\n<td>FR-S Coupe<\/td>\n<td>2.0 S<\/td>\n<td>09.2012 &#8211;<\/td>\n<td>FA20D<\/td>\n<\/tr>\n<tr>\n<td>Subaru<\/td>\n<td>Ascent<\/td>\n<td>2.4 AWD<\/td>\n<td>01.2019 &#8211;<\/td>\n<td>FA24F<\/td>\n<\/tr>\n<tr>\n<td>Subaru<\/td>\n<td>BRZ (ZC6)<\/td>\n<td>2.0<\/td>\n<td>06.2012 &#8211;<\/td>\n<td>FA20D<\/td>\n<\/tr>\n<tr>\n<td>Subaru<\/td>\n<td>BRZ (ZC6)<\/td>\n<td>2.0<\/td>\n<td>08.2016 &#8211;<\/td>\n<td>FA20C<\/td>\n<\/tr>\n<tr>\n<td>Subaru<\/td>\n<td>BRZ (ZD8)<\/td>\n<td>2.4<\/td>\n<td>10.2021 &#8211;<\/td>\n<td>FA24D<\/td>\n<\/tr>\n<tr>\n<td>Subaru<\/td>\n<td>Crosstrek (GU_)<\/td>\n<td>2.0 AWD<\/td>\n<td>01.2023 &#8211;<\/td>\n<td>FB20<\/td>\n<\/tr>\n<tr>\n<td>Subaru<\/td>\n<td>Crosstrek (GU_)<\/td>\n<td>2.5 AWD<\/td>\n<td>04.2023 &#8211;<\/td>\n<td>FB25<\/td>\n<\/tr>\n<tr>\n<td>Subaru<\/td>\n<td>Evoltis<\/td>\n<td>2.4 AWD<\/td>\n<td>04.2021 &#8211;<\/td>\n<td>FA24F<\/td>\n<\/tr>\n<tr>\n<td>Subaru<\/td>\n<td>Exiga (YA_)<\/td>\n<td>2.5 AWD<\/td>\n<td>03.2012 &#8211;<\/td>\n<td>FB25<\/td>\n<\/tr>\n<tr>\n<td>Subaru<\/td>\n<td>Forester (SH_)<\/td>\n<td>2.0 AWD<\/td>\n<td>01.2010 &#8211;<\/td>\n<td>FB20<\/td>\n<\/tr>\n<tr>\n<td>Subaru<\/td>\n<td>Forester (SH_)<\/td>\n<td>2.5 AWD<\/td>\n<td>03.2011 &#8211; 09.2013<\/td>\n<td>FB25<\/td>\n<\/tr>\n<tr>\n<td>Subaru<\/td>\n<td>Forester (SJ_)<\/td>\n<td>2.0 AWD<\/td>\n<td>03.2013 &#8211;<\/td>\n<td>FA20<\/td>\n<\/tr>\n<tr>\n<td>Subaru<\/td>\n<td>Forester (SJ_)<\/td>\n<td>2.0 AWD<\/td>\n<td>03.2013 &#8211;<\/td>\n<td>FA20F<\/td>\n<\/tr>\n<tr>\n<td>Subaru<\/td>\n<td>Forester (SJ_)<\/td>\n<td>2.0 AWD<\/td>\n<td>11.2012 &#8211;<\/td>\n<td>FB20<\/td>\n<\/tr>\n<tr>\n<td>Subaru<\/td>\n<td>Forester (SJ_)<\/td>\n<td>2.5 AWD<\/td>\n<td>11.2012 &#8211;<\/td>\n<td>FB25<\/td>\n<\/tr>\n<tr>\n<td>Subaru<\/td>\n<td>Forester (SK_)<\/td>\n<td>2.0 AWD<\/td>\n<td>04.2018 &#8211;<\/td>\n<td>FB20<\/td>\n<\/tr>\n<tr>\n<td>Subaru<\/td>\n<td>Forester (SK_)<\/td>\n<td>2.5 AWD<\/td>\n<td>04.2018 &#8211;<\/td>\n<td>FB25<\/td>\n<\/tr>\n<tr>\n<td>Subaru<\/td>\n<td>Impreza Hatchback (GP_)<\/td>\n<td>1.6<\/td>\n<td>12.2011 &#8211; 10.2016<\/td>\n<td>FB16<\/td>\n<\/tr>\n<tr>\n<td>Subaru<\/td>\n<td>Impreza Hatchback (GP_)<\/td>\n<td>1.6 AWD<\/td>\n<td>12.2011 &#8211; 10.2016<\/td>\n<td>FB16<\/td>\n<\/tr>\n<tr>\n<td>Subaru<\/td>\n<td>Impreza Hatchback (GP_)<\/td>\n<td>2.0<\/td>\n<td>01.2012 &#8211;<\/td>\n<td>FB20<\/td>\n<\/tr>\n<tr>\n<td>Subaru<\/td>\n<td>Impreza Hatchback (GP_)<\/td>\n<td>2.0 AWD<\/td>\n<td>01.2012 &#8211;<\/td>\n<td>FB20<\/td>\n<\/tr>\n<tr>\n<td>Subaru<\/td>\n<td>Impreza Hatchback (GT_)<\/td>\n<td>1.6<\/td>\n<td>10.2016 &#8211;<\/td>\n<td>FB16<\/td>\n<\/tr>\n<tr>\n<td>Subaru<\/td>\n<td>Impreza Hatchback (GT_)<\/td>\n<td>1.6 AWD<\/td>\n<td>10.2016 &#8211;<\/td>\n<td>FB16<\/td>\n<\/tr>\n<tr>\n<td>Subaru<\/td>\n<td>Impreza Hatchback (GT_)<\/td>\n<td>2.0<\/td>\n<td>10.2016 &#8211;<\/td>\n<td>FB20<\/td>\n<\/tr>\n<tr>\n<td>Subaru<\/td>\n<td>Impreza Hatchback (GT_)<\/td>\n<td>2.0 AWD<\/td>\n<td>10.2016 &#8211;<\/td>\n<td>FB20<\/td>\n<\/tr>\n<tr>\n<td>Subaru<\/td>\n<td>Impreza Hatchback (GU_)<\/td>\n<td>2.0<\/td>\n<td>09.2023 &#8211;<\/td>\n<td>FB20<\/td>\n<\/tr>\n<tr>\n<td>Subaru<\/td>\n<td>Impreza Hatchback (GU_)<\/td>\n<td>2.0 AWD<\/td>\n<td>09.2023 &#8211;<\/td>\n<td>FB20<\/td>\n<\/tr>\n<tr>\n<td>Subaru<\/td>\n<td>Impreza Hatchback (GU_)<\/td>\n<td>2.5 AWD<\/td>\n<td>09.2023 &#8211;<\/td>\n<td>FB25<\/td>\n<\/tr>\n<tr>\n<td>Subaru<\/td>\n<td>Impreza Saloon (GJ_)<\/td>\n<td>2.0 AWD<\/td>\n<td>07.2014 &#8211;<\/td>\n<td>FA20F<\/td>\n<\/tr>\n<tr>\n<td>Subaru<\/td>\n<td>Impreza Saloon (GJ_)<\/td>\n<td>1.6<\/td>\n<td>01.2015 &#8211;<\/td>\n<td>FB16<\/td>\n<\/tr>\n<tr>\n<td>Subaru<\/td>\n<td>Impreza Saloon (GJ_)<\/td>\n<td>1.6 AWD<\/td>\n<td>06.2012 &#8211; 09.2016<\/td>\n<td>FB16<\/td>\n<\/tr>\n<tr>\n<td>Subaru<\/td>\n<td>Impreza Saloon (GJ_)<\/td>\n<td>2.0<\/td>\n<td>07.2011 &#8211;<\/td>\n<td>FB20<\/td>\n<\/tr>\n<tr>\n<td>Subaru<\/td>\n<td>Impreza Saloon (GJ_)<\/td>\n<td>2.0 AWD<\/td>\n<td>07.2011 &#8211;<\/td>\n<td>FB20<\/td>\n<\/tr>\n<tr>\n<td>Subaru<\/td>\n<td>Impreza Saloon (GK_)<\/td>\n<td>1.6<\/td>\n<td>10.2016 &#8211;<\/td>\n<td>FB16<\/td>\n<\/tr>\n<tr>\n<td>Subaru<\/td>\n<td>Impreza Saloon (GK_)<\/td>\n<td>1.6 AWD<\/td>\n<td>10.2016 &#8211;<\/td>\n<td>FB16<\/td>\n<\/tr>\n<tr>\n<td>Subaru<\/td>\n<td>Impreza Saloon (GK_)<\/td>\n<td>2.0<\/td>\n<td>10.2016 &#8211;<\/td>\n<td>FB20<\/td>\n<\/tr>\n<tr>\n<td>Subaru<\/td>\n<td>Impreza Saloon (GK_)<\/td>\n<td>2.0 AWD<\/td>\n<td>10.2016 &#8211;<\/td>\n<td>FB20<\/td>\n<\/tr>\n<tr>\n<td>Subaru<\/td>\n<td>Legacy V (BM)<\/td>\n<td>2.5 AWD<\/td>\n<td>07.2012 &#8211; 12.2014<\/td>\n<td>FB25<\/td>\n<\/tr>\n<tr>\n<td>Subaru<\/td>\n<td>Legacy V Estate (BR)<\/td>\n<td>2.0 AWD<\/td>\n<td>05.2012 &#8211; 12.2014<\/td>\n<td>FA20<\/td>\n<\/tr>\n<tr>\n<td>Subaru<\/td>\n<td>Legacy V Estate (BR)<\/td>\n<td>2.0 AWD<\/td>\n<td>06.2012 &#8211; 12.2014<\/td>\n<td>FB20<\/td>\n<\/tr>\n<tr>\n<td>Subaru<\/td>\n<td>Legacy V Estate (BR)<\/td>\n<td>2.5 AWD<\/td>\n<td>07.2012 &#8211; 12.2014<\/td>\n<td>FB25<\/td>\n<\/tr>\n<tr>\n<td>Subaru<\/td>\n<td>Legacy VI (BN)<\/td>\n<td>2.0 AWD<\/td>\n<td>11.2015 &#8211;<\/td>\n<td>FA20<\/td>\n<\/tr>\n<tr>\n<td>Subaru<\/td>\n<td>Legacy VI (BN)<\/td>\n<td>2.5 AWD<\/td>\n<td>05.2020 &#8211;<\/td>\n<td>FB25<\/td>\n<\/tr>\n<tr>\n<td>Subaru<\/td>\n<td>Legacy VII<\/td>\n<td>2.5 AWD<\/td>\n<td>09.2019 &#8211;<\/td>\n<td>FB25<\/td>\n<\/tr>\n<tr>\n<td>Subaru<\/td>\n<td>Legacy VII<\/td>\n<td>2.4 AWD<\/td>\n<td>09.2019 &#8211;<\/td>\n<td>FA24F<\/td>\n<\/tr>\n<tr>\n<td>Subaru<\/td>\n<td>Levorg<\/td>\n<td>2.0 AWD<\/td>\n<td>03.2015 &#8211;<\/td>\n<td>FA20<\/td>\n<\/tr>\n<tr>\n<td>Subaru<\/td>\n<td>Levorg<\/td>\n<td>1.6 AWD<\/td>\n<td>09.2015 &#8211;<\/td>\n<td>FB16<\/td>\n<\/tr>\n<tr>\n<td>Subaru<\/td>\n<td>Levorg<\/td>\n<td>2.0 AWD<\/td>\n<td>01.2019 &#8211;<\/td>\n<td>FB20<\/td>\n<\/tr>\n<tr>\n<td>Subaru<\/td>\n<td>Levorg (VN_)<\/td>\n<td>2.4 AWD<\/td>\n<td>10.2020 &#8211;<\/td>\n<td>FA24F<\/td>\n<\/tr>\n<tr>\n<td>Subaru<\/td>\n<td>Outback (BR)<\/td>\n<td>2.5 AWD<\/td>\n<td>01.2013 &#8211; 12.2014<\/td>\n<td>FB25<\/td>\n<\/tr>\n<tr>\n<td>Subaru<\/td>\n<td>Outback (BS)<\/td>\n<td>2.0 AWD<\/td>\n<td>10.2014 &#8211;<\/td>\n<td>FA20F<\/td>\n<\/tr>\n<tr>\n<td>Subaru<\/td>\n<td>Outback (BS)<\/td>\n<td>2.5 AWD<\/td>\n<td>10.2014 &#8211;<\/td>\n<td>FB25<\/td>\n<\/tr>\n<tr>\n<td>Subaru<\/td>\n<td>Outback (BT)<\/td>\n<td>2.5 AWD<\/td>\n<td>09.2019 &#8211;<\/td>\n<td>FB25<\/td>\n<\/tr>\n<tr>\n<td>Subaru<\/td>\n<td>Outback (BT)<\/td>\n<td>2.4 AWD<\/td>\n<td>09.2019 &#8211;<\/td>\n<td>FA24F<\/td>\n<\/tr>\n<tr>\n<td>Subaru<\/td>\n<td>WRX Estate (VN)<\/td>\n<td>2.4 AWD<\/td>\n<td>03.2022 &#8211;<\/td>\n<td>FA24F<\/td>\n<\/tr>\n<tr>\n<td>Subaru<\/td>\n<td>WRX Saloon (GJ)<\/td>\n<td>2.0 AWD<\/td>\n<td>09.2013 &#8211;<\/td>\n<td>FA20F<\/td>\n<\/tr>\n<tr>\n<td>Subaru<\/td>\n<td>WRX Saloon (GJ)<\/td>\n<td>2.0 AWD<\/td>\n<td>10.2014 &#8211;<\/td>\n<td>FA20<\/td>\n<\/tr>\n<tr>\n<td>Subaru<\/td>\n<td>WRX Saloon (VA)<\/td>\n<td>2.0 AWD<\/td>\n<td>12.2013 &#8211; 03.2022<\/td>\n<td>FA20E<\/td>\n<\/tr>\n<tr>\n<td>Subaru<\/td>\n<td>WRX Saloon (VB)<\/td>\n<td>2.4 AWD<\/td>\n<td>03.2022 &#8211;<\/td>\n<td>FA24F<\/td>\n<\/tr>\n<tr>\n<td>Subaru<\/td>\n<td>XV (GT)<\/td>\n<td>1.6 AWD<\/td>\n<td>04.2017 &#8211;<\/td>\n<td>FB16<\/td>\n<\/tr>\n<tr>\n<td>Subaru<\/td>\n<td>XV (GT)<\/td>\n<td>2.0 AWD<\/td>\n<td>04.2017 &#8211;<\/td>\n<td>FB20<\/td>\n<\/tr>\n<tr>\n<td>Subaru<\/td>\n<td>XV (GT)<\/td>\n<td>2.5 AWD<\/td>\n<td>09.2020 &#8211;<\/td>\n<td>FB25<\/td>\n<\/tr>\n<tr>\n<td>Subaru<\/td>\n<td>XV (_GP_)<\/td>\n<td>1.6 AWD<\/td>\n<td>03.2012 &#8211; 12.2017<\/td>\n<td>FB16<\/td>\n<\/tr>\n<tr>\n<td>Subaru<\/td>\n<td>XV (_GP_)<\/td>\n<td>2.0 AWD<\/td>\n<td>03.2012 &#8211; 12.2017<\/td>\n<td>FB20<\/td>\n<\/tr>\n<tr>\n<td>Toyota<\/td>\n<td>GR 86 coupe (ZN8)<\/td>\n<td>2.4<\/td>\n<td>09.2021 &#8211;<\/td>\n<td>FA24D<\/td>\n<\/tr>\n<tr>\n<td>Toyota<\/td>\n<td>GT 86 Coupe (ZN6_)<\/td>\n<td>2.0<\/td>\n<td>10.2012 &#8211;<\/td>\n<td>FA20D<\/td>\n<\/tr>\n<tr>\n<td>Toyota<\/td>\n<td>GT 86 Coupe (ZN6_)<\/td>\n<td>2.0<\/td>\n<td>03.2012 &#8211;<\/td>\n<td>4U-GSE<\/td>\n<\/tr>\n<\/table>","protected":false},"excerpt":{"rendered":"<p>La combinaci\u00f3n \u00fanica de dise\u00f1o, metalurgia e ingenier\u00eda se unen para ofrecer lo que los conductores esperan de los cojinetes de motor Trimetal de alto rendimiento.<\/p>\n<p>Dise\u00f1ados para soportar condiciones de RPM m\u00e1s altas, los cojinetes de motor ACL Race Series est\u00e1n disponibles para muchas de las aplicaciones populares de 4, 6 y 8 cilindros y cuentan con las siguientes caracter\u00edsticas:<\/p>\n<ul>\n<li>Placa superpuesta de alta resistencia con espesor reducido para mejorar las propiedades de fatiga<\/li>\n<li>Dorso de acero endurecido en todos los cojinetes de biela para mejorar el soporte del revestimiento del cojinete y ayudar a la retenci\u00f3n del cojinete en el alojamiento.<\/li>\n<li>Aumento del aplastamiento para mejorar la retenci\u00f3n de los rodamientos<\/li>\n<li>Eliminaci\u00f3n de la chapa flash en la parte posterior de los cojinetes para mejorar la transferencia de calor a trav\u00e9s de los cojinetes y maximizar el agarre entre los cojinetes y su alojamiento.<\/li>\n<li>Mayor excentricidad para compensar la distorsi\u00f3n del orificio a altas rpm y ayudar a la formaci\u00f3n de pel\u00edculas hidrodin\u00e1micas de aceite.<\/li>\n<li>Cojinetes de bancada ranurados 3\/4 para optimizar la superficie de carga y el flujo de aceite a los cojinetes de biela.<\/li>\n<li>Tolerancias de pared consistentes para ayudarle a mantener holguras consistentes.<\/li>\n<li>Chaflanes de di\u00e1metro interior ampliados en los bordes de los cojinetes cuando sea necesario para adaptarse a radios de redondeo grandes en cig\u00fce\u00f1ales de alto rendimiento.<\/li>\n<\/ul>","protected":false},"featured_media":83647,"template":"","meta":{"_crdt_document":"","inline_featured_image":false},"product_brand":[463],"product_cat":[370],"product_tag":[],"class_list":{"0":"post-84363","1":"product","2":"type-product","3":"status-publish","4":"has-post-thumbnail","6":"product_brand-acl","7":"product_cat-engine","9":"first","10":"onbackorder","11":"taxable","12":"shipping-taxable","13":"purchasable","14":"product-type-simple"},"supplier_id":null,"supplier_sku":"","barcode":null,"atum_controlled":true,"out_stock_date":"2025-10-04 01:42:44","out_stock_threshold":null,"inheritable":false,"inbound_stock":null,"stock_on_hold":null,"sold_today":null,"sales_last_days":null,"reserved_stock":null,"customer_returns":null,"warehouse_damage":null,"lost_in_post":null,"other_logs":null,"out_stock_days":null,"lost_sales":null,"has_location":null,"update_date":"2025-10-04T00:43:02","atum_locations":[],"atum_stock_status":"onbackorder","restock_status":false,"low_stock_amount":"","sales_update_date":null,"calc_backorders":null,"_links":{"self":[{"href":"https:\/\/revmatch.eu\/es\/wp-json\/wp\/v2\/product\/84363","targetHints":{"allow":["GET"]}}],"collection":[{"href":"https:\/\/revmatch.eu\/es\/wp-json\/wp\/v2\/product"}],"about":[{"href":"https:\/\/revmatch.eu\/es\/wp-json\/wp\/v2\/types\/product"}],"version-history":[{"count":0,"href":"https:\/\/revmatch.eu\/es\/wp-json\/wp\/v2\/product\/84363\/revisions"}],"wp:featuredmedia":[{"embeddable":true,"href":"https:\/\/revmatch.eu\/es\/wp-json\/wp\/v2\/media\/83647"}],"wp:attachment":[{"href":"https:\/\/revmatch.eu\/es\/wp-json\/wp\/v2\/media?parent=84363"}],"wp:term":[{"taxonomy":"product_brand","embeddable":true,"href":"https:\/\/revmatch.eu\/es\/wp-json\/wp\/v2\/product_brand?post=84363"},{"taxonomy":"product_cat","embeddable":true,"href":"https:\/\/revmatch.eu\/es\/wp-json\/wp\/v2\/product_cat?post=84363"},{"taxonomy":"product_tag","embeddable":true,"href":"https:\/\/revmatch.eu\/es\/wp-json\/wp\/v2\/product_tag?post=84363"}],"curies":[{"name":"wp","href":"https:\/\/api.w.org\/{rel}","templated":true}]}}