{"id":84522,"date":"2025-10-04T01:49:59","date_gmt":"2025-10-04T00:49:59","guid":{"rendered":"https:\/\/revmatch.eu\/product\/acl-4b2260h-std\/"},"modified":"2025-10-04T01:50:01","modified_gmt":"2025-10-04T00:50:01","slug":"acl-4b2260h-std","status":"publish","type":"product","link":"https:\/\/revmatch.eu\/es\/product\/acl-4b2260h-std\/","title":{"rendered":"ACL 4B2260H-STD"},"content":{"rendered":"<p>La combinaci\u00f3n \u00fanica de dise\u00f1o, metalurgia e ingenier\u00eda se unen para ofrecer lo que los conductores esperan de los cojinetes de motor Trimetal de alto rendimiento.<\/p>\n<p><img decoding=\"async\" style=\"float: right; width: 600px;\" src=\"https:\/\/revmatch.eu\/wp-content\/uploads\/2024\/11\/ACL_Overview_picture.webp\" \/><\/p>\n<p>Dise\u00f1ados para soportar condiciones de RPM m\u00e1s altas, los cojinetes de motor ACL Race Series est\u00e1n disponibles para muchas de las aplicaciones populares de 4, 6 y 8 cilindros y cuentan con las siguientes caracter\u00edsticas:<\/p>\n<ul>\n<li>Placa superpuesta de alta resistencia con espesor reducido para mejorar las propiedades de fatiga<\/li>\n<li>Dorso de acero endurecido en todos los cojinetes de biela para mejorar el soporte del revestimiento del cojinete y ayudar a la retenci\u00f3n del cojinete en el alojamiento.<\/li>\n<li>Aumento del aplastamiento para mejorar la retenci\u00f3n de los rodamientos<\/li>\n<li>Eliminaci\u00f3n de la chapa flash en la parte posterior de los cojinetes para mejorar la transferencia de calor a trav\u00e9s de los cojinetes y maximizar el agarre entre los cojinetes y su alojamiento.<\/li>\n<li>Mayor excentricidad para compensar la distorsi\u00f3n del orificio a altas rpm y ayudar a la formaci\u00f3n de pel\u00edculas hidrodin\u00e1micas de aceite.<\/li>\n<li>Cojinetes de bancada ranurados 3\/4 para optimizar la superficie de carga y el flujo de aceite a los cojinetes de biela.<\/li>\n<li>Tolerancias de pared consistentes para ayudarle a mantener holguras consistentes.<\/li>\n<li>Chaflanes de di\u00e1metro interior ampliados en los bordes de los cojinetes cuando sea necesario para adaptarse a radios de redondeo grandes en cig\u00fce\u00f1ales de alto rendimiento.<\/li>\n<\/ul>\n<p>Lista de tallas:<\/p>\n<ul>\n<li>STD: Tama\u00f1o est\u00e1ndar<\/li>\n<li>.025: Pared interior extra de 0,025 mm para compensar el desgaste, el reavivado, el pulido, etc.<\/li>\n<li>.25: Pared interior extra de 0,25 mm para compensar el desgaste, el rectificado, el pulido, etc.<\/li>\n<li>.50: Pared interior extra de 0,50 mm para compensar el desgaste, el reavivado, el pulido, etc.<\/li>\n<li>HX-STD: Juego de cojinetes de bancada con juego adicional de 0,025 mm (0,001\")<\/li>\n<\/ul>\n<p>Gu\u00eda de tallas:<\/p>\n<ul>\n<li><a href=\"https:\/\/revmatch.eu\/wp-content\/uploads\/2024\/11\/EB005-guidelines-for-bearing-size-selection-eng.pdf\">Ingl\u00e9s<\/a><\/li>\n<li><a href=\"https:\/\/revmatch.eu\/wp-content\/uploads\/2024\/11\/EB005-guidelines-for-bearing-size-selection-esp.pdf\">Espa\u00f1ol<\/a><\/li>\n<li><a href=\"https:\/\/revmatch.eu\/wp-content\/uploads\/2024\/11\/EB005-guidelines-for-bearing-size-selection-fra.pdf\">Franc\u00e9s<\/a><\/li>\n<li><a href=\"https:\/\/revmatch.eu\/wp-content\/uploads\/2024\/11\/EB005-guidelines-for-bearing-size-selection-ger.pdf\">Alem\u00e1n<\/a><\/li>\n<\/ul>\n<table>\n<tr>\n<th>Marca<\/th>\n<th>Modelo<\/th>\n<th>Variante<\/th>\n<th>A\u00f1o<\/th>\n<th>Motor<\/th>\n<\/tr>\n<tr>\n<td>Vado<\/td>\n<td>MONDEO Hatchback (MA, MB, MC)<\/td>\n<td>2.0 TDCi<\/td>\n<td>03.2007 &#8211; 01.2015<\/td>\n<td>AZBA<\/td>\n<\/tr>\n<tr>\n<td>Vado<\/td>\n<td>MONDEO III (B5Y)<\/td>\n<td>2.0 16V DI \/ TDDi \/ TDCi<\/td>\n<td>10.2000 &#8211; 03.2007<\/td>\n<td>D5BA<\/td>\n<\/tr>\n<tr>\n<td>Vado<\/td>\n<td>MONDEO III (B5Y)<\/td>\n<td>2.0 16V TDDi \/ TDCi<\/td>\n<td>10.2000 &#8211; 03.2007<\/td>\n<td>D6BA<\/td>\n<\/tr>\n<tr>\n<td>Vado<\/td>\n<td>MONDEO III (B5Y)<\/td>\n<td>2.0 TDCi<\/td>\n<td>10.2001 &#8211; 03.2007<\/td>\n<td>FMBA<\/td>\n<\/tr>\n<tr>\n<td>Vado<\/td>\n<td>MONDEO III (B5Y)<\/td>\n<td>2.0 16V TDDi \/ TDCi<\/td>\n<td>10.2000 &#8211; 03.2007<\/td>\n<td>HJBA<\/td>\n<\/tr>\n<tr>\n<td>Vado<\/td>\n<td>MONDEO III (B5Y)<\/td>\n<td>2.0 16V TDDi \/ TDCi<\/td>\n<td>10.2000 &#8211; 03.2007<\/td>\n<td>HJBB<\/td>\n<\/tr>\n<tr>\n<td>Vado<\/td>\n<td>MONDEO III (B5Y)<\/td>\n<td>2.0 16V TDDi \/ TDCi<\/td>\n<td>10.2000 &#8211; 03.2007<\/td>\n<td>HJBC<\/td>\n<\/tr>\n<tr>\n<td>Vado<\/td>\n<td>MONDEO III (B5Y)<\/td>\n<td>2.0 TDCi<\/td>\n<td>10.2001 &#8211; 03.2007<\/td>\n<td>N7BA<\/td>\n<\/tr>\n<tr>\n<td>Vado<\/td>\n<td>MONDEO III (B5Y)<\/td>\n<td>2.0 TDCi<\/td>\n<td>10.2001 &#8211; 03.2007<\/td>\n<td>N7BB<\/td>\n<\/tr>\n<tr>\n<td>Vado<\/td>\n<td>MONDEO III (B5Y)<\/td>\n<td>2.0 16V DI \/ TDDi \/ TDCi<\/td>\n<td>10.2000 &#8211; 03.2007<\/td>\n<td>SDBA<\/td>\n<\/tr>\n<tr>\n<td>Vado<\/td>\n<td>MONDEO III Saloon (B4Y)<\/td>\n<td>2.0 16V DI \/ TDDi \/ TDCi<\/td>\n<td>10.2000 &#8211; 03.2007<\/td>\n<td>D5BA<\/td>\n<\/tr>\n<tr>\n<td>Vado<\/td>\n<td>MONDEO III Saloon (B4Y)<\/td>\n<td>2.0 16V TDDi \/ TDCi<\/td>\n<td>10.2000 &#8211; 03.2007<\/td>\n<td>D6BA<\/td>\n<\/tr>\n<tr>\n<td>Vado<\/td>\n<td>MONDEO III Saloon (B4Y)<\/td>\n<td>2.0 TDCi<\/td>\n<td>10.2001 &#8211; 03.2007<\/td>\n<td>FMBA<\/td>\n<\/tr>\n<tr>\n<td>Vado<\/td>\n<td>MONDEO III Saloon (B4Y)<\/td>\n<td>2.0 16V TDDi \/ TDCi<\/td>\n<td>10.2000 &#8211; 03.2007<\/td>\n<td>HJBA<\/td>\n<\/tr>\n<tr>\n<td>Vado<\/td>\n<td>MONDEO III Saloon (B4Y)<\/td>\n<td>2.0 16V TDDi \/ TDCi<\/td>\n<td>10.2000 &#8211; 03.2007<\/td>\n<td>HJBB<\/td>\n<\/tr>\n<tr>\n<td>Vado<\/td>\n<td>MONDEO III Saloon (B4Y)<\/td>\n<td>2.0 16V TDDi \/ TDCi<\/td>\n<td>10.2000 &#8211; 03.2007<\/td>\n<td>HJBC<\/td>\n<\/tr>\n<tr>\n<td>Vado<\/td>\n<td>MONDEO III Saloon (B4Y)<\/td>\n<td>2.0 TDCi<\/td>\n<td>10.2001 &#8211; 03.2007<\/td>\n<td>N7BA<\/td>\n<\/tr>\n<tr>\n<td>Vado<\/td>\n<td>MONDEO III Saloon (B4Y)<\/td>\n<td>2.0 TDCi<\/td>\n<td>10.2001 &#8211; 03.2007<\/td>\n<td>N7BB<\/td>\n<\/tr>\n<tr>\n<td>Vado<\/td>\n<td>MONDEO III Saloon (B4Y)<\/td>\n<td>2.0 16V DI \/ TDDi \/ TDCi<\/td>\n<td>10.2000 &#8211; 03.2007<\/td>\n<td>SDBA<\/td>\n<\/tr>\n<tr>\n<td>Vado<\/td>\n<td>MONDEO III Turnier (BWY)<\/td>\n<td>2.0 16V DI \/ TDDi \/ TDCi<\/td>\n<td>10.2000 &#8211; 03.2007<\/td>\n<td>D5BA<\/td>\n<\/tr>\n<tr>\n<td>Vado<\/td>\n<td>MONDEO III Turnier (BWY)<\/td>\n<td>2.0 16V TDDi \/ TDCi<\/td>\n<td>10.2000 &#8211; 03.2007<\/td>\n<td>D6BA<\/td>\n<\/tr>\n<tr>\n<td>Vado<\/td>\n<td>MONDEO III Turnier (BWY)<\/td>\n<td>2.0 TDCi<\/td>\n<td>10.2001 &#8211; 03.2007<\/td>\n<td>FMBA<\/td>\n<\/tr>\n<tr>\n<td>Vado<\/td>\n<td>MONDEO III Turnier (BWY)<\/td>\n<td>2.0 16V TDDi \/ TDCi<\/td>\n<td>10.2000 &#8211; 03.2007<\/td>\n<td>HJBA<\/td>\n<\/tr>\n<tr>\n<td>Vado<\/td>\n<td>MONDEO III Turnier (BWY)<\/td>\n<td>2.0 16V TDDi \/ TDCi<\/td>\n<td>10.2000 &#8211; 03.2007<\/td>\n<td>HJBB<\/td>\n<\/tr>\n<tr>\n<td>Vado<\/td>\n<td>MONDEO III Turnier (BWY)<\/td>\n<td>2.0 16V TDDi \/ TDCi<\/td>\n<td>10.2000 &#8211; 03.2007<\/td>\n<td>HJBC<\/td>\n<\/tr>\n<tr>\n<td>Vado<\/td>\n<td>MONDEO III Turnier (BWY)<\/td>\n<td>2.0 TDCi<\/td>\n<td>10.2001 &#8211; 03.2007<\/td>\n<td>N7BA<\/td>\n<\/tr>\n<tr>\n<td>Vado<\/td>\n<td>MONDEO III Turnier (BWY)<\/td>\n<td>2.0 TDCi<\/td>\n<td>10.2001 &#8211; 03.2007<\/td>\n<td>N7BB<\/td>\n<\/tr>\n<tr>\n<td>Vado<\/td>\n<td>MONDEO III Turnier (BWY)<\/td>\n<td>2.0 16V DI \/ TDDi \/ TDCi<\/td>\n<td>10.2000 &#8211; 03.2007<\/td>\n<td>SDBA<\/td>\n<\/tr>\n<tr>\n<td>Vado<\/td>\n<td>MONDEO IV (BA7)<\/td>\n<td>2.0 TDCi<\/td>\n<td>03.2007 &#8211; 01.2015<\/td>\n<td>AZBA<\/td>\n<\/tr>\n<tr>\n<td>Vado<\/td>\n<td>MONDEO IV (BA7)<\/td>\n<td>2.0 TDCi<\/td>\n<td>11.2007 &#8211; 01.2015<\/td>\n<td>LPBA<\/td>\n<\/tr>\n<tr>\n<td>Vado<\/td>\n<td>MONDEO IV Saloon (BA7)<\/td>\n<td>2.0 TDCi<\/td>\n<td>03.2007 &#8211; 01.2015<\/td>\n<td>AZBA<\/td>\n<\/tr>\n<tr>\n<td>Vado<\/td>\n<td>MONDEO IV Saloon (BA7)<\/td>\n<td>2.0 TDCi<\/td>\n<td>11.2007 &#8211; 01.2015<\/td>\n<td>LPBA<\/td>\n<\/tr>\n<tr>\n<td>Vado<\/td>\n<td>MONDEO IV Turnier (BA7)<\/td>\n<td>2.0 TDCi<\/td>\n<td>03.2007 &#8211; 12.2012<\/td>\n<td>AZBA<\/td>\n<\/tr>\n<tr>\n<td>Vado<\/td>\n<td>MONDEO IV Turnier (BA7)<\/td>\n<td>2.0 TDCi<\/td>\n<td>11.2007 &#8211; 01.2015<\/td>\n<td>LPBA<\/td>\n<\/tr>\n<tr>\n<td>Vado<\/td>\n<td>MONDEO Saloon (MA, MB)<\/td>\n<td>2.0 TDCi<\/td>\n<td>03.2007 &#8211; 01.2015<\/td>\n<td>AZBA<\/td>\n<\/tr>\n<tr>\n<td>Vado<\/td>\n<td>RANGER pick-up (PX)<\/td>\n<td>2.2 TDdi (PX)<\/td>\n<td>11.2011 &#8211; 06.2015<\/td>\n<td>P4-AT<\/td>\n<\/tr>\n<tr>\n<td>Vado<\/td>\n<td>RANGER pick-up (PX)<\/td>\n<td>2.2 TDdi (PXII, PXIII)<\/td>\n<td>06.2015 &#8211; 05.2022<\/td>\n<td>P4-AT<\/td>\n<\/tr>\n<tr>\n<td>Vado<\/td>\n<td>TOURNEO<\/td>\n<td>2.0 DI 16V<\/td>\n<td>08.2000 &#8211;<\/td>\n<td>ABFA<\/td>\n<\/tr>\n<tr>\n<td>Vado<\/td>\n<td>TRANSIT Bus (FD_ _, FB_ _, FS_ _, FZ_ _, FC_ _)<\/td>\n<td>2.0 DI (F_E_, F_F_, F_G_)<\/td>\n<td>08.2000 &#8211; 05.2006<\/td>\n<td>ABFA<\/td>\n<\/tr>\n<tr>\n<td>Vado<\/td>\n<td>TRANSIT Bus (FD_ _, FB_ _, FS_ _, FZ_ _, FC_ _)<\/td>\n<td>2.0 DI (F_E_, F_F_, F_G_)<\/td>\n<td>08.2000 &#8211; 05.2006<\/td>\n<td>D3FA<\/td>\n<\/tr>\n<tr>\n<td>Vado<\/td>\n<td>TRANSIT Bus (FD_ _, FB_ _, FS_ _, FZ_ _, FC_ _)<\/td>\n<td>2.0 DI (F_E_, F_F_, F_G_)<\/td>\n<td>08.2000 &#8211; 05.2006<\/td>\n<td>F3FA<\/td>\n<\/tr>\n<tr>\n<td>Vado<\/td>\n<td>TRANSIT Bus (FD_ _, FB_ _, FS_ _, FZ_ _, FC_ _)<\/td>\n<td>2.0 TDCi (F_F_, F_E_, F_G_)<\/td>\n<td>08.2002 &#8211; 05.2006<\/td>\n<td>FIFA<\/td>\n<\/tr>\n<tr>\n<td>Vado<\/td>\n<td>TRANSIT Bus (FD_ _, FB_ _, FS_ _, FZ_ _, FC_ _)<\/td>\n<td>2.4 DI (F_B_, F_C_, F_A_)<\/td>\n<td>01.2000 &#8211; 05.2006<\/td>\n<td>D2FA<\/td>\n<\/tr>\n<tr>\n<td>Vado<\/td>\n<td>TRANSIT Bus (FD_ _, FB_ _, FS_ _, FZ_ _, FC_ _)<\/td>\n<td>2.4 DI (F_B_, F_C_, F_A_)<\/td>\n<td>01.2000 &#8211; 05.2006<\/td>\n<td>D2FB<\/td>\n<\/tr>\n<tr>\n<td>Vado<\/td>\n<td>TRANSIT Bus (FD_ _, FB_ _, FS_ _, FZ_ _, FC_ _)<\/td>\n<td>2.4 DI RWD (F_B_, F_C_, F_A_)<\/td>\n<td>01.2000 &#8211; 05.2006<\/td>\n<td>D4FA<\/td>\n<\/tr>\n<tr>\n<td>Vado<\/td>\n<td>TRANSIT Bus (FD_ _, FB_ _, FS_ _, FZ_ _, FC_ _)<\/td>\n<td>2.4 TDE (F_C_, F_B_, F_A_)<\/td>\n<td>07.2001 &#8211; 05.2006<\/td>\n<td>DOFA<\/td>\n<\/tr>\n<tr>\n<td>Vado<\/td>\n<td>TRANSIT Bus (FD_ _, FB_ _, FS_ _, FZ_ _, FC_ _)<\/td>\n<td>2.4 DI RWD (F_B_, F_C_)<\/td>\n<td>01.2000 &#8211; 05.2006<\/td>\n<td>F4FA<\/td>\n<\/tr>\n<tr>\n<td>Vado<\/td>\n<td>TRANSIT Bus (VH, VJ)<\/td>\n<td>2.4 D<\/td>\n<td>01.2000 &#8211; 09.2006<\/td>\n<td>D2FA<\/td>\n<\/tr>\n<tr>\n<td>Vado<\/td>\n<td>TRANSIT Bus (VH, VJ)<\/td>\n<td>2.4 D<\/td>\n<td>07.2001 &#8211; 09.2006<\/td>\n<td>DOFA<\/td>\n<\/tr>\n<tr>\n<td>Vado<\/td>\n<td>TRANSIT Bus (VH, VJ)<\/td>\n<td>2.4 D<\/td>\n<td>07.2001 &#8211; 09.2006<\/td>\n<td>F4FA<\/td>\n<\/tr>\n<tr>\n<td>Vado<\/td>\n<td>TRANSIT Platform\/Chassis (FM_ _, FN_ _)<\/td>\n<td>2.0 DI (F_E_, F_F_)<\/td>\n<td>08.2000 &#8211; 05.2006<\/td>\n<td>ABFA<\/td>\n<\/tr>\n<tr>\n<td>Vado<\/td>\n<td>TRANSIT Platform\/Chassis (FM_ _, FN_ _)<\/td>\n<td>2.0 DI (F_E_, F_F_)<\/td>\n<td>08.2000 &#8211; 05.2006<\/td>\n<td>D3FA<\/td>\n<\/tr>\n<tr>\n<td>Vado<\/td>\n<td>TRANSIT Platform\/Chassis (FM_ _, FN_ _)<\/td>\n<td>2.0 DI (F_E_, F_F_)<\/td>\n<td>08.2000 &#8211; 05.2006<\/td>\n<td>F3FA<\/td>\n<\/tr>\n<tr>\n<td>Vado<\/td>\n<td>TRANSIT Platform\/Chassis (FM_ _, FN_ _)<\/td>\n<td>2.0 TDCi (F_E_, F_F_)<\/td>\n<td>08.2002 &#8211; 05.2006<\/td>\n<td>FIFA<\/td>\n<\/tr>\n<tr>\n<td>Vado<\/td>\n<td>TRANSIT Platform\/Chassis (FM_ _, FN_ _)<\/td>\n<td>2.4 DI (F_A_, F_B_, F_C_, F_D_)<\/td>\n<td>01.2000 &#8211; 05.2006<\/td>\n<td>D2FA<\/td>\n<\/tr>\n<tr>\n<td>Vado<\/td>\n<td>TRANSIT Platform\/Chassis (FM_ _, FN_ _)<\/td>\n<td>2.4 DI (F_A_, F_B_, F_C_, F_D_)<\/td>\n<td>01.2000 &#8211; 05.2006<\/td>\n<td>D2FB<\/td>\n<\/tr>\n<tr>\n<td>Vado<\/td>\n<td>TRANSIT Platform\/Chassis (FM_ _, FN_ _)<\/td>\n<td>2.4 DI (F_A_, F_B_, F_C_, F_D_)<\/td>\n<td>01.2000 &#8211; 05.2006<\/td>\n<td>D2FE<\/td>\n<\/tr>\n<tr>\n<td>Vado<\/td>\n<td>TRANSIT Platform\/Chassis (FM_ _, FN_ _)<\/td>\n<td>2.4 DI (F_A_, F_B_, F_C_, F_D_)<\/td>\n<td>01.2000 &#8211; 05.2006<\/td>\n<td>D4FA<\/td>\n<\/tr>\n<tr>\n<td>Vado<\/td>\n<td>TRANSIT Platform\/Chassis (FM_ _, FN_ _)<\/td>\n<td>2.4 TDE<\/td>\n<td>07.2001 &#8211; 05.2006<\/td>\n<td>DOFA<\/td>\n<\/tr>\n<tr>\n<td>Vado<\/td>\n<td>TRANSIT Platform\/Chassis (FM_ _, FN_ _)<\/td>\n<td>2.4 DI (F_A_, F_B_, F_C_, F_D_)<\/td>\n<td>01.2000 &#8211; 05.2006<\/td>\n<td>F4FA<\/td>\n<\/tr>\n<tr>\n<td>Vado<\/td>\n<td>TRANSIT Platform\/Chassis (VH, VJ)<\/td>\n<td>2.4 TD<\/td>\n<td>01.2000 &#8211; 09.2006<\/td>\n<td>D2FA<\/td>\n<\/tr>\n<tr>\n<td>Vado<\/td>\n<td>TRANSIT Platform\/Chassis (VH, VJ)<\/td>\n<td>2.4 TD<\/td>\n<td>07.2001 &#8211; 09.2006<\/td>\n<td>DOFA<\/td>\n<\/tr>\n<tr>\n<td>Vado<\/td>\n<td>TRANSIT Platform\/Chassis (VH, VJ)<\/td>\n<td>2.4 TD<\/td>\n<td>01.2000 &#8211; 09.2006<\/td>\n<td>F4FA<\/td>\n<\/tr>\n<tr>\n<td>Vado<\/td>\n<td>TRANSIT TOURNEO Bus (FC_ _)<\/td>\n<td>2.0<\/td>\n<td>06.2000 &#8211; 03.2005<\/td>\n<td>ABFA<\/td>\n<\/tr>\n<tr>\n<td>Vado<\/td>\n<td>TRANSIT TOURNEO Bus (FC_ _)<\/td>\n<td>2.0<\/td>\n<td>06.2000 &#8211; 08.2003<\/td>\n<td>D3FA<\/td>\n<\/tr>\n<tr>\n<td>Vado<\/td>\n<td>TRANSIT TOURNEO Bus (FC_ _)<\/td>\n<td>2.0<\/td>\n<td>03.2002 &#8211; 03.2006<\/td>\n<td>FIFA<\/td>\n<\/tr>\n<tr>\n<td>Vado<\/td>\n<td>TRANSIT Van (FA_ _)<\/td>\n<td>2.0 DI (FAE_, FAF_, FAG_)<\/td>\n<td>08.2000 &#8211; 05.2006<\/td>\n<td>ABFA<\/td>\n<\/tr>\n<tr>\n<td>Vado<\/td>\n<td>TRANSIT Van (FA_ _)<\/td>\n<td>2.0 DI (FAE_, FAF_, FAG_)<\/td>\n<td>08.2000 &#8211; 05.2006<\/td>\n<td>D3FA<\/td>\n<\/tr>\n<tr>\n<td>Vado<\/td>\n<td>TRANSIT Van (FA_ _)<\/td>\n<td>2.0 DI (FAE_, FAF_, FAG_)<\/td>\n<td>08.2000 &#8211; 05.2006<\/td>\n<td>F3FA<\/td>\n<\/tr>\n<tr>\n<td>Vado<\/td>\n<td>TRANSIT Van (FA_ _)<\/td>\n<td>2.0 TDCi<\/td>\n<td>08.2002 &#8211; 05.2006<\/td>\n<td>FIFA<\/td>\n<\/tr>\n<tr>\n<td>Vado<\/td>\n<td>TRANSIT Van (FA_ _)<\/td>\n<td>2.4 DI (FAA_, FAB_, FAC_, FAD_)<\/td>\n<td>01.2000 &#8211; 05.2006<\/td>\n<td>D2FA<\/td>\n<\/tr>\n<tr>\n<td>Vado<\/td>\n<td>TRANSIT Van (FA_ _)<\/td>\n<td>2.4 DI (FAA_, FAB_, FAC_, FAD_)<\/td>\n<td>01.2000 &#8211; 05.2006<\/td>\n<td>D2FB<\/td>\n<\/tr>\n<tr>\n<td>Vado<\/td>\n<td>TRANSIT Van (FA_ _)<\/td>\n<td>2.4 DI RWD (FAA_, FAB_, FAC_, FAD_)<\/td>\n<td>01.2000 &#8211; 05.2006<\/td>\n<td>D4FA<\/td>\n<\/tr>\n<tr>\n<td>Vado<\/td>\n<td>TRANSIT Van (FA_ _)<\/td>\n<td>2.4 TDE<\/td>\n<td>07.2001 &#8211; 05.2006<\/td>\n<td>DOFA<\/td>\n<\/tr>\n<tr>\n<td>Vado<\/td>\n<td>TRANSIT Van (FA_ _)<\/td>\n<td>2.4 DI RWD (FAA_, FAB_, FAC_, FAD_)<\/td>\n<td>01.2000 &#8211; 05.2006<\/td>\n<td>F4FA<\/td>\n<\/tr>\n<tr>\n<td>Vado<\/td>\n<td>TRANSIT Van (FA_ _)<\/td>\n<td>2.4 TD<\/td>\n<td>08.2000 &#8211; 08.2003<\/td>\n<td>F4FA<\/td>\n<\/tr>\n<tr>\n<td>Vado<\/td>\n<td>TRANSIT Van (VH, VJ)<\/td>\n<td>2.4 TD<\/td>\n<td>01.2000 &#8211; 09.2006<\/td>\n<td>D2FA<\/td>\n<\/tr>\n<tr>\n<td>Vado<\/td>\n<td>TRANSIT Van (VH, VJ)<\/td>\n<td>2.4 TD<\/td>\n<td>07.2001 &#8211; 09.2006<\/td>\n<td>DOFA<\/td>\n<\/tr>\n<tr>\n<td>Jaguar<\/td>\n<td>X-TYPE I (X400)<\/td>\n<td>2.0 D<\/td>\n<td>07.2003 &#8211; 11.2009<\/td>\n<td>FMBA<\/td>\n<\/tr>\n<tr>\n<td>Jaguar<\/td>\n<td>X-TYPE I Estate (X400)<\/td>\n<td>2.0 D<\/td>\n<td>02.2004 &#8211; 12.2009<\/td>\n<td>FMBA<\/td>\n<\/tr>\n<tr>\n<td>Mazda<\/td>\n<td>BT-50 II pick-up (B22, B32, UP, UR)<\/td>\n<td>2.2 MZ-CD<\/td>\n<td>11.2011 &#8211; 06.2020<\/td>\n<td>P4-AT<\/td>\n<\/tr>\n<tr>\n<td>Mazda<\/td>\n<td>BT-50 II pick-up (B22, B32, UP, UR)<\/td>\n<td>2.2 MZ-CD 4WD<\/td>\n<td>11.2011 &#8211; 11.2020<\/td>\n<td>P4-AT<\/td>\n<\/tr>\n<\/table>","protected":false},"excerpt":{"rendered":"<p>La combinaci\u00f3n \u00fanica de dise\u00f1o, metalurgia e ingenier\u00eda se unen para ofrecer lo que los conductores esperan de los cojinetes de motor Trimetal de alto rendimiento.<\/p>\n<p>Dise\u00f1ados para soportar condiciones de RPM m\u00e1s altas, los cojinetes de motor ACL Race Series est\u00e1n disponibles para muchas de las aplicaciones populares de 4, 6 y 8 cilindros y cuentan con las siguientes caracter\u00edsticas:<\/p>\n<ul>\n<li>Placa superpuesta de alta resistencia con espesor reducido para mejorar las propiedades de fatiga<\/li>\n<li>Dorso de acero endurecido en todos los cojinetes de biela para mejorar el soporte del revestimiento del cojinete y ayudar a la retenci\u00f3n del cojinete en el alojamiento.<\/li>\n<li>Aumento del aplastamiento para mejorar la retenci\u00f3n de los rodamientos<\/li>\n<li>Eliminaci\u00f3n de la chapa flash en la parte posterior de los cojinetes para mejorar la transferencia de calor a trav\u00e9s de los cojinetes y maximizar el agarre entre los cojinetes y su alojamiento.<\/li>\n<li>Mayor excentricidad para compensar la distorsi\u00f3n del orificio a altas rpm y ayudar a la formaci\u00f3n de pel\u00edculas hidrodin\u00e1micas de aceite.<\/li>\n<li>Cojinetes de bancada ranurados 3\/4 para optimizar la superficie de carga y el flujo de aceite a los cojinetes de biela.<\/li>\n<li>Tolerancias de pared consistentes para ayudarle a mantener holguras consistentes.<\/li>\n<li>Chaflanes de di\u00e1metro interior ampliados en los bordes de los cojinetes cuando sea necesario para adaptarse a radios de redondeo grandes en cig\u00fce\u00f1ales de alto rendimiento.<\/li>\n<\/ul>","protected":false},"featured_media":83652,"template":"","meta":{"_crdt_document":"","inline_featured_image":false},"product_brand":[463],"product_cat":[370],"product_tag":[],"class_list":{"0":"post-84522","1":"product","2":"type-product","3":"status-publish","4":"has-post-thumbnail","6":"product_brand-acl","7":"product_cat-engine","9":"first","10":"instock","11":"taxable","12":"shipping-taxable","13":"purchasable","14":"product-type-simple"},"supplier_id":null,"supplier_sku":"","barcode":null,"atum_controlled":true,"out_stock_date":null,"out_stock_threshold":null,"inheritable":false,"inbound_stock":0,"stock_on_hold":0,"sold_today":0,"sales_last_days":0,"reserved_stock":0,"customer_returns":0,"warehouse_damage":0,"lost_in_post":0,"other_logs":0,"out_stock_days":0,"lost_sales":0,"has_location":false,"update_date":"2025-12-09T12:34:02","atum_locations":[],"atum_stock_status":"instock","restock_status":false,"low_stock_amount":"","sales_update_date":"2025-12-09T12:34:02","calc_backorders":null,"_links":{"self":[{"href":"https:\/\/revmatch.eu\/es\/wp-json\/wp\/v2\/product\/84522","targetHints":{"allow":["GET"]}}],"collection":[{"href":"https:\/\/revmatch.eu\/es\/wp-json\/wp\/v2\/product"}],"about":[{"href":"https:\/\/revmatch.eu\/es\/wp-json\/wp\/v2\/types\/product"}],"version-history":[{"count":0,"href":"https:\/\/revmatch.eu\/es\/wp-json\/wp\/v2\/product\/84522\/revisions"}],"wp:featuredmedia":[{"embeddable":true,"href":"https:\/\/revmatch.eu\/es\/wp-json\/wp\/v2\/media\/83652"}],"wp:attachment":[{"href":"https:\/\/revmatch.eu\/es\/wp-json\/wp\/v2\/media?parent=84522"}],"wp:term":[{"taxonomy":"product_brand","embeddable":true,"href":"https:\/\/revmatch.eu\/es\/wp-json\/wp\/v2\/product_brand?post=84522"},{"taxonomy":"product_cat","embeddable":true,"href":"https:\/\/revmatch.eu\/es\/wp-json\/wp\/v2\/product_cat?post=84522"},{"taxonomy":"product_tag","embeddable":true,"href":"https:\/\/revmatch.eu\/es\/wp-json\/wp\/v2\/product_tag?post=84522"}],"curies":[{"name":"wp","href":"https:\/\/api.w.org\/{rel}","templated":true}]}}