{"id":84526,"date":"2025-10-04T01:50:12","date_gmt":"2025-10-04T00:50:12","guid":{"rendered":"https:\/\/revmatch.eu\/product\/acl-6b1995h-25\/"},"modified":"2025-10-04T01:50:14","modified_gmt":"2025-10-04T00:50:14","slug":"acl-6b1995h-25","status":"publish","type":"product","link":"https:\/\/revmatch.eu\/es\/product\/acl-6b1995h-25\/","title":{"rendered":"ACL 6B1995H-.25"},"content":{"rendered":"<p>La combinaci\u00f3n \u00fanica de dise\u00f1o, metalurgia e ingenier\u00eda se unen para ofrecer lo que los conductores esperan de los cojinetes de motor Trimetal de alto rendimiento.<\/p>\n<p><img decoding=\"async\" style=\"float: right; width: 600px;\" src=\"https:\/\/revmatch.eu\/wp-content\/uploads\/2024\/11\/ACL_Overview_picture.webp\" \/><\/p>\n<p>Dise\u00f1ados para soportar condiciones de RPM m\u00e1s altas, los cojinetes de motor ACL Race Series est\u00e1n disponibles para muchas de las aplicaciones populares de 4, 6 y 8 cilindros y cuentan con las siguientes caracter\u00edsticas:<\/p>\n<ul>\n<li>Placa superpuesta de alta resistencia con espesor reducido para mejorar las propiedades de fatiga<\/li>\n<li>Dorso de acero endurecido en todos los cojinetes de biela para mejorar el soporte del revestimiento del cojinete y ayudar a la retenci\u00f3n del cojinete en el alojamiento.<\/li>\n<li>Aumento del aplastamiento para mejorar la retenci\u00f3n de los rodamientos<\/li>\n<li>Eliminaci\u00f3n de la chapa flash en la parte posterior de los cojinetes para mejorar la transferencia de calor a trav\u00e9s de los cojinetes y maximizar el agarre entre los cojinetes y su alojamiento.<\/li>\n<li>Mayor excentricidad para compensar la distorsi\u00f3n del orificio a altas rpm y ayudar a la formaci\u00f3n de pel\u00edculas hidrodin\u00e1micas de aceite.<\/li>\n<li>Cojinetes de bancada ranurados 3\/4 para optimizar la superficie de carga y el flujo de aceite a los cojinetes de biela.<\/li>\n<li>Tolerancias de pared consistentes para ayudarle a mantener holguras consistentes.<\/li>\n<li>Chaflanes de di\u00e1metro interior ampliados en los bordes de los cojinetes cuando sea necesario para adaptarse a radios de redondeo grandes en cig\u00fce\u00f1ales de alto rendimiento.<\/li>\n<\/ul>\n<p>Lista de tallas:<\/p>\n<ul>\n<li>STD: Tama\u00f1o est\u00e1ndar<\/li>\n<li>.025: Pared interior extra de 0,025 mm para compensar el desgaste, el reavivado, el pulido, etc.<\/li>\n<li>.25: Pared interior extra de 0,25 mm para compensar el desgaste, el rectificado, el pulido, etc.<\/li>\n<li>.50: Pared interior extra de 0,50 mm para compensar el desgaste, el reavivado, el pulido, etc.<\/li>\n<li>HX-STD: Juego de cojinetes de bancada con juego adicional de 0,025 mm (0,001\")<\/li>\n<\/ul>\n<p>Gu\u00eda de tallas:<\/p>\n<ul>\n<li><a href=\"https:\/\/revmatch.eu\/wp-content\/uploads\/2024\/11\/EB005-guidelines-for-bearing-size-selection-eng.pdf\">Ingl\u00e9s<\/a><\/li>\n<li><a href=\"https:\/\/revmatch.eu\/wp-content\/uploads\/2024\/11\/EB005-guidelines-for-bearing-size-selection-esp.pdf\">Espa\u00f1ol<\/a><\/li>\n<li><a href=\"https:\/\/revmatch.eu\/wp-content\/uploads\/2024\/11\/EB005-guidelines-for-bearing-size-selection-fra.pdf\">Franc\u00e9s<\/a><\/li>\n<li><a href=\"https:\/\/revmatch.eu\/wp-content\/uploads\/2024\/11\/EB005-guidelines-for-bearing-size-selection-ger.pdf\">Alem\u00e1n<\/a><\/li>\n<\/ul>\n<table>\n<tr>\n<th>Marca<\/th>\n<th>Modelo<\/th>\n<th>Variante<\/th>\n<th>A\u00f1o<\/th>\n<th>Motor<\/th>\n<\/tr>\n<tr>\n<td>Acura<\/td>\n<td>CL Coupe<\/td>\n<td>3.2 V6<\/td>\n<td>09.2000 &#8211; 09.2003<\/td>\n<td>J32A1<\/td>\n<\/tr>\n<tr>\n<td>Acura<\/td>\n<td>CL Coupe<\/td>\n<td>3.2 V6 Type S<\/td>\n<td>06.2001 &#8211; 09.2003<\/td>\n<td>J32A4<\/td>\n<\/tr>\n<tr>\n<td>Acura<\/td>\n<td>MDX (YD1)<\/td>\n<td>3.5 V6 4WD<\/td>\n<td>03.2001 &#8211; 12.2005<\/td>\n<td>J35A3<\/td>\n<\/tr>\n<tr>\n<td>Acura<\/td>\n<td>MDX (YD1)<\/td>\n<td>3.5 V6 4WD<\/td>\n<td>08.2000 &#8211; 09.2006<\/td>\n<td>J35A4<\/td>\n<\/tr>\n<tr>\n<td>Acura<\/td>\n<td>MDX (YD1)<\/td>\n<td>3.5 V6 4WD<\/td>\n<td>08.2000 &#8211; 12.2005<\/td>\n<td>J35A5<\/td>\n<\/tr>\n<tr>\n<td>Acura<\/td>\n<td>RDX<\/td>\n<td>3.5 V6<\/td>\n<td>01.2013 &#8211; 05.2018<\/td>\n<td>J35Z2<\/td>\n<\/tr>\n<tr>\n<td>Acura<\/td>\n<td>RDX<\/td>\n<td>3.5 V6 4WD<\/td>\n<td>01.2012 &#8211; 05.2018<\/td>\n<td>J35Z2<\/td>\n<\/tr>\n<tr>\n<td>Acura<\/td>\n<td>RL<\/td>\n<td>3.5 Vtec 4WD<\/td>\n<td>10.2004 &#8211; 08.2008<\/td>\n<td>J35A1<\/td>\n<\/tr>\n<tr>\n<td>Acura<\/td>\n<td>RL<\/td>\n<td>3.5 Vtec 4WD<\/td>\n<td>08.2005 &#8211; 12.2008<\/td>\n<td>J35A6<\/td>\n<\/tr>\n<tr>\n<td>Acura<\/td>\n<td>RL<\/td>\n<td>3.5 Vtec 4WD<\/td>\n<td>10.2006 &#8211; 12.2008<\/td>\n<td>J35A8<\/td>\n<\/tr>\n<tr>\n<td>Acura<\/td>\n<td>TL<\/td>\n<td>3.2 V6<\/td>\n<td>10.1998 &#8211; 09.2003<\/td>\n<td>J32A1<\/td>\n<\/tr>\n<tr>\n<td>Acura<\/td>\n<td>TL<\/td>\n<td>3.2 V6<\/td>\n<td>09.2001 &#8211; 09.2003<\/td>\n<td>J32A2<\/td>\n<\/tr>\n<tr>\n<td>Acura<\/td>\n<td>TL<\/td>\n<td>3.2 V6 Type S<\/td>\n<td>06.2001 &#8211; 09.2003<\/td>\n<td>J32A4<\/td>\n<\/tr>\n<tr>\n<td>Acura<\/td>\n<td>TL (UA8, UA9)<\/td>\n<td>3.5 V6<\/td>\n<td>01.2009 &#8211;<\/td>\n<td>J35Z6<\/td>\n<\/tr>\n<tr>\n<td>Acura<\/td>\n<td>TL (UA8, UA9)<\/td>\n<td>3.5 V6 4WD<\/td>\n<td>01.2009 &#8211;<\/td>\n<td>J35Z6<\/td>\n<\/tr>\n<tr>\n<td>Acura<\/td>\n<td>TL (UC_)<\/td>\n<td>3.2 V6<\/td>\n<td>10.2003 &#8211; 12.2008<\/td>\n<td>J32A3<\/td>\n<\/tr>\n<tr>\n<td>Acura<\/td>\n<td>TL (UC_)<\/td>\n<td>3.2 V6<\/td>\n<td>10.2003 &#8211; 12.2008<\/td>\n<td>J32A5<\/td>\n<\/tr>\n<tr>\n<td>Acura<\/td>\n<td>TSX (CU_)<\/td>\n<td>3.5 V6<\/td>\n<td>01.2012 &#8211;<\/td>\n<td>J35Z6<\/td>\n<\/tr>\n<tr>\n<td>Honda<\/td>\n<td>Accord Coupe (CM)<\/td>\n<td>3.5 V6<\/td>\n<td>09.2007 &#8211; 12.2008<\/td>\n<td>J35Z2<\/td>\n<\/tr>\n<tr>\n<td>Honda<\/td>\n<td>Accord IX Sedan (CR)<\/td>\n<td>3.5 V6<\/td>\n<td>05.2013 &#8211;<\/td>\n<td>J35Z2<\/td>\n<\/tr>\n<tr>\n<td>Honda<\/td>\n<td>Accord IX liftback (TF)<\/td>\n<td>3.5 V6<\/td>\n<td>01.2010 &#8211; 12.2012<\/td>\n<td>J35Z2<\/td>\n<\/tr>\n<tr>\n<td>Honda<\/td>\n<td>Accord IX liftback (TF)<\/td>\n<td>3.5 V6 4WD<\/td>\n<td>09.2009 &#8211; 12.2012<\/td>\n<td>J35Z2<\/td>\n<\/tr>\n<tr>\n<td>Honda<\/td>\n<td>Accord VIII (CP)<\/td>\n<td>3.5 V6<\/td>\n<td>12.2007 &#8211; 09.2012<\/td>\n<td>J35A7<\/td>\n<\/tr>\n<tr>\n<td>Honda<\/td>\n<td>Accord VIII (CP)<\/td>\n<td>3.5 V6<\/td>\n<td>09.2007 &#8211; 09.2012<\/td>\n<td>J35Z2<\/td>\n<\/tr>\n<tr>\n<td>Honda<\/td>\n<td>Accord VIII (CU)<\/td>\n<td>3.5 V6<\/td>\n<td>07.2008 &#8211;<\/td>\n<td>J35A8<\/td>\n<\/tr>\n<tr>\n<td>Honda<\/td>\n<td>Accord VIII Coupe (CS_)<\/td>\n<td>3.5 V6<\/td>\n<td>09.2008 &#8211; 12.2012<\/td>\n<td>J35Z2<\/td>\n<\/tr>\n<tr>\n<td>Honda<\/td>\n<td>Crosstour<\/td>\n<td>3.5 V6<\/td>\n<td>09.2009 &#8211; 12.2012<\/td>\n<td>J35Z2<\/td>\n<\/tr>\n<tr>\n<td>Honda<\/td>\n<td>Crosstour<\/td>\n<td>3.5 V6 4WD<\/td>\n<td>01.2010 &#8211;<\/td>\n<td>J35Z2<\/td>\n<\/tr>\n<tr>\n<td>Honda<\/td>\n<td>Elysion (RR)<\/td>\n<td>3.5 V6<\/td>\n<td>05.2004 &#8211; 10.2013<\/td>\n<td>J35A4<\/td>\n<\/tr>\n<tr>\n<td>Honda<\/td>\n<td>Elysion (RR)<\/td>\n<td>3.5 V6 4WD<\/td>\n<td>04.2007 &#8211; 10.2013<\/td>\n<td>J35A4<\/td>\n<\/tr>\n<tr>\n<td>Honda<\/td>\n<td>Inspire (UA4, UA5)<\/td>\n<td>3.2 V6<\/td>\n<td>09.1998 &#8211; 08.2003<\/td>\n<td>J32A1<\/td>\n<\/tr>\n<tr>\n<td>Honda<\/td>\n<td>Lagreat<\/td>\n<td>3.5 V6<\/td>\n<td>11.1998 &#8211; 06.2002<\/td>\n<td>J35A1<\/td>\n<\/tr>\n<tr>\n<td>Honda<\/td>\n<td>Lagreat<\/td>\n<td>3.5 V6<\/td>\n<td>11.2001 &#8211; 08.2004<\/td>\n<td>J35A4<\/td>\n<\/tr>\n<tr>\n<td>Honda<\/td>\n<td>Lagreat<\/td>\n<td>3.5 V6<\/td>\n<td>09.2005 &#8211;<\/td>\n<td>J35A8<\/td>\n<\/tr>\n<tr>\n<td>Honda<\/td>\n<td>Legend IV (KB_)<\/td>\n<td>3.5 V6 4WD<\/td>\n<td>05.2006 &#8211; 12.2012<\/td>\n<td>J35A8<\/td>\n<\/tr>\n<tr>\n<td>Honda<\/td>\n<td>MDX (YD1)<\/td>\n<td>3.5 V6<\/td>\n<td>04.2003 &#8211; 04.2007<\/td>\n<td>J35A5<\/td>\n<\/tr>\n<tr>\n<td>Honda<\/td>\n<td>Odyssey (RL1, RA6, RA_)<\/td>\n<td>3.5 V6<\/td>\n<td>09.1998 &#8211; 12.2001<\/td>\n<td>J35A1<\/td>\n<\/tr>\n<tr>\n<td>Honda<\/td>\n<td>Odyssey (RL1, RA6, RA_)<\/td>\n<td>3.5 V6<\/td>\n<td>07.2002 &#8211; 08.2004<\/td>\n<td>J35A4<\/td>\n<\/tr>\n<tr>\n<td>Honda<\/td>\n<td>Odyssey (RL1, RA6, RA_)<\/td>\n<td>3.5 V6<\/td>\n<td>09.2004 &#8211; 09.2005<\/td>\n<td>J35A5<\/td>\n<\/tr>\n<tr>\n<td>Honda<\/td>\n<td>Odyssey (RL1, RA6, RA_)<\/td>\n<td>3.5 V6<\/td>\n<td>09.2005 &#8211;<\/td>\n<td>J35A8<\/td>\n<\/tr>\n<tr>\n<td>Honda<\/td>\n<td>Odyssey (RL3, RL4, RB)<\/td>\n<td>3.5 V6<\/td>\n<td>09.2004 &#8211; 05.2010<\/td>\n<td>J35A4<\/td>\n<\/tr>\n<tr>\n<td>Honda<\/td>\n<td>Odyssey (RL3, RL4, RB)<\/td>\n<td>3.5 V6<\/td>\n<td>09.2004 &#8211; 12.2010<\/td>\n<td>J35A5<\/td>\n<\/tr>\n<tr>\n<td>Honda<\/td>\n<td>Odyssey (RL3, RL4, RB)<\/td>\n<td>3.5 V6<\/td>\n<td>09.2004 &#8211; 12.2005<\/td>\n<td>J35A6<\/td>\n<\/tr>\n<tr>\n<td>Honda<\/td>\n<td>Odyssey (RL3, RL4, RB)<\/td>\n<td>3.5 V6<\/td>\n<td>09.2004 &#8211; 12.2010<\/td>\n<td>J35A7<\/td>\n<\/tr>\n<tr>\n<td>Honda<\/td>\n<td>Odyssey (RL5)<\/td>\n<td>3.5 V6<\/td>\n<td>08.2010 &#8211;<\/td>\n<td>J35Z8<\/td>\n<\/tr>\n<tr>\n<td>Honda<\/td>\n<td>Pilot<\/td>\n<td>3.5 V6 4WD<\/td>\n<td>09.2002 &#8211; 12.2004<\/td>\n<td>J35A4<\/td>\n<\/tr>\n<tr>\n<td>Honda<\/td>\n<td>Pilot<\/td>\n<td>3.5 V6 4WD<\/td>\n<td>09.2002 &#8211; 12.2005<\/td>\n<td>J35A6<\/td>\n<\/tr>\n<tr>\n<td>Honda<\/td>\n<td>Pilot<\/td>\n<td>3.5 V6<\/td>\n<td>09.2005 &#8211; 07.2008<\/td>\n<td>J35A9<\/td>\n<\/tr>\n<tr>\n<td>Honda<\/td>\n<td>Pilot<\/td>\n<td>3.5 V6 4WD<\/td>\n<td>09.2005 &#8211; 07.2008<\/td>\n<td>J35A9<\/td>\n<\/tr>\n<tr>\n<td>Honda<\/td>\n<td>Pilot<\/td>\n<td>3.5 V6<\/td>\n<td>09.2008 &#8211;<\/td>\n<td>J35Z4<\/td>\n<\/tr>\n<tr>\n<td>Honda<\/td>\n<td>Pilot<\/td>\n<td>3.5 V6 4WD<\/td>\n<td>01.2010 &#8211; 06.2015<\/td>\n<td>J35Z4<\/td>\n<\/tr>\n<tr>\n<td>Honda<\/td>\n<td>Ridgeline (YK)<\/td>\n<td>3.5 V6 4WD<\/td>\n<td>10.2005 &#8211; 06.2014<\/td>\n<td>J35A7<\/td>\n<\/tr>\n<tr>\n<td>Honda<\/td>\n<td>Ridgeline (YK)<\/td>\n<td>3.5 V6 4WD<\/td>\n<td>03.2005 &#8211; 12.2014<\/td>\n<td>J35A9<\/td>\n<\/tr>\n<tr>\n<td>Honda<\/td>\n<td>Ridgeline (YK)<\/td>\n<td>3.5 V6 4WD<\/td>\n<td>09.2007 &#8211; 12.2014<\/td>\n<td>J35Z5<\/td>\n<\/tr>\n<tr>\n<td>Honda<\/td>\n<td>Shuttle (RA)<\/td>\n<td>3.5 V6<\/td>\n<td>07.2002 &#8211; 06.2004<\/td>\n<td>J35A1<\/td>\n<\/tr>\n<tr>\n<td>Honda<\/td>\n<td>Shuttle (RA)<\/td>\n<td>3.5 V6<\/td>\n<td>07.2002 &#8211; 06.2004<\/td>\n<td>J35A4<\/td>\n<\/tr>\n<\/table>","protected":false},"excerpt":{"rendered":"<p>La combinaci\u00f3n \u00fanica de dise\u00f1o, metalurgia e ingenier\u00eda se unen para ofrecer lo que los conductores esperan de los cojinetes de motor Trimetal de alto rendimiento.<\/p>\n<p>Dise\u00f1ados para soportar condiciones de RPM m\u00e1s altas, los cojinetes de motor ACL Race Series est\u00e1n disponibles para muchas de las aplicaciones populares de 4, 6 y 8 cilindros y cuentan con las siguientes caracter\u00edsticas:<\/p>\n<ul>\n<li>Placa superpuesta de alta resistencia con espesor reducido para mejorar las propiedades de fatiga<\/li>\n<li>Dorso de acero endurecido en todos los cojinetes de biela para mejorar el soporte del revestimiento del cojinete y ayudar a la retenci\u00f3n del cojinete en el alojamiento.<\/li>\n<li>Aumento del aplastamiento para mejorar la retenci\u00f3n de los rodamientos<\/li>\n<li>Eliminaci\u00f3n de la chapa flash en la parte posterior de los cojinetes para mejorar la transferencia de calor a trav\u00e9s de los cojinetes y maximizar el agarre entre los cojinetes y su alojamiento.<\/li>\n<li>Mayor excentricidad para compensar la distorsi\u00f3n del orificio a altas rpm y ayudar a la formaci\u00f3n de pel\u00edculas hidrodin\u00e1micas de aceite.<\/li>\n<li>Cojinetes de bancada ranurados 3\/4 para optimizar la superficie de carga y el flujo de aceite a los cojinetes de biela.<\/li>\n<li>Tolerancias de pared consistentes para ayudarle a mantener holguras consistentes.<\/li>\n<li>Chaflanes de di\u00e1metro interior ampliados en los bordes de los cojinetes cuando sea necesario para adaptarse a radios de redondeo grandes en cig\u00fce\u00f1ales de alto rendimiento.<\/li>\n<\/ul>","protected":false},"featured_media":83738,"template":"","meta":{"_crdt_document":"","inline_featured_image":false},"product_brand":[463],"product_cat":[370],"product_tag":[],"class_list":{"0":"post-84526","1":"product","2":"type-product","3":"status-publish","4":"has-post-thumbnail","6":"product_brand-acl","7":"product_cat-engine","9":"first","10":"instock","11":"taxable","12":"shipping-taxable","13":"purchasable","14":"product-type-simple"},"supplier_id":null,"supplier_sku":"","barcode":null,"atum_controlled":true,"out_stock_date":null,"out_stock_threshold":null,"inheritable":false,"inbound_stock":null,"stock_on_hold":null,"sold_today":null,"sales_last_days":null,"reserved_stock":null,"customer_returns":null,"warehouse_damage":null,"lost_in_post":null,"other_logs":null,"out_stock_days":null,"lost_sales":null,"has_location":null,"update_date":"2025-10-04T00:50:34","atum_locations":[],"atum_stock_status":"instock","restock_status":false,"low_stock_amount":"","sales_update_date":null,"calc_backorders":null,"_links":{"self":[{"href":"https:\/\/revmatch.eu\/es\/wp-json\/wp\/v2\/product\/84526","targetHints":{"allow":["GET"]}}],"collection":[{"href":"https:\/\/revmatch.eu\/es\/wp-json\/wp\/v2\/product"}],"about":[{"href":"https:\/\/revmatch.eu\/es\/wp-json\/wp\/v2\/types\/product"}],"version-history":[{"count":0,"href":"https:\/\/revmatch.eu\/es\/wp-json\/wp\/v2\/product\/84526\/revisions"}],"wp:featuredmedia":[{"embeddable":true,"href":"https:\/\/revmatch.eu\/es\/wp-json\/wp\/v2\/media\/83738"}],"wp:attachment":[{"href":"https:\/\/revmatch.eu\/es\/wp-json\/wp\/v2\/media?parent=84526"}],"wp:term":[{"taxonomy":"product_brand","embeddable":true,"href":"https:\/\/revmatch.eu\/es\/wp-json\/wp\/v2\/product_brand?post=84526"},{"taxonomy":"product_cat","embeddable":true,"href":"https:\/\/revmatch.eu\/es\/wp-json\/wp\/v2\/product_cat?post=84526"},{"taxonomy":"product_tag","embeddable":true,"href":"https:\/\/revmatch.eu\/es\/wp-json\/wp\/v2\/product_tag?post=84526"}],"curies":[{"name":"wp","href":"https:\/\/api.w.org\/{rel}","templated":true}]}}