{"id":84567,"date":"2025-10-04T01:51:49","date_gmt":"2025-10-04T00:51:49","guid":{"rendered":"https:\/\/revmatch.eu\/product\/acl-5m1219hg-025\/"},"modified":"2025-10-04T01:51:50","modified_gmt":"2025-10-04T00:51:50","slug":"acl-5m1219hg-025","status":"publish","type":"product","link":"https:\/\/revmatch.eu\/es\/product\/acl-5m1219hg-025\/","title":{"rendered":"ACL 5M1219HG-.025"},"content":{"rendered":"<p>La combinaci\u00f3n \u00fanica de dise\u00f1o, metalurgia e ingenier\u00eda se unen para ofrecer lo que los conductores esperan de los cojinetes de motor Trimetal de alto rendimiento.<\/p>\n<p><img decoding=\"async\" style=\"float: right; width: 600px;\" src=\"https:\/\/revmatch.eu\/wp-content\/uploads\/2024\/11\/ACL_Overview_picture.webp\" \/><\/p>\n<p>Dise\u00f1ados para soportar condiciones de RPM m\u00e1s altas, los cojinetes de motor ACL Race Series est\u00e1n disponibles para muchas de las aplicaciones populares de 4, 6 y 8 cilindros y cuentan con las siguientes caracter\u00edsticas:<\/p>\n<ul>\n<li>Placa superpuesta de alta resistencia con espesor reducido para mejorar las propiedades de fatiga<\/li>\n<li>Dorso de acero endurecido en todos los cojinetes de biela para mejorar el soporte del revestimiento del cojinete y ayudar a la retenci\u00f3n del cojinete en el alojamiento.<\/li>\n<li>Aumento del aplastamiento para mejorar la retenci\u00f3n de los rodamientos<\/li>\n<li>Eliminaci\u00f3n de la chapa flash en la parte posterior de los cojinetes para mejorar la transferencia de calor a trav\u00e9s de los cojinetes y maximizar el agarre entre los cojinetes y su alojamiento.<\/li>\n<li>Mayor excentricidad para compensar la distorsi\u00f3n del orificio a altas rpm y ayudar a la formaci\u00f3n de pel\u00edculas hidrodin\u00e1micas de aceite.<\/li>\n<li>Cojinetes de bancada ranurados 3\/4 para optimizar la superficie de carga y el flujo de aceite a los cojinetes de biela.<\/li>\n<li>Tolerancias de pared consistentes para ayudarle a mantener holguras consistentes.<\/li>\n<li>Chaflanes de di\u00e1metro interior ampliados en los bordes de los cojinetes cuando sea necesario para adaptarse a radios de redondeo grandes en cig\u00fce\u00f1ales de alto rendimiento.<\/li>\n<\/ul>\n<p>Lista de tallas:<\/p>\n<ul>\n<li>STD: Tama\u00f1o est\u00e1ndar<\/li>\n<li>.025: Pared interior extra de 0,025 mm para compensar el desgaste, el reavivado, el pulido, etc.<\/li>\n<li>.25: Pared interior extra de 0,25 mm para compensar el desgaste, el rectificado, el pulido, etc.<\/li>\n<li>.50: Pared interior extra de 0,50 mm para compensar el desgaste, el reavivado, el pulido, etc.<\/li>\n<li>HX-STD: Juego de cojinetes de bancada con juego adicional de 0,025 mm (0,001\")<\/li>\n<\/ul>\n<p>Gu\u00eda de tallas:<\/p>\n<ul>\n<li><a href=\"https:\/\/revmatch.eu\/wp-content\/uploads\/2024\/11\/EB005-guidelines-for-bearing-size-selection-eng.pdf\">Ingl\u00e9s<\/a><\/li>\n<li><a href=\"https:\/\/revmatch.eu\/wp-content\/uploads\/2024\/11\/EB005-guidelines-for-bearing-size-selection-esp.pdf\">Espa\u00f1ol<\/a><\/li>\n<li><a href=\"https:\/\/revmatch.eu\/wp-content\/uploads\/2024\/11\/EB005-guidelines-for-bearing-size-selection-fra.pdf\">Franc\u00e9s<\/a><\/li>\n<li><a href=\"https:\/\/revmatch.eu\/wp-content\/uploads\/2024\/11\/EB005-guidelines-for-bearing-size-selection-ger.pdf\">Alem\u00e1n<\/a><\/li>\n<\/ul>\n<table>\n<tr>\n<th>Marca<\/th>\n<th>Modelo<\/th>\n<th>Variante<\/th>\n<th>A\u00f1o<\/th>\n<th>Motor<\/th>\n<\/tr>\n<tr>\n<td>Fiat<\/td>\n<td>Fullback Pickup (502_, 503_)<\/td>\n<td>2.4<\/td>\n<td>04.2016 &#8211;<\/td>\n<td>4G64 (DOHC 16V)<\/td>\n<\/tr>\n<tr>\n<td>Fiat<\/td>\n<td>Fullback Pickup (502_, 503_)<\/td>\n<td>2.4 4&#215;4<\/td>\n<td>04.2016 &#8211;<\/td>\n<td>4G64 (DOHC 16V)<\/td>\n<\/tr>\n<tr>\n<td>Hyundai<\/td>\n<td>Stellar (F31_, SF_2)<\/td>\n<td>2.0 8V<\/td>\n<td>05.1984 &#8211; 12.1989<\/td>\n<td>4G63 (SOHC 8V)<\/td>\n<\/tr>\n<tr>\n<td>Mitsubishi<\/td>\n<td>Carisma Saloon (DA_)<\/td>\n<td>2.0 16V GT EVO VI\/VII<\/td>\n<td>11.1999 &#8211; 06.2006<\/td>\n<td>4G63-T (DOHC 16V)<\/td>\n<\/tr>\n<tr>\n<td>Mitsubishi<\/td>\n<td>Delica \/ Space Gear<\/td>\n<td>2.0 16V<\/td>\n<td>09.1995 &#8211; 10.2002<\/td>\n<td>4G63 (SOHC 16V)<\/td>\n<\/tr>\n<tr>\n<td>Mitsubishi<\/td>\n<td>Eclipse Convertible<\/td>\n<td>2.0 Turbo<\/td>\n<td>09.1995 &#8211; 04.1999<\/td>\n<td>4G63-T (DOHC 16V)<\/td>\n<\/tr>\n<tr>\n<td>Mitsubishi<\/td>\n<td>Eclipse Convertible (D5_A)<\/td>\n<td>2.4<\/td>\n<td>05.1999 &#8211; 03.2005<\/td>\n<td>4G64 (DOHC 16V)<\/td>\n<\/tr>\n<tr>\n<td>Mitsubishi<\/td>\n<td>Eclipse I (D2_A)<\/td>\n<td>2.0 Turbo<\/td>\n<td>12.1989 &#8211; 03.1994<\/td>\n<td>4G63-T (DOHC 16V)<\/td>\n<\/tr>\n<tr>\n<td>Mitsubishi<\/td>\n<td>Eclipse I (D2_A)<\/td>\n<td>2.0 Turbo 4WD<\/td>\n<td>12.1989 &#8211; 03.1994<\/td>\n<td>4G63-T (DOHC 16V)<\/td>\n<\/tr>\n<tr>\n<td>Mitsubishi<\/td>\n<td>Eclipse I (D2_A)<\/td>\n<td>2.0 16V<\/td>\n<td>04.1991 &#8211; 11.1995<\/td>\n<td>4G63 (DOHC 16V)<\/td>\n<\/tr>\n<tr>\n<td>Mitsubishi<\/td>\n<td>Eclipse I (D2_A)<\/td>\n<td>2.0 16V<\/td>\n<td>04.1991 &#8211; 11.1995<\/td>\n<td>4G63 (DOHC 16V)<\/td>\n<\/tr>\n<tr>\n<td>Mitsubishi<\/td>\n<td>Eclipse II (D3_A)<\/td>\n<td>2.0 Turbo<\/td>\n<td>04.1994 &#8211; 04.1999<\/td>\n<td>4G63-T (DOHC 16V)<\/td>\n<\/tr>\n<tr>\n<td>Mitsubishi<\/td>\n<td>Eclipse II (D3_A)<\/td>\n<td>2.0 Turbo 4WD<\/td>\n<td>04.1994 &#8211; 04.1999<\/td>\n<td>4G63-T (DOHC 16V)<\/td>\n<\/tr>\n<tr>\n<td>Mitsubishi<\/td>\n<td>Eclipse II (D3_A)<\/td>\n<td>2.0 16V<\/td>\n<td>12.1995 &#8211; 04.1999<\/td>\n<td>4G63 (DOHC 16V)<\/td>\n<\/tr>\n<tr>\n<td>Mitsubishi<\/td>\n<td>Eclipse III (D5_A)<\/td>\n<td>2.4<\/td>\n<td>05.1999 &#8211; 03.2005<\/td>\n<td>4G64 (DOHC 16V)<\/td>\n<\/tr>\n<tr>\n<td>Mitsubishi<\/td>\n<td>Galant IV (A16_)<\/td>\n<td>2.0 8V<\/td>\n<td>09.1980 &#8211; 05.1984<\/td>\n<td>4G63 (SOHC 8V)<\/td>\n<\/tr>\n<tr>\n<td>Mitsubishi<\/td>\n<td>Galant IV Station Wagon (A16_V)<\/td>\n<td>2.0 8V<\/td>\n<td>09.1980 &#8211; 06.1983<\/td>\n<td>4G63 (SOHC 8V)<\/td>\n<\/tr>\n<tr>\n<td>Mitsubishi<\/td>\n<td>Galant IX Saloon (DJ_, ED_, EF_)<\/td>\n<td>2.4<\/td>\n<td>10.2003 &#8211;<\/td>\n<td>4G69<\/td>\n<\/tr>\n<tr>\n<td>Mitsubishi<\/td>\n<td>Galant V (E1_A)<\/td>\n<td>2.0 8V<\/td>\n<td>06.1984 &#8211; 04.1990<\/td>\n<td>4G63 (SOHC 8V)<\/td>\n<\/tr>\n<tr>\n<td>Mitsubishi<\/td>\n<td>Galant VI (E3_A)<\/td>\n<td>2.0 8V<\/td>\n<td>04.1989 &#8211; 10.1992<\/td>\n<td>4G63 (SOHC 8V)<\/td>\n<\/tr>\n<tr>\n<td>Mitsubishi<\/td>\n<td>Galant VI (E3_A)<\/td>\n<td>2.0 8V 4WD<\/td>\n<td>04.1989 &#8211; 10.1992<\/td>\n<td>4G63 (SOHC 8V)<\/td>\n<\/tr>\n<tr>\n<td>Mitsubishi<\/td>\n<td>Galant VI (E3_A)<\/td>\n<td>2.0 GTI 16V<\/td>\n<td>11.1988 &#8211; 10.1992<\/td>\n<td>4G63 (DOHC 16V)<\/td>\n<\/tr>\n<tr>\n<td>Mitsubishi<\/td>\n<td>Galant VI (E3_A)<\/td>\n<td>2.0 GTi 16V 4WD<\/td>\n<td>07.1989 &#8211; 12.1992<\/td>\n<td>4G63 (DOHC 16V)<\/td>\n<\/tr>\n<tr>\n<td>Mitsubishi<\/td>\n<td>Galant VI (E3_A)<\/td>\n<td>2.0 GTi 16V 4WD<\/td>\n<td>11.1988 &#8211; 10.1992<\/td>\n<td>4G63 (DOHC 16V)<\/td>\n<\/tr>\n<tr>\n<td>Mitsubishi<\/td>\n<td>Galant VI Saloon (E3_A)<\/td>\n<td>2.0 8V<\/td>\n<td>11.1987 &#8211; 10.1992<\/td>\n<td>4G63 (SOHC 8V)<\/td>\n<\/tr>\n<tr>\n<td>Mitsubishi<\/td>\n<td>Galant VI Saloon (E3_A)<\/td>\n<td>2.0 8V 4WD<\/td>\n<td>12.1988 &#8211; 10.1992<\/td>\n<td>4G63 (SOHC 8V)<\/td>\n<\/tr>\n<tr>\n<td>Mitsubishi<\/td>\n<td>Galant VI Saloon (E3_A)<\/td>\n<td>2.0 VR4 Turbo 4WD<\/td>\n<td>10.1990 &#8211; 03.1993<\/td>\n<td>4G63-T (DOHC 16V)<\/td>\n<\/tr>\n<tr>\n<td>Mitsubishi<\/td>\n<td>Galant VI Saloon (E3_A)<\/td>\n<td>2.0 Turbo<\/td>\n<td>09.1988 &#8211; 12.1992<\/td>\n<td>4G63-T (DOHC 16V)<\/td>\n<\/tr>\n<tr>\n<td>Mitsubishi<\/td>\n<td>Galant VI Saloon (E3_A)<\/td>\n<td>2.0 Turbo 4WD<\/td>\n<td>09.1988 &#8211; 12.1992<\/td>\n<td>4G63-T (DOHC 16V)<\/td>\n<\/tr>\n<tr>\n<td>Mitsubishi<\/td>\n<td>Galant VI Saloon (E3_A)<\/td>\n<td>2.0 GTi 16V 4WD<\/td>\n<td>09.1991 &#8211; 10.1992<\/td>\n<td>4G63 (DOHC 16V)<\/td>\n<\/tr>\n<tr>\n<td>Mitsubishi<\/td>\n<td>Galant VI Saloon (E3_A)<\/td>\n<td>2.0 GTI 16V<\/td>\n<td>09.1988 &#8211; 10.1992<\/td>\n<td>4G63 (DOHC 16V)<\/td>\n<\/tr>\n<tr>\n<td>Mitsubishi<\/td>\n<td>Galant VI Saloon (E3_A)<\/td>\n<td>2.0 GTi 16V 4WD<\/td>\n<td>09.1988 &#8211; 10.1992<\/td>\n<td>4G63 (DOHC 16V)<\/td>\n<\/tr>\n<tr>\n<td>Mitsubishi<\/td>\n<td>Galant VII (E5_A, E7_A, E8_A)<\/td>\n<td>2.0 16V<\/td>\n<td>04.1993 &#8211; 03.1995<\/td>\n<td>4G63 (SOHC 16V)<\/td>\n<\/tr>\n<tr>\n<td>Mitsubishi<\/td>\n<td>Galant VII (E5_A, E7_A, E8_A)<\/td>\n<td>2.0 16V<\/td>\n<td>11.1992 &#8211; 08.1996<\/td>\n<td>4G63 (SOHC 16V)<\/td>\n<\/tr>\n<tr>\n<td>Mitsubishi<\/td>\n<td>Galant VII (E5_A, E7_A, E8_A)<\/td>\n<td>2.0 16V 4WD<\/td>\n<td>11.1992 &#8211; 08.1996<\/td>\n<td>4G63 (SOHC 16V)<\/td>\n<\/tr>\n<tr>\n<td>Mitsubishi<\/td>\n<td>Galant VII Saloon (E5_A, E7_A, E8_A)<\/td>\n<td>2.0 16V<\/td>\n<td>11.1992 &#8211; 08.1996<\/td>\n<td>4G63 (SOHC 16V)<\/td>\n<\/tr>\n<tr>\n<td>Mitsubishi<\/td>\n<td>Galant VII Saloon (E5_A, E7_A, E8_A)<\/td>\n<td>2.0 16V<\/td>\n<td>11.1992 &#8211; 08.1996<\/td>\n<td>4G63 (SOHC 16V)<\/td>\n<\/tr>\n<tr>\n<td>Mitsubishi<\/td>\n<td>Galant VII Saloon (E5_A, E7_A, E8_A)<\/td>\n<td>2.0 16V 4WD<\/td>\n<td>11.1992 &#8211; 08.1996<\/td>\n<td>4G63 (SOHC 16V)<\/td>\n<\/tr>\n<tr>\n<td>Mitsubishi<\/td>\n<td>Galant VIII (EA_)<\/td>\n<td>2.0 16V<\/td>\n<td>09.1996 &#8211; 09.2000<\/td>\n<td>4G63 (SOHC 16V)<\/td>\n<\/tr>\n<tr>\n<td>Mitsubishi<\/td>\n<td>Galant VIII (EA_)<\/td>\n<td>2.0 16V<\/td>\n<td>09.2000 &#8211; 10.2004<\/td>\n<td>4G63 (SOHC 16V)<\/td>\n<\/tr>\n<tr>\n<td>Mitsubishi<\/td>\n<td>Galant VIII (EA_)<\/td>\n<td>2.4 GDI<\/td>\n<td>09.2000 &#8211; 10.2004<\/td>\n<td>4G64 (DOHC 16V)<\/td>\n<\/tr>\n<tr>\n<td>Mitsubishi<\/td>\n<td>Galant VIII Estate (EA_, EC_)<\/td>\n<td>2.0 16V<\/td>\n<td>09.1996 &#8211; 09.2000<\/td>\n<td>4G63 (SOHC 16V)<\/td>\n<\/tr>\n<tr>\n<td>Mitsubishi<\/td>\n<td>Galant VIII Estate (EA_, EC_)<\/td>\n<td>2.0 16V<\/td>\n<td>09.2000 &#8211; 10.2003<\/td>\n<td>4G63 (SOHC 16V)<\/td>\n<\/tr>\n<tr>\n<td>Mitsubishi<\/td>\n<td>Galant VIII Estate (EA_, EC_)<\/td>\n<td>2.4 GDI<\/td>\n<td>02.1999 &#8211; 10.2003<\/td>\n<td>4G64 (DOHC 16V)<\/td>\n<\/tr>\n<tr>\n<td>Mitsubishi<\/td>\n<td>Grandis (NA_W)<\/td>\n<td>2.4<\/td>\n<td>04.2004 &#8211; 12.2011<\/td>\n<td>4G69<\/td>\n<\/tr>\n<tr>\n<td>Mitsubishi<\/td>\n<td>L 300 \/ Delica II Bus (L03_P\/G, L0_2P)<\/td>\n<td>2.0 8V 4WD<\/td>\n<td>11.1986 &#8211; 02.1987<\/td>\n<td>4G63 (SOHC 8V)<\/td>\n<\/tr>\n<tr>\n<td>Mitsubishi<\/td>\n<td>L 300 III Bus (P0_W, P1_W, P2_W, P3_W)<\/td>\n<td>2.0 16V<\/td>\n<td>06.1994 &#8211; 05.2003<\/td>\n<td>4G63 (SOHC 16V)<\/td>\n<\/tr>\n<tr>\n<td>Mitsubishi<\/td>\n<td>L 300 III Bus (P0_W, P1_W, P2_W, P3_W)<\/td>\n<td>2.0 16V 4WD<\/td>\n<td>06.1994 &#8211; 05.2003<\/td>\n<td>4G63 (SOHC 16V)<\/td>\n<\/tr>\n<tr>\n<td>Mitsubishi<\/td>\n<td>L 300 III Bus (P0_W, P1_W, P2_W, P3_W)<\/td>\n<td>2.0 16V<\/td>\n<td>06.1994 &#8211; 10.1998<\/td>\n<td>4G63 (SOHC 16V)<\/td>\n<\/tr>\n<tr>\n<td>Mitsubishi<\/td>\n<td>L 300 III Bus (P0_W, P1_W, P2_W, P3_W)<\/td>\n<td>2.4<\/td>\n<td>09.1994 &#8211; 05.2004<\/td>\n<td>4G64 (DOHC 16V)<\/td>\n<\/tr>\n<tr>\n<td>Mitsubishi<\/td>\n<td>L 300 III Bus (P0_W, P1_W, P2_W, P3_W)<\/td>\n<td>2.0 8V<\/td>\n<td>11.1986 &#8211; 05.2004<\/td>\n<td>4G63 (SOHC 8V)<\/td>\n<\/tr>\n<tr>\n<td>Mitsubishi<\/td>\n<td>L 300 III Bus (P0_W, P1_W, P2_W, P3_W)<\/td>\n<td>2.0 8V 4WD<\/td>\n<td>12.1986 &#8211; 05.2004<\/td>\n<td>4G63 (SOHC 8V)<\/td>\n<\/tr>\n<tr>\n<td>Mitsubishi<\/td>\n<td>L 300 III Platform\/Chassis (P1_T )<\/td>\n<td>2.0 16V<\/td>\n<td>06.1994 &#8211; 04.2000<\/td>\n<td>4G63 (SOHC 16V)<\/td>\n<\/tr>\n<tr>\n<td>Mitsubishi<\/td>\n<td>L 300 III Platform\/Chassis (P1_T )<\/td>\n<td>2.0 16V<\/td>\n<td>07.1994 &#8211; 04.2000<\/td>\n<td>4G63 (SOHC 16V)<\/td>\n<\/tr>\n<tr>\n<td>Mitsubishi<\/td>\n<td>L 300 III Van (P0_V, P1_V, P2_V)<\/td>\n<td>2.0 16V<\/td>\n<td>07.2007 &#8211; 09.2013<\/td>\n<td>4G63 (SOHC 16V)<\/td>\n<\/tr>\n<tr>\n<td>Mitsubishi<\/td>\n<td>L 300 III Van (P0_V, P1_V, P2_V)<\/td>\n<td>2.0 16V<\/td>\n<td>06.1994 &#8211; 05.2002<\/td>\n<td>4G63 (SOHC 16V)<\/td>\n<\/tr>\n<tr>\n<td>Mitsubishi<\/td>\n<td>L 300 III Van (P0_V, P1_V, P2_V)<\/td>\n<td>2.0 8V<\/td>\n<td>06.1994 &#8211; 05.1996<\/td>\n<td>4G63 (SOHC 8V)<\/td>\n<\/tr>\n<tr>\n<td>Mitsubishi<\/td>\n<td>L 300 III Van (P0_V, P1_V, P2_V)<\/td>\n<td>2.0 8V 4WD<\/td>\n<td>08.1988 &#8211; 05.1994<\/td>\n<td>4G63 (SOHC 8V)<\/td>\n<\/tr>\n<tr>\n<td>Mitsubishi<\/td>\n<td>L200 (K3_T, K2_T, K1_T, K0_T)<\/td>\n<td>2.0 8V 4WD<\/td>\n<td>02.1987 &#8211; 05.1994<\/td>\n<td>4G63 (SOHC 8V)<\/td>\n<\/tr>\n<tr>\n<td>Mitsubishi<\/td>\n<td>L200 (K7_T, K6_T, K5_T)<\/td>\n<td>2.0 16V<\/td>\n<td>06.1996 &#8211; 12.2007<\/td>\n<td>4G63 (SOHC 16V)<\/td>\n<\/tr>\n<tr>\n<td>Mitsubishi<\/td>\n<td>L200 (K7_T, K6_T, K5_T)<\/td>\n<td>2.4 4WD<\/td>\n<td>06.1996 &#8211; 12.2007<\/td>\n<td>4G64 (DOHC 16V)<\/td>\n<\/tr>\n<tr>\n<td>Mitsubishi<\/td>\n<td>L200 (K7_T, K6_T, K5_T)<\/td>\n<td>2.4<\/td>\n<td>10.1996 &#8211; 12.2006<\/td>\n<td>4G64 (DOHC 16V)<\/td>\n<\/tr>\n<tr>\n<td>Mitsubishi<\/td>\n<td>L200 \/ Triton (KA_T, KB_T)<\/td>\n<td>2.4<\/td>\n<td>11.2005 &#8211; 12.2015<\/td>\n<td>4G64 (DOHC 16V)<\/td>\n<\/tr>\n<tr>\n<td>Mitsubishi<\/td>\n<td>L200 \/ Triton (KA_T, KB_T)<\/td>\n<td>2.4<\/td>\n<td>04.2010 &#8211; 04.2018<\/td>\n<td>4G64 (DOHC 16V)<\/td>\n<\/tr>\n<tr>\n<td>Mitsubishi<\/td>\n<td>L200 \/ Triton (KJ_, KK_, KL_)<\/td>\n<td>2.4<\/td>\n<td>11.2014 &#8211;<\/td>\n<td>4G64 (DOHC 16V)<\/td>\n<\/tr>\n<tr>\n<td>Mitsubishi<\/td>\n<td>L200 \/ Triton Platform\/Chassis (KA_T, KB_T)<\/td>\n<td>2.4<\/td>\n<td>04.2007 &#8211; 12.2015<\/td>\n<td>4G64 (DOHC 16V)<\/td>\n<\/tr>\n<tr>\n<td>Mitsubishi<\/td>\n<td>L200 Platform\/Chassis (K6_T, K7_T)<\/td>\n<td>2.4<\/td>\n<td>10.1996 &#8211; 12.2006<\/td>\n<td>4G64 (DOHC 16V)<\/td>\n<\/tr>\n<tr>\n<td>Mitsubishi<\/td>\n<td>L400 Bus (PD_W, PC_W, PA_V, PB_V, PA_W)<\/td>\n<td>2.0 16V<\/td>\n<td>09.1995 &#8211; 10.2002<\/td>\n<td>4G63 (SOHC 16V)<\/td>\n<\/tr>\n<tr>\n<td>Mitsubishi<\/td>\n<td>L400 Bus (PD_W, PC_W, PA_V, PB_V, PA_W)<\/td>\n<td>2.0 16V<\/td>\n<td>05.1995 &#8211; 05.2000<\/td>\n<td>4G63 (SOHC 16V)<\/td>\n<\/tr>\n<tr>\n<td>Mitsubishi<\/td>\n<td>L400 Bus (PD_W, PC_W, PA_V, PB_V, PA_W)<\/td>\n<td>2.4<\/td>\n<td>05.1995 &#8211; 06.2005<\/td>\n<td>4G64 (DOHC 16V)<\/td>\n<\/tr>\n<tr>\n<td>Mitsubishi<\/td>\n<td>L400 Bus (PD_W, PC_W, PA_V, PB_V, PA_W)<\/td>\n<td>2.4 4WD<\/td>\n<td>09.1996 &#8211; 06.2005<\/td>\n<td>4G64 (DOHC 16V)<\/td>\n<\/tr>\n<tr>\n<td>Mitsubishi<\/td>\n<td>L400 Bus (PD_W, PC_W, PA_V, PB_V, PA_W)<\/td>\n<td>2.4 4WD<\/td>\n<td>05.1995 &#8211; 05.2000<\/td>\n<td>4G64 (DOHC 16V)<\/td>\n<\/tr>\n<tr>\n<td>Mitsubishi<\/td>\n<td>L400 Van (PD_W, PC_W, PB_V, PA_W, PA_V)<\/td>\n<td>2.0 16V<\/td>\n<td>06.1996 &#8211; 03.2001<\/td>\n<td>4G63 (SOHC 16V)<\/td>\n<\/tr>\n<tr>\n<td>Mitsubishi<\/td>\n<td>L400 Van (PD_W, PC_W, PB_V, PA_W, PA_V)<\/td>\n<td>2.0 16V<\/td>\n<td>12.1994 &#8211; 10.2002<\/td>\n<td>4G63 (SOHC 16V)<\/td>\n<\/tr>\n<tr>\n<td>Mitsubishi<\/td>\n<td>L400 Van (PD_W, PC_W, PB_V, PA_W, PA_V)<\/td>\n<td>2.4<\/td>\n<td>06.1996 &#8211; 02.2006<\/td>\n<td>4G64 (DOHC 16V)<\/td>\n<\/tr>\n<tr>\n<td>Mitsubishi<\/td>\n<td>Lancer CARGO Estate Van (CS_W)<\/td>\n<td>2.0 16V<\/td>\n<td>09.2003 &#8211; 06.2008<\/td>\n<td>4G63 (DOHC 16V)<\/td>\n<\/tr>\n<tr>\n<td>Mitsubishi<\/td>\n<td>Lancer IV (C6_A, C7_A)<\/td>\n<td>EVO IV<\/td>\n<td>08.1996 &#8211; 12.1997<\/td>\n<td>4G63-T (DOHC 16V)<\/td>\n<\/tr>\n<tr>\n<td>Mitsubishi<\/td>\n<td>Lancer V (CB_A, CD_A, CE_A)<\/td>\n<td>EVO I<\/td>\n<td>10.1992 &#8211; 12.1993<\/td>\n<td>4G63-T (DOHC 16V)<\/td>\n<\/tr>\n<tr>\n<td>Mitsubishi<\/td>\n<td>Lancer V (CB_A, CD_A, CE_A)<\/td>\n<td>EVO II<\/td>\n<td>01.1994 &#8211; 07.1995<\/td>\n<td>4G63-T (DOHC 16V)<\/td>\n<\/tr>\n<tr>\n<td>Mitsubishi<\/td>\n<td>Lancer V (CB_A, CD_A, CE_A)<\/td>\n<td>EVO III<\/td>\n<td>08.1995 &#8211; 07.1996<\/td>\n<td>4G63-T (DOHC 16V)<\/td>\n<\/tr>\n<tr>\n<td>Mitsubishi<\/td>\n<td>Lancer VI (CJ_, CP_)<\/td>\n<td>EVO V<\/td>\n<td>01.1998 &#8211; 12.1998<\/td>\n<td>4G63-T (DOHC 16V)<\/td>\n<\/tr>\n<tr>\n<td>Mitsubishi<\/td>\n<td>Lancer VI (CJ_, CP_)<\/td>\n<td>EVO VI<\/td>\n<td>01.1999 &#8211; 02.2001<\/td>\n<td>4G63-T (DOHC 16V)<\/td>\n<\/tr>\n<tr>\n<td>Mitsubishi<\/td>\n<td>Lancer VII (CS_A, CT_A)<\/td>\n<td>EVO VII<\/td>\n<td>01.2001 &#8211; 01.2003<\/td>\n<td>4G63-T (DOHC 16V)<\/td>\n<\/tr>\n<tr>\n<td>Mitsubishi<\/td>\n<td>Lancer VII (CS_A, CT_A)<\/td>\n<td>EVO VIII<\/td>\n<td>04.2003 &#8211; 08.2006<\/td>\n<td>4G63-T (DOHC 16V)<\/td>\n<\/tr>\n<tr>\n<td>Mitsubishi<\/td>\n<td>Lancer VII (CS_A, CT_A)<\/td>\n<td>EVO IX<\/td>\n<td>01.2005 &#8211; 10.2008<\/td>\n<td>4G63-T (DOHC 16V)<\/td>\n<\/tr>\n<tr>\n<td>Mitsubishi<\/td>\n<td>Lancer VII (CS_A, CT_A)<\/td>\n<td>2.4<\/td>\n<td>08.2005 &#8211; 12.2013<\/td>\n<td>4G69<\/td>\n<\/tr>\n<tr>\n<td>Mitsubishi<\/td>\n<td>Lancer VII (CS_A, CT_A)<\/td>\n<td>2.0 16V<\/td>\n<td>12.2003 &#8211; 12.2013<\/td>\n<td>4G63 (DOHC 16V)<\/td>\n<\/tr>\n<tr>\n<td>Mitsubishi<\/td>\n<td>Lancer VII Estate (CS_W, CT_W)<\/td>\n<td>EVO IX<\/td>\n<td>09.2005 &#8211; 03.2007<\/td>\n<td>4G63-T (DOHC 16V)<\/td>\n<\/tr>\n<tr>\n<td>Mitsubishi<\/td>\n<td>Lancer VII Estate (CS_W, CT_W)<\/td>\n<td>2.0 16V<\/td>\n<td>09.2003 &#8211; 12.2007<\/td>\n<td>4G63 (DOHC 16V)<\/td>\n<\/tr>\n<tr>\n<td>Mitsubishi<\/td>\n<td>Outlander I (CU_W)<\/td>\n<td>2.4 4WD<\/td>\n<td>05.2003 &#8211; 10.2006<\/td>\n<td>4G64 (DOHC 16V)<\/td>\n<\/tr>\n<tr>\n<td>Mitsubishi<\/td>\n<td>Outlander I (CU_W)<\/td>\n<td>2.0 Turbo 4WD<\/td>\n<td>04.2004 &#8211; 10.2006<\/td>\n<td>4G63-T (DOHC 16V)<\/td>\n<\/tr>\n<tr>\n<td>Mitsubishi<\/td>\n<td>Outlander I (CU_W)<\/td>\n<td>2.4 4WD<\/td>\n<td>05.2003 &#8211; 09.2007<\/td>\n<td>4G69<\/td>\n<\/tr>\n<tr>\n<td>Mitsubishi<\/td>\n<td>Outlander I (CU_W)<\/td>\n<td>2.4<\/td>\n<td>03.2001 &#8211; 12.2006<\/td>\n<td>4G69<\/td>\n<\/tr>\n<tr>\n<td>Mitsubishi<\/td>\n<td>Outlander I (CU_W)<\/td>\n<td>2.0 16V<\/td>\n<td>05.2003 &#8211; 10.2006<\/td>\n<td>4G63 (DOHC 16V)<\/td>\n<\/tr>\n<tr>\n<td>Mitsubishi<\/td>\n<td>Outlander I (CU_W)<\/td>\n<td>2.0 16V 4WD<\/td>\n<td>05.2003 &#8211; 10.2006<\/td>\n<td>4G63 (DOHC 16V)<\/td>\n<\/tr>\n<tr>\n<td>Mitsubishi<\/td>\n<td>Santamo (UG)<\/td>\n<td>2.0 16V<\/td>\n<td>05.1999 &#8211; 12.2004<\/td>\n<td>4G63 (DOHC 16V)<\/td>\n<\/tr>\n<tr>\n<td>Mitsubishi<\/td>\n<td>Santamo (UG)<\/td>\n<td>2.0 16V 4WD<\/td>\n<td>05.1999 &#8211; 12.2004<\/td>\n<td>4G63 (DOHC 16V)<\/td>\n<\/tr>\n<tr>\n<td>Mitsubishi<\/td>\n<td>Sapporo II (A16_A)<\/td>\n<td>2.0 8V<\/td>\n<td>08.1980 &#8211; 08.1983<\/td>\n<td>4G63 (SOHC 8V)<\/td>\n<\/tr>\n<tr>\n<td>Mitsubishi<\/td>\n<td>Sapporo II (A16_A)<\/td>\n<td>2.0 8V<\/td>\n<td>08.1980 &#8211; 09.1984<\/td>\n<td>4G63 (SOHC 8V)<\/td>\n<\/tr>\n<tr>\n<td>Mitsubishi<\/td>\n<td>Space Runner (N6_W, N7_W)<\/td>\n<td>2.0 16V<\/td>\n<td>05.2000 &#8211; 08.2002<\/td>\n<td>4G63 (SOHC 16V)<\/td>\n<\/tr>\n<tr>\n<td>Mitsubishi<\/td>\n<td>Space Runner (N6_W, N7_W)<\/td>\n<td>2.0 16V<\/td>\n<td>08.1999 &#8211; 08.2002<\/td>\n<td>4G63 (SOHC 16V)<\/td>\n<\/tr>\n<tr>\n<td>Mitsubishi<\/td>\n<td>Space Runner (N6_W, N7_W)<\/td>\n<td>2.4 GDI<\/td>\n<td>08.1999 &#8211; 01.2003<\/td>\n<td>4G64 (DOHC 16V)<\/td>\n<\/tr>\n<tr>\n<td>Mitsubishi<\/td>\n<td>Space Runner MPV (N1_W, N2_W)<\/td>\n<td>2.0 16V<\/td>\n<td>06.1997 &#8211; 08.1999<\/td>\n<td>4G63 (DOHC 16V)<\/td>\n<\/tr>\n<tr>\n<td>Mitsubishi<\/td>\n<td>Space Wagon (D0_V\/W)<\/td>\n<td>2.0 8V<\/td>\n<td>09.1987 &#8211; 01.1992<\/td>\n<td>4G63 (SOHC 8V)<\/td>\n<\/tr>\n<tr>\n<td>Mitsubishi<\/td>\n<td>Space Wagon (D0_V\/W)<\/td>\n<td>2.0 8V 4WD<\/td>\n<td>03.1985 &#8211; 04.1991<\/td>\n<td>4G63 (SOHC 8V)<\/td>\n<\/tr>\n<tr>\n<td>Mitsubishi<\/td>\n<td>Space Wagon (D0_V\/W)<\/td>\n<td>2.0 8V 4WD<\/td>\n<td>06.1988 &#8211; 04.1991<\/td>\n<td>4G63 (SOHC 8V)<\/td>\n<\/tr>\n<tr>\n<td>Mitsubishi<\/td>\n<td>Space Wagon (N3_W, N4_W)<\/td>\n<td>2.0 16V<\/td>\n<td>10.1992 &#8211; 10.1998<\/td>\n<td>4G63 (SOHC 16V)<\/td>\n<\/tr>\n<tr>\n<td>Mitsubishi<\/td>\n<td>Space Wagon (N3_W, N4_W)<\/td>\n<td>2.0 16V 4WD<\/td>\n<td>10.1992 &#8211; 10.1998<\/td>\n<td>4G63 (SOHC 16V)<\/td>\n<\/tr>\n<tr>\n<td>Mitsubishi<\/td>\n<td>Space Wagon (N3_W, N4_W)<\/td>\n<td>2.4<\/td>\n<td>10.1992 &#8211; 10.1998<\/td>\n<td>4G64 (DOHC 16V)<\/td>\n<\/tr>\n<tr>\n<td>Mitsubishi<\/td>\n<td>Space Wagon (N9_W, N8_W)<\/td>\n<td>2.0 16V<\/td>\n<td>10.1998 &#8211; 12.2004<\/td>\n<td>4G63 (SOHC 16V)<\/td>\n<\/tr>\n<tr>\n<td>Mitsubishi<\/td>\n<td>Space Wagon (N9_W, N8_W)<\/td>\n<td>2.4<\/td>\n<td>11.1998 &#8211; 04.2004<\/td>\n<td>4G64 (DOHC 16V)<\/td>\n<\/tr>\n<tr>\n<td>Mitsubishi<\/td>\n<td>Space Wagon (N9_W, N8_W)<\/td>\n<td>2.4 GDI<\/td>\n<td>10.1998 &#8211; 12.2004<\/td>\n<td>4G64 (DOHC 16V)<\/td>\n<\/tr>\n<tr>\n<td>Mitsubishi<\/td>\n<td>Space Wagon (N9_W, N8_W)<\/td>\n<td>2.4 GDI 4WD<\/td>\n<td>10.1998 &#8211; 12.2004<\/td>\n<td>4G64 (DOHC 16V)<\/td>\n<\/tr>\n<tr>\n<td>Mitsubishi<\/td>\n<td>Tredia (A21_)<\/td>\n<td>2.0 8V 4WD<\/td>\n<td>10.1986 &#8211; 03.1988<\/td>\n<td>4G63 (SOHC 8V)<\/td>\n<\/tr>\n<\/table>","protected":false},"excerpt":{"rendered":"<p>La combinaci\u00f3n \u00fanica de dise\u00f1o, metalurgia e ingenier\u00eda se unen para ofrecer lo que los conductores esperan de los cojinetes de motor Trimetal de alto rendimiento.<\/p>\n<p>Dise\u00f1ados para soportar condiciones de RPM m\u00e1s altas, los cojinetes de motor ACL Race Series est\u00e1n disponibles para muchas de las aplicaciones populares de 4, 6 y 8 cilindros y cuentan con las siguientes caracter\u00edsticas:<\/p>\n<ul>\n<li>Placa superpuesta de alta resistencia con espesor reducido para mejorar las propiedades de fatiga<\/li>\n<li>Dorso de acero endurecido en todos los cojinetes de biela para mejorar el soporte del revestimiento del cojinete y ayudar a la retenci\u00f3n del cojinete en el alojamiento.<\/li>\n<li>Aumento del aplastamiento para mejorar la retenci\u00f3n de los rodamientos<\/li>\n<li>Eliminaci\u00f3n de la chapa flash en la parte posterior de los cojinetes para mejorar la transferencia de calor a trav\u00e9s de los cojinetes y maximizar el agarre entre los cojinetes y su alojamiento.<\/li>\n<li>Mayor excentricidad para compensar la distorsi\u00f3n del orificio a altas rpm y ayudar a la formaci\u00f3n de pel\u00edculas hidrodin\u00e1micas de aceite.<\/li>\n<li>Cojinetes de bancada ranurados 3\/4 para optimizar la superficie de carga y el flujo de aceite a los cojinetes de biela.<\/li>\n<li>Tolerancias de pared consistentes para ayudarle a mantener holguras consistentes.<\/li>\n<li>Chaflanes de di\u00e1metro interior ampliados en los bordes de los cojinetes cuando sea necesario para adaptarse a radios de redondeo grandes en cig\u00fce\u00f1ales de alto rendimiento.<\/li>\n<\/ul>","protected":false},"featured_media":83647,"template":"","meta":{"_crdt_document":"","inline_featured_image":false},"product_brand":[463],"product_cat":[370],"product_tag":[],"class_list":{"0":"post-84567","1":"product","2":"type-product","3":"status-publish","4":"has-post-thumbnail","6":"product_brand-acl","7":"product_cat-engine","9":"first","10":"onbackorder","11":"taxable","12":"shipping-taxable","13":"purchasable","14":"product-type-simple"},"supplier_id":null,"supplier_sku":"","barcode":null,"atum_controlled":true,"out_stock_date":"2025-10-04 01:51:50","out_stock_threshold":null,"inheritable":false,"inbound_stock":null,"stock_on_hold":null,"sold_today":null,"sales_last_days":null,"reserved_stock":null,"customer_returns":null,"warehouse_damage":null,"lost_in_post":null,"other_logs":null,"out_stock_days":null,"lost_sales":null,"has_location":null,"update_date":"2025-10-04T00:51:57","atum_locations":[],"atum_stock_status":"onbackorder","restock_status":false,"low_stock_amount":"","sales_update_date":null,"calc_backorders":null,"_links":{"self":[{"href":"https:\/\/revmatch.eu\/es\/wp-json\/wp\/v2\/product\/84567","targetHints":{"allow":["GET"]}}],"collection":[{"href":"https:\/\/revmatch.eu\/es\/wp-json\/wp\/v2\/product"}],"about":[{"href":"https:\/\/revmatch.eu\/es\/wp-json\/wp\/v2\/types\/product"}],"version-history":[{"count":0,"href":"https:\/\/revmatch.eu\/es\/wp-json\/wp\/v2\/product\/84567\/revisions"}],"wp:featuredmedia":[{"embeddable":true,"href":"https:\/\/revmatch.eu\/es\/wp-json\/wp\/v2\/media\/83647"}],"wp:attachment":[{"href":"https:\/\/revmatch.eu\/es\/wp-json\/wp\/v2\/media?parent=84567"}],"wp:term":[{"taxonomy":"product_brand","embeddable":true,"href":"https:\/\/revmatch.eu\/es\/wp-json\/wp\/v2\/product_brand?post=84567"},{"taxonomy":"product_cat","embeddable":true,"href":"https:\/\/revmatch.eu\/es\/wp-json\/wp\/v2\/product_cat?post=84567"},{"taxonomy":"product_tag","embeddable":true,"href":"https:\/\/revmatch.eu\/es\/wp-json\/wp\/v2\/product_tag?post=84567"}],"curies":[{"name":"wp","href":"https:\/\/api.w.org\/{rel}","templated":true}]}}