{"id":84706,"date":"2025-10-04T01:57:42","date_gmt":"2025-10-04T00:57:42","guid":{"rendered":"https:\/\/revmatch.eu\/product\/acl-4b2010hx-std\/"},"modified":"2025-10-04T01:57:44","modified_gmt":"2025-10-04T00:57:44","slug":"acl-4b2010hx-std","status":"publish","type":"product","link":"https:\/\/revmatch.eu\/es\/product\/acl-4b2010hx-std\/","title":{"rendered":"ACL 4B2010HX-STD"},"content":{"rendered":"<p>La combinaci\u00f3n \u00fanica de dise\u00f1o, metalurgia e ingenier\u00eda se unen para ofrecer lo que los conductores esperan de los cojinetes de motor Trimetal de alto rendimiento.<\/p>\n<p><img decoding=\"async\" style=\"float: right; width: 600px;\" src=\"https:\/\/revmatch.eu\/wp-content\/uploads\/2024\/11\/ACL_Overview_picture.webp\" \/><\/p>\n<p>Dise\u00f1ados para soportar condiciones de RPM m\u00e1s altas, los cojinetes de motor ACL Race Series est\u00e1n disponibles para muchas de las aplicaciones populares de 4, 6 y 8 cilindros y cuentan con las siguientes caracter\u00edsticas:<\/p>\n<ul>\n<li>Placa superpuesta de alta resistencia con espesor reducido para mejorar las propiedades de fatiga<\/li>\n<li>Dorso de acero endurecido en todos los cojinetes de biela para mejorar el soporte del revestimiento del cojinete y ayudar a la retenci\u00f3n del cojinete en el alojamiento.<\/li>\n<li>Aumento del aplastamiento para mejorar la retenci\u00f3n de los rodamientos<\/li>\n<li>Eliminaci\u00f3n de la chapa flash en la parte posterior de los cojinetes para mejorar la transferencia de calor a trav\u00e9s de los cojinetes y maximizar el agarre entre los cojinetes y su alojamiento.<\/li>\n<li>Mayor excentricidad para compensar la distorsi\u00f3n del orificio a altas rpm y ayudar a la formaci\u00f3n de pel\u00edculas hidrodin\u00e1micas de aceite.<\/li>\n<li>Cojinetes de bancada ranurados 3\/4 para optimizar la superficie de carga y el flujo de aceite a los cojinetes de biela.<\/li>\n<li>Tolerancias de pared consistentes para ayudarle a mantener holguras consistentes.<\/li>\n<li>Chaflanes de di\u00e1metro interior ampliados en los bordes de los cojinetes cuando sea necesario para adaptarse a radios de redondeo grandes en cig\u00fce\u00f1ales de alto rendimiento.<\/li>\n<\/ul>\n<p>Lista de tallas:<\/p>\n<ul>\n<li>STD: Tama\u00f1o est\u00e1ndar<\/li>\n<li>.025: Pared interior extra de 0,025 mm para compensar el desgaste, el reavivado, el pulido, etc.<\/li>\n<li>.25: Pared interior extra de 0,25 mm para compensar el desgaste, el rectificado, el pulido, etc.<\/li>\n<li>.50: Pared interior extra de 0,50 mm para compensar el desgaste, el reavivado, el pulido, etc.<\/li>\n<li>HX-STD: Juego de cojinetes de bancada con juego adicional de 0,025 mm (0,001\")<\/li>\n<\/ul>\n<p>Gu\u00eda de tallas:<\/p>\n<ul>\n<li><a href=\"https:\/\/revmatch.eu\/wp-content\/uploads\/2024\/11\/EB005-guidelines-for-bearing-size-selection-eng.pdf\">Ingl\u00e9s<\/a><\/li>\n<li><a href=\"https:\/\/revmatch.eu\/wp-content\/uploads\/2024\/11\/EB005-guidelines-for-bearing-size-selection-esp.pdf\">Espa\u00f1ol<\/a><\/li>\n<li><a href=\"https:\/\/revmatch.eu\/wp-content\/uploads\/2024\/11\/EB005-guidelines-for-bearing-size-selection-fra.pdf\">Franc\u00e9s<\/a><\/li>\n<li><a href=\"https:\/\/revmatch.eu\/wp-content\/uploads\/2024\/11\/EB005-guidelines-for-bearing-size-selection-ger.pdf\">Alem\u00e1n<\/a><\/li>\n<\/ul>\n<table>\n<tr>\n<th>Marca<\/th>\n<th>Modelo<\/th>\n<th>Variante<\/th>\n<th>A\u00f1o<\/th>\n<th>Motor<\/th>\n<\/tr>\n<tr>\n<td>Saab<\/td>\n<td>9-3 2.0 SE Turbo<\/td>\n<td>DOHC 16v<\/td>\n<td>02.1998 &#8211; 09.2002<\/td>\n<td>B204R<\/td>\n<\/tr>\n<tr>\n<td>Saab<\/td>\n<td>9-3 2.0 Turbo<\/td>\n<td>DOHC 16v<\/td>\n<td>02.1998 &#8211; 09.2002<\/td>\n<td>B204L<\/td>\n<\/tr>\n<tr>\n<td>Saab<\/td>\n<td>9-3 2.0 Turbo<\/td>\n<td>DOHC 16v<\/td>\n<td>10.1998 &#8211; 09.2002<\/td>\n<td>B204E<\/td>\n<\/tr>\n<tr>\n<td>Saab<\/td>\n<td>9-3 2.0 Turbo<\/td>\n<td>DOHC 16v<\/td>\n<td>10.1999 &#8211; 09.2002<\/td>\n<td>B205R<\/td>\n<\/tr>\n<tr>\n<td>Saab<\/td>\n<td>9-3 2.0 Turbo<\/td>\n<td>DOHC 16v<\/td>\n<td>03.1999 &#8211; 09.2002<\/td>\n<td>B205E<\/td>\n<\/tr>\n<tr>\n<td>Saab<\/td>\n<td>9-3 2.0 Turbo<\/td>\n<td>DOHC 16v<\/td>\n<td>02.1998 &#8211; 09.2002<\/td>\n<td>B205E<\/td>\n<\/tr>\n<tr>\n<td>Saab<\/td>\n<td>9-3 2.0 Turbo<\/td>\n<td>DOHC 16v<\/td>\n<td>02.1998 &#8211; 09.2002<\/td>\n<td>B205L<\/td>\n<\/tr>\n<tr>\n<td>Saab<\/td>\n<td>9-3 2.0 i<\/td>\n<td>DOHC 16v<\/td>\n<td>02.1998 &#8211; 09.2002<\/td>\n<td>B204I<\/td>\n<\/tr>\n<tr>\n<td>Saab<\/td>\n<td>9-3 2.3<\/td>\n<td>DOHC 16v<\/td>\n<td>09.1999 &#8211; 01.2002<\/td>\n<td>B235R<\/td>\n<\/tr>\n<tr>\n<td>Saab<\/td>\n<td>9-3 2.3 Turbo<\/td>\n<td>DOHC 16v<\/td>\n<td>10.1998 &#8211; 09.2002<\/td>\n<td>B235R<\/td>\n<\/tr>\n<tr>\n<td>Saab<\/td>\n<td>9-3 2.3 i<\/td>\n<td>DOHC 16v<\/td>\n<td>02.1998 &#8211; 09.2002<\/td>\n<td>B234I<\/td>\n<\/tr>\n<tr>\n<td>Saab<\/td>\n<td>9-3 Cabriolet 2.0 SE Turbo<\/td>\n<td>DOHC 16v<\/td>\n<td>02.1998 &#8211; 08.2003<\/td>\n<td>B204R<\/td>\n<\/tr>\n<tr>\n<td>Saab<\/td>\n<td>9-3 Cabriolet 2.0 Turbo<\/td>\n<td>DOHC 16v<\/td>\n<td>02.1998 &#8211; 08.2003<\/td>\n<td>B204L<\/td>\n<\/tr>\n<tr>\n<td>Saab<\/td>\n<td>9-3 Cabriolet 2.0 Turbo<\/td>\n<td>DOHC 16v<\/td>\n<td>10.1998 &#8211; 08.2003<\/td>\n<td>B204E<\/td>\n<\/tr>\n<tr>\n<td>Saab<\/td>\n<td>9-3 Cabriolet 2.0 Turbo<\/td>\n<td>DOHC 16v<\/td>\n<td>10.1999 &#8211; 08.2003<\/td>\n<td>B205R<\/td>\n<\/tr>\n<tr>\n<td>Saab<\/td>\n<td>9-3 Cabriolet 2.0 Turbo<\/td>\n<td>DOHC 16v<\/td>\n<td>01.2001 &#8211; 08.2003<\/td>\n<td>B205E<\/td>\n<\/tr>\n<tr>\n<td>Saab<\/td>\n<td>9-3 Cabriolet 2.0 Turbo<\/td>\n<td>DOHC 16v<\/td>\n<td>02.1998 &#8211; 08.2003<\/td>\n<td>B205E<\/td>\n<\/tr>\n<tr>\n<td>Saab<\/td>\n<td>9-3 Cabriolet 2.0 Turbo<\/td>\n<td>DOHC 16v<\/td>\n<td>02.1998 &#8211; 08.2003<\/td>\n<td>B205L<\/td>\n<\/tr>\n<tr>\n<td>Saab<\/td>\n<td>9-3 Cabriolet 2.0 i<\/td>\n<td>DOHC 16v<\/td>\n<td>02.1998 &#8211; 08.2003<\/td>\n<td>B204I<\/td>\n<\/tr>\n<tr>\n<td>Saab<\/td>\n<td>9-3 Cabriolet 2.3<\/td>\n<td>DOHC 16v<\/td>\n<td>09.1999 &#8211; 01.2002<\/td>\n<td>B235R<\/td>\n<\/tr>\n<tr>\n<td>Saab<\/td>\n<td>9-3 Cabriolet 2.3 Turbo<\/td>\n<td>DOHC 16v<\/td>\n<td>10.1999 &#8211; 08.2003<\/td>\n<td>B235R<\/td>\n<\/tr>\n<tr>\n<td>Saab<\/td>\n<td>9-3 Cabriolet 2.3 i<\/td>\n<td>DOHC 16v<\/td>\n<td>02.1998 &#8211; 08.2003<\/td>\n<td>B234I<\/td>\n<\/tr>\n<tr>\n<td>Saab<\/td>\n<td>9-5 2.0 Turbo SE<\/td>\n<td>DOHC 16v<\/td>\n<td>10.1998 &#8211; 07.2000<\/td>\n<td>B205E<\/td>\n<\/tr>\n<tr>\n<td>Saab<\/td>\n<td>9-5 2.0 t<\/td>\n<td>DOHC 16v<\/td>\n<td>07.2000 &#8211; 12.2009<\/td>\n<td>B205L<\/td>\n<\/tr>\n<tr>\n<td>Saab<\/td>\n<td>9-5 2.0 t<\/td>\n<td>DOHC 16v<\/td>\n<td>09.1997 &#8211; 12.2009<\/td>\n<td>B205E<\/td>\n<\/tr>\n<tr>\n<td>Saab<\/td>\n<td>9-5 2.0 t BioPower<\/td>\n<td>DOHC 16v<\/td>\n<td>01.2005 &#8211; 12.2009<\/td>\n<td>B205E<\/td>\n<\/tr>\n<tr>\n<td>Saab<\/td>\n<td>9-5 2.0 t Biopower<\/td>\n<td>DOHC 16v<\/td>\n<td>09.2005 &#8211; 12.2009<\/td>\n<td>B205E<\/td>\n<\/tr>\n<tr>\n<td>Saab<\/td>\n<td>9-5 2.3<\/td>\n<td>DOHC 16v<\/td>\n<td>09.1999 &#8211; 12.2009<\/td>\n<td>B235R<\/td>\n<\/tr>\n<tr>\n<td>Saab<\/td>\n<td>9-5 2.3 Turbo<\/td>\n<td>DOHC 16v<\/td>\n<td>10.1999 &#8211; 09.2001<\/td>\n<td>B235R<\/td>\n<\/tr>\n<tr>\n<td>Saab<\/td>\n<td>9-5 2.3 Turbo<\/td>\n<td>DOHC 16v<\/td>\n<td>09.2001 &#8211; 12.2009<\/td>\n<td>B235R<\/td>\n<\/tr>\n<tr>\n<td>Saab<\/td>\n<td>9-5 2.3 Turbo<\/td>\n<td>DOHC 16v<\/td>\n<td>07.2003 &#8211; 12.2009<\/td>\n<td>B235L<\/td>\n<\/tr>\n<tr>\n<td>Saab<\/td>\n<td>9-5 2.3 Turbo<\/td>\n<td>DOHC 16v<\/td>\n<td>11.2005 &#8211; 12.2009<\/td>\n<td>B235R<\/td>\n<\/tr>\n<tr>\n<td>Saab<\/td>\n<td>9-5 2.3 Turbo<\/td>\n<td>DOHC 16v<\/td>\n<td>06.2003 &#8211; 08.2005<\/td>\n<td>B235R<\/td>\n<\/tr>\n<tr>\n<td>Saab<\/td>\n<td>9-5 2.3 Turbo<\/td>\n<td>DOHC 16v<\/td>\n<td>04.2008 &#8211; 12.2009<\/td>\n<td>B235R<\/td>\n<\/tr>\n<tr>\n<td>Saab<\/td>\n<td>9-5 2.3 Turbo<\/td>\n<td>DOHC 16v<\/td>\n<td>04.2008 &#8211; 12.2009<\/td>\n<td>B235E<\/td>\n<\/tr>\n<tr>\n<td>Saab<\/td>\n<td>9-5 2.3 t<\/td>\n<td>DOHC 16v<\/td>\n<td>01.2001 &#8211; 12.2009<\/td>\n<td>B235E<\/td>\n<\/tr>\n<tr>\n<td>Saab<\/td>\n<td>9-5 2.3 t<\/td>\n<td>DOHC 16v<\/td>\n<td>09.1997 &#8211; 12.2003<\/td>\n<td>B235E<\/td>\n<\/tr>\n<tr>\n<td>Saab<\/td>\n<td>9-5 2.3 t<\/td>\n<td>DOHC 16v<\/td>\n<td>09.2003 &#8211; 12.2005<\/td>\n<td>B235L<\/td>\n<\/tr>\n<tr>\n<td>Saab<\/td>\n<td>9-5 2.3 t BioPower<\/td>\n<td>DOHC 16v<\/td>\n<td>01.2007 &#8211; 12.2009<\/td>\n<td>B235E<\/td>\n<\/tr>\n<tr>\n<td>Saab<\/td>\n<td>9-5 2.3 t BioPower<\/td>\n<td>DOHC 16v<\/td>\n<td>11.2006 &#8211; 12.2009<\/td>\n<td>B235R<\/td>\n<\/tr>\n<tr>\n<td>Saab<\/td>\n<td>9-5 Estate 2.0 t<\/td>\n<td>DOHC 16v<\/td>\n<td>07.2000 &#8211; 07.2001<\/td>\n<td>B205L<\/td>\n<\/tr>\n<tr>\n<td>Saab<\/td>\n<td>9-5 Estate 2.0 t<\/td>\n<td>DOHC 16v<\/td>\n<td>10.1998 &#8211; 12.2009<\/td>\n<td>B205E<\/td>\n<\/tr>\n<tr>\n<td>Saab<\/td>\n<td>9-5 Estate 2.0 t<\/td>\n<td>DOHC 16v<\/td>\n<td>10.1998 &#8211; 07.2000<\/td>\n<td>B205E<\/td>\n<\/tr>\n<tr>\n<td>Saab<\/td>\n<td>9-5 Estate 2.0 t BioPower<\/td>\n<td>DOHC 16v<\/td>\n<td>01.2006 &#8211; 12.2009<\/td>\n<td>B205E<\/td>\n<\/tr>\n<tr>\n<td>Saab<\/td>\n<td>9-5 Estate 2.0 t Biopower<\/td>\n<td>DOHC 16v<\/td>\n<td>09.2005 &#8211; 12.2009<\/td>\n<td>B205E<\/td>\n<\/tr>\n<tr>\n<td>Saab<\/td>\n<td>9-5 Estate 2.3<\/td>\n<td>DOHC 16v<\/td>\n<td>09.1999 &#8211; 12.2009<\/td>\n<td>B235R<\/td>\n<\/tr>\n<tr>\n<td>Saab<\/td>\n<td>9-5 Estate 2.3 Turbo<\/td>\n<td>DOHC 16v<\/td>\n<td>10.1999 &#8211; 09.2001<\/td>\n<td>B235R<\/td>\n<\/tr>\n<tr>\n<td>Saab<\/td>\n<td>9-5 Estate 2.3 Turbo<\/td>\n<td>DOHC 16v<\/td>\n<td>09.2001 &#8211; 12.2009<\/td>\n<td>B235R<\/td>\n<\/tr>\n<tr>\n<td>Saab<\/td>\n<td>9-5 Estate 2.3 Turbo<\/td>\n<td>DOHC 16v<\/td>\n<td>07.2003 &#8211; 12.2009<\/td>\n<td>B235L<\/td>\n<\/tr>\n<tr>\n<td>Saab<\/td>\n<td>9-5 Estate 2.3 Turbo<\/td>\n<td>DOHC 16v<\/td>\n<td>01.2006 &#8211; 12.2009<\/td>\n<td>B235R<\/td>\n<\/tr>\n<tr>\n<td>Saab<\/td>\n<td>9-5 Estate 2.3 Turbo<\/td>\n<td>DOHC 16v<\/td>\n<td>06.2003 &#8211; 08.2005<\/td>\n<td>B235R<\/td>\n<\/tr>\n<tr>\n<td>Saab<\/td>\n<td>9-5 Estate 2.3 t<\/td>\n<td>DOHC 16v<\/td>\n<td>01.2001 &#8211; 12.2009<\/td>\n<td>B235E<\/td>\n<\/tr>\n<tr>\n<td>Saab<\/td>\n<td>9-5 Estate 2.3 t<\/td>\n<td>DOHC 16v<\/td>\n<td>10.1998 &#8211; 12.2009<\/td>\n<td>B235E<\/td>\n<\/tr>\n<tr>\n<td>Saab<\/td>\n<td>9-5 Estate 2.3 t<\/td>\n<td>DOHC 16v<\/td>\n<td>09.2003 &#8211; 12.2005<\/td>\n<td>B235L<\/td>\n<\/tr>\n<tr>\n<td>Saab<\/td>\n<td>9-5 Estate 2.3 t BioPower<\/td>\n<td>DOHC 16v<\/td>\n<td>01.2007 &#8211; 12.2009<\/td>\n<td>B235E<\/td>\n<\/tr>\n<tr>\n<td>Saab<\/td>\n<td>9-5 Estate 2.3 t BioPower<\/td>\n<td>DOHC 16v<\/td>\n<td>11.2006 &#8211; 12.2009<\/td>\n<td>B235R<\/td>\n<\/tr>\n<tr>\n<td>Saab<\/td>\n<td>9-5 Estate 2.3 t BioPower<\/td>\n<td>DOHC 16v<\/td>\n<td>11.2006 &#8211; 12.2009<\/td>\n<td>B235R<\/td>\n<\/tr>\n<tr>\n<td>Saab<\/td>\n<td>900 I 2.0<\/td>\n<td>DOHC 16v<\/td>\n<td>10.1987 &#8211; 10.1991<\/td>\n<td>B202I<\/td>\n<\/tr>\n<tr>\n<td>Saab<\/td>\n<td>900 I 2.0<\/td>\n<td>DOHC 16v<\/td>\n<td>01.1986 &#8211; 12.1988<\/td>\n<td>B202XI<\/td>\n<\/tr>\n<tr>\n<td>Saab<\/td>\n<td>900 I 2.0 S Turbo<\/td>\n<td>DOHC 16v<\/td>\n<td>07.1991 &#8211; 12.1993<\/td>\n<td>B202S<\/td>\n<\/tr>\n<tr>\n<td>Saab<\/td>\n<td>900 I 2.0 S Turbo<\/td>\n<td>DOHC 16v<\/td>\n<td>11.1985 &#8211; 12.1993<\/td>\n<td>B202L<\/td>\n<\/tr>\n<tr>\n<td>Saab<\/td>\n<td>900 I 2.0 S Turbo<\/td>\n<td>DOHC 16v<\/td>\n<td>11.1985 &#8211; 12.1993<\/td>\n<td>B202XL<\/td>\n<\/tr>\n<tr>\n<td>Saab<\/td>\n<td>900 I Combi Coupe 2.0<\/td>\n<td>DOHC 16v<\/td>\n<td>01.1986 &#8211; 12.1988<\/td>\n<td>B202XI<\/td>\n<\/tr>\n<tr>\n<td>Saab<\/td>\n<td>900 I Combi Coupe 2.0<\/td>\n<td>DOHC 16v<\/td>\n<td>01.1989 &#8211; 08.1992<\/td>\n<td>B202I<\/td>\n<\/tr>\n<tr>\n<td>Saab<\/td>\n<td>900 I Combi Coupe 2.0 S Turbo<\/td>\n<td>DOHC 16v<\/td>\n<td>09.1991 &#8211; 07.1993<\/td>\n<td>B202S<\/td>\n<\/tr>\n<tr>\n<td>Saab<\/td>\n<td>900 I Combi Coupe 2.0 Turbo<\/td>\n<td>DOHC 16v<\/td>\n<td>11.1985 &#8211; 06.1994<\/td>\n<td>B202L<\/td>\n<\/tr>\n<tr>\n<td>Saab<\/td>\n<td>900 I Combi Coupe 2.0 Turbo<\/td>\n<td>DOHC 16v<\/td>\n<td>11.1985 &#8211; 06.1994<\/td>\n<td>B202XL<\/td>\n<\/tr>\n<tr>\n<td>Saab<\/td>\n<td>900 I Combi Coupe 2.0 Turbo<\/td>\n<td>DOHC 16v<\/td>\n<td>01.1993 &#8211; 06.1994<\/td>\n<td>B202L<\/td>\n<\/tr>\n<tr>\n<td>Saab<\/td>\n<td>900 I Combi Coupe 2.0 Turbo S<\/td>\n<td>DOHC 16v<\/td>\n<td>02.1984 &#8211; 12.1988<\/td>\n<td>B202XL<\/td>\n<\/tr>\n<tr>\n<td>Saab<\/td>\n<td>900 I Convertible 2.0<\/td>\n<td>DOHC 16v<\/td>\n<td>05.1991 &#8211; 10.1993<\/td>\n<td>B202S<\/td>\n<\/tr>\n<tr>\n<td>Saab<\/td>\n<td>900 I Convertible 2.0<\/td>\n<td>DOHC 16v<\/td>\n<td>10.1989 &#8211; 10.1993<\/td>\n<td>B202XL<\/td>\n<\/tr>\n<tr>\n<td>Saab<\/td>\n<td>900 I Convertible 2.0<\/td>\n<td>DOHC 16v<\/td>\n<td>01.1990 &#8211; 06.1994<\/td>\n<td>B202I<\/td>\n<\/tr>\n<tr>\n<td>Saab<\/td>\n<td>900 I Convertible 2.0 S Turbo<\/td>\n<td>DOHC 16v<\/td>\n<td>09.1991 &#8211; 06.1994<\/td>\n<td>B202S<\/td>\n<\/tr>\n<tr>\n<td>Saab<\/td>\n<td>900 I Convertible 2.0 Turbo<\/td>\n<td>DOHC 16v<\/td>\n<td>11.1986 &#8211; 06.1994<\/td>\n<td>B202XL<\/td>\n<\/tr>\n<tr>\n<td>Saab<\/td>\n<td>900 I Convertible 2.0 Turbo S<\/td>\n<td>DOHC 16v<\/td>\n<td>11.1986 &#8211; 06.1994<\/td>\n<td>B202XL<\/td>\n<\/tr>\n<tr>\n<td>Saab<\/td>\n<td>900 II 2.0 Turbo<\/td>\n<td>DOHC 16v<\/td>\n<td>07.1993 &#8211; 02.1998<\/td>\n<td>B204L<\/td>\n<\/tr>\n<tr>\n<td>Saab<\/td>\n<td>900 II 2.0 i<\/td>\n<td>DOHC 16v<\/td>\n<td>08.1994 &#8211; 02.1998<\/td>\n<td>B204I<\/td>\n<\/tr>\n<tr>\n<td>Saab<\/td>\n<td>900 II 2.0 i<\/td>\n<td>DOHC 16v<\/td>\n<td>07.1993 &#8211; 07.1994<\/td>\n<td>B206I<\/td>\n<\/tr>\n<tr>\n<td>Saab<\/td>\n<td>900 II 2.3<\/td>\n<td>DOHC 16v<\/td>\n<td>09.1993 &#8211; 02.1998<\/td>\n<td>B234I<\/td>\n<\/tr>\n<tr>\n<td>Saab<\/td>\n<td>900 II 2.3<\/td>\n<td>DOHC 16v<\/td>\n<td>07.1993 &#8211; 02.1998<\/td>\n<td>B234I<\/td>\n<\/tr>\n<tr>\n<td>Saab<\/td>\n<td>900 II Convertible 2.0 Turbo<\/td>\n<td>DOHC 16v<\/td>\n<td>12.1993 &#8211; 02.1998<\/td>\n<td>B204L<\/td>\n<\/tr>\n<tr>\n<td>Saab<\/td>\n<td>900 II Convertible 2.0 Turbo<\/td>\n<td>DOHC 16v<\/td>\n<td>12.1993 &#8211; 02.1998<\/td>\n<td>B204L<\/td>\n<\/tr>\n<tr>\n<td>Saab<\/td>\n<td>900 II Convertible 2.0 i<\/td>\n<td>DOHC 16v<\/td>\n<td>12.1993 &#8211; 02.1998<\/td>\n<td>B204I<\/td>\n<\/tr>\n<tr>\n<td>Saab<\/td>\n<td>900 II Convertible 2.3<\/td>\n<td>DOHC 16v<\/td>\n<td>12.1993 &#8211; 02.1998<\/td>\n<td>B234I<\/td>\n<\/tr>\n<tr>\n<td>Saab<\/td>\n<td>900 II Convertible 2.3<\/td>\n<td>DOHC 16v<\/td>\n<td>12.1993 &#8211; 02.1998<\/td>\n<td>B234I<\/td>\n<\/tr>\n<tr>\n<td>Saab<\/td>\n<td>900 II Coupe 2.0 i<\/td>\n<td>DOHC 16v<\/td>\n<td>08.1994 &#8211; 02.1998<\/td>\n<td>B204I<\/td>\n<\/tr>\n<tr>\n<td>Saab<\/td>\n<td>900 II Coupe 2.0 i<\/td>\n<td>DOHC 16v<\/td>\n<td>12.1993 &#8211; 07.1994<\/td>\n<td>B206I<\/td>\n<\/tr>\n<tr>\n<td>Saab<\/td>\n<td>900 II Coupe 2.3<\/td>\n<td>DOHC 16v<\/td>\n<td>12.1993 &#8211; 02.1998<\/td>\n<td>B234I<\/td>\n<\/tr>\n<tr>\n<td>Saab<\/td>\n<td>9000 2.0<\/td>\n<td>DOHC 16v<\/td>\n<td>10.1988 &#8211; 08.1990<\/td>\n<td>B202I<\/td>\n<\/tr>\n<tr>\n<td>Saab<\/td>\n<td>9000 2.0 CD<\/td>\n<td>DOHC 16v<\/td>\n<td>09.1993 &#8211; 12.1998<\/td>\n<td>B204I<\/td>\n<\/tr>\n<tr>\n<td>Saab<\/td>\n<td>9000 2.0 CD<\/td>\n<td>DOHC 16v<\/td>\n<td>09.1993 &#8211; 12.1998<\/td>\n<td>B204E<\/td>\n<\/tr>\n<tr>\n<td>Saab<\/td>\n<td>9000 2.0 CD<\/td>\n<td>DOHC 16v<\/td>\n<td>09.1993 &#8211; 12.1998<\/td>\n<td>B204S<\/td>\n<\/tr>\n<tr>\n<td>Saab<\/td>\n<td>9000 2.0 Carlsson<\/td>\n<td>DOHC 16v<\/td>\n<td>09.1989 &#8211; 08.1990<\/td>\n<td>B204L<\/td>\n<\/tr>\n<tr>\n<td>Saab<\/td>\n<td>9000 2.0 Turbo<\/td>\n<td>DOHC 16v<\/td>\n<td>05.1988 &#8211; 08.1993<\/td>\n<td>B202XL<\/td>\n<\/tr>\n<tr>\n<td>Saab<\/td>\n<td>9000 2.0 Turbo CD<\/td>\n<td>DOHC 16v<\/td>\n<td>09.1988 &#8211; 08.1993<\/td>\n<td>B202XL<\/td>\n<\/tr>\n<tr>\n<td>Saab<\/td>\n<td>9000 2.0 Turbo CD<\/td>\n<td>DOHC 16v<\/td>\n<td>09.1989 &#8211; 12.1998<\/td>\n<td>B202L<\/td>\n<\/tr>\n<tr>\n<td>Saab<\/td>\n<td>9000 2.0 Turbo CD<\/td>\n<td>DOHC 16v<\/td>\n<td>09.1992 &#8211; 12.1998<\/td>\n<td>B204E<\/td>\n<\/tr>\n<tr>\n<td>Saab<\/td>\n<td>9000 2.3<\/td>\n<td>DOHC 16v<\/td>\n<td>09.1990 &#8211; 10.1998<\/td>\n<td>B234R<\/td>\n<\/tr>\n<tr>\n<td>Saab<\/td>\n<td>9000 2.3<\/td>\n<td>DOHC 16v<\/td>\n<td>10.1989 &#8211; 01.1992<\/td>\n<td>B234I<\/td>\n<\/tr>\n<tr>\n<td>Saab<\/td>\n<td>9000 2.3<\/td>\n<td>DOHC 16v<\/td>\n<td>09.1990 &#8211; 12.1991<\/td>\n<td>B234I<\/td>\n<\/tr>\n<tr>\n<td>Saab<\/td>\n<td>9000 2.3 CD<\/td>\n<td>DOHC 16v<\/td>\n<td>08.1989 &#8211; 12.1998<\/td>\n<td>B234I<\/td>\n<\/tr>\n<tr>\n<td>Saab<\/td>\n<td>9000 2.3 CD Turbo<\/td>\n<td>DOHC 16v<\/td>\n<td>07.1990 &#8211; 12.1998<\/td>\n<td>B234L<\/td>\n<\/tr>\n<tr>\n<td>Saab<\/td>\n<td>9000 2.3 CDE<\/td>\n<td>DOHC 16v<\/td>\n<td>09.1993 &#8211; 12.1998<\/td>\n<td>B234I<\/td>\n<\/tr>\n<tr>\n<td>Saab<\/td>\n<td>9000 2.3 CDE Eco-Power<\/td>\n<td>DOHC 16v<\/td>\n<td>09.1993 &#8211; 12.1998<\/td>\n<td>B234E<\/td>\n<\/tr>\n<tr>\n<td>Saab<\/td>\n<td>9000 2.3 Turbo<\/td>\n<td>DOHC 16v<\/td>\n<td>09.1990 &#8211; 12.1998<\/td>\n<td>B234L<\/td>\n<\/tr>\n<tr>\n<td>Saab<\/td>\n<td>9000 Hatchback 2.0<\/td>\n<td>DOHC 16v<\/td>\n<td>10.1988 &#8211; 01.1990<\/td>\n<td>B202I<\/td>\n<\/tr>\n<tr>\n<td>Saab<\/td>\n<td>9000 Hatchback 2.0<\/td>\n<td>DOHC 16v<\/td>\n<td>12.1985 &#8211; 12.1988<\/td>\n<td>B202XI<\/td>\n<\/tr>\n<tr>\n<td>Saab<\/td>\n<td>9000 Hatchback 2.0 CS<\/td>\n<td>DOHC 16v<\/td>\n<td>09.1993 &#8211; 12.1998<\/td>\n<td>B204I<\/td>\n<\/tr>\n<tr>\n<td>Saab<\/td>\n<td>9000 Hatchback 2.0 ND Turbo<\/td>\n<td>DOHC 16v<\/td>\n<td>09.1993 &#8211; 12.1998<\/td>\n<td>B204E<\/td>\n<\/tr>\n<tr>\n<td>Saab<\/td>\n<td>9000 Hatchback 2.0 ND Turbo<\/td>\n<td>DOHC 16v<\/td>\n<td>09.1993 &#8211; 12.1998<\/td>\n<td>B204S<\/td>\n<\/tr>\n<tr>\n<td>Saab<\/td>\n<td>9000 Hatchback 2.3<\/td>\n<td>DOHC 16v<\/td>\n<td>01.1990 &#8211; 12.1993<\/td>\n<td>B234I<\/td>\n<\/tr>\n<tr>\n<td>Saab<\/td>\n<td>9000 Hatchback 2.3<\/td>\n<td>DOHC 16v<\/td>\n<td>09.1997 &#8211; 12.1998<\/td>\n<td>B234L<\/td>\n<\/tr>\n<tr>\n<td>Saab<\/td>\n<td>9000 Hatchback 2.3<\/td>\n<td>DOHC 16v<\/td>\n<td>09.1997 &#8211; 12.1998<\/td>\n<td>B234R<\/td>\n<\/tr>\n<tr>\n<td>Saab<\/td>\n<td>9000 Hatchback 2.3 Aero CS<\/td>\n<td>DOHC 16v<\/td>\n<td>02.1993 &#8211; 12.1998<\/td>\n<td>B234R<\/td>\n<\/tr>\n<tr>\n<td>Saab<\/td>\n<td>9000 Hatchback 2.3 Aero CS<\/td>\n<td>DOHC 16v<\/td>\n<td>02.1993 &#8211; 12.1998<\/td>\n<td>B234R<\/td>\n<\/tr>\n<tr>\n<td>Saab<\/td>\n<td>9000 Hatchback 2.3 CS<\/td>\n<td>DOHC 16v<\/td>\n<td>09.1989 &#8211; 12.1998<\/td>\n<td>B234I<\/td>\n<\/tr>\n<tr>\n<td>Saab<\/td>\n<td>9000 Hatchback 2.3 CSE<\/td>\n<td>DOHC 16v<\/td>\n<td>09.1993 &#8211; 12.1998<\/td>\n<td>B234I<\/td>\n<\/tr>\n<tr>\n<td>Saab<\/td>\n<td>9000 Hatchback 2.3 CSE Eco Power<\/td>\n<td>DOHC 16v<\/td>\n<td>09.1993 &#8211; 12.1998<\/td>\n<td>B234E<\/td>\n<\/tr>\n<tr>\n<td>Saab<\/td>\n<td>9000 Hatchback 2.3 Turbo<\/td>\n<td>DOHC 16v<\/td>\n<td>09.1990 &#8211; 12.1998<\/td>\n<td>B234L<\/td>\n<\/tr>\n<tr>\n<td>Saab<\/td>\n<td>9000 Hatchback 2.3 Turbo CSE<\/td>\n<td>DOHC 16v<\/td>\n<td>09.1993 &#8211; 12.1998<\/td>\n<td>B234L<\/td>\n<\/tr>\n<\/table>","protected":false},"excerpt":{"rendered":"<p>La combinaci\u00f3n \u00fanica de dise\u00f1o, metalurgia e ingenier\u00eda se unen para ofrecer lo que los conductores esperan de los cojinetes de motor Trimetal de alto rendimiento.<\/p>\n<p>Dise\u00f1ados para soportar condiciones de RPM m\u00e1s altas, los cojinetes de motor ACL Race Series est\u00e1n disponibles para muchas de las aplicaciones populares de 4, 6 y 8 cilindros y cuentan con las siguientes caracter\u00edsticas:<\/p>\n<ul>\n<li>Placa superpuesta de alta resistencia con espesor reducido para mejorar las propiedades de fatiga<\/li>\n<li>Dorso de acero endurecido en todos los cojinetes de biela para mejorar el soporte del revestimiento del cojinete y ayudar a la retenci\u00f3n del cojinete en el alojamiento.<\/li>\n<li>Aumento del aplastamiento para mejorar la retenci\u00f3n de los rodamientos<\/li>\n<li>Eliminaci\u00f3n de la chapa flash en la parte posterior de los cojinetes para mejorar la transferencia de calor a trav\u00e9s de los cojinetes y maximizar el agarre entre los cojinetes y su alojamiento.<\/li>\n<li>Mayor excentricidad para compensar la distorsi\u00f3n del orificio a altas rpm y ayudar a la formaci\u00f3n de pel\u00edculas hidrodin\u00e1micas de aceite.<\/li>\n<li>Cojinetes de bancada ranurados 3\/4 para optimizar la superficie de carga y el flujo de aceite a los cojinetes de biela.<\/li>\n<li>Tolerancias de pared consistentes para ayudarle a mantener holguras consistentes.<\/li>\n<li>Chaflanes de di\u00e1metro interior ampliados en los bordes de los cojinetes cuando sea necesario para adaptarse a radios de redondeo grandes en cig\u00fce\u00f1ales de alto rendimiento.<\/li>\n<\/ul>","protected":false},"featured_media":83652,"template":"","meta":{"_crdt_document":"","inline_featured_image":false},"product_brand":[463],"product_cat":[370],"product_tag":[],"class_list":{"0":"post-84706","1":"product","2":"type-product","3":"status-publish","4":"has-post-thumbnail","6":"product_brand-acl","7":"product_cat-engine","9":"first","10":"instock","11":"taxable","12":"shipping-taxable","13":"purchasable","14":"product-type-simple"},"supplier_id":null,"supplier_sku":"","barcode":null,"atum_controlled":true,"out_stock_date":null,"out_stock_threshold":null,"inheritable":false,"inbound_stock":null,"stock_on_hold":null,"sold_today":null,"sales_last_days":null,"reserved_stock":null,"customer_returns":null,"warehouse_damage":null,"lost_in_post":null,"other_logs":null,"out_stock_days":null,"lost_sales":null,"has_location":null,"update_date":"2025-10-04T00:57:58","atum_locations":[],"atum_stock_status":"instock","restock_status":false,"low_stock_amount":"","sales_update_date":null,"calc_backorders":null,"_links":{"self":[{"href":"https:\/\/revmatch.eu\/es\/wp-json\/wp\/v2\/product\/84706","targetHints":{"allow":["GET"]}}],"collection":[{"href":"https:\/\/revmatch.eu\/es\/wp-json\/wp\/v2\/product"}],"about":[{"href":"https:\/\/revmatch.eu\/es\/wp-json\/wp\/v2\/types\/product"}],"version-history":[{"count":0,"href":"https:\/\/revmatch.eu\/es\/wp-json\/wp\/v2\/product\/84706\/revisions"}],"wp:featuredmedia":[{"embeddable":true,"href":"https:\/\/revmatch.eu\/es\/wp-json\/wp\/v2\/media\/83652"}],"wp:attachment":[{"href":"https:\/\/revmatch.eu\/es\/wp-json\/wp\/v2\/media?parent=84706"}],"wp:term":[{"taxonomy":"product_brand","embeddable":true,"href":"https:\/\/revmatch.eu\/es\/wp-json\/wp\/v2\/product_brand?post=84706"},{"taxonomy":"product_cat","embeddable":true,"href":"https:\/\/revmatch.eu\/es\/wp-json\/wp\/v2\/product_cat?post=84706"},{"taxonomy":"product_tag","embeddable":true,"href":"https:\/\/revmatch.eu\/es\/wp-json\/wp\/v2\/product_tag?post=84706"}],"curies":[{"name":"wp","href":"https:\/\/api.w.org\/{rel}","templated":true}]}}