{"id":84730,"date":"2025-10-04T01:58:36","date_gmt":"2025-10-04T00:58:36","guid":{"rendered":"https:\/\/revmatch.eu\/product\/acl-5m1852h-std\/"},"modified":"2025-10-04T01:58:37","modified_gmt":"2025-10-04T00:58:37","slug":"acl-5m1852h-std","status":"publish","type":"product","link":"https:\/\/revmatch.eu\/es\/product\/acl-5m1852h-std\/","title":{"rendered":"ACL 5M1852H-STD"},"content":{"rendered":"<p>La combinaci\u00f3n \u00fanica de dise\u00f1o, metalurgia e ingenier\u00eda se unen para ofrecer lo que los conductores esperan de los cojinetes de motor Trimetal de alto rendimiento.<\/p>\n<p><img decoding=\"async\" style=\"float: right; width: 600px;\" src=\"https:\/\/revmatch.eu\/wp-content\/uploads\/2024\/11\/ACL_Overview_picture.webp\" \/><\/p>\n<p>Dise\u00f1ados para soportar condiciones de RPM m\u00e1s altas, los cojinetes de motor ACL Race Series est\u00e1n disponibles para muchas de las aplicaciones populares de 4, 6 y 8 cilindros y cuentan con las siguientes caracter\u00edsticas:<\/p>\n<ul>\n<li>Placa superpuesta de alta resistencia con espesor reducido para mejorar las propiedades de fatiga<\/li>\n<li>Dorso de acero endurecido en todos los cojinetes de biela para mejorar el soporte del revestimiento del cojinete y ayudar a la retenci\u00f3n del cojinete en el alojamiento.<\/li>\n<li>Aumento del aplastamiento para mejorar la retenci\u00f3n de los rodamientos<\/li>\n<li>Eliminaci\u00f3n de la chapa flash en la parte posterior de los cojinetes para mejorar la transferencia de calor a trav\u00e9s de los cojinetes y maximizar el agarre entre los cojinetes y su alojamiento.<\/li>\n<li>Mayor excentricidad para compensar la distorsi\u00f3n del orificio a altas rpm y ayudar a la formaci\u00f3n de pel\u00edculas hidrodin\u00e1micas de aceite.<\/li>\n<li>Cojinetes de bancada ranurados 3\/4 para optimizar la superficie de carga y el flujo de aceite a los cojinetes de biela.<\/li>\n<li>Tolerancias de pared consistentes para ayudarle a mantener holguras consistentes.<\/li>\n<li>Chaflanes de di\u00e1metro interior ampliados en los bordes de los cojinetes cuando sea necesario para adaptarse a radios de redondeo grandes en cig\u00fce\u00f1ales de alto rendimiento.<\/li>\n<\/ul>\n<p>Lista de tallas:<\/p>\n<ul>\n<li>STD: Tama\u00f1o est\u00e1ndar<\/li>\n<li>.025: Pared interior extra de 0,025 mm para compensar el desgaste, el reavivado, el pulido, etc.<\/li>\n<li>.25: Pared interior extra de 0,25 mm para compensar el desgaste, el rectificado, el pulido, etc.<\/li>\n<li>.50: Pared interior extra de 0,50 mm para compensar el desgaste, el reavivado, el pulido, etc.<\/li>\n<li>HX-STD: Juego de cojinetes de bancada con juego adicional de 0,025 mm (0,001\")<\/li>\n<\/ul>\n<p>Gu\u00eda de tallas:<\/p>\n<ul>\n<li><a href=\"https:\/\/revmatch.eu\/wp-content\/uploads\/2024\/11\/EB005-guidelines-for-bearing-size-selection-eng.pdf\">Ingl\u00e9s<\/a><\/li>\n<li><a href=\"https:\/\/revmatch.eu\/wp-content\/uploads\/2024\/11\/EB005-guidelines-for-bearing-size-selection-esp.pdf\">Espa\u00f1ol<\/a><\/li>\n<li><a href=\"https:\/\/revmatch.eu\/wp-content\/uploads\/2024\/11\/EB005-guidelines-for-bearing-size-selection-fra.pdf\">Franc\u00e9s<\/a><\/li>\n<li><a href=\"https:\/\/revmatch.eu\/wp-content\/uploads\/2024\/11\/EB005-guidelines-for-bearing-size-selection-ger.pdf\">Alem\u00e1n<\/a><\/li>\n<\/ul>\n<table>\n<tr>\n<th>Marca<\/th>\n<th>Modelo<\/th>\n<th>Variante<\/th>\n<th>A\u00f1o<\/th>\n<th>Motor<\/th>\n<\/tr>\n<tr>\n<td>Toyota<\/td>\n<td>4 Runner II (_N13_)<\/td>\n<td>3.0 TD<\/td>\n<td>08.1993 &#8211; 03.1996<\/td>\n<td>1KZ-TE<\/td>\n<\/tr>\n<tr>\n<td>Toyota<\/td>\n<td>4 Runner III (_N18_)<\/td>\n<td>3.0 TD<\/td>\n<td>09.2000 &#8211; 07.2002<\/td>\n<td>1KZ-TE<\/td>\n<\/tr>\n<tr>\n<td>Toyota<\/td>\n<td>4 Runner IV (_N21_)<\/td>\n<td>3.0 D-4D 4WD<\/td>\n<td>10.2002 &#8211; 08.2005<\/td>\n<td>1KD-FTV<\/td>\n<\/tr>\n<tr>\n<td>Toyota<\/td>\n<td>Dyna Autobus (XZU3_, XZU4_, WU4_, WU3_, LY2_, KDY2_)<\/td>\n<td>3.0 D-4D<\/td>\n<td>08.2001 &#8211; 02.2008<\/td>\n<td>1KD-FTV<\/td>\n<\/tr>\n<tr>\n<td>Toyota<\/td>\n<td>Dyna Platform \/ Chassis (KD_, LY_, _Y2_, _U3_, _U4_, _U6_)<\/td>\n<td>3.0 D-4D<\/td>\n<td>09.2006 &#8211;<\/td>\n<td>1KD-FTV<\/td>\n<\/tr>\n<tr>\n<td>Toyota<\/td>\n<td>Dyna Platform \/ Chassis (KD_, LY_, _Y2_, _U3_, _U4_, _U6_)<\/td>\n<td>2.5 D-4D<\/td>\n<td>07.2001 &#8211;<\/td>\n<td>2KD-FTV<\/td>\n<\/tr>\n<tr>\n<td>Toyota<\/td>\n<td>Fortuner (_N15_, _N16_)<\/td>\n<td>3.0 D-4D 4WD<\/td>\n<td>05.2015 &#8211;<\/td>\n<td>1KD-FTV<\/td>\n<\/tr>\n<tr>\n<td>Toyota<\/td>\n<td>Fortuner (_N5_, _N6_)<\/td>\n<td>3.0 D-4D<\/td>\n<td>06.2004 &#8211; 05.2015<\/td>\n<td>1KD-FTV<\/td>\n<\/tr>\n<tr>\n<td>Toyota<\/td>\n<td>Fortuner (_N5_, _N6_)<\/td>\n<td>3.0 D-4D 4WD<\/td>\n<td>08.2009 &#8211; 05.2015<\/td>\n<td>1KD-FTV<\/td>\n<\/tr>\n<tr>\n<td>Toyota<\/td>\n<td>Granvia (_H2_, _H1_)<\/td>\n<td>3.0 TD<\/td>\n<td>08.1995 &#8211; 12.2004<\/td>\n<td>1KZ-TE<\/td>\n<\/tr>\n<tr>\n<td>Toyota<\/td>\n<td>Granvia (_H2_, _H1_)<\/td>\n<td>3.0 TD 4WD<\/td>\n<td>08.1995 &#8211; 05.2002<\/td>\n<td>1KZ-TE<\/td>\n<\/tr>\n<tr>\n<td>Toyota<\/td>\n<td>Hiace \/ Commuter V Autobus (TRH2__, KDH2__, LH2__, GDH2__)<\/td>\n<td>3.0 D-4D<\/td>\n<td>08.2004 &#8211;<\/td>\n<td>1KD-FTV<\/td>\n<\/tr>\n<tr>\n<td>Toyota<\/td>\n<td>Hiace \/ Commuter V Autobus (TRH2__, KDH2__, LH2__, GDH2__)<\/td>\n<td>2.5 D-4D<\/td>\n<td>09.2006 &#8211; 06.2014<\/td>\n<td>2KD-FTV<\/td>\n<\/tr>\n<tr>\n<td>Toyota<\/td>\n<td>Hiace \/ Commuter V Autobus (TRH2__, KDH2__, LH2__, GDH2__)<\/td>\n<td>2.5 D-4D 4WD<\/td>\n<td>08.2004 &#8211; 09.2007<\/td>\n<td>2KD-FTV<\/td>\n<\/tr>\n<tr>\n<td>Toyota<\/td>\n<td>Hiace IV Autobus (_H1_)<\/td>\n<td>3.0 TD 4WD<\/td>\n<td>08.1993 &#8211; 08.2004<\/td>\n<td>1KZ-TE<\/td>\n<\/tr>\n<tr>\n<td>Toyota<\/td>\n<td>Hiace IV Autobus (_H1_)<\/td>\n<td>3.0 TD<\/td>\n<td>08.1993 &#8211; 08.2004<\/td>\n<td>1KZ-TE<\/td>\n<\/tr>\n<tr>\n<td>Toyota<\/td>\n<td>Hiace IV Autobus (__H1_, __H2_)<\/td>\n<td>2.5 D-4D<\/td>\n<td>08.2001 &#8211; 12.2012<\/td>\n<td>2KD-FTV<\/td>\n<\/tr>\n<tr>\n<td>Toyota<\/td>\n<td>Hiace IV Autobus (__H1_, __H2_)<\/td>\n<td>2.5 D-4D 4WD<\/td>\n<td>09.2006 &#8211; 12.2012<\/td>\n<td>2KD-FTV<\/td>\n<\/tr>\n<tr>\n<td>Toyota<\/td>\n<td>Hiace IV Autobus (__H1_, __H2_)<\/td>\n<td>2.5 D-4D 4WD<\/td>\n<td>11.2001 &#8211; 08.2006<\/td>\n<td>2KD-FTV<\/td>\n<\/tr>\n<tr>\n<td>Toyota<\/td>\n<td>Hiace IV Furgon (__H1_, __H2_)<\/td>\n<td>3.0 TD<\/td>\n<td>08.1995 &#8211; 08.2004<\/td>\n<td>1KZ-TE<\/td>\n<\/tr>\n<tr>\n<td>Toyota<\/td>\n<td>Hiace SBV IV Furgon (__H1_, __H2_)<\/td>\n<td>2.5 D-4D<\/td>\n<td>08.2001 &#8211; 12.2012<\/td>\n<td>2KD-FTV<\/td>\n<\/tr>\n<tr>\n<td>Toyota<\/td>\n<td>Hiace SBV IV Furgon (__H1_, __H2_)<\/td>\n<td>2.5 D-4D 4WD<\/td>\n<td>08.2001 &#8211; 12.2012<\/td>\n<td>2KD-FTV<\/td>\n<\/tr>\n<tr>\n<td>Toyota<\/td>\n<td>Hiace V Furgon (TRH2__, KDH2__, LH2__, GDH2__)<\/td>\n<td>3.0 D-4D<\/td>\n<td>01.2005 &#8211;<\/td>\n<td>1KD-FTV<\/td>\n<\/tr>\n<tr>\n<td>Toyota<\/td>\n<td>Hiace V Furgon (TRH2__, KDH2__, LH2__, GDH2__)<\/td>\n<td>2.5 D-4D<\/td>\n<td>06.2004 &#8211;<\/td>\n<td>2KD-FTV<\/td>\n<\/tr>\n<tr>\n<td>Toyota<\/td>\n<td>Hiace V Furgon (TRH2__, KDH2__, LH2__, GDH2__)<\/td>\n<td>3.0 D-4D 4WD<\/td>\n<td>09.2007 &#8211; 05.2019<\/td>\n<td>1KD-FTV<\/td>\n<\/tr>\n<tr>\n<td>Toyota<\/td>\n<td>Hilux II SUV (_N13_)<\/td>\n<td>3.0 TD<\/td>\n<td>08.1993 &#8211; 10.1995<\/td>\n<td>1KZ-TE<\/td>\n<\/tr>\n<tr>\n<td>Toyota<\/td>\n<td>Hilux III SUV (_N1_, _N2_)<\/td>\n<td>3.0 TD 4WD<\/td>\n<td>12.1995 &#8211; 04.2005<\/td>\n<td>1KZ-TE<\/td>\n<\/tr>\n<tr>\n<td>Toyota<\/td>\n<td>Hilux V pick-up (_N8_, _N9_, _N10_, _N11_)<\/td>\n<td>3.0 TD 4WD<\/td>\n<td>08.1993 &#8211; 11.1995<\/td>\n<td>1KZ-TE<\/td>\n<\/tr>\n<tr>\n<td>Toyota<\/td>\n<td>Hilux VI pick-up (_N1_)<\/td>\n<td>2.5 D-4D<\/td>\n<td>11.2001 &#8211; 07.2005<\/td>\n<td>2KD-FTV<\/td>\n<\/tr>\n<tr>\n<td>Toyota<\/td>\n<td>Hilux VI pick-up (_N1_)<\/td>\n<td>2.5 D-4D 4WD<\/td>\n<td>11.2001 &#8211; 07.2005<\/td>\n<td>2KD-FTV<\/td>\n<\/tr>\n<tr>\n<td>Toyota<\/td>\n<td>Hilux VI pick-up (_N1_)<\/td>\n<td>3.0 TD<\/td>\n<td>08.1997 &#8211; 04.2005<\/td>\n<td>1KZ-TE<\/td>\n<\/tr>\n<tr>\n<td>Toyota<\/td>\n<td>Hilux VI pick-up (_N1_)<\/td>\n<td>3.0 TD 4WD<\/td>\n<td>08.1997 &#8211; 04.2005<\/td>\n<td>1KZ-TE<\/td>\n<\/tr>\n<tr>\n<td>Toyota<\/td>\n<td>Hilux VII Platform \/ Chassis (_N1_, _N2_)<\/td>\n<td>3.0 D-4D<\/td>\n<td>02.2005 &#8211;<\/td>\n<td>1KD-FTV<\/td>\n<\/tr>\n<tr>\n<td>Toyota<\/td>\n<td>Hilux VII Platform \/ Chassis (_N1_, _N2_)<\/td>\n<td>3.0 D-4D 4WD<\/td>\n<td>02.2005 &#8211; 08.2006<\/td>\n<td>1KD-FTV<\/td>\n<\/tr>\n<tr>\n<td>Toyota<\/td>\n<td>Hilux VII pick-up (_N1_, _N2_, _N3_)<\/td>\n<td>3.0 D-4D 4WD<\/td>\n<td>03.2005 &#8211; 05.2015<\/td>\n<td>1KD-FTV<\/td>\n<\/tr>\n<tr>\n<td>Toyota<\/td>\n<td>Hilux VII pick-up (_N1_, _N2_, _N3_)<\/td>\n<td>3.0 D-4D<\/td>\n<td>08.2005 &#8211; 05.2015<\/td>\n<td>1KD-FTV<\/td>\n<\/tr>\n<tr>\n<td>Toyota<\/td>\n<td>Hilux VII pick-up (_N1_, _N2_, _N3_)<\/td>\n<td>2.5 D-4D 4WD<\/td>\n<td>03.2005 &#8211; 05.2015<\/td>\n<td>2KD-FTV<\/td>\n<\/tr>\n<tr>\n<td>Toyota<\/td>\n<td>Hilux VII pick-up (_N1_, _N2_, _N3_)<\/td>\n<td>2.5 D-4D<\/td>\n<td>03.2005 &#8211; 05.2015<\/td>\n<td>2KD-FTV<\/td>\n<\/tr>\n<tr>\n<td>Toyota<\/td>\n<td>Hilux VIII pick-up (_N1_)<\/td>\n<td>3.0 D-4D 4WD<\/td>\n<td>08.2015 &#8211;<\/td>\n<td>1KD-FTV<\/td>\n<\/tr>\n<tr>\n<td>Toyota<\/td>\n<td>Land Cruiser (_J7_, _JL7_)<\/td>\n<td>3.0 TD<\/td>\n<td>05.1993 &#8211; 05.1996<\/td>\n<td>1KZ-TE<\/td>\n<\/tr>\n<tr>\n<td>Toyota<\/td>\n<td>Land Cruiser 90 (_J9_)<\/td>\n<td>3.0 D-4D<\/td>\n<td>08.2000 &#8211; 08.2002<\/td>\n<td>1KD-FTV<\/td>\n<\/tr>\n<tr>\n<td>Toyota<\/td>\n<td>Land Cruiser 90 (_J9_)<\/td>\n<td>3.0 TD<\/td>\n<td>04.1995 &#8211; 02.2003<\/td>\n<td>1KZ-TE<\/td>\n<\/tr>\n<tr>\n<td>Toyota<\/td>\n<td>Land Cruiser Prado (_J12_)<\/td>\n<td>3.0 D-4D<\/td>\n<td>09.2002 &#8211; 12.2010<\/td>\n<td>1KD-FTV<\/td>\n<\/tr>\n<tr>\n<td>Toyota<\/td>\n<td>Land Cruiser Prado (_J12_)<\/td>\n<td>3.0 TD<\/td>\n<td>09.2002 &#8211; 07.2009<\/td>\n<td>1KZ-TE<\/td>\n<\/tr>\n<tr>\n<td>Toyota<\/td>\n<td>Land Cruiser Prado (_J15_)<\/td>\n<td>3.0 D-4D<\/td>\n<td>08.2009 &#8211;<\/td>\n<td>1KD-FTV<\/td>\n<\/tr>\n<tr>\n<td>Toyota<\/td>\n<td>Land Cruiser VAN (_J15_)<\/td>\n<td>3.0 D-4D 4WD<\/td>\n<td>01.2011 &#8211;<\/td>\n<td>1KD-FTV<\/td>\n<\/tr>\n<tr>\n<td>Toyota<\/td>\n<td>Regius Ace Autobus (TRH2_, KDH2_)<\/td>\n<td>3.0 D-4D<\/td>\n<td>08.2004 &#8211;<\/td>\n<td>1KD-FTV<\/td>\n<\/tr>\n<tr>\n<td>Toyota<\/td>\n<td>Regius Ace Autobus (TRH2_, KDH2_)<\/td>\n<td>3.0 D-4D 4WD<\/td>\n<td>08.2004 &#8211;<\/td>\n<td>1KD-FTV<\/td>\n<\/tr>\n<tr>\n<td>Toyota<\/td>\n<td>Regius Ace Autobus (TRH2_, KDH2_)<\/td>\n<td>2.5 D-4D<\/td>\n<td>08.2004 &#8211;<\/td>\n<td>2KD-FTV<\/td>\n<\/tr>\n<tr>\n<td>Toyota<\/td>\n<td>Regius Ace Furgon (TRH2_, KDH2_)<\/td>\n<td>3.0 D-4D<\/td>\n<td>08.2004 &#8211;<\/td>\n<td>1KD-FTV<\/td>\n<\/tr>\n<tr>\n<td>Toyota<\/td>\n<td>Regius Ace Furgon (TRH2_, KDH2_)<\/td>\n<td>3.0 D-4D 4WD<\/td>\n<td>08.2004 &#8211;<\/td>\n<td>1KD-FTV<\/td>\n<\/tr>\n<tr>\n<td>Toyota<\/td>\n<td>Regius Ace Furgon (TRH2_, KDH2_)<\/td>\n<td>2.5 D-4D<\/td>\n<td>08.2004 &#8211;<\/td>\n<td>2KD-FTV<\/td>\n<\/tr>\n<tr>\n<td>Toyota<\/td>\n<td>Toyoace Platform \/ Chassis (_Y2_, _U_)<\/td>\n<td>3.0 D-4D<\/td>\n<td>09.2007 &#8211;<\/td>\n<td>1KD-FTV<\/td>\n<\/tr>\n<tr>\n<td>Toyota<\/td>\n<td>Toyoace Platform \/ Chassis (_Y2_, _U_)<\/td>\n<td>3.0 D-4D 4WD<\/td>\n<td>09.2007 &#8211;<\/td>\n<td>1KD-FTV<\/td>\n<\/tr>\n<tr>\n<td>Toyota<\/td>\n<td>Toyoace Platform \/ Chassis (_Y2_, _U_)<\/td>\n<td>2.5 D-4D<\/td>\n<td>08.2004 &#8211; 09.2007<\/td>\n<td>2KD-FTV<\/td>\n<\/tr>\n<\/table>","protected":false},"excerpt":{"rendered":"<p>La combinaci\u00f3n \u00fanica de dise\u00f1o, metalurgia e ingenier\u00eda se unen para ofrecer lo que los conductores esperan de los cojinetes de motor Trimetal de alto rendimiento.<\/p>\n<p>Dise\u00f1ados para soportar condiciones de RPM m\u00e1s altas, los cojinetes de motor ACL Race Series est\u00e1n disponibles para muchas de las aplicaciones populares de 4, 6 y 8 cilindros y cuentan con las siguientes caracter\u00edsticas:<\/p>\n<ul>\n<li>Placa superpuesta de alta resistencia con espesor reducido para mejorar las propiedades de fatiga<\/li>\n<li>Dorso de acero endurecido en todos los cojinetes de biela para mejorar el soporte del revestimiento del cojinete y ayudar a la retenci\u00f3n del cojinete en el alojamiento.<\/li>\n<li>Aumento del aplastamiento para mejorar la retenci\u00f3n de los rodamientos<\/li>\n<li>Eliminaci\u00f3n de la chapa flash en la parte posterior de los cojinetes para mejorar la transferencia de calor a trav\u00e9s de los cojinetes y maximizar el agarre entre los cojinetes y su alojamiento.<\/li>\n<li>Mayor excentricidad para compensar la distorsi\u00f3n del orificio a altas rpm y ayudar a la formaci\u00f3n de pel\u00edculas hidrodin\u00e1micas de aceite.<\/li>\n<li>Cojinetes de bancada ranurados 3\/4 para optimizar la superficie de carga y el flujo de aceite a los cojinetes de biela.<\/li>\n<li>Tolerancias de pared consistentes para ayudarle a mantener holguras consistentes.<\/li>\n<li>Chaflanes de di\u00e1metro interior ampliados en los bordes de los cojinetes cuando sea necesario para adaptarse a radios de redondeo grandes en cig\u00fce\u00f1ales de alto rendimiento.<\/li>\n<\/ul>","protected":false},"featured_media":83647,"template":"","meta":{"_crdt_document":"","inline_featured_image":false},"product_brand":[463],"product_cat":[370],"product_tag":[],"class_list":{"0":"post-84730","1":"product","2":"type-product","3":"status-publish","4":"has-post-thumbnail","6":"product_brand-acl","7":"product_cat-engine","9":"first","10":"instock","11":"taxable","12":"shipping-taxable","13":"purchasable","14":"product-type-simple"},"supplier_id":null,"supplier_sku":"","barcode":null,"atum_controlled":true,"out_stock_date":null,"out_stock_threshold":null,"inheritable":false,"inbound_stock":null,"stock_on_hold":null,"sold_today":null,"sales_last_days":null,"reserved_stock":null,"customer_returns":null,"warehouse_damage":null,"lost_in_post":null,"other_logs":null,"out_stock_days":null,"lost_sales":null,"has_location":null,"update_date":"2025-10-04T00:58:54","atum_locations":[],"atum_stock_status":"instock","restock_status":false,"low_stock_amount":"","sales_update_date":null,"calc_backorders":null,"_links":{"self":[{"href":"https:\/\/revmatch.eu\/es\/wp-json\/wp\/v2\/product\/84730","targetHints":{"allow":["GET"]}}],"collection":[{"href":"https:\/\/revmatch.eu\/es\/wp-json\/wp\/v2\/product"}],"about":[{"href":"https:\/\/revmatch.eu\/es\/wp-json\/wp\/v2\/types\/product"}],"version-history":[{"count":0,"href":"https:\/\/revmatch.eu\/es\/wp-json\/wp\/v2\/product\/84730\/revisions"}],"wp:featuredmedia":[{"embeddable":true,"href":"https:\/\/revmatch.eu\/es\/wp-json\/wp\/v2\/media\/83647"}],"wp:attachment":[{"href":"https:\/\/revmatch.eu\/es\/wp-json\/wp\/v2\/media?parent=84730"}],"wp:term":[{"taxonomy":"product_brand","embeddable":true,"href":"https:\/\/revmatch.eu\/es\/wp-json\/wp\/v2\/product_brand?post=84730"},{"taxonomy":"product_cat","embeddable":true,"href":"https:\/\/revmatch.eu\/es\/wp-json\/wp\/v2\/product_cat?post=84730"},{"taxonomy":"product_tag","embeddable":true,"href":"https:\/\/revmatch.eu\/es\/wp-json\/wp\/v2\/product_tag?post=84730"}],"curies":[{"name":"wp","href":"https:\/\/api.w.org\/{rel}","templated":true}]}}