{"id":84767,"date":"2025-10-04T01:59:57","date_gmt":"2025-10-04T00:59:57","guid":{"rendered":"https:\/\/revmatch.eu\/product\/acl-5m2221h-25\/"},"modified":"2025-10-04T01:59:59","modified_gmt":"2025-10-04T00:59:59","slug":"acl-5m2221h-25","status":"publish","type":"product","link":"https:\/\/revmatch.eu\/es\/product\/acl-5m2221h-25\/","title":{"rendered":"ACL 5M2221H-.25"},"content":{"rendered":"<p>La combinaci\u00f3n \u00fanica de dise\u00f1o, metalurgia e ingenier\u00eda se unen para ofrecer lo que los conductores esperan de los cojinetes de motor Trimetal de alto rendimiento.<\/p>\n<p><img decoding=\"async\" style=\"float: right; width: 600px;\" src=\"https:\/\/revmatch.eu\/wp-content\/uploads\/2024\/11\/ACL_Overview_picture.webp\" \/><\/p>\n<p>Dise\u00f1ados para soportar condiciones de RPM m\u00e1s altas, los cojinetes de motor ACL Race Series est\u00e1n disponibles para muchas de las aplicaciones populares de 4, 6 y 8 cilindros y cuentan con las siguientes caracter\u00edsticas:<\/p>\n<ul>\n<li>Placa superpuesta de alta resistencia con espesor reducido para mejorar las propiedades de fatiga<\/li>\n<li>Dorso de acero endurecido en todos los cojinetes de biela para mejorar el soporte del revestimiento del cojinete y ayudar a la retenci\u00f3n del cojinete en el alojamiento.<\/li>\n<li>Aumento del aplastamiento para mejorar la retenci\u00f3n de los rodamientos<\/li>\n<li>Eliminaci\u00f3n de la chapa flash en la parte posterior de los cojinetes para mejorar la transferencia de calor a trav\u00e9s de los cojinetes y maximizar el agarre entre los cojinetes y su alojamiento.<\/li>\n<li>Mayor excentricidad para compensar la distorsi\u00f3n del orificio a altas rpm y ayudar a la formaci\u00f3n de pel\u00edculas hidrodin\u00e1micas de aceite.<\/li>\n<li>Cojinetes de bancada ranurados 3\/4 para optimizar la superficie de carga y el flujo de aceite a los cojinetes de biela.<\/li>\n<li>Tolerancias de pared consistentes para ayudarle a mantener holguras consistentes.<\/li>\n<li>Chaflanes de di\u00e1metro interior ampliados en los bordes de los cojinetes cuando sea necesario para adaptarse a radios de redondeo grandes en cig\u00fce\u00f1ales de alto rendimiento.<\/li>\n<\/ul>\n<p>Lista de tallas:<\/p>\n<ul>\n<li>STD: Tama\u00f1o est\u00e1ndar<\/li>\n<li>.025: Pared interior extra de 0,025 mm para compensar el desgaste, el reavivado, el pulido, etc.<\/li>\n<li>.25: Pared interior extra de 0,25 mm para compensar el desgaste, el rectificado, el pulido, etc.<\/li>\n<li>.50: Pared interior extra de 0,50 mm para compensar el desgaste, el reavivado, el pulido, etc.<\/li>\n<li>HX-STD: Juego de cojinetes de bancada con juego adicional de 0,025 mm (0,001\")<\/li>\n<\/ul>\n<p>Gu\u00eda de tallas:<\/p>\n<ul>\n<li><a href=\"https:\/\/revmatch.eu\/wp-content\/uploads\/2024\/11\/EB005-guidelines-for-bearing-size-selection-eng.pdf\">Ingl\u00e9s<\/a><\/li>\n<li><a href=\"https:\/\/revmatch.eu\/wp-content\/uploads\/2024\/11\/EB005-guidelines-for-bearing-size-selection-esp.pdf\">Espa\u00f1ol<\/a><\/li>\n<li><a href=\"https:\/\/revmatch.eu\/wp-content\/uploads\/2024\/11\/EB005-guidelines-for-bearing-size-selection-fra.pdf\">Franc\u00e9s<\/a><\/li>\n<li><a href=\"https:\/\/revmatch.eu\/wp-content\/uploads\/2024\/11\/EB005-guidelines-for-bearing-size-selection-ger.pdf\">Alem\u00e1n<\/a><\/li>\n<\/ul>\n<table>\n<tr>\n<th>Marca<\/th>\n<th>Modelo<\/th>\n<th>Variante<\/th>\n<th>A\u00f1o<\/th>\n<th>Motor<\/th>\n<\/tr>\n<tr>\n<td>Chrysler<\/td>\n<td>300C (LX)<\/td>\n<td>6.4<\/td>\n<td>09.2022 &#8211;<\/td>\n<td>392ci Hemi (ESH)<\/td>\n<\/tr>\n<tr>\n<td>Chrysler<\/td>\n<td>300C (LX, LE)<\/td>\n<td>5.7<\/td>\n<td>09.2004 &#8211; 11.2012<\/td>\n<td>345ci Hemi (EZB)<\/td>\n<\/tr>\n<tr>\n<td>Chrysler<\/td>\n<td>300C (LX, LE)<\/td>\n<td>5.7 AWD<\/td>\n<td>09.2004 &#8211; 12.2010<\/td>\n<td>345ci Hemi (EZB)<\/td>\n<\/tr>\n<tr>\n<td>Chrysler<\/td>\n<td>300C (LX, LE)<\/td>\n<td>5.7<\/td>\n<td>09.2004 &#8211; 12.2010<\/td>\n<td>345ci Hemi (EZH)<\/td>\n<\/tr>\n<tr>\n<td>Chrysler<\/td>\n<td>300C (LX, LE)<\/td>\n<td>5.7 AWD<\/td>\n<td>09.2008 &#8211; 12.2012<\/td>\n<td>345ci Hemi (EZH)<\/td>\n<\/tr>\n<tr>\n<td>Chrysler<\/td>\n<td>300C (LX, LE)<\/td>\n<td>6.4<\/td>\n<td>01.2012 &#8211;<\/td>\n<td>392ci Hemi (ESG)<\/td>\n<\/tr>\n<tr>\n<td>Chrysler<\/td>\n<td>300C (LX, LE)<\/td>\n<td>6.4 STR8<\/td>\n<td>09.2011 &#8211;<\/td>\n<td>392ci Hemi (ESG)<\/td>\n<\/tr>\n<tr>\n<td>Chrysler<\/td>\n<td>\u00c1lamo (HG)<\/td>\n<td>5.7<\/td>\n<td>02.2006 &#8211; 12.2009<\/td>\n<td>345ci Hemi (EZB)<\/td>\n<\/tr>\n<tr>\n<td>Chrysler<\/td>\n<td>\u00c1lamo (HG)<\/td>\n<td>5.7 AWD<\/td>\n<td>02.2006 &#8211; 12.2009<\/td>\n<td>345ci Hemi (EZB)<\/td>\n<\/tr>\n<tr>\n<td>Chrysler<\/td>\n<td>\u00c1lamo (HG)<\/td>\n<td>5.7<\/td>\n<td>01.2009 &#8211; 12.2009<\/td>\n<td>345ci Hemi (EZH)<\/td>\n<\/tr>\n<tr>\n<td>Chrysler<\/td>\n<td>\u00c1lamo (HG)<\/td>\n<td>5.7 AWD<\/td>\n<td>12.2008 &#8211;<\/td>\n<td>345ci Hemi (EZH)<\/td>\n<\/tr>\n<tr>\n<td>Chrysler<\/td>\n<td>\u00c1lamo (HG)<\/td>\n<td>5.7<\/td>\n<td>04.2008 &#8211; 12.2009<\/td>\n<td>345ci Hemi (EZE)<\/td>\n<\/tr>\n<tr>\n<td>Chrysler<\/td>\n<td>\u00c1lamo (HG)<\/td>\n<td>5.7 AWD<\/td>\n<td>04.2008 &#8211; 12.2009<\/td>\n<td>345ci Hemi (EZE)<\/td>\n<\/tr>\n<tr>\n<td>Esquivar<\/td>\n<td>Desafiador<\/td>\n<td>5.7<\/td>\n<td>09.2008 &#8211; 12.2023<\/td>\n<td>345ci Hemi (EZH)<\/td>\n<\/tr>\n<tr>\n<td>Esquivar<\/td>\n<td>Desafiador<\/td>\n<td>5.7<\/td>\n<td>01.2010 &#8211; 12.2023<\/td>\n<td>345ci Hemi (EZC)<\/td>\n<\/tr>\n<tr>\n<td>Esquivar<\/td>\n<td>Desafiador<\/td>\n<td>6.4<\/td>\n<td>09.2014 &#8211;<\/td>\n<td>392ci Hemi (ESG)<\/td>\n<\/tr>\n<tr>\n<td>Esquivar<\/td>\n<td>Desafiador<\/td>\n<td>6.4 STR8<\/td>\n<td>01.2011 &#8211;<\/td>\n<td>392ci Hemi (ESG)<\/td>\n<\/tr>\n<tr>\n<td>Esquivar<\/td>\n<td>Desafiador<\/td>\n<td>6.4<\/td>\n<td>09.2014 &#8211;<\/td>\n<td>392ci Hemi (ESH)<\/td>\n<\/tr>\n<tr>\n<td>Esquivar<\/td>\n<td>Desafiador<\/td>\n<td>6.4 STR8<\/td>\n<td>01.2011 &#8211;<\/td>\n<td>392ci Hemi (ESH)<\/td>\n<\/tr>\n<tr>\n<td>Esquivar<\/td>\n<td>Demonio retador<\/td>\n<td>6.2 SRT<\/td>\n<td>09.2017 &#8211;<\/td>\n<td>376ci Hemi (ESD)<\/td>\n<\/tr>\n<tr>\n<td>Esquivar<\/td>\n<td>Challenger Demon 170<\/td>\n<td>6.2 SRT<\/td>\n<td>03.2023 &#8211;<\/td>\n<td>376ci Hemi (ESJ)<\/td>\n<\/tr>\n<tr>\n<td>Esquivar<\/td>\n<td>Challenger Hellcat<\/td>\n<td>6.2 SRT<\/td>\n<td>09.2014 &#8211;<\/td>\n<td>376ci Hemi (ESD)<\/td>\n<\/tr>\n<tr>\n<td>Esquivar<\/td>\n<td>Challenger Hellcat Redeye<\/td>\n<td>6.2 SRT<\/td>\n<td>09.2018 &#8211;<\/td>\n<td>376ci Hemi (ESJ)<\/td>\n<\/tr>\n<tr>\n<td>Esquivar<\/td>\n<td>Cargador<\/td>\n<td>5.7 AWD<\/td>\n<td>09.2006 &#8211; 12.2008<\/td>\n<td>345ci Hemi (EZB)<\/td>\n<\/tr>\n<tr>\n<td>Esquivar<\/td>\n<td>Cargador<\/td>\n<td>5.7<\/td>\n<td>09.2010 &#8211; 12.2014<\/td>\n<td>345ci Hemi (EZH)<\/td>\n<\/tr>\n<tr>\n<td>Esquivar<\/td>\n<td>Cargador<\/td>\n<td>5.7 AWD<\/td>\n<td>09.2010 -12.2014<\/td>\n<td>345ci Hemi (EZH)<\/td>\n<\/tr>\n<tr>\n<td>Esquivar<\/td>\n<td>Cargador<\/td>\n<td>5.7 R\/T<\/td>\n<td>09.2008 &#8211;<\/td>\n<td>345ci Hemi (EZH)<\/td>\n<\/tr>\n<tr>\n<td>Esquivar<\/td>\n<td>Cargador<\/td>\n<td>5.7 R\/T AWD<\/td>\n<td>09.2008 &#8211;<\/td>\n<td>345ci Hemi (EZH)<\/td>\n<\/tr>\n<tr>\n<td>Esquivar<\/td>\n<td>Cargador<\/td>\n<td>5.7<\/td>\n<td>06.2005 &#8211; 12.2009<\/td>\n<td>345ci Hemi (EZA)<\/td>\n<\/tr>\n<tr>\n<td>Esquivar<\/td>\n<td>Cargador<\/td>\n<td>5.7 R\/T<\/td>\n<td>06.2005 &#8211; 12.2008<\/td>\n<td>345ci Hemi (EZA)<\/td>\n<\/tr>\n<tr>\n<td>Esquivar<\/td>\n<td>Charger Hellcat<\/td>\n<td>6.2 SRT<\/td>\n<td>09.2014 &#8211;<\/td>\n<td>376ci Hemi (ESD)<\/td>\n<\/tr>\n<tr>\n<td>Esquivar<\/td>\n<td>Charger Hellcat Redeye<\/td>\n<td>6.2 SRT<\/td>\n<td>09.2020 &#8211;<\/td>\n<td>376ci Hemi (ESD)<\/td>\n<\/tr>\n<tr>\n<td>Esquivar<\/td>\n<td>Durango (HB)<\/td>\n<td>5.7<\/td>\n<td>09.2003 &#8211; 12.2009<\/td>\n<td>345ci Hemi (EZB)<\/td>\n<\/tr>\n<tr>\n<td>Esquivar<\/td>\n<td>Durango (HB)<\/td>\n<td>5.7 AWD<\/td>\n<td>09.2003 &#8211; 12.2009<\/td>\n<td>345ci Hemi (EZB)<\/td>\n<\/tr>\n<tr>\n<td>Esquivar<\/td>\n<td>Durango (HB)<\/td>\n<td>5.7 AWD<\/td>\n<td>09.2008 &#8211; 12.2009<\/td>\n<td>345ci Hemi (EZE)<\/td>\n<\/tr>\n<tr>\n<td>Esquivar<\/td>\n<td>Durango (HB)<\/td>\n<td>5.7<\/td>\n<td>09.2003 &#8211; 12.2009<\/td>\n<td>345ci Hemi (EZA)<\/td>\n<\/tr>\n<tr>\n<td>Esquivar<\/td>\n<td>Durango (HB)<\/td>\n<td>5.7 AWD<\/td>\n<td>09.2003 &#8211; 12.2010<\/td>\n<td>345ci Hemi (EZA)<\/td>\n<\/tr>\n<tr>\n<td>Esquivar<\/td>\n<td>Durango (WD)<\/td>\n<td>5.7<\/td>\n<td>01.2011 &#8211;<\/td>\n<td>345ci Hemi (EZH)<\/td>\n<\/tr>\n<tr>\n<td>Esquivar<\/td>\n<td>Durango (WD)<\/td>\n<td>5.7 AWD<\/td>\n<td>01.2011 &#8211;<\/td>\n<td>345ci Hemi (EZH)<\/td>\n<\/tr>\n<tr>\n<td>Esquivar<\/td>\n<td>Durango (WD)<\/td>\n<td>6.4 STR8 AWD<\/td>\n<td>09.2017 &#8211;<\/td>\n<td>392ci Hemi (ESG)<\/td>\n<\/tr>\n<tr>\n<td>Esquivar<\/td>\n<td>Durango (WD) Hellcat<\/td>\n<td>6.2 SRT<\/td>\n<td>09.2020 &#8211;<\/td>\n<td>376ci Hemi (ESD)<\/td>\n<\/tr>\n<tr>\n<td>Esquivar<\/td>\n<td>Botella doble<\/td>\n<td>5.7<\/td>\n<td>09.2004 &#8211; 12.2008<\/td>\n<td>345ci Hemi (EZB)<\/td>\n<\/tr>\n<tr>\n<td>Esquivar<\/td>\n<td>Botella doble<\/td>\n<td>5.7 AWD<\/td>\n<td>09.2004 &#8211; 12.2008<\/td>\n<td>345ci Hemi (EZB)<\/td>\n<\/tr>\n<tr>\n<td>Esquivar<\/td>\n<td>RAM 1500<\/td>\n<td>5.7<\/td>\n<td>09.2002 &#8211; 12.2008<\/td>\n<td>345ci Hemi (EZB)<\/td>\n<\/tr>\n<tr>\n<td>Esquivar<\/td>\n<td>RAM 1500<\/td>\n<td>5.7 AWD<\/td>\n<td>09.2002 &#8211; 12.2008<\/td>\n<td>345ci Hemi (EZB)<\/td>\n<\/tr>\n<tr>\n<td>Esquivar<\/td>\n<td>RAM 1500<\/td>\n<td>5.7<\/td>\n<td>09.2008 &#8211; 12.2010<\/td>\n<td>345ci Hemi (EZH)<\/td>\n<\/tr>\n<tr>\n<td>Esquivar<\/td>\n<td>RAM 1500<\/td>\n<td>5.7 AWD<\/td>\n<td>09.2008 &#8211; 12.2010<\/td>\n<td>345ci Hemi (EZH)<\/td>\n<\/tr>\n<tr>\n<td>Esquivar<\/td>\n<td>RAM 1500<\/td>\n<td>5.7<\/td>\n<td>09.2008 &#8211; 12.2010<\/td>\n<td>345ci Hemi (EZE)<\/td>\n<\/tr>\n<tr>\n<td>Esquivar<\/td>\n<td>RAM 1500<\/td>\n<td>5.7 AWD<\/td>\n<td>09.2008 &#8211; 12.2010<\/td>\n<td>345ci Hemi (EZE)<\/td>\n<\/tr>\n<tr>\n<td>Esquivar<\/td>\n<td>RAM 1500<\/td>\n<td>5.7<\/td>\n<td>06.2001 &#8211; 09.2008<\/td>\n<td>345ci Hemi (EZA)<\/td>\n<\/tr>\n<tr>\n<td>Esquivar<\/td>\n<td>RAM 2500<\/td>\n<td>5.7<\/td>\n<td>09.2002 &#8211; 12.2008<\/td>\n<td>345ci Hemi (EZA)<\/td>\n<\/tr>\n<tr>\n<td>Esquivar<\/td>\n<td>RAM 2500<\/td>\n<td>5.7 AWD<\/td>\n<td>09.2002 &#8211; 12.2008<\/td>\n<td>345ci Hemi (EZA)<\/td>\n<\/tr>\n<tr>\n<td>Esquivar<\/td>\n<td>RAM 2500 (DJ)<\/td>\n<td>5.7<\/td>\n<td>09.2009 &#8211; 12.2010<\/td>\n<td>345ci Hemi (EZC)<\/td>\n<\/tr>\n<tr>\n<td>Esquivar<\/td>\n<td>RAM 2500 (DJ)<\/td>\n<td>5.7 AWD<\/td>\n<td>09.2009 &#8211; 12.2010<\/td>\n<td>345ci Hemi (EZC)<\/td>\n<\/tr>\n<tr>\n<td>Esquivar<\/td>\n<td>RAM 2500 (DJ, DS)<\/td>\n<td>5.7<\/td>\n<td>01.2009 &#8211;<\/td>\n<td>345ci Hemi (EZH)<\/td>\n<\/tr>\n<tr>\n<td>Esquivar<\/td>\n<td>RAM 2500 (DJ, DS)<\/td>\n<td>5.7 AWD<\/td>\n<td>01.2009 &#8211;<\/td>\n<td>345ci Hemi (EZH)<\/td>\n<\/tr>\n<tr>\n<td>Esquivar<\/td>\n<td>RAM 3500<\/td>\n<td>5.7<\/td>\n<td>09.2002 &#8211; 12.2008<\/td>\n<td>345ci Hemi (EZA)<\/td>\n<\/tr>\n<tr>\n<td>Esquivar<\/td>\n<td>RAM 3500<\/td>\n<td>5.7 AWD<\/td>\n<td>01.2002 &#8211; 12.2008<\/td>\n<td>345ci Hemi (EZA)<\/td>\n<\/tr>\n<tr>\n<td>Esquivar<\/td>\n<td>RAM 3500 (D2)<\/td>\n<td>5.7<\/td>\n<td>09.2008 &#8211; 12.2009<\/td>\n<td>345ci Hemi (EZC)<\/td>\n<\/tr>\n<tr>\n<td>Esquivar<\/td>\n<td>RAM 3500 (D2)<\/td>\n<td>5.7 AWD<\/td>\n<td>09.2008 &#8211; 12.2009<\/td>\n<td>345ci Hemi (EZC)<\/td>\n<\/tr>\n<tr>\n<td>Esquivar<\/td>\n<td>RAM 4000<\/td>\n<td>5.7<\/td>\n<td>09.2001 &#8211; 12.2002<\/td>\n<td>345ci Hemi (EZA)<\/td>\n<\/tr>\n<tr>\n<td>Esquivar<\/td>\n<td>RAM 4000<\/td>\n<td>5.7<\/td>\n<td>09.2004 &#8211; 12.2005<\/td>\n<td>345ci Hemi (EZA)<\/td>\n<\/tr>\n<tr>\n<td>Jeep<\/td>\n<td>Comandante (XK, XH)<\/td>\n<td>5.7<\/td>\n<td>09.2005 &#8211; 12.2008<\/td>\n<td>345ci Hemi (EZB)<\/td>\n<\/tr>\n<tr>\n<td>Jeep<\/td>\n<td>Comandante (XK, XH)<\/td>\n<td>5.7 4&#215;4<\/td>\n<td>09.2005 &#8211; 12.2010<\/td>\n<td>345ci Hemi (EZB)<\/td>\n<\/tr>\n<tr>\n<td>Jeep<\/td>\n<td>Comandante (XK, XH)<\/td>\n<td>5.7<\/td>\n<td>09.2008 &#8211; 12.2010<\/td>\n<td>345ci Hemi (EZH)<\/td>\n<\/tr>\n<tr>\n<td>Jeep<\/td>\n<td>Comandante (XK, XH)<\/td>\n<td>5.7 4&#215;4<\/td>\n<td>09.2008 &#8211; 12.2010<\/td>\n<td>345ci Hemi (EZH)<\/td>\n<\/tr>\n<tr>\n<td>Jeep<\/td>\n<td>Grand Cherokee III (WH, WK)<\/td>\n<td>5.7<\/td>\n<td>10.2004 &#8211; 12.2008<\/td>\n<td>345ci Hemi (EZB)<\/td>\n<\/tr>\n<tr>\n<td>Jeep<\/td>\n<td>Grand Cherokee III (WH, WK)<\/td>\n<td>5.7 4&#215;4<\/td>\n<td>10.2004 &#8211; 12.2010<\/td>\n<td>345ci Hemi (EZB)<\/td>\n<\/tr>\n<tr>\n<td>Jeep<\/td>\n<td>Grand Cherokee III (WH, WK)<\/td>\n<td>5.7 4&#215;4<\/td>\n<td>01.2009 &#8211; 12.2010<\/td>\n<td>345ci Hemi (EZD)<\/td>\n<\/tr>\n<tr>\n<td>Jeep<\/td>\n<td>Grand Cherokee III (WH, WK)<\/td>\n<td>5.7<\/td>\n<td>01.2009 &#8211; 12.2010<\/td>\n<td>345ci Hemi (EZH)<\/td>\n<\/tr>\n<tr>\n<td>Jeep<\/td>\n<td>Grand Cherokee III (WH, WK)<\/td>\n<td>5.7 4&#215;4<\/td>\n<td>01.2009 &#8211; 12.2010<\/td>\n<td>345ci Hemi (EZH)<\/td>\n<\/tr>\n<tr>\n<td>Jeep<\/td>\n<td>Grand Cherokee IV (WK, WK2)<\/td>\n<td>5.7<\/td>\n<td>06.2010 &#8211;<\/td>\n<td>345ci Hemi (EZH)<\/td>\n<\/tr>\n<tr>\n<td>Jeep<\/td>\n<td>Grand Cherokee IV (WK, WK2)<\/td>\n<td>5.7 4&#215;4<\/td>\n<td>11.2010 &#8211;<\/td>\n<td>345ci Hemi (EZH)<\/td>\n<\/tr>\n<tr>\n<td>Jeep<\/td>\n<td>Grand Cherokee IV (WK, WK2)<\/td>\n<td>6.4 STR8 4\u00d74<\/td>\n<td>03.2011 &#8211;<\/td>\n<td>392ci Hemi (ESG)<\/td>\n<\/tr>\n<tr>\n<td>Jeep<\/td>\n<td>Grand Cherokee IV (WK, WK2)<\/td>\n<td>6.2 4&#215;4<\/td>\n<td>07.2018 &#8211;<\/td>\n<td>376ci Hemi (ESD)<\/td>\n<\/tr>\n<tr>\n<td>Jeep<\/td>\n<td>Grand Cherokee LV (WL)<\/td>\n<td>5.7<\/td>\n<td>06.2021 &#8211;<\/td>\n<td>345ci Hemi (EZH)<\/td>\n<\/tr>\n<tr>\n<td>Jeep<\/td>\n<td>Grand Cherokee LV (WL)<\/td>\n<td>5.7 4&#215;4<\/td>\n<td>06.2021 &#8211;<\/td>\n<td>345ci Hemi (EZH)<\/td>\n<\/tr>\n<tr>\n<td>Jeep<\/td>\n<td>Carretero (WS)<\/td>\n<td>6.4 4&#215;4<\/td>\n<td>01.2022 &#8211;<\/td>\n<td>392ci Hemi (ESG)<\/td>\n<\/tr>\n<tr>\n<td>Jeep<\/td>\n<td>Wrangler (JL)<\/td>\n<td>6.4 4&#215;4<\/td>\n<td>09.2021 &#8211;<\/td>\n<td>392ci Hemi (ESG)<\/td>\n<\/tr>\n<tr>\n<td>RAM<\/td>\n<td>1500 (DS)<\/td>\n<td>5.7<\/td>\n<td>09.2010 &#8211; 12.2018<\/td>\n<td>345ci Hemi (EZH)<\/td>\n<\/tr>\n<tr>\n<td>RAM<\/td>\n<td>1500 (DS)<\/td>\n<td>5.7 AWD<\/td>\n<td>09.2010 &#8211; 12.2018<\/td>\n<td>345ci Hemi (EZH)<\/td>\n<\/tr>\n<tr>\n<td>RAM<\/td>\n<td>1500 (DS)<\/td>\n<td>5.7 AWD<\/td>\n<td>04.2015 &#8211; 12.2018<\/td>\n<td>345ci Hemi (EZC)<\/td>\n<\/tr>\n<tr>\n<td>RAM<\/td>\n<td>1500 (DT)<\/td>\n<td>5.7<\/td>\n<td>12.2018 &#8211;<\/td>\n<td>345ci Hemi (EZH)<\/td>\n<\/tr>\n<tr>\n<td>RAM<\/td>\n<td>1500 (DT)<\/td>\n<td>5.7 AWD<\/td>\n<td>12.2018 &#8211;<\/td>\n<td>345ci Hemi (EZH)<\/td>\n<\/tr>\n<tr>\n<td>RAM<\/td>\n<td>1500 (DT)<\/td>\n<td>6.2 TRX<\/td>\n<td>09.2020 &#8211;<\/td>\n<td>376ci Hemi (ESD)<\/td>\n<\/tr>\n<tr>\n<td>RAM<\/td>\n<td>1500 Cl\u00e1sico (DS)<\/td>\n<td>5.7<\/td>\n<td>01.2019 &#8211;<\/td>\n<td>345ci Hemi (EZH)<\/td>\n<\/tr>\n<tr>\n<td>RAM<\/td>\n<td>1500 Cl\u00e1sico (DS)<\/td>\n<td>5.7 AWD<\/td>\n<td>01.2019 &#8211;<\/td>\n<td>345ci Hemi (EZH)<\/td>\n<\/tr>\n<tr>\n<td>RAM<\/td>\n<td>2500 (DJ)<\/td>\n<td>5.7<\/td>\n<td>09.2010 &#8211;<\/td>\n<td>345ci Hemi (EZH)<\/td>\n<\/tr>\n<tr>\n<td>RAM<\/td>\n<td>2500 (DJ)<\/td>\n<td>5.7 AWD<\/td>\n<td>09.2010 &#8211;<\/td>\n<td>345ci Hemi (EZH)<\/td>\n<\/tr>\n<tr>\n<td>RAM<\/td>\n<td>2500 (DJ)<\/td>\n<td>5.7<\/td>\n<td>09.2010 &#8211;<\/td>\n<td>345ci Hemi (EZC)<\/td>\n<\/tr>\n<tr>\n<td>RAM<\/td>\n<td>2500 (DJ)<\/td>\n<td>5.7 AWD<\/td>\n<td>09.2010 &#8211; 12.2018<\/td>\n<td>345ci Hemi (EZC)<\/td>\n<\/tr>\n<tr>\n<td>RAM<\/td>\n<td>3500 (D2)<\/td>\n<td>5.7<\/td>\n<td>09.2010 &#8211;<\/td>\n<td>345ci Hemi (EZC)<\/td>\n<\/tr>\n<tr>\n<td>RAM<\/td>\n<td>3500 (D2)<\/td>\n<td>5.7 AWD<\/td>\n<td>09.2010 &#8211; 12.2019<\/td>\n<td>345ci Hemi (EZC)<\/td>\n<\/tr>\n<\/table>","protected":false},"excerpt":{"rendered":"<p>La combinaci\u00f3n \u00fanica de dise\u00f1o, metalurgia e ingenier\u00eda se unen para ofrecer lo que los conductores esperan de los cojinetes de motor Trimetal de alto rendimiento.<\/p>\n<p>Dise\u00f1ados para soportar condiciones de RPM m\u00e1s altas, los cojinetes de motor ACL Race Series est\u00e1n disponibles para muchas de las aplicaciones populares de 4, 6 y 8 cilindros y cuentan con las siguientes caracter\u00edsticas:<\/p>\n<ul>\n<li>Placa superpuesta de alta resistencia con espesor reducido para mejorar las propiedades de fatiga<\/li>\n<li>Dorso de acero endurecido en todos los cojinetes de biela para mejorar el soporte del revestimiento del cojinete y ayudar a la retenci\u00f3n del cojinete en el alojamiento.<\/li>\n<li>Aumento del aplastamiento para mejorar la retenci\u00f3n de los rodamientos<\/li>\n<li>Eliminaci\u00f3n de la chapa flash en la parte posterior de los cojinetes para mejorar la transferencia de calor a trav\u00e9s de los cojinetes y maximizar el agarre entre los cojinetes y su alojamiento.<\/li>\n<li>Mayor excentricidad para compensar la distorsi\u00f3n del orificio a altas rpm y ayudar a la formaci\u00f3n de pel\u00edculas hidrodin\u00e1micas de aceite.<\/li>\n<li>Cojinetes de bancada ranurados 3\/4 para optimizar la superficie de carga y el flujo de aceite a los cojinetes de biela.<\/li>\n<li>Tolerancias de pared consistentes para ayudarle a mantener holguras consistentes.<\/li>\n<li>Chaflanes de di\u00e1metro interior ampliados en los bordes de los cojinetes cuando sea necesario para adaptarse a radios de redondeo grandes en cig\u00fce\u00f1ales de alto rendimiento.<\/li>\n<\/ul>","protected":false},"featured_media":83647,"template":"","meta":{"_crdt_document":"","inline_featured_image":false},"product_brand":[463],"product_cat":[370],"product_tag":[],"class_list":{"0":"post-84767","1":"product","2":"type-product","3":"status-publish","4":"has-post-thumbnail","6":"product_brand-acl","7":"product_cat-engine","9":"first","10":"onbackorder","11":"taxable","12":"shipping-taxable","13":"purchasable","14":"product-type-simple"},"supplier_id":null,"supplier_sku":"","barcode":null,"atum_controlled":true,"out_stock_date":"2025-10-04 01:59:59","out_stock_threshold":null,"inheritable":false,"inbound_stock":0,"stock_on_hold":0,"sold_today":0,"sales_last_days":0,"reserved_stock":0,"customer_returns":0,"warehouse_damage":0,"lost_in_post":0,"other_logs":0,"out_stock_days":191,"lost_sales":0,"has_location":false,"update_date":"2026-04-13T20:05:10","atum_locations":[],"atum_stock_status":"onbackorder","restock_status":false,"low_stock_amount":"","sales_update_date":"2026-04-13T20:05:10","calc_backorders":null,"_links":{"self":[{"href":"https:\/\/revmatch.eu\/es\/wp-json\/wp\/v2\/product\/84767","targetHints":{"allow":["GET"]}}],"collection":[{"href":"https:\/\/revmatch.eu\/es\/wp-json\/wp\/v2\/product"}],"about":[{"href":"https:\/\/revmatch.eu\/es\/wp-json\/wp\/v2\/types\/product"}],"version-history":[{"count":0,"href":"https:\/\/revmatch.eu\/es\/wp-json\/wp\/v2\/product\/84767\/revisions"}],"wp:featuredmedia":[{"embeddable":true,"href":"https:\/\/revmatch.eu\/es\/wp-json\/wp\/v2\/media\/83647"}],"wp:attachment":[{"href":"https:\/\/revmatch.eu\/es\/wp-json\/wp\/v2\/media?parent=84767"}],"wp:term":[{"taxonomy":"product_brand","embeddable":true,"href":"https:\/\/revmatch.eu\/es\/wp-json\/wp\/v2\/product_brand?post=84767"},{"taxonomy":"product_cat","embeddable":true,"href":"https:\/\/revmatch.eu\/es\/wp-json\/wp\/v2\/product_cat?post=84767"},{"taxonomy":"product_tag","embeddable":true,"href":"https:\/\/revmatch.eu\/es\/wp-json\/wp\/v2\/product_tag?post=84767"}],"curies":[{"name":"wp","href":"https:\/\/api.w.org\/{rel}","templated":true}]}}