{"id":84815,"date":"2025-10-04T02:02:08","date_gmt":"2025-10-04T01:02:08","guid":{"rendered":"https:\/\/revmatch.eu\/product\/acl-4b4565hx-std\/"},"modified":"2025-10-04T02:02:09","modified_gmt":"2025-10-04T01:02:09","slug":"acl-4b4565hx-std","status":"publish","type":"product","link":"https:\/\/revmatch.eu\/es\/product\/acl-4b4565hx-std\/","title":{"rendered":"ACL 4B4565HX-STD"},"content":{"rendered":"<p>La combinaci\u00f3n \u00fanica de dise\u00f1o, metalurgia e ingenier\u00eda se unen para ofrecer lo que los conductores esperan de los cojinetes de motor Trimetal de alto rendimiento.<\/p>\n<p><img decoding=\"async\" style=\"float: right; width: 600px;\" src=\"https:\/\/revmatch.eu\/wp-content\/uploads\/2024\/11\/ACL_Overview_picture.webp\" \/><\/p>\n<p>Dise\u00f1ados para soportar condiciones de RPM m\u00e1s altas, los cojinetes de motor ACL Race Series est\u00e1n disponibles para muchas de las aplicaciones populares de 4, 6 y 8 cilindros y cuentan con las siguientes caracter\u00edsticas:<\/p>\n<ul>\n<li>Placa superpuesta de alta resistencia con espesor reducido para mejorar las propiedades de fatiga<\/li>\n<li>Dorso de acero endurecido en todos los cojinetes de biela para mejorar el soporte del revestimiento del cojinete y ayudar a la retenci\u00f3n del cojinete en el alojamiento.<\/li>\n<li>Aumento del aplastamiento para mejorar la retenci\u00f3n de los rodamientos<\/li>\n<li>Eliminaci\u00f3n de la chapa flash en la parte posterior de los cojinetes para mejorar la transferencia de calor a trav\u00e9s de los cojinetes y maximizar el agarre entre los cojinetes y su alojamiento.<\/li>\n<li>Mayor excentricidad para compensar la distorsi\u00f3n del orificio a altas rpm y ayudar a la formaci\u00f3n de pel\u00edculas hidrodin\u00e1micas de aceite.<\/li>\n<li>Cojinetes de bancada ranurados 3\/4 para optimizar la superficie de carga y el flujo de aceite a los cojinetes de biela.<\/li>\n<li>Tolerancias de pared consistentes para ayudarle a mantener holguras consistentes.<\/li>\n<li>Chaflanes de di\u00e1metro interior ampliados en los bordes de los cojinetes cuando sea necesario para adaptarse a radios de redondeo grandes en cig\u00fce\u00f1ales de alto rendimiento.<\/li>\n<\/ul>\n<p>Lista de tallas:<\/p>\n<ul>\n<li>STD: Tama\u00f1o est\u00e1ndar<\/li>\n<li>.025: Pared interior extra de 0,025 mm para compensar el desgaste, el reavivado, el pulido, etc.<\/li>\n<li>.25: Pared interior extra de 0,25 mm para compensar el desgaste, el rectificado, el pulido, etc.<\/li>\n<li>.50: Pared interior extra de 0,50 mm para compensar el desgaste, el reavivado, el pulido, etc.<\/li>\n<li>HX-STD: Juego de cojinetes de bancada con juego adicional de 0,025 mm (0,001\")<\/li>\n<\/ul>\n<p>Gu\u00eda de tallas:<\/p>\n<ul>\n<li><a href=\"https:\/\/revmatch.eu\/wp-content\/uploads\/2024\/11\/EB005-guidelines-for-bearing-size-selection-eng.pdf\">Ingl\u00e9s<\/a><\/li>\n<li><a href=\"https:\/\/revmatch.eu\/wp-content\/uploads\/2024\/11\/EB005-guidelines-for-bearing-size-selection-esp.pdf\">Espa\u00f1ol<\/a><\/li>\n<li><a href=\"https:\/\/revmatch.eu\/wp-content\/uploads\/2024\/11\/EB005-guidelines-for-bearing-size-selection-fra.pdf\">Franc\u00e9s<\/a><\/li>\n<li><a href=\"https:\/\/revmatch.eu\/wp-content\/uploads\/2024\/11\/EB005-guidelines-for-bearing-size-selection-ger.pdf\">Alem\u00e1n<\/a><\/li>\n<\/ul>\n<table>\n<tr>\n<th>Marca<\/th>\n<th>Modelo<\/th>\n<th>Variante<\/th>\n<th>A\u00f1o<\/th>\n<th>Motor<\/th>\n<\/tr>\n<tr>\n<td>Chrysler<\/td>\n<td>Caravan<\/td>\n<td>2.4<\/td>\n<td>01.1995 &#8211; 08.2000<\/td>\n<td>EDZ<\/td>\n<\/tr>\n<tr>\n<td>Chrysler<\/td>\n<td>Cirrus<\/td>\n<td>2.4<\/td>\n<td>09.1994 &#8211; 09.2000<\/td>\n<td>EDZ<\/td>\n<\/tr>\n<tr>\n<td>Chrysler<\/td>\n<td>Cirrus<\/td>\n<td>2.4 Turbo<\/td>\n<td>01.2001 &#8211; 12.2006<\/td>\n<td>EDV<\/td>\n<\/tr>\n<tr>\n<td>Chrysler<\/td>\n<td>Grand Caravan<\/td>\n<td>2.4<\/td>\n<td>04.2003 &#8211; 12.2007<\/td>\n<td>EDZ<\/td>\n<\/tr>\n<tr>\n<td>Chrysler<\/td>\n<td>PT Cruiser<\/td>\n<td>2.4<\/td>\n<td>06.2000 &#8211; 12.2010<\/td>\n<td>EDZ<\/td>\n<\/tr>\n<tr>\n<td>Chrysler<\/td>\n<td>PT Cruiser<\/td>\n<td>2.4 Turbo<\/td>\n<td>08.2003 &#8211; 12.2010<\/td>\n<td>EDV<\/td>\n<\/tr>\n<tr>\n<td>Chrysler<\/td>\n<td>Sebring<\/td>\n<td>2.4<\/td>\n<td>01.2001 &#8211; 06.2007<\/td>\n<td>EDZ<\/td>\n<\/tr>\n<tr>\n<td>Chrysler<\/td>\n<td>Sebring<\/td>\n<td>2.4 Turbo<\/td>\n<td>09.2001 &#8211; 06.2007<\/td>\n<td>EDV<\/td>\n<\/tr>\n<tr>\n<td>Chrysler<\/td>\n<td>Stratus<\/td>\n<td>2.4<\/td>\n<td>12.1995 &#8211; 04.2001<\/td>\n<td>EDZ<\/td>\n<\/tr>\n<tr>\n<td>Chrysler<\/td>\n<td>Stratus<\/td>\n<td>2.4 Turbo<\/td>\n<td>01.1996 &#8211; 01.1997<\/td>\n<td>EDV<\/td>\n<\/tr>\n<tr>\n<td>Chrysler<\/td>\n<td>Voyager<\/td>\n<td>2.4<\/td>\n<td>02.2000 &#8211; 12.2008<\/td>\n<td>EDZ<\/td>\n<\/tr>\n<tr>\n<td>Esquivar<\/td>\n<td>Caravan<\/td>\n<td>2.4<\/td>\n<td>01.1995 &#8211; 12.2007<\/td>\n<td>EDZ<\/td>\n<\/tr>\n<tr>\n<td>Esquivar<\/td>\n<td>Grand Caravan<\/td>\n<td>2.4<\/td>\n<td>09.1995 &#8211; 12.1997<\/td>\n<td>EDZ<\/td>\n<\/tr>\n<tr>\n<td>Esquivar<\/td>\n<td>Neon<\/td>\n<td>2.4 SRT-4<\/td>\n<td>01.2003 &#8211; 12.2005<\/td>\n<td>EDV<\/td>\n<\/tr>\n<tr>\n<td>Esquivar<\/td>\n<td>Stratus<\/td>\n<td>2.4<\/td>\n<td>12.1995 &#8211; 12.2005<\/td>\n<td>EDZ<\/td>\n<\/tr>\n<tr>\n<td>Esquivar<\/td>\n<td>Stratus<\/td>\n<td>2.4 Turbo<\/td>\n<td>01.2001 &#8211; 10.2006<\/td>\n<td>EDV<\/td>\n<\/tr>\n<tr>\n<td>Plymouth<\/td>\n<td>Voyager\/Gran Voyager<\/td>\n<td>2.4<\/td>\n<td>01.1995 &#8211; 03.2001<\/td>\n<td>EDZ<\/td>\n<\/tr>\n<\/table>","protected":false},"excerpt":{"rendered":"<p>La combinaci\u00f3n \u00fanica de dise\u00f1o, metalurgia e ingenier\u00eda se unen para ofrecer lo que los conductores esperan de los cojinetes de motor Trimetal de alto rendimiento.<\/p>\n<p>Dise\u00f1ados para soportar condiciones de RPM m\u00e1s altas, los cojinetes de motor ACL Race Series est\u00e1n disponibles para muchas de las aplicaciones populares de 4, 6 y 8 cilindros y cuentan con las siguientes caracter\u00edsticas:<\/p>\n<ul>\n<li>Placa superpuesta de alta resistencia con espesor reducido para mejorar las propiedades de fatiga<\/li>\n<li>Dorso de acero endurecido en todos los cojinetes de biela para mejorar el soporte del revestimiento del cojinete y ayudar a la retenci\u00f3n del cojinete en el alojamiento.<\/li>\n<li>Aumento del aplastamiento para mejorar la retenci\u00f3n de los rodamientos<\/li>\n<li>Eliminaci\u00f3n de la chapa flash en la parte posterior de los cojinetes para mejorar la transferencia de calor a trav\u00e9s de los cojinetes y maximizar el agarre entre los cojinetes y su alojamiento.<\/li>\n<li>Mayor excentricidad para compensar la distorsi\u00f3n del orificio a altas rpm y ayudar a la formaci\u00f3n de pel\u00edculas hidrodin\u00e1micas de aceite.<\/li>\n<li>Cojinetes de bancada ranurados 3\/4 para optimizar la superficie de carga y el flujo de aceite a los cojinetes de biela.<\/li>\n<li>Tolerancias de pared consistentes para ayudarle a mantener holguras consistentes.<\/li>\n<li>Chaflanes de di\u00e1metro interior ampliados en los bordes de los cojinetes cuando sea necesario para adaptarse a radios de redondeo grandes en cig\u00fce\u00f1ales de alto rendimiento.<\/li>\n<\/ul>","protected":false},"featured_media":83652,"template":"","meta":{"_crdt_document":"","inline_featured_image":false},"product_brand":[463],"product_cat":[370],"product_tag":[],"class_list":{"0":"post-84815","1":"product","2":"type-product","3":"status-publish","4":"has-post-thumbnail","6":"product_brand-acl","7":"product_cat-engine","9":"first","10":"onbackorder","11":"taxable","12":"shipping-taxable","13":"purchasable","14":"product-type-simple"},"supplier_id":null,"supplier_sku":"","barcode":null,"atum_controlled":true,"out_stock_date":"2025-10-04 02:02:09","out_stock_threshold":null,"inheritable":false,"inbound_stock":0,"stock_on_hold":0,"sold_today":0,"sales_last_days":0,"reserved_stock":0,"customer_returns":0,"warehouse_damage":0,"lost_in_post":0,"other_logs":0,"out_stock_days":191,"lost_sales":0,"has_location":false,"update_date":"2026-04-13T20:03:17","atum_locations":[],"atum_stock_status":"onbackorder","restock_status":false,"low_stock_amount":"","sales_update_date":"2026-04-13T20:03:17","calc_backorders":null,"_links":{"self":[{"href":"https:\/\/revmatch.eu\/es\/wp-json\/wp\/v2\/product\/84815","targetHints":{"allow":["GET"]}}],"collection":[{"href":"https:\/\/revmatch.eu\/es\/wp-json\/wp\/v2\/product"}],"about":[{"href":"https:\/\/revmatch.eu\/es\/wp-json\/wp\/v2\/types\/product"}],"version-history":[{"count":0,"href":"https:\/\/revmatch.eu\/es\/wp-json\/wp\/v2\/product\/84815\/revisions"}],"wp:featuredmedia":[{"embeddable":true,"href":"https:\/\/revmatch.eu\/es\/wp-json\/wp\/v2\/media\/83652"}],"wp:attachment":[{"href":"https:\/\/revmatch.eu\/es\/wp-json\/wp\/v2\/media?parent=84815"}],"wp:term":[{"taxonomy":"product_brand","embeddable":true,"href":"https:\/\/revmatch.eu\/es\/wp-json\/wp\/v2\/product_brand?post=84815"},{"taxonomy":"product_cat","embeddable":true,"href":"https:\/\/revmatch.eu\/es\/wp-json\/wp\/v2\/product_cat?post=84815"},{"taxonomy":"product_tag","embeddable":true,"href":"https:\/\/revmatch.eu\/es\/wp-json\/wp\/v2\/product_tag?post=84815"}],"curies":[{"name":"wp","href":"https:\/\/api.w.org\/{rel}","templated":true}]}}