{"id":85054,"date":"2026-02-17T23:57:54","date_gmt":"2026-02-17T22:57:54","guid":{"rendered":"https:\/\/revmatch.eu\/?post_type=product&#038;p=85054"},"modified":"2026-02-18T00:11:32","modified_gmt":"2026-02-17T23:11:32","slug":"revmatch-b58-ingition-coil","status":"publish","type":"product","link":"https:\/\/revmatch.eu\/es\/producto\/revmatch-b58-ingition-coil\/","title":{"rendered":"Revmatch B58 Ingition Coil"},"content":{"rendered":"<p>Caracter\u00edsticas:<\/p>\n<ul>\n<li>Hasta 10% m\u00e1s de producci\u00f3n de energ\u00eda que el stock.<\/li>\n<li>Available in Black, Red and Blue housing.<\/li>\n<li>Plug-and-play directo.<\/li>\n<li>Our coils have been tested in S58 and B58 builds over 1000WHP with no issues<\/li>\n<\/ul>\n<p>Compatible OEM Part: 12138643360, 12137619385, 12138678438 and 750990012.<\/p>","protected":false},"excerpt":{"rendered":"<p>Caracter\u00edsticas:<\/p>\n<ul>\n<li>Hasta 10% m\u00e1s de producci\u00f3n de energ\u00eda que el stock.<\/li>\n<li>Available in Black, Red and Blue housing.<\/li>\n<li>Plug-and-play directo.<\/li>\n<li>Our coils have been tested in S58 and B58 builds over 1000WHP with no issues<\/li>\n<\/ul>\n<p>Compatible OEM Part: 12138643360, 12137619385, 12138678438 and 750990012.<\/p>","protected":false},"featured_media":84852,"template":"","meta":{"_crdt_document":"","inline_featured_image":false},"product_brand":[],"product_cat":[184,455,370,445,457],"product_tag":[],"class_list":{"0":"post-85054","1":"product","2":"type-product","3":"status-publish","4":"has-post-thumbnail","6":"product_cat-revmatch","7":"product_cat-b58","8":"product_cat-engine","9":"product_cat-ignition","10":"product_cat-s58","12":"first","13":"onbackorder","14":"taxable","15":"shipping-taxable","16":"purchasable","17":"product-type-variable"},"supplier_id":null,"supplier_sku":"","barcode":null,"atum_controlled":true,"out_stock_date":"2026-02-18 00:07:47","out_stock_threshold":null,"inheritable":true,"inbound_stock":null,"stock_on_hold":null,"sold_today":null,"sales_last_days":null,"reserved_stock":null,"customer_returns":null,"warehouse_damage":null,"lost_in_post":null,"other_logs":null,"out_stock_days":0,"lost_sales":null,"has_location":false,"update_date":"2026-02-17T23:11:34","atum_locations":[],"atum_stock_status":"onbackorder","restock_status":false,"low_stock_amount":"","sales_update_date":"2025-11-28T19:55:42","calc_backorders":-4,"_links":{"self":[{"href":"https:\/\/revmatch.eu\/es\/wp-json\/wp\/v2\/product\/85054","targetHints":{"allow":["GET"]}}],"collection":[{"href":"https:\/\/revmatch.eu\/es\/wp-json\/wp\/v2\/product"}],"about":[{"href":"https:\/\/revmatch.eu\/es\/wp-json\/wp\/v2\/types\/product"}],"version-history":[{"count":3,"href":"https:\/\/revmatch.eu\/es\/wp-json\/wp\/v2\/product\/85054\/revisions"}],"predecessor-version":[{"id":85061,"href":"https:\/\/revmatch.eu\/es\/wp-json\/wp\/v2\/product\/85054\/revisions\/85061"}],"wp:featuredmedia":[{"embeddable":true,"href":"https:\/\/revmatch.eu\/es\/wp-json\/wp\/v2\/media\/84852"}],"wp:attachment":[{"href":"https:\/\/revmatch.eu\/es\/wp-json\/wp\/v2\/media?parent=85054"}],"wp:term":[{"taxonomy":"product_brand","embeddable":true,"href":"https:\/\/revmatch.eu\/es\/wp-json\/wp\/v2\/product_brand?post=85054"},{"taxonomy":"product_cat","embeddable":true,"href":"https:\/\/revmatch.eu\/es\/wp-json\/wp\/v2\/product_cat?post=85054"},{"taxonomy":"product_tag","embeddable":true,"href":"https:\/\/revmatch.eu\/es\/wp-json\/wp\/v2\/product_tag?post=85054"}],"curies":[{"name":"wp","href":"https:\/\/api.w.org\/{rel}","templated":true}]}}